{"id":1616,"date":"2024-05-22T22:10:04","date_gmt":"2024-05-22T14:10:04","guid":{"rendered":"https:\/\/slsele.com\/?post_type=product&#038;p=1616"},"modified":"2024-05-23T08:20:47","modified_gmt":"2024-05-23T00:20:47","slug":"wifi-smart-south-african-plug","status":"publish","type":"product","link":"https:\/\/www.slsele.com\/es\/producto\/wifi-smart-south-african-plug\/","title":{"rendered":"Enchufe sudafricano inteligente WiFi"},"content":{"rendered":"<h3 style=\"text-align: center;\"><b>Enchufe inteligente WiFi de 16 A con monitor de energ\u00eda en el est\u00e1ndar de Sud\u00e1frica<\/b><\/h3>\n<ul>\n<li style=\"text-align: left;\">Smart socket es uno de los nuevos productos para sistemas dom\u00e9sticos inteligentes.<\/li>\n<li style=\"text-align: left;\">Puedes controlar tus electrodom\u00e9sticos mediante la aplicaci\u00f3n Tuya o el control por voz con nuestro enchufe inteligente.<\/li>\n<li style=\"text-align: left;\">Es adecuado para muchos aparatos el\u00e9ctricos, como hervidor el\u00e9ctrico, cafetera, m\u00e1quina para hacer pan, l\u00e1mpara de escritorio, aire acondicionado, humidificador, calentador de agua, TV, ventilador, lavadora, cortina el\u00e9ctrica, comedero para mascotas, etc.<\/li>\n<\/ul>\n<p style=\"text-align: left;\"><img loading=\"lazy\" decoding=\"async\" class=\"aligncenter size-full wp-image-1617\" src=\"https:\/\/slsele.com\/wp-content\/uploads\/2024\/05\/SLS-P63\u8be6\u60c5\u56fe4.jpg\" alt=\"\" width=\"736\" height=\"736\" srcset=\"https:\/\/www.slsele.com\/wp-content\/uploads\/2024\/05\/SLS-P63\u8be6\u60c5\u56fe4.jpg 736w, https:\/\/www.slsele.com\/wp-content\/uploads\/2024\/05\/SLS-P63\u8be6\u60c5\u56fe4-300x300.jpg 300w, https:\/\/www.slsele.com\/wp-content\/uploads\/2024\/05\/SLS-P63\u8be6\u60c5\u56fe4-150x150.jpg 150w, https:\/\/www.slsele.com\/wp-content\/uploads\/2024\/05\/SLS-P63\u8be6\u60c5\u56fe4-12x12.jpg 12w, https:\/\/www.slsele.com\/wp-content\/uploads\/2024\/05\/SLS-P63\u8be6\u60c5\u56fe4-570x570.jpg 570w, https:\/\/www.slsele.com\/wp-content\/uploads\/2024\/05\/SLS-P63\u8be6\u60c5\u56fe4-500x500.jpg 500w, https:\/\/www.slsele.com\/wp-content\/uploads\/2024\/05\/SLS-P63\u8be6\u60c5\u56fe4-700x700.jpg 700w, https:\/\/www.slsele.com\/wp-content\/uploads\/2024\/05\/SLS-P63\u8be6\u60c5\u56fe4-600x600.jpg 600w, https:\/\/www.slsele.com\/wp-content\/uploads\/2024\/05\/SLS-P63\u8be6\u60c5\u56fe4-100x100.jpg 100w, https:\/\/www.slsele.com\/wp-content\/uploads\/2024\/05\/SLS-P63\u8be6\u60c5\u56fe4-50x50.jpg 50w\" sizes=\"auto, (max-width: 736px) 100vw, 736px\" \/> <img loading=\"lazy\" decoding=\"async\" class=\"aligncenter size-large wp-image-1618\" src=\"https:\/\/slsele.com\/wp-content\/uploads\/2024\/05\/SLS-P63\u8be6\u60c5\u56fe5.jpg\" alt=\"\" width=\"735\" height=\"733\" srcset=\"https:\/\/www.slsele.com\/wp-content\/uploads\/2024\/05\/SLS-P63\u8be6\u60c5\u56fe5.jpg 735w, https:\/\/www.slsele.com\/wp-content\/uploads\/2024\/05\/SLS-P63\u8be6\u60c5\u56fe5-300x300.jpg 300w, https:\/\/www.slsele.com\/wp-content\/uploads\/2024\/05\/SLS-P63\u8be6\u60c5\u56fe5-150x150.jpg 150w, https:\/\/www.slsele.com\/wp-content\/uploads\/2024\/05\/SLS-P63\u8be6\u60c5\u56fe5-12x12.jpg 12w, https:\/\/www.slsele.com\/wp-content\/uploads\/2024\/05\/SLS-P63\u8be6\u60c5\u56fe5-500x500.jpg 500w, https:\/\/www.slsele.com\/wp-content\/uploads\/2024\/05\/SLS-P63\u8be6\u60c5\u56fe5-700x698.jpg 700w, https:\/\/www.slsele.com\/wp-content\/uploads\/2024\/05\/SLS-P63\u8be6\u60c5\u56fe5-600x598.jpg 600w, https:\/\/www.slsele.com\/wp-content\/uploads\/2024\/05\/SLS-P63\u8be6\u60c5\u56fe5-100x100.jpg 100w, https:\/\/www.slsele.com\/wp-content\/uploads\/2024\/05\/SLS-P63\u8be6\u60c5\u56fe5-50x50.jpg 50w\" sizes=\"auto, (max-width: 735px) 100vw, 735px\" \/> <img loading=\"lazy\" decoding=\"async\" class=\"aligncenter size-large wp-image-1619\" src=\"https:\/\/slsele.com\/wp-content\/uploads\/2024\/05\/SLS-P63\u8be6\u60c5\u56fe1.jpg\" alt=\"\" width=\"744\" height=\"743\" srcset=\"https:\/\/www.slsele.com\/wp-content\/uploads\/2024\/05\/SLS-P63\u8be6\u60c5\u56fe1.jpg 744w, https:\/\/www.slsele.com\/wp-content\/uploads\/2024\/05\/SLS-P63\u8be6\u60c5\u56fe1-300x300.jpg 300w, https:\/\/www.slsele.com\/wp-content\/uploads\/2024\/05\/SLS-P63\u8be6\u60c5\u56fe1-150x150.jpg 150w, https:\/\/www.slsele.com\/wp-content\/uploads\/2024\/05\/SLS-P63\u8be6\u60c5\u56fe1-12x12.jpg 12w, https:\/\/www.slsele.com\/wp-content\/uploads\/2024\/05\/SLS-P63\u8be6\u60c5\u56fe1-570x570.jpg 570w, https:\/\/www.slsele.com\/wp-content\/uploads\/2024\/05\/SLS-P63\u8be6\u60c5\u56fe1-500x500.jpg 500w, https:\/\/www.slsele.com\/wp-content\/uploads\/2024\/05\/SLS-P63\u8be6\u60c5\u56fe1-700x699.jpg 700w, https:\/\/www.slsele.com\/wp-content\/uploads\/2024\/05\/SLS-P63\u8be6\u60c5\u56fe1-600x599.jpg 600w, https:\/\/www.slsele.com\/wp-content\/uploads\/2024\/05\/SLS-P63\u8be6\u60c5\u56fe1-100x100.jpg 100w, https:\/\/www.slsele.com\/wp-content\/uploads\/2024\/05\/SLS-P63\u8be6\u60c5\u56fe1-50x50.jpg 50w\" sizes=\"auto, (max-width: 744px) 100vw, 744px\" \/> <img loading=\"lazy\" decoding=\"async\" class=\"aligncenter size-large wp-image-1620\" src=\"https:\/\/slsele.com\/wp-content\/uploads\/2024\/05\/SLS-P63\u8be6\u60c5\u56fe2.jpg\" alt=\"\" width=\"734\" height=\"731\" srcset=\"https:\/\/www.slsele.com\/wp-content\/uploads\/2024\/05\/SLS-P63\u8be6\u60c5\u56fe2.jpg 734w, https:\/\/www.slsele.com\/wp-content\/uploads\/2024\/05\/SLS-P63\u8be6\u60c5\u56fe2-300x300.jpg 300w, https:\/\/www.slsele.com\/wp-content\/uploads\/2024\/05\/SLS-P63\u8be6\u60c5\u56fe2-150x150.jpg 150w, https:\/\/www.slsele.com\/wp-content\/uploads\/2024\/05\/SLS-P63\u8be6\u60c5\u56fe2-12x12.jpg 12w, https:\/\/www.slsele.com\/wp-content\/uploads\/2024\/05\/SLS-P63\u8be6\u60c5\u56fe2-700x697.jpg 700w, https:\/\/www.slsele.com\/wp-content\/uploads\/2024\/05\/SLS-P63\u8be6\u60c5\u56fe2-600x598.jpg 600w, https:\/\/www.slsele.com\/wp-content\/uploads\/2024\/05\/SLS-P63\u8be6\u60c5\u56fe2-100x100.jpg 100w, https:\/\/www.slsele.com\/wp-content\/uploads\/2024\/05\/SLS-P63\u8be6\u60c5\u56fe2-50x50.jpg 50w\" sizes=\"auto, (max-width: 734px) 100vw, 734px\" \/> <img loading=\"lazy\" decoding=\"async\" class=\"aligncenter size-large wp-image-1621\" src=\"https:\/\/slsele.com\/wp-content\/uploads\/2024\/05\/SLS-P63\u8be6\u60c5\u56fe3.jpg\" alt=\"\" width=\"737\" height=\"737\" srcset=\"https:\/\/www.slsele.com\/wp-content\/uploads\/2024\/05\/SLS-P63\u8be6\u60c5\u56fe3.jpg 737w, https:\/\/www.slsele.com\/wp-content\/uploads\/2024\/05\/SLS-P63\u8be6\u60c5\u56fe3-300x300.jpg 300w, https:\/\/www.slsele.com\/wp-content\/uploads\/2024\/05\/SLS-P63\u8be6\u60c5\u56fe3-150x150.jpg 150w, https:\/\/www.slsele.com\/wp-content\/uploads\/2024\/05\/SLS-P63\u8be6\u60c5\u56fe3-12x12.jpg 12w, https:\/\/www.slsele.com\/wp-content\/uploads\/2024\/05\/SLS-P63\u8be6\u60c5\u56fe3-570x570.jpg 570w, https:\/\/www.slsele.com\/wp-content\/uploads\/2024\/05\/SLS-P63\u8be6\u60c5\u56fe3-500x500.jpg 500w, https:\/\/www.slsele.com\/wp-content\/uploads\/2024\/05\/SLS-P63\u8be6\u60c5\u56fe3-700x700.jpg 700w, https:\/\/www.slsele.com\/wp-content\/uploads\/2024\/05\/SLS-P63\u8be6\u60c5\u56fe3-600x600.jpg 600w, https:\/\/www.slsele.com\/wp-content\/uploads\/2024\/05\/SLS-P63\u8be6\u60c5\u56fe3-100x100.jpg 100w, https:\/\/www.slsele.com\/wp-content\/uploads\/2024\/05\/SLS-P63\u8be6\u60c5\u56fe3-50x50.jpg 50w\" sizes=\"auto, (max-width: 737px) 100vw, 737px\" \/><\/p>\n<p style=\"text-align: left;\"><b>P: \u00bfC\u00f3mo agregar un dispositivo a una aplicaci\u00f3n m\u00f3vil?<\/b><br \/>\n<b>R: S\u00f3lo 3 pasos:<\/b><br \/>\n1: Busque &quot;Smart Life o TuyaSmart&quot; en la tienda de aplicaciones, Google Play o escanee el c\u00f3digo QR en el manual del usuario para descargarlo e instalarlo.<\/p>\n<p style=\"text-align: left;\">2: Conecte el enchufe a una toma de CA y mantenga presionado el bot\u00f3n de encendido principal hasta que la luz indicadora parpadee.<\/p>\n<p style=\"text-align: left;\">3: Abra la \u201cAplicaci\u00f3n Smart Life o Tuya Smart\u201d, descubra y agregue el dispositivo en la aplicaci\u00f3n, y luego finalice la configuraci\u00f3n de acuerdo con la gu\u00eda.<\/p>\n<p><img loading=\"lazy\" decoding=\"async\" class=\"aligncenter size-full wp-image-1622\" src=\"https:\/\/slsele.com\/wp-content\/uploads\/2024\/05\/SLS-P63\u8be6\u60c5\u56fe6.jpg\" alt=\"\" width=\"740\" height=\"738\" srcset=\"https:\/\/www.slsele.com\/wp-content\/uploads\/2024\/05\/SLS-P63\u8be6\u60c5\u56fe6.jpg 740w, https:\/\/www.slsele.com\/wp-content\/uploads\/2024\/05\/SLS-P63\u8be6\u60c5\u56fe6-300x300.jpg 300w, https:\/\/www.slsele.com\/wp-content\/uploads\/2024\/05\/SLS-P63\u8be6\u60c5\u56fe6-150x150.jpg 150w, https:\/\/www.slsele.com\/wp-content\/uploads\/2024\/05\/SLS-P63\u8be6\u60c5\u56fe6-12x12.jpg 12w, https:\/\/www.slsele.com\/wp-content\/uploads\/2024\/05\/SLS-P63\u8be6\u60c5\u56fe6-500x500.jpg 500w, https:\/\/www.slsele.com\/wp-content\/uploads\/2024\/05\/SLS-P63\u8be6\u60c5\u56fe6-700x698.jpg 700w, https:\/\/www.slsele.com\/wp-content\/uploads\/2024\/05\/SLS-P63\u8be6\u60c5\u56fe6-600x598.jpg 600w, https:\/\/www.slsele.com\/wp-content\/uploads\/2024\/05\/SLS-P63\u8be6\u60c5\u56fe6-100x100.jpg 100w, https:\/\/www.slsele.com\/wp-content\/uploads\/2024\/05\/SLS-P63\u8be6\u60c5\u56fe6-50x50.jpg 50w\" sizes=\"auto, (max-width: 740px) 100vw, 740px\" \/><\/p>","protected":false},"excerpt":{"rendered":"<h5>Enchufe inteligente WiFi con monitor de energ\u00eda en el est\u00e1ndar de Sud\u00e1frica. Funci\u00f3n de estad\u00edsticas de energ\u00eda Vea informes de energ\u00eda para realizar un seguimiento adecuado del uso de energ\u00eda en su hogar. Descubre qu\u00e9 dispositivos consumen m\u00e1s energ\u00eda y crea un plan para ahorrar en facturas de energ\u00eda y electricidad.<\/h5>","protected":false},"featured_media":1623,"comment_status":"open","ping_status":"closed","template":"","meta":[],"product_brand":[],"product_cat":[44],"product_tag":[],"class_list":{"0":"post-1616","1":"product","2":"type-product","3":"status-publish","4":"has-post-thumbnail","6":"product_cat-smart-socket","8":"first","9":"instock","10":"shipping-taxable","11":"purchasable","12":"product-type-simple"},"_links":{"self":[{"href":"https:\/\/www.slsele.com\/es\/wp-json\/wp\/v2\/product\/1616","targetHints":{"allow":["GET"]}}],"collection":[{"href":"https:\/\/www.slsele.com\/es\/wp-json\/wp\/v2\/product"}],"about":[{"href":"https:\/\/www.slsele.com\/es\/wp-json\/wp\/v2\/types\/product"}],"replies":[{"embeddable":true,"href":"https:\/\/www.slsele.com\/es\/wp-json\/wp\/v2\/comments?post=1616"}],"wp:featuredmedia":[{"embeddable":true,"href":"https:\/\/www.slsele.com\/es\/wp-json\/wp\/v2\/media\/1623"}],"wp:attachment":[{"href":"https:\/\/www.slsele.com\/es\/wp-json\/wp\/v2\/media?parent=1616"}],"wp:term":[{"taxonomy":"product_brand","embeddable":true,"href":"https:\/\/www.slsele.com\/es\/wp-json\/wp\/v2\/product_brand?post=1616"},{"taxonomy":"product_cat","embeddable":true,"href":"https:\/\/www.slsele.com\/es\/wp-json\/wp\/v2\/product_cat?post=1616"},{"taxonomy":"product_tag","embeddable":true,"href":"https:\/\/www.slsele.com\/es\/wp-json\/wp\/v2\/product_tag?post=1616"}],"curies":[{"name":"wp","href":"https:\/\/api.w.org\/{rel}","templated":true}]}}