{"id":1564,"date":"2024-05-17T10:53:21","date_gmt":"2024-05-17T02:53:21","guid":{"rendered":"https:\/\/slsele.com\/?post_type=product&#038;p=1564"},"modified":"2024-07-09T14:49:12","modified_gmt":"2024-07-09T06:49:12","slug":"eu-schuko-plug-with-energy-meter","status":"publish","type":"product","link":"https:\/\/www.slsele.com\/es\/producto\/eu-schuko-plug-with-energy-meter\/","title":{"rendered":"Enchufe inteligente SLS EU Schuko con mando a distancia"},"content":{"rendered":"<h2 style=\"text-align: center; font-size: 30px;\">Enchufe inteligente SLS EU Schuko con mando a distancia<\/h2>\n<h3 style=\"text-align: left;\">Descripci\u00f3n<\/h3>\n<p style=\"text-align: left;\">SLS WiFi Smart Plug con toma remota es una adici\u00f3n revolucionaria a su ecosistema de hogar inteligente. Compatible con Amazon Alexa y Google Home, te permite controlar tus electrodom\u00e9sticos con simples comandos de voz, incluso cuando est\u00e1s fuera. Utilice la aplicaci\u00f3n intuitiva Smart Life o TuyaSmart para administrar dispositivos de forma remota, establecer horarios y crear temporizadores de cuenta regresiva sin esfuerzo.<\/p>\n<p style=\"text-align: left;\">Ya sea encendiendo la m\u00e1quina de caf\u00e9 antes de despertarse o asegur\u00e1ndose de que el humidificador se detenga despu\u00e9s de un tiempo determinado, nuestro enchufe inteligente para automatizaci\u00f3n del hogar ofrece una comodidad incomparable. Comparta el acceso con miembros de la familia a trav\u00e9s de la aplicaci\u00f3n para un control colaborativo, garantizando que todos disfruten de los beneficios de un hogar conectado. Adopte un estilo de vida m\u00e1s inteligente y eficiente con nuestro Smart Plug con control remoto, donde la comodidad se combina a la perfecci\u00f3n con la innovaci\u00f3n.<\/p>\n<div id=\"attachment_2775\" style=\"width: 820px\" class=\"wp-caption aligncenter\"><img loading=\"lazy\" decoding=\"async\" aria-describedby=\"caption-attachment-2775\" class=\"wp-image-2775 size-full\" src=\"https:\/\/slsele.com\/wp-content\/uploads\/2024\/07\/SLS41\u8be6\u60c5\u56fe1_\u7ed3\u679c.webp\" alt=\"Smart Plug with Remote puede controlar el uso de electricidad\" width=\"810\" height=\"810\" srcset=\"https:\/\/www.slsele.com\/wp-content\/uploads\/2024\/07\/SLS41\u8be6\u60c5\u56fe1_\u7ed3\u679c.webp 810w, https:\/\/www.slsele.com\/wp-content\/uploads\/2024\/07\/SLS41\u8be6\u60c5\u56fe1_\u7ed3\u679c-300x300.webp 300w, https:\/\/www.slsele.com\/wp-content\/uploads\/2024\/07\/SLS41\u8be6\u60c5\u56fe1_\u7ed3\u679c-150x150.webp 150w, https:\/\/www.slsele.com\/wp-content\/uploads\/2024\/07\/SLS41\u8be6\u60c5\u56fe1_\u7ed3\u679c-768x768.webp 768w, https:\/\/www.slsele.com\/wp-content\/uploads\/2024\/07\/SLS41\u8be6\u60c5\u56fe1_\u7ed3\u679c-12x12.webp 12w, https:\/\/www.slsele.com\/wp-content\/uploads\/2024\/07\/SLS41\u8be6\u60c5\u56fe1_\u7ed3\u679c-570x570.webp 570w, https:\/\/www.slsele.com\/wp-content\/uploads\/2024\/07\/SLS41\u8be6\u60c5\u56fe1_\u7ed3\u679c-500x500.webp 500w, https:\/\/www.slsele.com\/wp-content\/uploads\/2024\/07\/SLS41\u8be6\u60c5\u56fe1_\u7ed3\u679c-700x700.webp 700w, https:\/\/www.slsele.com\/wp-content\/uploads\/2024\/07\/SLS41\u8be6\u60c5\u56fe1_\u7ed3\u679c-600x600.webp 600w, https:\/\/www.slsele.com\/wp-content\/uploads\/2024\/07\/SLS41\u8be6\u60c5\u56fe1_\u7ed3\u679c-100x100.webp 100w, https:\/\/www.slsele.com\/wp-content\/uploads\/2024\/07\/SLS41\u8be6\u60c5\u56fe1_\u7ed3\u679c-50x50.webp 50w\" sizes=\"auto, (max-width: 810px) 100vw, 810px\" \/><p id=\"caption-attachment-2775\" class=\"wp-caption-text\">Smart Plug with Remote puede controlar el uso de electricidad<\/p><\/div>\n<p><img loading=\"lazy\" decoding=\"async\" class=\"aligncenter size-full wp-image-2776\" src=\"https:\/\/slsele.com\/wp-content\/uploads\/2024\/07\/SLS41\u8be6\u60c5\u56fe2_\u7ed3\u679c.webp\" alt=\"\" width=\"874\" height=\"778\" srcset=\"https:\/\/www.slsele.com\/wp-content\/uploads\/2024\/07\/SLS41\u8be6\u60c5\u56fe2_\u7ed3\u679c.webp 874w, https:\/\/www.slsele.com\/wp-content\/uploads\/2024\/07\/SLS41\u8be6\u60c5\u56fe2_\u7ed3\u679c-300x267.webp 300w, https:\/\/www.slsele.com\/wp-content\/uploads\/2024\/07\/SLS41\u8be6\u60c5\u56fe2_\u7ed3\u679c-768x684.webp 768w, https:\/\/www.slsele.com\/wp-content\/uploads\/2024\/07\/SLS41\u8be6\u60c5\u56fe2_\u7ed3\u679c-13x12.webp 13w, https:\/\/www.slsele.com\/wp-content\/uploads\/2024\/07\/SLS41\u8be6\u60c5\u56fe2_\u7ed3\u679c-700x623.webp 700w, https:\/\/www.slsele.com\/wp-content\/uploads\/2024\/07\/SLS41\u8be6\u60c5\u56fe2_\u7ed3\u679c-600x534.webp 600w\" sizes=\"auto, (max-width: 874px) 100vw, 874px\" \/><img loading=\"lazy\" decoding=\"async\" class=\"aligncenter size-full wp-image-2777\" src=\"https:\/\/slsele.com\/wp-content\/uploads\/2024\/07\/SLS41\u8be6\u60c5\u56fe3_\u7ed3\u679c.webp\" alt=\"\" width=\"918\" height=\"813\" srcset=\"https:\/\/www.slsele.com\/wp-content\/uploads\/2024\/07\/SLS41\u8be6\u60c5\u56fe3_\u7ed3\u679c.webp 918w, https:\/\/www.slsele.com\/wp-content\/uploads\/2024\/07\/SLS41\u8be6\u60c5\u56fe3_\u7ed3\u679c-300x266.webp 300w, https:\/\/www.slsele.com\/wp-content\/uploads\/2024\/07\/SLS41\u8be6\u60c5\u56fe3_\u7ed3\u679c-768x680.webp 768w, https:\/\/www.slsele.com\/wp-content\/uploads\/2024\/07\/SLS41\u8be6\u60c5\u56fe3_\u7ed3\u679c-14x12.webp 14w, https:\/\/www.slsele.com\/wp-content\/uploads\/2024\/07\/SLS41\u8be6\u60c5\u56fe3_\u7ed3\u679c-700x620.webp 700w, https:\/\/www.slsele.com\/wp-content\/uploads\/2024\/07\/SLS41\u8be6\u60c5\u56fe3_\u7ed3\u679c-600x531.webp 600w\" sizes=\"auto, (max-width: 918px) 100vw, 918px\" \/><img loading=\"lazy\" decoding=\"async\" class=\"aligncenter size-full wp-image-2778\" src=\"https:\/\/slsele.com\/wp-content\/uploads\/2024\/07\/SLS41\u8be6\u60c5\u56fe4_\u7ed3\u679c.webp\" alt=\"\" width=\"1000\" height=\"1000\" srcset=\"https:\/\/www.slsele.com\/wp-content\/uploads\/2024\/07\/SLS41\u8be6\u60c5\u56fe4_\u7ed3\u679c.webp 1000w, https:\/\/www.slsele.com\/wp-content\/uploads\/2024\/07\/SLS41\u8be6\u60c5\u56fe4_\u7ed3\u679c-300x300.webp 300w, https:\/\/www.slsele.com\/wp-content\/uploads\/2024\/07\/SLS41\u8be6\u60c5\u56fe4_\u7ed3\u679c-150x150.webp 150w, https:\/\/www.slsele.com\/wp-content\/uploads\/2024\/07\/SLS41\u8be6\u60c5\u56fe4_\u7ed3\u679c-768x768.webp 768w, https:\/\/www.slsele.com\/wp-content\/uploads\/2024\/07\/SLS41\u8be6\u60c5\u56fe4_\u7ed3\u679c-12x12.webp 12w, https:\/\/www.slsele.com\/wp-content\/uploads\/2024\/07\/SLS41\u8be6\u60c5\u56fe4_\u7ed3\u679c-570x570.webp 570w, https:\/\/www.slsele.com\/wp-content\/uploads\/2024\/07\/SLS41\u8be6\u60c5\u56fe4_\u7ed3\u679c-500x500.webp 500w, https:\/\/www.slsele.com\/wp-content\/uploads\/2024\/07\/SLS41\u8be6\u60c5\u56fe4_\u7ed3\u679c-700x700.webp 700w, https:\/\/www.slsele.com\/wp-content\/uploads\/2024\/07\/SLS41\u8be6\u60c5\u56fe4_\u7ed3\u679c-600x600.webp 600w, https:\/\/www.slsele.com\/wp-content\/uploads\/2024\/07\/SLS41\u8be6\u60c5\u56fe4_\u7ed3\u679c-100x100.webp 100w, https:\/\/www.slsele.com\/wp-content\/uploads\/2024\/07\/SLS41\u8be6\u60c5\u56fe4_\u7ed3\u679c-50x50.webp 50w\" sizes=\"auto, (max-width: 1000px) 100vw, 1000px\" \/><\/p>\n<h3 style=\"text-align: left;\"><span lang=\"EN-US\" style=\"font-family: 'Times New Roman',serif; color: #0e101a;\">Caracter\u00edsticas<\/span><\/h3>\n<ol>\n<li style=\"text-align: left;\"><strong>Control de voz<\/strong> Por Amazon Alexa, Google Home: El mini enchufe inteligente WiFi es perfectamente compatible con Amazon Alexa, Google Home, etc. Cuando est\u00e9 en movimiento, puede darle un comando de voz a Alexa o Google Home Assistant para controlar sus dispositivos.<\/li>\n<li style=\"text-align: left;\"><strong>Control remoto de aplicaciones<\/strong> Por SmartLife o TuyaSmart: usando su tel\u00e9fono inteligente o tableta, controle remotamente el mini enchufe wifi inteligente con la aplicaci\u00f3n gratuita Smart Life o TuyaSmart desde cualquier lugar y en cualquier momento. Controle f\u00e1cilmente sus electrodom\u00e9sticos.<\/li>\n<li style=\"text-align: left;\"><strong>Tiempo\/Cuenta atr\u00e1s\/Programaci\u00f3n<\/strong>: Puede configurar una cuenta regresiva para humidificadores, microondas, cafeteras y m\u00e1s; el dispositivo se detendr\u00e1 autom\u00e1ticamente. No te preocupes si el dispositivo funciona todo el tiempo.<\/li>\n<li style=\"text-align: left;\"><strong>Compartir y controlar grupos<\/strong>\uff1a Un toque para compartir el enchufe inteligente tuya con un miembro de su familia mediante la aplicaci\u00f3n para eliminar procesos de configuraci\u00f3n adicionales. La cuenta principal tiene permisos exclusivos; Un clic para compartir los permisos con toda la familia. \u00a1Deje que la familia disfrute de la diversi\u00f3n de una vida inteligente!<\/li>\n<li style=\"text-align: left;\"><strong>Monitor de energ\u00eda<\/strong>: La cantidad de energ\u00eda el\u00e9ctrica se puede controlar en tiempo real, <a href=\"https:\/\/www.slsele.com\/es\/smart-plug-save-energy-consumption\/\" target=\"_blank\" rel=\"noopener\">Que es conductor para controlar el uso de electricidad.<\/a>.<\/li>\n<\/ol>\n<h3 style=\"text-align: left;\">Especificaciones<\/h3>\n<p style=\"text-align: left;\">Nombre del producto: Enchufe inteligente EU Schuko con control remoto<br \/>\nTipo: Enchufe con enchufe<br \/>\nConexi\u00f3n a tierra: Conexi\u00f3n a tierra est\u00e1ndar<br \/>\nVoltaje nominal: 100-240 V<br \/>\nCorriente nominal: m\u00e1x. 16 A.<br \/>\nVoltaje de entrada: 110-220V<br \/>\nPotencia m\u00e1xima: 2400W<br \/>\nTipo inal\u00e1mbrico: WiFi 2,4 GHz<br \/>\nTemperatura de funcionamiento: -10 \u2103 -50 \u2103<br \/>\nAplicaci\u00f3n: Residencial\/de uso general<br \/>\nColor blanco<br \/>\nCertificado: FCC\/CE\/RoHS<br \/>\nMaterial: PC + ABS<br \/>\nNombre de la aplicaci\u00f3n: Vida inteligente<br \/>\nModo de control: control de tel\u00e9fono m\u00f3vil, control de voz<\/p>\n<h3 style=\"text-align: left;\">Preguntas m\u00e1s frecuentes<\/h3>\n<p style=\"text-align: left;\">P1: \u00bfC\u00f3mo se agrega el dispositivo a la aplicaci\u00f3n m\u00f3vil?<br \/>\nA1: Los siguientes tres pasos<br \/>\n1: Busque \u201cSmart Life o TuyaSmart\u201d en la tienda de aplicaciones o Google Play, o escanee el c\u00f3digo QR en el manual del usuario para descargarlo e instalarlo.<br \/>\n2: Conecte el enchufe a una toma de CA y mantenga presionado el bot\u00f3n de encendido principal hasta que la luz indicadora parpadee.<br \/>\n3: Abra la \u201cAplicaci\u00f3n Smart Life o Tuya Smart\u201d, descubra y agregue un dispositivo a la aplicaci\u00f3n y luego termine de configurarlo seg\u00fan la gu\u00eda.<br \/>\nP2: \u00bfCu\u00e1l es la diferencia entre \u201cMonitor de energ\u00eda\u201d y \u201csin monitor de energ\u00eda\u201d?<br \/>\nA2: Uno con monitoreo de energ\u00eda, otro sin monitoreo de energ\u00eda; todas las dem\u00e1s funciones son iguales.<\/p>","protected":false},"excerpt":{"rendered":"<p style=\"text-align: left;\">Con su indicador LED RGB opcional, el enchufe inteligente con control remoto introduce m\u00e1s colores en su escena nocturna, mientras que su monitor de energ\u00eda ayuda efectivamente a reducir los costos de electricidad, ofreciendo una alternativa moderna a los m\u00e9todos tradicionales de control manual.<\/p>","protected":false},"featured_media":2784,"comment_status":"open","ping_status":"closed","template":"","meta":[],"product_brand":[],"product_cat":[44],"product_tag":[],"class_list":{"0":"post-1564","1":"product","2":"type-product","3":"status-publish","4":"has-post-thumbnail","6":"product_cat-smart-socket","8":"first","9":"instock","10":"shipping-taxable","11":"purchasable","12":"product-type-simple"},"_links":{"self":[{"href":"https:\/\/www.slsele.com\/es\/wp-json\/wp\/v2\/product\/1564","targetHints":{"allow":["GET"]}}],"collection":[{"href":"https:\/\/www.slsele.com\/es\/wp-json\/wp\/v2\/product"}],"about":[{"href":"https:\/\/www.slsele.com\/es\/wp-json\/wp\/v2\/types\/product"}],"replies":[{"embeddable":true,"href":"https:\/\/www.slsele.com\/es\/wp-json\/wp\/v2\/comments?post=1564"}],"wp:featuredmedia":[{"embeddable":true,"href":"https:\/\/www.slsele.com\/es\/wp-json\/wp\/v2\/media\/2784"}],"wp:attachment":[{"href":"https:\/\/www.slsele.com\/es\/wp-json\/wp\/v2\/media?parent=1564"}],"wp:term":[{"taxonomy":"product_brand","embeddable":true,"href":"https:\/\/www.slsele.com\/es\/wp-json\/wp\/v2\/product_brand?post=1564"},{"taxonomy":"product_cat","embeddable":true,"href":"https:\/\/www.slsele.com\/es\/wp-json\/wp\/v2\/product_cat?post=1564"},{"taxonomy":"product_tag","embeddable":true,"href":"https:\/\/www.slsele.com\/es\/wp-json\/wp\/v2\/product_tag?post=1564"}],"curies":[{"name":"wp","href":"https:\/\/api.w.org\/{rel}","templated":true}]}}