{"id":1555,"date":"2024-05-17T10:32:05","date_gmt":"2024-05-17T02:32:05","guid":{"rendered":"https:\/\/slsele.com\/?post_type=product&#038;p=1555"},"modified":"2024-07-09T15:08:54","modified_gmt":"2024-07-09T07:08:54","slug":"uk-zigbee-smart-plug-socket-with-energy-meter","status":"publish","type":"product","link":"https:\/\/www.slsele.com\/es\/producto\/uk-zigbee-smart-plug-socket-with-energy-meter\/","title":{"rendered":"Enchufe inteligente SLS UK Zigbee con medidor de energ\u00eda"},"content":{"rendered":"<h2 style=\"text-align: center; font-size: 30px;\"><strong>Enchufe inteligente SLS UK Zigbee con medidor de energ\u00eda<\/strong><\/h2>\n<h3 style=\"text-align: left; font-size: 25px;\">Descripci\u00f3n<\/h3>\n<p style=\"text-align: left;\">Con el enchufe inteligente zigbee, obtienes un control sin precedentes sobre tus dispositivos conectados, lo que permite un estilo de vida que combina a la perfecci\u00f3n comodidad y eficiencia.<\/p>\n<p style=\"text-align: left;\">Este mini enchufe inteligente WiFi es compatible con la plataforma Tuya Smart y es funcional, con f\u00e1cil acceso a la red WiFi de su casa para un control inal\u00e1mbrico sin necesidad de concentrador.<\/p>\n<p style=\"text-align: left;\">Zigbee Mesh funciona bien como rel\u00e9 de comunicaci\u00f3n para otros dispositivos Zigbee. Adem\u00e1s, est\u00e1 dise\u00f1ado con un monitor el\u00e9ctrico para monitorear el uso de energ\u00eda de sus electrodom\u00e9sticos para proteger su casa del consumo excesivo de energ\u00eda, ahorrando realmente energ\u00eda y reduciendo la p\u00e9rdida de energ\u00eda de una manera mucho m\u00e1s inteligente.<\/p>\n<div id=\"attachment_2789\" style=\"width: 1034px\" class=\"wp-caption aligncenter\"><img loading=\"lazy\" decoding=\"async\" aria-describedby=\"caption-attachment-2789\" class=\"wp-image-2789 size-large\" src=\"https:\/\/slsele.com\/wp-content\/uploads\/2024\/07\/SLS36Z\u8be6\u60c5\u56fe1_\u7ed3\u679c-1024x1024.webp\" alt=\"El enchufe inteligente Zigbee puede monitorear el uso de electricidad\" width=\"1024\" height=\"1024\" srcset=\"https:\/\/www.slsele.com\/wp-content\/uploads\/2024\/07\/SLS36Z\u8be6\u60c5\u56fe1_\u7ed3\u679c-1024x1024.webp 1024w, https:\/\/www.slsele.com\/wp-content\/uploads\/2024\/07\/SLS36Z\u8be6\u60c5\u56fe1_\u7ed3\u679c-300x300.webp 300w, https:\/\/www.slsele.com\/wp-content\/uploads\/2024\/07\/SLS36Z\u8be6\u60c5\u56fe1_\u7ed3\u679c-150x150.webp 150w, https:\/\/www.slsele.com\/wp-content\/uploads\/2024\/07\/SLS36Z\u8be6\u60c5\u56fe1_\u7ed3\u679c-768x768.webp 768w, https:\/\/www.slsele.com\/wp-content\/uploads\/2024\/07\/SLS36Z\u8be6\u60c5\u56fe1_\u7ed3\u679c-1536x1536.webp 1536w, https:\/\/www.slsele.com\/wp-content\/uploads\/2024\/07\/SLS36Z\u8be6\u60c5\u56fe1_\u7ed3\u679c-12x12.webp 12w, https:\/\/www.slsele.com\/wp-content\/uploads\/2024\/07\/SLS36Z\u8be6\u60c5\u56fe1_\u7ed3\u679c-570x570.webp 570w, https:\/\/www.slsele.com\/wp-content\/uploads\/2024\/07\/SLS36Z\u8be6\u60c5\u56fe1_\u7ed3\u679c-500x500.webp 500w, https:\/\/www.slsele.com\/wp-content\/uploads\/2024\/07\/SLS36Z\u8be6\u60c5\u56fe1_\u7ed3\u679c-1000x1000.webp 1000w, https:\/\/www.slsele.com\/wp-content\/uploads\/2024\/07\/SLS36Z\u8be6\u60c5\u56fe1_\u7ed3\u679c-700x700.webp 700w, https:\/\/www.slsele.com\/wp-content\/uploads\/2024\/07\/SLS36Z\u8be6\u60c5\u56fe1_\u7ed3\u679c-600x600.webp 600w, https:\/\/www.slsele.com\/wp-content\/uploads\/2024\/07\/SLS36Z\u8be6\u60c5\u56fe1_\u7ed3\u679c-100x100.webp 100w, https:\/\/www.slsele.com\/wp-content\/uploads\/2024\/07\/SLS36Z\u8be6\u60c5\u56fe1_\u7ed3\u679c-50x50.webp 50w, https:\/\/www.slsele.com\/wp-content\/uploads\/2024\/07\/SLS36Z\u8be6\u60c5\u56fe1_\u7ed3\u679c.webp 1600w\" sizes=\"auto, (max-width: 1024px) 100vw, 1024px\" \/><p id=\"caption-attachment-2789\" class=\"wp-caption-text\">El enchufe inteligente Zigbee puede monitorear el uso de electricidad<\/p><\/div>\n<h3 style=\"text-align: left;\"><img loading=\"lazy\" decoding=\"async\" class=\"aligncenter size-large wp-image-2790\" src=\"https:\/\/slsele.com\/wp-content\/uploads\/2024\/07\/SLS36Z\u8be6\u60c5\u56fe2_\u7ed3\u679c-1024x1024.webp\" alt=\"\" width=\"1024\" height=\"1024\" srcset=\"https:\/\/www.slsele.com\/wp-content\/uploads\/2024\/07\/SLS36Z\u8be6\u60c5\u56fe2_\u7ed3\u679c-1024x1024.webp 1024w, https:\/\/www.slsele.com\/wp-content\/uploads\/2024\/07\/SLS36Z\u8be6\u60c5\u56fe2_\u7ed3\u679c-300x300.webp 300w, https:\/\/www.slsele.com\/wp-content\/uploads\/2024\/07\/SLS36Z\u8be6\u60c5\u56fe2_\u7ed3\u679c-150x150.webp 150w, https:\/\/www.slsele.com\/wp-content\/uploads\/2024\/07\/SLS36Z\u8be6\u60c5\u56fe2_\u7ed3\u679c-768x768.webp 768w, https:\/\/www.slsele.com\/wp-content\/uploads\/2024\/07\/SLS36Z\u8be6\u60c5\u56fe2_\u7ed3\u679c-1536x1536.webp 1536w, https:\/\/www.slsele.com\/wp-content\/uploads\/2024\/07\/SLS36Z\u8be6\u60c5\u56fe2_\u7ed3\u679c-12x12.webp 12w, https:\/\/www.slsele.com\/wp-content\/uploads\/2024\/07\/SLS36Z\u8be6\u60c5\u56fe2_\u7ed3\u679c-570x570.webp 570w, https:\/\/www.slsele.com\/wp-content\/uploads\/2024\/07\/SLS36Z\u8be6\u60c5\u56fe2_\u7ed3\u679c-500x500.webp 500w, https:\/\/www.slsele.com\/wp-content\/uploads\/2024\/07\/SLS36Z\u8be6\u60c5\u56fe2_\u7ed3\u679c-1000x1000.webp 1000w, https:\/\/www.slsele.com\/wp-content\/uploads\/2024\/07\/SLS36Z\u8be6\u60c5\u56fe2_\u7ed3\u679c-700x700.webp 700w, https:\/\/www.slsele.com\/wp-content\/uploads\/2024\/07\/SLS36Z\u8be6\u60c5\u56fe2_\u7ed3\u679c-600x600.webp 600w, https:\/\/www.slsele.com\/wp-content\/uploads\/2024\/07\/SLS36Z\u8be6\u60c5\u56fe2_\u7ed3\u679c-100x100.webp 100w, https:\/\/www.slsele.com\/wp-content\/uploads\/2024\/07\/SLS36Z\u8be6\u60c5\u56fe2_\u7ed3\u679c-50x50.webp 50w, https:\/\/www.slsele.com\/wp-content\/uploads\/2024\/07\/SLS36Z\u8be6\u60c5\u56fe2_\u7ed3\u679c.webp 1600w\" sizes=\"auto, (max-width: 1024px) 100vw, 1024px\" \/><img loading=\"lazy\" decoding=\"async\" class=\"aligncenter size-large wp-image-2791\" src=\"https:\/\/slsele.com\/wp-content\/uploads\/2024\/07\/SLS36Z\u8be6\u60c5\u56fe3_\u7ed3\u679c-1024x1024.webp\" alt=\"\" width=\"1024\" height=\"1024\" srcset=\"https:\/\/www.slsele.com\/wp-content\/uploads\/2024\/07\/SLS36Z\u8be6\u60c5\u56fe3_\u7ed3\u679c-1024x1024.webp 1024w, https:\/\/www.slsele.com\/wp-content\/uploads\/2024\/07\/SLS36Z\u8be6\u60c5\u56fe3_\u7ed3\u679c-300x300.webp 300w, https:\/\/www.slsele.com\/wp-content\/uploads\/2024\/07\/SLS36Z\u8be6\u60c5\u56fe3_\u7ed3\u679c-150x150.webp 150w, https:\/\/www.slsele.com\/wp-content\/uploads\/2024\/07\/SLS36Z\u8be6\u60c5\u56fe3_\u7ed3\u679c-768x768.webp 768w, https:\/\/www.slsele.com\/wp-content\/uploads\/2024\/07\/SLS36Z\u8be6\u60c5\u56fe3_\u7ed3\u679c-1536x1536.webp 1536w, https:\/\/www.slsele.com\/wp-content\/uploads\/2024\/07\/SLS36Z\u8be6\u60c5\u56fe3_\u7ed3\u679c-12x12.webp 12w, https:\/\/www.slsele.com\/wp-content\/uploads\/2024\/07\/SLS36Z\u8be6\u60c5\u56fe3_\u7ed3\u679c-570x570.webp 570w, https:\/\/www.slsele.com\/wp-content\/uploads\/2024\/07\/SLS36Z\u8be6\u60c5\u56fe3_\u7ed3\u679c-500x500.webp 500w, https:\/\/www.slsele.com\/wp-content\/uploads\/2024\/07\/SLS36Z\u8be6\u60c5\u56fe3_\u7ed3\u679c-1000x1000.webp 1000w, https:\/\/www.slsele.com\/wp-content\/uploads\/2024\/07\/SLS36Z\u8be6\u60c5\u56fe3_\u7ed3\u679c-700x700.webp 700w, https:\/\/www.slsele.com\/wp-content\/uploads\/2024\/07\/SLS36Z\u8be6\u60c5\u56fe3_\u7ed3\u679c-600x600.webp 600w, https:\/\/www.slsele.com\/wp-content\/uploads\/2024\/07\/SLS36Z\u8be6\u60c5\u56fe3_\u7ed3\u679c-100x100.webp 100w, https:\/\/www.slsele.com\/wp-content\/uploads\/2024\/07\/SLS36Z\u8be6\u60c5\u56fe3_\u7ed3\u679c-50x50.webp 50w, https:\/\/www.slsele.com\/wp-content\/uploads\/2024\/07\/SLS36Z\u8be6\u60c5\u56fe3_\u7ed3\u679c.webp 1600w\" sizes=\"auto, (max-width: 1024px) 100vw, 1024px\" \/><img loading=\"lazy\" decoding=\"async\" class=\"aligncenter size-large wp-image-2792\" src=\"https:\/\/slsele.com\/wp-content\/uploads\/2024\/07\/SLS36Z\u8be6\u60c5\u56fe4_\u7ed3\u679c-1024x1024.webp\" alt=\"\" width=\"1024\" height=\"1024\" srcset=\"https:\/\/www.slsele.com\/wp-content\/uploads\/2024\/07\/SLS36Z\u8be6\u60c5\u56fe4_\u7ed3\u679c-1024x1024.webp 1024w, https:\/\/www.slsele.com\/wp-content\/uploads\/2024\/07\/SLS36Z\u8be6\u60c5\u56fe4_\u7ed3\u679c-300x300.webp 300w, https:\/\/www.slsele.com\/wp-content\/uploads\/2024\/07\/SLS36Z\u8be6\u60c5\u56fe4_\u7ed3\u679c-150x150.webp 150w, https:\/\/www.slsele.com\/wp-content\/uploads\/2024\/07\/SLS36Z\u8be6\u60c5\u56fe4_\u7ed3\u679c-768x768.webp 768w, https:\/\/www.slsele.com\/wp-content\/uploads\/2024\/07\/SLS36Z\u8be6\u60c5\u56fe4_\u7ed3\u679c-1536x1536.webp 1536w, https:\/\/www.slsele.com\/wp-content\/uploads\/2024\/07\/SLS36Z\u8be6\u60c5\u56fe4_\u7ed3\u679c-12x12.webp 12w, https:\/\/www.slsele.com\/wp-content\/uploads\/2024\/07\/SLS36Z\u8be6\u60c5\u56fe4_\u7ed3\u679c-570x570.webp 570w, https:\/\/www.slsele.com\/wp-content\/uploads\/2024\/07\/SLS36Z\u8be6\u60c5\u56fe4_\u7ed3\u679c-500x500.webp 500w, https:\/\/www.slsele.com\/wp-content\/uploads\/2024\/07\/SLS36Z\u8be6\u60c5\u56fe4_\u7ed3\u679c-1000x1000.webp 1000w, https:\/\/www.slsele.com\/wp-content\/uploads\/2024\/07\/SLS36Z\u8be6\u60c5\u56fe4_\u7ed3\u679c-700x700.webp 700w, https:\/\/www.slsele.com\/wp-content\/uploads\/2024\/07\/SLS36Z\u8be6\u60c5\u56fe4_\u7ed3\u679c-600x600.webp 600w, https:\/\/www.slsele.com\/wp-content\/uploads\/2024\/07\/SLS36Z\u8be6\u60c5\u56fe4_\u7ed3\u679c-100x100.webp 100w, https:\/\/www.slsele.com\/wp-content\/uploads\/2024\/07\/SLS36Z\u8be6\u60c5\u56fe4_\u7ed3\u679c-50x50.webp 50w, https:\/\/www.slsele.com\/wp-content\/uploads\/2024\/07\/SLS36Z\u8be6\u60c5\u56fe4_\u7ed3\u679c.webp 1600w\" sizes=\"auto, (max-width: 1024px) 100vw, 1024px\" \/><img loading=\"lazy\" decoding=\"async\" class=\"aligncenter size-large wp-image-2795\" src=\"https:\/\/slsele.com\/wp-content\/uploads\/2024\/07\/SLS36Z\u8be6\u60c5\u56fe7_\u7ed3\u679c-1024x1024.webp\" alt=\"\" width=\"1024\" height=\"1024\" srcset=\"https:\/\/www.slsele.com\/wp-content\/uploads\/2024\/07\/SLS36Z\u8be6\u60c5\u56fe7_\u7ed3\u679c-1024x1024.webp 1024w, https:\/\/www.slsele.com\/wp-content\/uploads\/2024\/07\/SLS36Z\u8be6\u60c5\u56fe7_\u7ed3\u679c-300x300.webp 300w, https:\/\/www.slsele.com\/wp-content\/uploads\/2024\/07\/SLS36Z\u8be6\u60c5\u56fe7_\u7ed3\u679c-150x150.webp 150w, https:\/\/www.slsele.com\/wp-content\/uploads\/2024\/07\/SLS36Z\u8be6\u60c5\u56fe7_\u7ed3\u679c-768x768.webp 768w, https:\/\/www.slsele.com\/wp-content\/uploads\/2024\/07\/SLS36Z\u8be6\u60c5\u56fe7_\u7ed3\u679c-1536x1536.webp 1536w, https:\/\/www.slsele.com\/wp-content\/uploads\/2024\/07\/SLS36Z\u8be6\u60c5\u56fe7_\u7ed3\u679c-12x12.webp 12w, https:\/\/www.slsele.com\/wp-content\/uploads\/2024\/07\/SLS36Z\u8be6\u60c5\u56fe7_\u7ed3\u679c-570x570.webp 570w, https:\/\/www.slsele.com\/wp-content\/uploads\/2024\/07\/SLS36Z\u8be6\u60c5\u56fe7_\u7ed3\u679c-500x500.webp 500w, https:\/\/www.slsele.com\/wp-content\/uploads\/2024\/07\/SLS36Z\u8be6\u60c5\u56fe7_\u7ed3\u679c-1000x1000.webp 1000w, https:\/\/www.slsele.com\/wp-content\/uploads\/2024\/07\/SLS36Z\u8be6\u60c5\u56fe7_\u7ed3\u679c-700x700.webp 700w, https:\/\/www.slsele.com\/wp-content\/uploads\/2024\/07\/SLS36Z\u8be6\u60c5\u56fe7_\u7ed3\u679c-600x600.webp 600w, https:\/\/www.slsele.com\/wp-content\/uploads\/2024\/07\/SLS36Z\u8be6\u60c5\u56fe7_\u7ed3\u679c-100x100.webp 100w, https:\/\/www.slsele.com\/wp-content\/uploads\/2024\/07\/SLS36Z\u8be6\u60c5\u56fe7_\u7ed3\u679c-50x50.webp 50w, https:\/\/www.slsele.com\/wp-content\/uploads\/2024\/07\/SLS36Z\u8be6\u60c5\u56fe7_\u7ed3\u679c.webp 1600w\" sizes=\"auto, (max-width: 1024px) 100vw, 1024px\" \/>Caracter\u00edsticas<\/h3>\n<p style=\"text-align: left;\"><strong>Automatizaci\u00f3n programada<\/strong>: Mejore su rutina diaria con la capacidad de programar sus dispositivos para que se activen o desactiven en momentos designados. Imag\u00ednese despertarse en una habitaci\u00f3n fresca y c\u00f3moda mientras el ventilador de su sala se enciende autom\u00e1ticamente cada ma\u00f1ana o asegurarse de que la luz nocturna de su hijo se apague suavemente, indicando la hora de acostarse sin decir una palabra. Nuestro enchufe inteligente zigbee transforma lo mundano en m\u00e1gico, organizando su d\u00eda con precisi\u00f3n y facilidad.<\/p>\n<p style=\"text-align: left;\"><strong>Funcionalidad de cuenta regresiva<\/strong>: Nunca m\u00e1s vuelvas a preguntar si has apagado los electrodom\u00e9sticos. La funci\u00f3n de cuenta regresiva del enchufe inteligente zigbee te permite configurar un temporizador que apaga autom\u00e1ticamente tus dispositivos, brind\u00e1ndote tranquilidad y ahorro de energ\u00eda. Ya sea un rizador despu\u00e9s de peinarte el cabello o una cafetera despu\u00e9s de prepararlo, ten la seguridad de saber que todo se apagar\u00e1 cuando ya no lo necesites.<\/p>\n<p style=\"text-align: left;\"><strong>Integraci\u00f3n de comandos de voz<\/strong>: Abrace el futuro de la automatizaci\u00f3n del hogar con capacidades de control por voz. Compatible con Alexa y Google Assistant, nuestro enchufe inteligente tuya zigbee responde a tus comandos, permiti\u00e9ndote operar tus dispositivos con manos libres. Simplemente exprese sus deseos y observe c\u00f3mo su entorno se adapta a sus necesidades.<\/p>\n<p style=\"text-align: left;\"><strong>Control unificado con la aplicaci\u00f3n Smart Life<\/strong>: Experimente la comodidad de administrar m\u00faltiples dispositivos dom\u00e9sticos inteligentes a trav\u00e9s de una aplicaci\u00f3n \u00fanica e intuitiva. La aplicaci\u00f3n Smart Life, disponible en plataformas Android e iOS, pone el poder de su hogar al alcance de su mano, sin importar d\u00f3nde se encuentre. Disfrute de la flexibilidad de controlar sus dispositivos de forma remota o coordinarlos para una experiencia de hogar inteligente coherente y personalizada.<\/p>\n<h3 style=\"text-align: left;\">Especificaciones<\/h3>\n<p style=\"text-align: left;\">Nombre del producto: Enchufe inteligente Zigbee del Reino Unido con medidor de energ\u00eda<br \/>\nVoltaje nominal: 100-240 V<br \/>\nCorriente nominal: 16A<br \/>\nVoltaje de entrada: 110-220V<br \/>\nProtocolo: Zigbee<br \/>\nTemperatura de funcionamiento: -10 \u2103 -65 \u2103<br \/>\nAplicaci\u00f3n: Residencial\/de uso general<br \/>\nColor blanco<br \/>\nCertificado: FCC\/CE\/RoHS<br \/>\nMaterial: PC+ABS material ign\u00edfugo<br \/>\nModo de control: control de tel\u00e9fono m\u00f3vil, control de voz<br \/>\nSistema de soporte: Android\/ios<\/p>\n<h3 style=\"text-align: left;\">Aviso<\/h3>\n<ol>\n<li style=\"text-align: left;\">El producto ZigBee debe usarse con la puerta de enlace ZigBee. Este enlace no proporciona una puerta de enlace ZigBee (la puerta de enlace debe comprarse por separado o comunicarse con el servicio al cliente para comprarla en la aplicaci\u00f3n) 2. Hay 2 opciones de 16A y 20A, preste atenci\u00f3n a la compra<\/li>\n<li style=\"text-align: left;\">Riesgo de descarga el\u00e9ctrica: La electricidad puede causar lesiones personales y da\u00f1os a la propiedad si se maneja incorrectamente. Si no est\u00e1 seguro acerca de alguna parte de estas instrucciones, busque asistencia profesional de un electricista calificado.<\/li>\n<li style=\"text-align: left;\">Durante el per\u00edodo de garant\u00eda gratuita, si el producto se estropea durante el uso normal, ofreceremos mantenimiento gratuito para el producto.<\/li>\n<li style=\"text-align: left;\">Los desastres naturales\/fallas de equipos artificiales, el desmontaje y reparaci\u00f3n sin el permiso de nuestra empresa, la falta de tarjeta de garant\u00eda, los productos m\u00e1s all\u00e1 del per\u00edodo de garant\u00eda gratuita, etc., no est\u00e1n dentro del alcance de la garant\u00eda gratuita.<\/li>\n<li style=\"text-align: left;\">Cualquier compromiso (oral o escrito) realizado por el tercero (incluido el distribuidor\/proveedor de servicios) con el usuario m\u00e1s all\u00e1 del alcance de la garant\u00eda ser\u00e1 ejecutado por el tercero.<\/li>\n<\/ol>","protected":false},"excerpt":{"rendered":"<p>1. El enchufe inteligente Zigbee debe usarse con la puerta de enlace Zigbee. Este enlace no proporciona una puerta de enlace ZigBee (la puerta de enlace debe comprarse por separado o comunicarse con el servicio de atenci\u00f3n al cliente para comprarla desde la aplicaci\u00f3n)<br \/>\n2. Hay 2 opciones de 16A y 20A, preste atenci\u00f3n a la compra<\/p>","protected":false},"featured_media":2788,"comment_status":"open","ping_status":"closed","template":"","meta":[],"product_brand":[],"product_cat":[44],"product_tag":[],"class_list":{"0":"post-1555","1":"product","2":"type-product","3":"status-publish","4":"has-post-thumbnail","6":"product_cat-smart-socket","8":"first","9":"instock","10":"shipping-taxable","11":"purchasable","12":"product-type-simple"},"_links":{"self":[{"href":"https:\/\/www.slsele.com\/es\/wp-json\/wp\/v2\/product\/1555","targetHints":{"allow":["GET"]}}],"collection":[{"href":"https:\/\/www.slsele.com\/es\/wp-json\/wp\/v2\/product"}],"about":[{"href":"https:\/\/www.slsele.com\/es\/wp-json\/wp\/v2\/types\/product"}],"replies":[{"embeddable":true,"href":"https:\/\/www.slsele.com\/es\/wp-json\/wp\/v2\/comments?post=1555"}],"wp:featuredmedia":[{"embeddable":true,"href":"https:\/\/www.slsele.com\/es\/wp-json\/wp\/v2\/media\/2788"}],"wp:attachment":[{"href":"https:\/\/www.slsele.com\/es\/wp-json\/wp\/v2\/media?parent=1555"}],"wp:term":[{"taxonomy":"product_brand","embeddable":true,"href":"https:\/\/www.slsele.com\/es\/wp-json\/wp\/v2\/product_brand?post=1555"},{"taxonomy":"product_cat","embeddable":true,"href":"https:\/\/www.slsele.com\/es\/wp-json\/wp\/v2\/product_cat?post=1555"},{"taxonomy":"product_tag","embeddable":true,"href":"https:\/\/www.slsele.com\/es\/wp-json\/wp\/v2\/product_tag?post=1555"}],"curies":[{"name":"wp","href":"https:\/\/api.w.org\/{rel}","templated":true}]}}