{"id":1547,"date":"2024-05-17T10:10:06","date_gmt":"2024-05-17T02:10:06","guid":{"rendered":"https:\/\/slsele.com\/?post_type=product&#038;p=1547"},"modified":"2024-11-07T09:55:58","modified_gmt":"2024-11-07T01:55:58","slug":"us-wifi-socket-with-type-c-and-usb","status":"publish","type":"product","link":"https:\/\/www.slsele.com\/es\/producto\/us-wifi-socket-with-type-c-and-usb\/","title":{"rendered":"Enchufe inteligente USB WiFi SLS US con tipo C"},"content":{"rendered":"<h2 style=\"text-align: center; font-size: 30px;\"><strong>SLS <\/strong><strong>Enchufe inteligente USB WiFi de EE. UU. con tipo C<\/strong><\/h2>\n<h3 style=\"text-align: left; font-size: 28px;\">Descripci\u00f3n<\/h3>\n<p style=\"text-align: left;\">El enchufe inteligente USB de tipo C es un <a href=\"https:\/\/www.tempestns.com\/products\/commscope-320000109598-te-cf-card\/\" target=\"_blank\" rel=\"noopener\">soluci\u00f3n de vanguardia dise\u00f1ada para mejorar su experiencia de hogar inteligente<\/a>. Este dispositivo avanzado le brinda capacidades de control remoto perfectas, lo que le permite encender y apagar sin esfuerzo sus dispositivos conectados usando la aplicaci\u00f3n de su tel\u00e9fono inteligente, sin importar en qu\u00e9 parte del mundo se encuentre.<\/p>\n<p>&nbsp;<\/p>\n<p style=\"text-align: left;\">Cada interfaz de este enchufe inteligente est\u00e1 dise\u00f1ada para un control independiente, lo que le brinda la flexibilidad de administrar m\u00faltiples dispositivos simult\u00e1neamente sin compromiso. Ya sea que est\u00e9 alimentando una l\u00e1mpara de noche, un aparato de oficina en casa o un electrodom\u00e9stico de cocina, el control individual garantiza que sus necesidades se satisfagan con precisi\u00f3n.<\/p>\n<p>&nbsp;<\/p>\n<p style=\"text-align: left;\">M\u00e1s all\u00e1 de la funcionalidad b\u00e1sica, nuestro enchufe USB inteligente cuenta con una serie de opciones de programaci\u00f3n inteligente. M\u00e1s all\u00e1 de las funciones est\u00e1ndar de cuenta atr\u00e1s y temporizaci\u00f3n, encontrar\u00e1 modos innovadores como temporizaci\u00f3n c\u00edclica, temporizaci\u00f3n aleatoria y conmutaci\u00f3n por pulsaci\u00f3n, todos ellos adaptados para atender a un sinf\u00edn de escenarios de uso. Cada interfaz puede programarse por separado, lo que le da libertad para personalizar los ajustes seg\u00fan sus requisitos espec\u00edficos.<\/p>\n<p>&nbsp;<\/p>\n<p style=\"text-align: left;\">Una caracter\u00edstica destacada es la s\u00f3lida funci\u00f3n de memoria de apagado, una inclusi\u00f3n bien pensada que recuerda la configuraci\u00f3n incluso en caso de un corte de energ\u00eda. Este dise\u00f1o centrado en las personas garantiza que se respeten sus preferencias en todo momento, ofreciendo tranquilidad y comodidad.<\/p>\n<p>&nbsp;<\/p>\n<p style=\"text-align: left;\">La seguridad es primordial, por eso hemos incluido un interruptor de bloqueo para ni\u00f1os para protegerlo contra toques accidentales. Perfecta para hogares con ni\u00f1os peque\u00f1os, esta funci\u00f3n evita el acceso no autorizado. Para el desbloqueo local, realice una secuencia de apertura y cierre cuatro veces consecutivas, lo que proporciona una soluci\u00f3n segura pero accesible.<\/p>\n<p>&nbsp;<\/p>\n<p style=\"text-align: left;\">Actualice su rutina diaria con el enchufe USB inteligente de tipo C, un compa\u00f1ero vers\u00e1til que combina funcionalidad, seguridad y comodidad en un elegante paquete. Adopte hoy mismo el futuro de la tecnolog\u00eda dom\u00e9stica inteligente.<\/p>\n<p>&nbsp;<\/p>\n<p><img loading=\"lazy\" decoding=\"async\" class=\"wp-image-2861\" src=\"https:\/\/slsele.com\/wp-content\/uploads\/2024\/07\/SLS35\u8be6\u60c5\u56fe1_\u7ed3\u679c-1024x1024.webp\" alt=\"Enchufe inteligente USB WiFi SLS US con diagrama tipo C\" width=\"983\" height=\"983\" srcset=\"https:\/\/www.slsele.com\/wp-content\/uploads\/2024\/07\/SLS35\u8be6\u60c5\u56fe1_\u7ed3\u679c-1024x1024.webp 1024w, https:\/\/www.slsele.com\/wp-content\/uploads\/2024\/07\/SLS35\u8be6\u60c5\u56fe1_\u7ed3\u679c-300x300.webp 300w, https:\/\/www.slsele.com\/wp-content\/uploads\/2024\/07\/SLS35\u8be6\u60c5\u56fe1_\u7ed3\u679c-150x150.webp 150w, https:\/\/www.slsele.com\/wp-content\/uploads\/2024\/07\/SLS35\u8be6\u60c5\u56fe1_\u7ed3\u679c-768x768.webp 768w, https:\/\/www.slsele.com\/wp-content\/uploads\/2024\/07\/SLS35\u8be6\u60c5\u56fe1_\u7ed3\u679c-1536x1536.webp 1536w, https:\/\/www.slsele.com\/wp-content\/uploads\/2024\/07\/SLS35\u8be6\u60c5\u56fe1_\u7ed3\u679c-12x12.webp 12w, https:\/\/www.slsele.com\/wp-content\/uploads\/2024\/07\/SLS35\u8be6\u60c5\u56fe1_\u7ed3\u679c-570x570.webp 570w, https:\/\/www.slsele.com\/wp-content\/uploads\/2024\/07\/SLS35\u8be6\u60c5\u56fe1_\u7ed3\u679c-500x500.webp 500w, https:\/\/www.slsele.com\/wp-content\/uploads\/2024\/07\/SLS35\u8be6\u60c5\u56fe1_\u7ed3\u679c-1000x1000.webp 1000w, https:\/\/www.slsele.com\/wp-content\/uploads\/2024\/07\/SLS35\u8be6\u60c5\u56fe1_\u7ed3\u679c-700x700.webp 700w, https:\/\/www.slsele.com\/wp-content\/uploads\/2024\/07\/SLS35\u8be6\u60c5\u56fe1_\u7ed3\u679c-600x600.webp 600w, https:\/\/www.slsele.com\/wp-content\/uploads\/2024\/07\/SLS35\u8be6\u60c5\u56fe1_\u7ed3\u679c-100x100.webp 100w, https:\/\/www.slsele.com\/wp-content\/uploads\/2024\/07\/SLS35\u8be6\u60c5\u56fe1_\u7ed3\u679c-50x50.webp 50w, https:\/\/www.slsele.com\/wp-content\/uploads\/2024\/07\/SLS35\u8be6\u60c5\u56fe1_\u7ed3\u679c.webp 1600w\" sizes=\"auto, (max-width: 983px) 100vw, 983px\" \/><\/p>\n<p style=\"text-align: center;\">Enchufe inteligente USB WiFi SLS US con diagrama tipo C<\/p>\n<p>&nbsp;<\/p>\n<p><img loading=\"lazy\" decoding=\"async\" class=\"aligncenter size-large wp-image-2862\" src=\"https:\/\/slsele.com\/wp-content\/uploads\/2024\/07\/SLS35\u8be6\u60c5\u56fe2_\u7ed3\u679c-1024x1024.webp\" alt=\"\" width=\"1024\" height=\"1024\" srcset=\"https:\/\/www.slsele.com\/wp-content\/uploads\/2024\/07\/SLS35\u8be6\u60c5\u56fe2_\u7ed3\u679c-1024x1024.webp 1024w, https:\/\/www.slsele.com\/wp-content\/uploads\/2024\/07\/SLS35\u8be6\u60c5\u56fe2_\u7ed3\u679c-300x300.webp 300w, https:\/\/www.slsele.com\/wp-content\/uploads\/2024\/07\/SLS35\u8be6\u60c5\u56fe2_\u7ed3\u679c-150x150.webp 150w, https:\/\/www.slsele.com\/wp-content\/uploads\/2024\/07\/SLS35\u8be6\u60c5\u56fe2_\u7ed3\u679c-768x768.webp 768w, https:\/\/www.slsele.com\/wp-content\/uploads\/2024\/07\/SLS35\u8be6\u60c5\u56fe2_\u7ed3\u679c-1536x1536.webp 1536w, https:\/\/www.slsele.com\/wp-content\/uploads\/2024\/07\/SLS35\u8be6\u60c5\u56fe2_\u7ed3\u679c-12x12.webp 12w, https:\/\/www.slsele.com\/wp-content\/uploads\/2024\/07\/SLS35\u8be6\u60c5\u56fe2_\u7ed3\u679c-570x570.webp 570w, https:\/\/www.slsele.com\/wp-content\/uploads\/2024\/07\/SLS35\u8be6\u60c5\u56fe2_\u7ed3\u679c-500x500.webp 500w, https:\/\/www.slsele.com\/wp-content\/uploads\/2024\/07\/SLS35\u8be6\u60c5\u56fe2_\u7ed3\u679c-1000x1000.webp 1000w, https:\/\/www.slsele.com\/wp-content\/uploads\/2024\/07\/SLS35\u8be6\u60c5\u56fe2_\u7ed3\u679c-700x700.webp 700w, https:\/\/www.slsele.com\/wp-content\/uploads\/2024\/07\/SLS35\u8be6\u60c5\u56fe2_\u7ed3\u679c-600x600.webp 600w, https:\/\/www.slsele.com\/wp-content\/uploads\/2024\/07\/SLS35\u8be6\u60c5\u56fe2_\u7ed3\u679c-100x100.webp 100w, https:\/\/www.slsele.com\/wp-content\/uploads\/2024\/07\/SLS35\u8be6\u60c5\u56fe2_\u7ed3\u679c-50x50.webp 50w, https:\/\/www.slsele.com\/wp-content\/uploads\/2024\/07\/SLS35\u8be6\u60c5\u56fe2_\u7ed3\u679c.webp 1600w\" sizes=\"auto, (max-width: 1024px) 100vw, 1024px\" \/><img loading=\"lazy\" decoding=\"async\" class=\"aligncenter size-large wp-image-2863\" src=\"https:\/\/slsele.com\/wp-content\/uploads\/2024\/07\/SLS35\u8be6\u60c5\u56fe3_\u7ed3\u679c-1024x1024.webp\" alt=\"\" width=\"1024\" height=\"1024\" srcset=\"https:\/\/www.slsele.com\/wp-content\/uploads\/2024\/07\/SLS35\u8be6\u60c5\u56fe3_\u7ed3\u679c-1024x1024.webp 1024w, https:\/\/www.slsele.com\/wp-content\/uploads\/2024\/07\/SLS35\u8be6\u60c5\u56fe3_\u7ed3\u679c-300x300.webp 300w, https:\/\/www.slsele.com\/wp-content\/uploads\/2024\/07\/SLS35\u8be6\u60c5\u56fe3_\u7ed3\u679c-150x150.webp 150w, https:\/\/www.slsele.com\/wp-content\/uploads\/2024\/07\/SLS35\u8be6\u60c5\u56fe3_\u7ed3\u679c-768x768.webp 768w, https:\/\/www.slsele.com\/wp-content\/uploads\/2024\/07\/SLS35\u8be6\u60c5\u56fe3_\u7ed3\u679c-1536x1536.webp 1536w, https:\/\/www.slsele.com\/wp-content\/uploads\/2024\/07\/SLS35\u8be6\u60c5\u56fe3_\u7ed3\u679c-12x12.webp 12w, https:\/\/www.slsele.com\/wp-content\/uploads\/2024\/07\/SLS35\u8be6\u60c5\u56fe3_\u7ed3\u679c-570x570.webp 570w, https:\/\/www.slsele.com\/wp-content\/uploads\/2024\/07\/SLS35\u8be6\u60c5\u56fe3_\u7ed3\u679c-500x500.webp 500w, https:\/\/www.slsele.com\/wp-content\/uploads\/2024\/07\/SLS35\u8be6\u60c5\u56fe3_\u7ed3\u679c-1000x1000.webp 1000w, https:\/\/www.slsele.com\/wp-content\/uploads\/2024\/07\/SLS35\u8be6\u60c5\u56fe3_\u7ed3\u679c-700x700.webp 700w, https:\/\/www.slsele.com\/wp-content\/uploads\/2024\/07\/SLS35\u8be6\u60c5\u56fe3_\u7ed3\u679c-600x600.webp 600w, https:\/\/www.slsele.com\/wp-content\/uploads\/2024\/07\/SLS35\u8be6\u60c5\u56fe3_\u7ed3\u679c-100x100.webp 100w, https:\/\/www.slsele.com\/wp-content\/uploads\/2024\/07\/SLS35\u8be6\u60c5\u56fe3_\u7ed3\u679c-50x50.webp 50w, https:\/\/www.slsele.com\/wp-content\/uploads\/2024\/07\/SLS35\u8be6\u60c5\u56fe3_\u7ed3\u679c.webp 1600w\" sizes=\"auto, (max-width: 1024px) 100vw, 1024px\" \/><img loading=\"lazy\" decoding=\"async\" class=\"aligncenter size-large wp-image-2864\" src=\"https:\/\/slsele.com\/wp-content\/uploads\/2024\/07\/SLS35\u8be6\u60c5\u56fe4_\u7ed3\u679c-1024x1024.webp\" alt=\"\" width=\"1024\" height=\"1024\" srcset=\"https:\/\/www.slsele.com\/wp-content\/uploads\/2024\/07\/SLS35\u8be6\u60c5\u56fe4_\u7ed3\u679c-1024x1024.webp 1024w, https:\/\/www.slsele.com\/wp-content\/uploads\/2024\/07\/SLS35\u8be6\u60c5\u56fe4_\u7ed3\u679c-300x300.webp 300w, https:\/\/www.slsele.com\/wp-content\/uploads\/2024\/07\/SLS35\u8be6\u60c5\u56fe4_\u7ed3\u679c-150x150.webp 150w, https:\/\/www.slsele.com\/wp-content\/uploads\/2024\/07\/SLS35\u8be6\u60c5\u56fe4_\u7ed3\u679c-768x768.webp 768w, https:\/\/www.slsele.com\/wp-content\/uploads\/2024\/07\/SLS35\u8be6\u60c5\u56fe4_\u7ed3\u679c-1536x1536.webp 1536w, https:\/\/www.slsele.com\/wp-content\/uploads\/2024\/07\/SLS35\u8be6\u60c5\u56fe4_\u7ed3\u679c-12x12.webp 12w, https:\/\/www.slsele.com\/wp-content\/uploads\/2024\/07\/SLS35\u8be6\u60c5\u56fe4_\u7ed3\u679c-570x570.webp 570w, https:\/\/www.slsele.com\/wp-content\/uploads\/2024\/07\/SLS35\u8be6\u60c5\u56fe4_\u7ed3\u679c-500x500.webp 500w, https:\/\/www.slsele.com\/wp-content\/uploads\/2024\/07\/SLS35\u8be6\u60c5\u56fe4_\u7ed3\u679c-1000x1000.webp 1000w, https:\/\/www.slsele.com\/wp-content\/uploads\/2024\/07\/SLS35\u8be6\u60c5\u56fe4_\u7ed3\u679c-700x700.webp 700w, https:\/\/www.slsele.com\/wp-content\/uploads\/2024\/07\/SLS35\u8be6\u60c5\u56fe4_\u7ed3\u679c-600x600.webp 600w, https:\/\/www.slsele.com\/wp-content\/uploads\/2024\/07\/SLS35\u8be6\u60c5\u56fe4_\u7ed3\u679c-100x100.webp 100w, https:\/\/www.slsele.com\/wp-content\/uploads\/2024\/07\/SLS35\u8be6\u60c5\u56fe4_\u7ed3\u679c-50x50.webp 50w, https:\/\/www.slsele.com\/wp-content\/uploads\/2024\/07\/SLS35\u8be6\u60c5\u56fe4_\u7ed3\u679c.webp 1600w\" sizes=\"auto, (max-width: 1024px) 100vw, 1024px\" \/><\/p>\n<h3 style=\"text-align: left;\">Caracter\u00edsticas<\/h3>\n<ol>\n<li style=\"text-align: left;\"><strong>Puertos tipo C y USB<\/strong>: El doble puerto de carga y la doble interfaz satisfacen sus diferentes necesidades con un solo mini enchufe inteligente multifuncional.<\/li>\n<li style=\"text-align: left;\"><strong>Control remoto de aplicaciones<\/strong>: Supervise y controle de forma remota el tomacorriente inteligente de la aplicaci\u00f3n Smart Life en el tel\u00e9fono.<\/li>\n<li style=\"text-align: left;\"><strong>Temporizador y cuenta atr\u00e1s<\/strong>: Para gestionar usted mismo su vida diaria, puede crear un horario seg\u00fan sus necesidades y utilizar la funci\u00f3n de cuenta atr\u00e1s.<\/li>\n<li style=\"text-align: left;\"><strong>Control de voz<\/strong>: Compatible con Alexa y Google Assistant para realizar el control manos libres con una palabra.<\/li>\n<li style=\"text-align: left;\"><strong>Memoria de energ\u00eda<\/strong>: En caso de un corte de energ\u00eda repentino, active la funci\u00f3n de memoria de energ\u00eda, que puede ayudarlo a restaurar el estado cuando est\u00e1 encendido.<\/li>\n<\/ol>\n<h3 style=\"text-align: left;\">Especificaciones<\/h3>\n<p style=\"text-align: left;\">Nombre del producto: Enchufe inteligente USB WiFi de EE. UU. con tipo C<br \/>\nCableado: Se requiere cable neutro<br \/>\nVoltaje nominal: 100-240 V<br \/>\nCorriente nominal: 15A m\u00e1x.<br \/>\nPotencia de entrada: CA 120 V<br \/>\nFrecuencia CA: 50-60 Hz<br \/>\nPotencia de carga: Total 3000W<br \/>\nSalida USB: 5V\/2.1A<br \/>\nColor blanco<br \/>\nCertificado: FCC\/CE\/RoHS<br \/>\nMaterial: PC+ABS material ign\u00edfugo<br \/>\nModo de control: control de tel\u00e9fono m\u00f3vil, control de voz<br \/>\nSistema de soporte: Android\/ios<br \/>\nFrecuencia inal\u00e1mbrica: 2,4 GHz<br \/>\nEst\u00e1ndar inal\u00e1mbrico: IEEE802.11 b\/g\/n<\/p>\n<h3 style=\"text-align: left;\"><img loading=\"lazy\" decoding=\"async\" class=\"aligncenter size-large wp-image-2865\" src=\"https:\/\/slsele.com\/wp-content\/uploads\/2024\/07\/SLS35\u8be6\u60c5\u56fe5_\u7ed3\u679c-1024x1024.webp\" alt=\"\" width=\"1024\" height=\"1024\" srcset=\"https:\/\/www.slsele.com\/wp-content\/uploads\/2024\/07\/SLS35\u8be6\u60c5\u56fe5_\u7ed3\u679c-1024x1024.webp 1024w, https:\/\/www.slsele.com\/wp-content\/uploads\/2024\/07\/SLS35\u8be6\u60c5\u56fe5_\u7ed3\u679c-300x300.webp 300w, https:\/\/www.slsele.com\/wp-content\/uploads\/2024\/07\/SLS35\u8be6\u60c5\u56fe5_\u7ed3\u679c-150x150.webp 150w, https:\/\/www.slsele.com\/wp-content\/uploads\/2024\/07\/SLS35\u8be6\u60c5\u56fe5_\u7ed3\u679c-768x768.webp 768w, https:\/\/www.slsele.com\/wp-content\/uploads\/2024\/07\/SLS35\u8be6\u60c5\u56fe5_\u7ed3\u679c-1536x1536.webp 1536w, https:\/\/www.slsele.com\/wp-content\/uploads\/2024\/07\/SLS35\u8be6\u60c5\u56fe5_\u7ed3\u679c-12x12.webp 12w, https:\/\/www.slsele.com\/wp-content\/uploads\/2024\/07\/SLS35\u8be6\u60c5\u56fe5_\u7ed3\u679c-570x570.webp 570w, https:\/\/www.slsele.com\/wp-content\/uploads\/2024\/07\/SLS35\u8be6\u60c5\u56fe5_\u7ed3\u679c-500x500.webp 500w, https:\/\/www.slsele.com\/wp-content\/uploads\/2024\/07\/SLS35\u8be6\u60c5\u56fe5_\u7ed3\u679c-1000x1000.webp 1000w, https:\/\/www.slsele.com\/wp-content\/uploads\/2024\/07\/SLS35\u8be6\u60c5\u56fe5_\u7ed3\u679c-700x700.webp 700w, https:\/\/www.slsele.com\/wp-content\/uploads\/2024\/07\/SLS35\u8be6\u60c5\u56fe5_\u7ed3\u679c-600x600.webp 600w, https:\/\/www.slsele.com\/wp-content\/uploads\/2024\/07\/SLS35\u8be6\u60c5\u56fe5_\u7ed3\u679c-100x100.webp 100w, https:\/\/www.slsele.com\/wp-content\/uploads\/2024\/07\/SLS35\u8be6\u60c5\u56fe5_\u7ed3\u679c-50x50.webp 50w, https:\/\/www.slsele.com\/wp-content\/uploads\/2024\/07\/SLS35\u8be6\u60c5\u56fe5_\u7ed3\u679c.webp 1600w\" sizes=\"auto, (max-width: 1024px) 100vw, 1024px\" \/>Nota<\/h3>\n<ol>\n<li style=\"text-align: left;\">Wi-Fi solo admite una red de 2,4 GHz (802.11 b\/g\/n)<\/li>\n<li style=\"text-align: left;\">Se requiere cable neutro.<\/li>\n<li style=\"text-align: left;\">No se requiere concentrador.<\/li>\n<li style=\"text-align: left;\">Una garant\u00eda de dos a\u00f1os.<\/li>\n<li style=\"text-align: left;\">Se requieren conocimientos o experiencia b\u00e1sicos en cableado el\u00e9ctrico, o consulte a un electricista profesional.<\/li>\n<li style=\"text-align: left;\">No acceda a m\u00e1s que la potencia m\u00e1xima del dise\u00f1o del dispositivo.<\/li>\n<li style=\"text-align: left;\">El bot\u00f3n ON\/OFF tambi\u00e9n se puede utilizar como bot\u00f3n de reinicio o presionarlo prolongadamente para restablecer su enchufe WiFi inteligente a los valores predeterminados de f\u00e1brica. Haga esto solo si est\u00e1 seguro de que desea borrar todas sus configuraciones.<\/li>\n<\/ol>\n<h3 style=\"text-align: left;\">Preguntas y respuestas<\/h3>\n<p style=\"text-align: left;\">P1: \u00bfEs necesario utilizarlo con un HUB?<br \/>\nR1: Se puede utilizar con WiFi de 2,4 GHz, por lo que no se necesita HUB<\/p>\n<p style=\"text-align: left;\">P2: \u00bfLa instalaci\u00f3n requiere un cable neutro?<br \/>\nA2: La instalaci\u00f3n del interruptor requiere un cable neutro y un cable vivo<\/p>","protected":false},"excerpt":{"rendered":"<p>El enchufe inteligente USB con Tipo C transforma la experiencia dom\u00e9stica al actualizar los enchufes tradicionales. Ofrece m\u00faltiples puertos y una luz de visualizaci\u00f3n para un estilo de vida m\u00e1s inteligente y c\u00f3modo.<\/p>","protected":false},"featured_media":2858,"comment_status":"open","ping_status":"closed","template":"","meta":[],"product_brand":[],"product_cat":[44],"product_tag":[],"class_list":{"0":"post-1547","1":"product","2":"type-product","3":"status-publish","4":"has-post-thumbnail","6":"product_cat-smart-socket","8":"first","9":"instock","10":"shipping-taxable","11":"purchasable","12":"product-type-simple"},"_links":{"self":[{"href":"https:\/\/www.slsele.com\/es\/wp-json\/wp\/v2\/product\/1547","targetHints":{"allow":["GET"]}}],"collection":[{"href":"https:\/\/www.slsele.com\/es\/wp-json\/wp\/v2\/product"}],"about":[{"href":"https:\/\/www.slsele.com\/es\/wp-json\/wp\/v2\/types\/product"}],"replies":[{"embeddable":true,"href":"https:\/\/www.slsele.com\/es\/wp-json\/wp\/v2\/comments?post=1547"}],"wp:featuredmedia":[{"embeddable":true,"href":"https:\/\/www.slsele.com\/es\/wp-json\/wp\/v2\/media\/2858"}],"wp:attachment":[{"href":"https:\/\/www.slsele.com\/es\/wp-json\/wp\/v2\/media?parent=1547"}],"wp:term":[{"taxonomy":"product_brand","embeddable":true,"href":"https:\/\/www.slsele.com\/es\/wp-json\/wp\/v2\/product_brand?post=1547"},{"taxonomy":"product_cat","embeddable":true,"href":"https:\/\/www.slsele.com\/es\/wp-json\/wp\/v2\/product_cat?post=1547"},{"taxonomy":"product_tag","embeddable":true,"href":"https:\/\/www.slsele.com\/es\/wp-json\/wp\/v2\/product_tag?post=1547"}],"curies":[{"name":"wp","href":"https:\/\/api.w.org\/{rel}","templated":true}]}}