{"id":1537,"date":"2024-05-13T17:32:27","date_gmt":"2024-05-13T09:32:27","guid":{"rendered":"https:\/\/slsele.com\/?post_type=product&#038;p=1537"},"modified":"2024-07-10T12:40:40","modified_gmt":"2024-07-10T04:40:40","slug":"us-wifi-smart-usb-plug-socket","status":"publish","type":"product","link":"https:\/\/www.slsele.com\/es\/producto\/us-wifi-smart-usb-plug-socket\/","title":{"rendered":"Enchufe USB inteligente SLS US WiFi"},"content":{"rendered":"<h2 style=\"text-align: center; font-size: 30px;\">Enchufe USB inteligente SLS US WiFi<\/h2>\n<h3 style=\"text-align: left; font-size: 25px;\">Descripci\u00f3n<\/h3>\n<p style=\"text-align: left;\">El enchufe USB inteligente Wi-Fi ofrece funcionalidad avanzada para administrar los electrodom\u00e9sticos de su hogar con facilidad y conveniencia. Este innovador dispositivo le permite encender y apagar los dispositivos conectados ya sea<\/p>\n<p style=\"text-align: left;\">manualmente usando el bot\u00f3n f\u00edsico ON\/OFF o de forma remota a trav\u00e9s de la aplicaci\u00f3n &#039;Smart Life&#039; desde cualquier lugar en cualquier momento. Para el puerto USB integrado, el control de energ\u00eda se gestiona exclusivamente a trav\u00e9s de su tel\u00e9fono inteligente, ya que no<\/p>\n<p style=\"text-align: left;\">Se proporciona un bot\u00f3n f\u00edsico, lo que simplifica el dise\u00f1o y mejora la facilidad de uso.<\/p>\n<p style=\"text-align: left;\"><strong>Direccionales<\/strong>: Las luces indicadoras en el panel frontal del enchufe USB inteligente brindan informaci\u00f3n visual clara y muestran el estado de la energ\u00eda y la conectividad Wi-Fi. Estas luces garantizan que siempre conozcas el WiFi inteligente<\/p>\n<p style=\"text-align: left;\">el estado operativo del socket y evitar malentendidos sobre su funci\u00f3n actual.<\/p>\n<p style=\"text-align: left;\"><strong>Compatibilidad con comandos de voz<\/strong>: Nuestros enchufes USB inteligentes se integran perfectamente <a href=\"https:\/\/www.wozart.com\/community\/questions-help\/how-can-i-integrate-my-wozart-smart-home-devices-with-popular-voice-assistants-like-amazon-alexa-and-google-assistant\" target=\"_blank\" rel=\"noopener\">con asistentes de voz populares como Amazon Alexa y Google<\/a> Hogar. Con simples comandos de voz, puedes encender y apagar sin esfuerzo,<\/p>\n<p style=\"text-align: left;\">eliminando la necesidad de un concentrador separado y facilitando la instalaci\u00f3n.<\/p>\n<p style=\"text-align: left;\"><strong>Carga USB controlada por tel\u00e9fono inteligente<\/strong>: Una caracter\u00edstica \u00fanica es el cargador USB que se puede encender o apagar \u00fanicamente a trav\u00e9s de la interfaz de su tel\u00e9fono inteligente. No hay necesidad de un bot\u00f3n adicional en la placa frontal. Al cargar<\/p>\n<p style=\"text-align: left;\">dispositivos durante la noche, configure un horario en la aplicaci\u00f3n para apagar autom\u00e1ticamente la alimentaci\u00f3n una vez que se complete la carga.<\/p>\n<p style=\"text-align: left;\"><strong>Programaci\u00f3n y cuenta regresiva<\/strong>: Utilice la aplicaci\u00f3n &#039;Smart Life&#039; para crear horarios personalizados para encender o apagar la alimentaci\u00f3n seg\u00fan su rutina diaria. Adem\u00e1s, puede configurar temporizadores de cuenta regresiva que van desde un minuto hasta un<\/p>\n<p style=\"text-align: left;\">hora para automatizar la gesti\u00f3n de energ\u00eda. Las capacidades de monitoreo remoto le permiten verificar el estado de la energ\u00eda, lo que contribuye a la eficiencia energ\u00e9tica.<\/p>\n<p style=\"text-align: left;\"><strong>Control de salida independiente<\/strong>: Experimente la comodidad de controlar cada toma y el puerto USB de forma independiente a trav\u00e9s de su tel\u00e9fono inteligente. Esto significa que puedes gestionar varios dispositivos electr\u00f3nicos simult\u00e1neamente, proporcionando<\/p>\n<p style=\"text-align: left;\">control vers\u00e1til sobre el uso de energ\u00eda de su hogar.<\/p>\n<p><img loading=\"lazy\" decoding=\"async\" class=\"aligncenter size-full wp-image-2815\" src=\"https:\/\/slsele.com\/wp-content\/uploads\/2024\/07\/SLS34\u8be6\u60c5\u56fe2_\u7ed3\u679c.webp\" alt=\"\" width=\"1001\" height=\"1001\" srcset=\"https:\/\/www.slsele.com\/wp-content\/uploads\/2024\/07\/SLS34\u8be6\u60c5\u56fe2_\u7ed3\u679c.webp 1001w, https:\/\/www.slsele.com\/wp-content\/uploads\/2024\/07\/SLS34\u8be6\u60c5\u56fe2_\u7ed3\u679c-300x300.webp 300w, https:\/\/www.slsele.com\/wp-content\/uploads\/2024\/07\/SLS34\u8be6\u60c5\u56fe2_\u7ed3\u679c-150x150.webp 150w, https:\/\/www.slsele.com\/wp-content\/uploads\/2024\/07\/SLS34\u8be6\u60c5\u56fe2_\u7ed3\u679c-768x768.webp 768w, https:\/\/www.slsele.com\/wp-content\/uploads\/2024\/07\/SLS34\u8be6\u60c5\u56fe2_\u7ed3\u679c-12x12.webp 12w, https:\/\/www.slsele.com\/wp-content\/uploads\/2024\/07\/SLS34\u8be6\u60c5\u56fe2_\u7ed3\u679c-570x570.webp 570w, https:\/\/www.slsele.com\/wp-content\/uploads\/2024\/07\/SLS34\u8be6\u60c5\u56fe2_\u7ed3\u679c-500x500.webp 500w, https:\/\/www.slsele.com\/wp-content\/uploads\/2024\/07\/SLS34\u8be6\u60c5\u56fe2_\u7ed3\u679c-700x700.webp 700w, https:\/\/www.slsele.com\/wp-content\/uploads\/2024\/07\/SLS34\u8be6\u60c5\u56fe2_\u7ed3\u679c-600x600.webp 600w, https:\/\/www.slsele.com\/wp-content\/uploads\/2024\/07\/SLS34\u8be6\u60c5\u56fe2_\u7ed3\u679c-100x100.webp 100w, https:\/\/www.slsele.com\/wp-content\/uploads\/2024\/07\/SLS34\u8be6\u60c5\u56fe2_\u7ed3\u679c-50x50.webp 50w\" sizes=\"auto, (max-width: 1001px) 100vw, 1001px\" \/><img loading=\"lazy\" decoding=\"async\" class=\"aligncenter size-full wp-image-2816\" src=\"https:\/\/slsele.com\/wp-content\/uploads\/2024\/07\/SLS34\u8be6\u60c5\u56fe3_\u7ed3\u679c.webp\" alt=\"\" width=\"1001\" height=\"1001\" srcset=\"https:\/\/www.slsele.com\/wp-content\/uploads\/2024\/07\/SLS34\u8be6\u60c5\u56fe3_\u7ed3\u679c.webp 1001w, https:\/\/www.slsele.com\/wp-content\/uploads\/2024\/07\/SLS34\u8be6\u60c5\u56fe3_\u7ed3\u679c-300x300.webp 300w, https:\/\/www.slsele.com\/wp-content\/uploads\/2024\/07\/SLS34\u8be6\u60c5\u56fe3_\u7ed3\u679c-150x150.webp 150w, https:\/\/www.slsele.com\/wp-content\/uploads\/2024\/07\/SLS34\u8be6\u60c5\u56fe3_\u7ed3\u679c-768x768.webp 768w, https:\/\/www.slsele.com\/wp-content\/uploads\/2024\/07\/SLS34\u8be6\u60c5\u56fe3_\u7ed3\u679c-12x12.webp 12w, https:\/\/www.slsele.com\/wp-content\/uploads\/2024\/07\/SLS34\u8be6\u60c5\u56fe3_\u7ed3\u679c-570x570.webp 570w, https:\/\/www.slsele.com\/wp-content\/uploads\/2024\/07\/SLS34\u8be6\u60c5\u56fe3_\u7ed3\u679c-500x500.webp 500w, https:\/\/www.slsele.com\/wp-content\/uploads\/2024\/07\/SLS34\u8be6\u60c5\u56fe3_\u7ed3\u679c-700x700.webp 700w, https:\/\/www.slsele.com\/wp-content\/uploads\/2024\/07\/SLS34\u8be6\u60c5\u56fe3_\u7ed3\u679c-600x600.webp 600w, https:\/\/www.slsele.com\/wp-content\/uploads\/2024\/07\/SLS34\u8be6\u60c5\u56fe3_\u7ed3\u679c-100x100.webp 100w, https:\/\/www.slsele.com\/wp-content\/uploads\/2024\/07\/SLS34\u8be6\u60c5\u56fe3_\u7ed3\u679c-50x50.webp 50w\" sizes=\"auto, (max-width: 1001px) 100vw, 1001px\" \/><img loading=\"lazy\" decoding=\"async\" class=\"aligncenter size-full wp-image-2817\" src=\"https:\/\/slsele.com\/wp-content\/uploads\/2024\/07\/SLS34\u8be6\u60c5\u56fe4_\u7ed3\u679c.webp\" alt=\"\" width=\"1001\" height=\"1001\" srcset=\"https:\/\/www.slsele.com\/wp-content\/uploads\/2024\/07\/SLS34\u8be6\u60c5\u56fe4_\u7ed3\u679c.webp 1001w, https:\/\/www.slsele.com\/wp-content\/uploads\/2024\/07\/SLS34\u8be6\u60c5\u56fe4_\u7ed3\u679c-300x300.webp 300w, https:\/\/www.slsele.com\/wp-content\/uploads\/2024\/07\/SLS34\u8be6\u60c5\u56fe4_\u7ed3\u679c-150x150.webp 150w, https:\/\/www.slsele.com\/wp-content\/uploads\/2024\/07\/SLS34\u8be6\u60c5\u56fe4_\u7ed3\u679c-768x768.webp 768w, https:\/\/www.slsele.com\/wp-content\/uploads\/2024\/07\/SLS34\u8be6\u60c5\u56fe4_\u7ed3\u679c-12x12.webp 12w, https:\/\/www.slsele.com\/wp-content\/uploads\/2024\/07\/SLS34\u8be6\u60c5\u56fe4_\u7ed3\u679c-570x570.webp 570w, https:\/\/www.slsele.com\/wp-content\/uploads\/2024\/07\/SLS34\u8be6\u60c5\u56fe4_\u7ed3\u679c-500x500.webp 500w, https:\/\/www.slsele.com\/wp-content\/uploads\/2024\/07\/SLS34\u8be6\u60c5\u56fe4_\u7ed3\u679c-700x700.webp 700w, https:\/\/www.slsele.com\/wp-content\/uploads\/2024\/07\/SLS34\u8be6\u60c5\u56fe4_\u7ed3\u679c-600x600.webp 600w, https:\/\/www.slsele.com\/wp-content\/uploads\/2024\/07\/SLS34\u8be6\u60c5\u56fe4_\u7ed3\u679c-100x100.webp 100w, https:\/\/www.slsele.com\/wp-content\/uploads\/2024\/07\/SLS34\u8be6\u60c5\u56fe4_\u7ed3\u679c-50x50.webp 50w\" sizes=\"auto, (max-width: 1001px) 100vw, 1001px\" \/><img loading=\"lazy\" decoding=\"async\" class=\"aligncenter size-full wp-image-2818\" src=\"https:\/\/slsele.com\/wp-content\/uploads\/2024\/07\/SLS34\u8be6\u60c5\u56fe5_\u7ed3\u679c.webp\" alt=\"\" width=\"1001\" height=\"1001\" srcset=\"https:\/\/www.slsele.com\/wp-content\/uploads\/2024\/07\/SLS34\u8be6\u60c5\u56fe5_\u7ed3\u679c.webp 1001w, https:\/\/www.slsele.com\/wp-content\/uploads\/2024\/07\/SLS34\u8be6\u60c5\u56fe5_\u7ed3\u679c-300x300.webp 300w, https:\/\/www.slsele.com\/wp-content\/uploads\/2024\/07\/SLS34\u8be6\u60c5\u56fe5_\u7ed3\u679c-150x150.webp 150w, https:\/\/www.slsele.com\/wp-content\/uploads\/2024\/07\/SLS34\u8be6\u60c5\u56fe5_\u7ed3\u679c-768x768.webp 768w, https:\/\/www.slsele.com\/wp-content\/uploads\/2024\/07\/SLS34\u8be6\u60c5\u56fe5_\u7ed3\u679c-12x12.webp 12w, https:\/\/www.slsele.com\/wp-content\/uploads\/2024\/07\/SLS34\u8be6\u60c5\u56fe5_\u7ed3\u679c-570x570.webp 570w, https:\/\/www.slsele.com\/wp-content\/uploads\/2024\/07\/SLS34\u8be6\u60c5\u56fe5_\u7ed3\u679c-500x500.webp 500w, https:\/\/www.slsele.com\/wp-content\/uploads\/2024\/07\/SLS34\u8be6\u60c5\u56fe5_\u7ed3\u679c-700x700.webp 700w, https:\/\/www.slsele.com\/wp-content\/uploads\/2024\/07\/SLS34\u8be6\u60c5\u56fe5_\u7ed3\u679c-600x600.webp 600w, https:\/\/www.slsele.com\/wp-content\/uploads\/2024\/07\/SLS34\u8be6\u60c5\u56fe5_\u7ed3\u679c-100x100.webp 100w, https:\/\/www.slsele.com\/wp-content\/uploads\/2024\/07\/SLS34\u8be6\u60c5\u56fe5_\u7ed3\u679c-50x50.webp 50w\" sizes=\"auto, (max-width: 1001px) 100vw, 1001px\" \/><img loading=\"lazy\" decoding=\"async\" class=\"aligncenter size-full wp-image-2819\" src=\"https:\/\/slsele.com\/wp-content\/uploads\/2024\/07\/SLS34\u8be6\u60c5\u56fe6_\u7ed3\u679c.webp\" alt=\"\" width=\"1001\" height=\"1001\" srcset=\"https:\/\/www.slsele.com\/wp-content\/uploads\/2024\/07\/SLS34\u8be6\u60c5\u56fe6_\u7ed3\u679c.webp 1001w, https:\/\/www.slsele.com\/wp-content\/uploads\/2024\/07\/SLS34\u8be6\u60c5\u56fe6_\u7ed3\u679c-300x300.webp 300w, https:\/\/www.slsele.com\/wp-content\/uploads\/2024\/07\/SLS34\u8be6\u60c5\u56fe6_\u7ed3\u679c-150x150.webp 150w, https:\/\/www.slsele.com\/wp-content\/uploads\/2024\/07\/SLS34\u8be6\u60c5\u56fe6_\u7ed3\u679c-768x768.webp 768w, https:\/\/www.slsele.com\/wp-content\/uploads\/2024\/07\/SLS34\u8be6\u60c5\u56fe6_\u7ed3\u679c-12x12.webp 12w, https:\/\/www.slsele.com\/wp-content\/uploads\/2024\/07\/SLS34\u8be6\u60c5\u56fe6_\u7ed3\u679c-570x570.webp 570w, https:\/\/www.slsele.com\/wp-content\/uploads\/2024\/07\/SLS34\u8be6\u60c5\u56fe6_\u7ed3\u679c-500x500.webp 500w, https:\/\/www.slsele.com\/wp-content\/uploads\/2024\/07\/SLS34\u8be6\u60c5\u56fe6_\u7ed3\u679c-700x700.webp 700w, https:\/\/www.slsele.com\/wp-content\/uploads\/2024\/07\/SLS34\u8be6\u60c5\u56fe6_\u7ed3\u679c-600x600.webp 600w, https:\/\/www.slsele.com\/wp-content\/uploads\/2024\/07\/SLS34\u8be6\u60c5\u56fe6_\u7ed3\u679c-100x100.webp 100w, https:\/\/www.slsele.com\/wp-content\/uploads\/2024\/07\/SLS34\u8be6\u60c5\u56fe6_\u7ed3\u679c-50x50.webp 50w\" sizes=\"auto, (max-width: 1001px) 100vw, 1001px\" \/><img loading=\"lazy\" decoding=\"async\" class=\"aligncenter size-full wp-image-2821\" src=\"https:\/\/slsele.com\/wp-content\/uploads\/2024\/07\/SLS34\u8be6\u60c5\u56fe7_\u7ed3\u679c.webp\" alt=\"\" width=\"1001\" height=\"1001\" srcset=\"https:\/\/www.slsele.com\/wp-content\/uploads\/2024\/07\/SLS34\u8be6\u60c5\u56fe7_\u7ed3\u679c.webp 1001w, https:\/\/www.slsele.com\/wp-content\/uploads\/2024\/07\/SLS34\u8be6\u60c5\u56fe7_\u7ed3\u679c-300x300.webp 300w, https:\/\/www.slsele.com\/wp-content\/uploads\/2024\/07\/SLS34\u8be6\u60c5\u56fe7_\u7ed3\u679c-150x150.webp 150w, https:\/\/www.slsele.com\/wp-content\/uploads\/2024\/07\/SLS34\u8be6\u60c5\u56fe7_\u7ed3\u679c-768x768.webp 768w, https:\/\/www.slsele.com\/wp-content\/uploads\/2024\/07\/SLS34\u8be6\u60c5\u56fe7_\u7ed3\u679c-12x12.webp 12w, https:\/\/www.slsele.com\/wp-content\/uploads\/2024\/07\/SLS34\u8be6\u60c5\u56fe7_\u7ed3\u679c-570x570.webp 570w, https:\/\/www.slsele.com\/wp-content\/uploads\/2024\/07\/SLS34\u8be6\u60c5\u56fe7_\u7ed3\u679c-500x500.webp 500w, https:\/\/www.slsele.com\/wp-content\/uploads\/2024\/07\/SLS34\u8be6\u60c5\u56fe7_\u7ed3\u679c-700x700.webp 700w, https:\/\/www.slsele.com\/wp-content\/uploads\/2024\/07\/SLS34\u8be6\u60c5\u56fe7_\u7ed3\u679c-600x600.webp 600w, https:\/\/www.slsele.com\/wp-content\/uploads\/2024\/07\/SLS34\u8be6\u60c5\u56fe7_\u7ed3\u679c-100x100.webp 100w, https:\/\/www.slsele.com\/wp-content\/uploads\/2024\/07\/SLS34\u8be6\u60c5\u56fe7_\u7ed3\u679c-50x50.webp 50w\" sizes=\"auto, (max-width: 1001px) 100vw, 1001px\" \/><\/p>\n<h3 style=\"text-align: left;\">Caracter\u00edsticas<\/h3>\n<ol style=\"text-align: left;\">\n<li><strong>Control de salida dividida<\/strong>: Este sistema admite dos salidas con un bot\u00f3n ON\/OFF y un USB controlado a trav\u00e9s de un tel\u00e9fono inteligente sin bot\u00f3n f\u00edsico. Permite a los usuarios controlar dispositivos separados en el enchufe de pared inteligente de forma independiente.<\/li>\n<li><strong>Control remoto de energ\u00eda<\/strong>:Enciende o apaga dispositivos desde cualquier lugar usando tu smartphone con la aplicaci\u00f3n &#039;Smart Life&#039;, que es compatible con Android e iOS.<\/li>\n<li><strong>Activaci\u00f3n de voz<\/strong>: Controle f\u00e1cilmente sus dispositivos inteligentes conectados a un enchufe USB a trav\u00e9s de Amazon Alexa o Google Home para un funcionamiento con manos libres.<\/li>\n<li><strong>Horarios y temporizador de cuenta atr\u00e1s<\/strong>: establezca un horario para encender\/apagar la alimentaci\u00f3n seg\u00fan su horario. No tiene que preocuparse si se le olvida apagarlo. Un temporizador de cuenta regresiva para encender\/apagar la alimentaci\u00f3n de 1 minuto a 6 horas a trav\u00e9s de su tel\u00e9fono inteligente es ecol\u00f3gico.<\/li>\n<li><strong>Compartir dispositivo<\/strong>: comparta sus dispositivos con quien quiera y controle los dispositivos juntos. Divi\u00e9rtase y disfrute m\u00e1s al llevar una vida inteligente con la familia.<\/li>\n<\/ol>\n<h3 style=\"text-align: left;\">Especificaciones<\/h3>\n<p style=\"text-align: left;\">Nombre del producto: enchufe USB inteligente WiFi de EE. UU.<\/p>\n<p style=\"text-align: left;\">Cableado: Neutro+cable vivo<\/p>\n<p style=\"text-align: left;\">Voltaje nominal: 100-240 V<\/p>\n<p style=\"text-align: left;\">Corriente nominal: 15A m\u00e1x.<\/p>\n<p style=\"text-align: left;\">Voltaje de entrada: 110-125V<\/p>\n<p style=\"text-align: left;\">Frecuencia CA: 50-60 Hz<\/p>\n<p style=\"text-align: left;\">Potencia de carga: individual 1500 W, total 2500 W, carga inductiva &lt;2000 W<\/p>\n<p style=\"text-align: left;\">Salida USB: 5V\/2.1A<\/p>\n<p style=\"text-align: left;\">Color blanco<\/p>\n<p style=\"text-align: left;\">Certificado: FCC\/CE\/RoHS<\/p>\n<p style=\"text-align: left;\">Material: PC+ABS material ign\u00edfugo<\/p>\n<p style=\"text-align: left;\">Modo de control: control de tel\u00e9fono m\u00f3vil, control de voz<\/p>\n<p style=\"text-align: left;\">Sistema de soporte: Android\/ios<\/p>\n<p style=\"text-align: left;\">Frecuencia inal\u00e1mbrica: 2,4 GHz<\/p>\n<p style=\"text-align: left;\">Est\u00e1ndar inal\u00e1mbrico: IEEE802.11 b\/g\/n<\/p>\n<h3 style=\"text-align: left;\">Nota<\/h3>\n<p style=\"text-align: left;\">1. Wi-Fi solo admite una red de 2,4 GHz (802.11 b\/g\/n)<\/p>\n<p style=\"text-align: left;\">2. Se requiere cable neutro.<\/p>\n<p style=\"text-align: left;\">3 No se requiere concentrador.<\/p>\n<p style=\"text-align: left;\">4. Garant\u00eda de dos a\u00f1os.<\/p>\n<p style=\"text-align: left;\">5. Se requieren conocimientos o experiencia b\u00e1sicos en cableado el\u00e9ctrico, o consulte a un electricista profesional.<\/p>\n<p style=\"text-align: left;\">6. No acceda a m\u00e1s que la potencia m\u00e1xima del dise\u00f1o del dispositivo.<\/p>\n<p style=\"text-align: left;\">7. El bot\u00f3n ON\/OFF tambi\u00e9n se puede utilizar como bot\u00f3n de reinicio o presionarlo prolongadamente para restablecer el enchufe USB inteligente a los valores predeterminados de f\u00e1brica. Haga esto solo si est\u00e1 seguro de que desea borrar todas sus configuraciones.<\/p>\n<h3 style=\"text-align: left;\">Preguntas y respuestas<\/h3>\n<p style=\"text-align: left;\">P1: \u00bfHay un bot\u00f3n en la placa para controlar el cambiador USB?<br \/>\nR1: No, no hay ning\u00fan bot\u00f3n adicional en la placa. El cargador USB solo puede controlarse mediante un tel\u00e9fono inteligente para encender\/apagar la alimentaci\u00f3n.<\/p>\n<p style=\"text-align: left;\">P2: \u00bfSe pueden controlar las salidas superior\/inferior por separado?<br \/>\nR2: S\u00ed, puede encender\/apagar la alimentaci\u00f3n por separado mediante los botones de la placa y del tel\u00e9fono inteligente y sin necesidad de concentrador.<\/p>\n<p style=\"text-align: left;\">P3: \u00bfEs compatible con Amazon Alexa o Google Home?<br \/>\nR3: S\u00ed, puede admitir tanto Amazon Alexa como Google Home para expresar sus dispositivos.<\/p>\n<p style=\"text-align: left;\">P4: \u00bfPuedo establecer un horario para encender\/apagar la luz del enchufe USB inteligente?<br \/>\nR4: S\u00ed, es f\u00e1cil establecer un horario o configurar un contador para controlar el dispositivo como desee.<\/p>\n<p style=\"text-align: left;\">P5: Si lo dejo encendido con el bot\u00f3n f\u00edsico, \u00bfpuedo apagarlo v\u00eda tel\u00e9fono?<br \/>\nR5: S\u00ed, puedes apagarlo a trav\u00e9s de tu tel\u00e9fono inteligente en cualquier momento y desde cualquier lugar.<\/p>","protected":false},"excerpt":{"rendered":"<p>Actualizaci\u00f3n del enchufe tradicional, con m\u00faltiples puertos y luz de pantalla, para aportar una nueva experiencia inteligente a su vida dom\u00e9stica.<span data-spm-anchor-id=\"a2700.pc-decorate.0.i2.a75d33337bIujW\"> El enchufe USB inteligente Wi-Fi puede encender\/apagar con control dividido mediante el bot\u00f3n ON\/OFF, incluso la aplicaci\u00f3n &#039;Smart Life&#039; inal\u00e1mbrica en cualquier momento y desde cualquier lugar. Un USB puede encender\/apagar solo a trav\u00e9s de un tel\u00e9fono inteligente sin ning\u00fan bot\u00f3n en la placa frontal. No requiere concentrador, es m\u00e1s f\u00e1cil de usar y f\u00e1cil de reemplazar directamente los enchufes tradicionales.<\/span><\/p>","protected":false},"featured_media":2813,"comment_status":"open","ping_status":"closed","template":"","meta":[],"product_brand":[],"product_cat":[44],"product_tag":[],"class_list":{"0":"post-1537","1":"product","2":"type-product","3":"status-publish","4":"has-post-thumbnail","6":"product_cat-smart-socket","8":"first","9":"instock","10":"shipping-taxable","11":"purchasable","12":"product-type-simple"},"_links":{"self":[{"href":"https:\/\/www.slsele.com\/es\/wp-json\/wp\/v2\/product\/1537","targetHints":{"allow":["GET"]}}],"collection":[{"href":"https:\/\/www.slsele.com\/es\/wp-json\/wp\/v2\/product"}],"about":[{"href":"https:\/\/www.slsele.com\/es\/wp-json\/wp\/v2\/types\/product"}],"replies":[{"embeddable":true,"href":"https:\/\/www.slsele.com\/es\/wp-json\/wp\/v2\/comments?post=1537"}],"wp:featuredmedia":[{"embeddable":true,"href":"https:\/\/www.slsele.com\/es\/wp-json\/wp\/v2\/media\/2813"}],"wp:attachment":[{"href":"https:\/\/www.slsele.com\/es\/wp-json\/wp\/v2\/media?parent=1537"}],"wp:term":[{"taxonomy":"product_brand","embeddable":true,"href":"https:\/\/www.slsele.com\/es\/wp-json\/wp\/v2\/product_brand?post=1537"},{"taxonomy":"product_cat","embeddable":true,"href":"https:\/\/www.slsele.com\/es\/wp-json\/wp\/v2\/product_cat?post=1537"},{"taxonomy":"product_tag","embeddable":true,"href":"https:\/\/www.slsele.com\/es\/wp-json\/wp\/v2\/product_tag?post=1537"}],"curies":[{"name":"wp","href":"https:\/\/api.w.org\/{rel}","templated":true}]}}