{"id":1510,"date":"2024-05-11T13:49:56","date_gmt":"2024-05-11T05:49:56","guid":{"rendered":"https:\/\/slsele.com\/?post_type=product&#038;p=1510"},"modified":"2024-09-27T09:45:38","modified_gmt":"2024-09-27T01:45:38","slug":"wifi-smart-led-downlights","status":"publish","type":"product","link":"https:\/\/www.slsele.com\/es\/producto\/wifi-smart-led-downlights\/","title":{"rendered":"Focos empotrables LED inteligentes SLS WiFi"},"content":{"rendered":"<h2 style=\"text-align: center; font-size: 30px;\">Focos empotrables LED inteligentes con atenuaci\u00f3n de foco redondo RGB<\/h2>\n<h3 style=\"text-align: left; font-size: 25px;\"><img loading=\"lazy\" decoding=\"async\" class=\"aligncenter wp-image-3139\" src=\"https:\/\/slsele.com\/wp-content\/uploads\/2024\/07\/\u8be6\u60c5\u56fe1-Wifi-downlight.webp\" alt=\"Los downlights LED inteligentes se pueden controlar de forma remota mediante wifi\" width=\"777\" height=\"777\" srcset=\"https:\/\/www.slsele.com\/wp-content\/uploads\/2024\/07\/\u8be6\u60c5\u56fe1-Wifi-downlight.webp 1001w, https:\/\/www.slsele.com\/wp-content\/uploads\/2024\/07\/\u8be6\u60c5\u56fe1-Wifi-downlight-300x300.webp 300w, https:\/\/www.slsele.com\/wp-content\/uploads\/2024\/07\/\u8be6\u60c5\u56fe1-Wifi-downlight-150x150.webp 150w, https:\/\/www.slsele.com\/wp-content\/uploads\/2024\/07\/\u8be6\u60c5\u56fe1-Wifi-downlight-768x768.webp 768w, https:\/\/www.slsele.com\/wp-content\/uploads\/2024\/07\/\u8be6\u60c5\u56fe1-Wifi-downlight-12x12.webp 12w, https:\/\/www.slsele.com\/wp-content\/uploads\/2024\/07\/\u8be6\u60c5\u56fe1-Wifi-downlight-570x570.webp 570w, https:\/\/www.slsele.com\/wp-content\/uploads\/2024\/07\/\u8be6\u60c5\u56fe1-Wifi-downlight-500x500.webp 500w, https:\/\/www.slsele.com\/wp-content\/uploads\/2024\/07\/\u8be6\u60c5\u56fe1-Wifi-downlight-700x700.webp 700w, https:\/\/www.slsele.com\/wp-content\/uploads\/2024\/07\/\u8be6\u60c5\u56fe1-Wifi-downlight-600x600.webp 600w, https:\/\/www.slsele.com\/wp-content\/uploads\/2024\/07\/\u8be6\u60c5\u56fe1-Wifi-downlight-100x100.webp 100w, https:\/\/www.slsele.com\/wp-content\/uploads\/2024\/07\/\u8be6\u60c5\u56fe1-Wifi-downlight-50x50.webp 50w\" sizes=\"auto, (max-width: 777px) 100vw, 777px\" \/>Descripci\u00f3n:<\/h3>\n<p style=\"text-align: left;\">Los Downlights LED inteligentes WiFi pueden encender\/apagar o atenuar\/iluminar la luz desde blanco suave (2700 K) hasta luz diurna (6500 K), compatible con Amazon Alexa, Google Home e IFTTT sin necesidad de concentrador para un f\u00e1cil control remoto y por voz en cualquier momento y desde cualquier lugar. . Cambiar la luz a un color espec\u00edfico para que coincida con la atm\u00f3sfera y m\u00faltiples escenas es opcional. Establece horarios personalizados en tu rutina o controla tus downlights LED inteligentes con tu familia de la forma m\u00e1s econ\u00f3mica e intuitiva. Disfrute de su vida inteligente con productos inteligentes.<\/p>\n<h3><img loading=\"lazy\" decoding=\"async\" class=\"aligncenter size-full wp-image-3958\" src=\"https:\/\/slsele.com\/wp-content\/uploads\/2024\/09\/Smart-LED-Downlight.gif\" alt=\"Ajuste el brillo de la luz con su tel\u00e9fono\" width=\"600\" height=\"450\" \/><img loading=\"lazy\" decoding=\"async\" class=\"aligncenter size-full wp-image-3140\" src=\"https:\/\/slsele.com\/wp-content\/uploads\/2024\/07\/\u8be6\u60c5\u56fe2-Wifi-downlight.webp\" alt=\"Downlights LED inteligentes con brillo ajustable\" width=\"1001\" height=\"1001\" srcset=\"https:\/\/www.slsele.com\/wp-content\/uploads\/2024\/07\/\u8be6\u60c5\u56fe2-Wifi-downlight.webp 1001w, https:\/\/www.slsele.com\/wp-content\/uploads\/2024\/07\/\u8be6\u60c5\u56fe2-Wifi-downlight-300x300.webp 300w, https:\/\/www.slsele.com\/wp-content\/uploads\/2024\/07\/\u8be6\u60c5\u56fe2-Wifi-downlight-150x150.webp 150w, https:\/\/www.slsele.com\/wp-content\/uploads\/2024\/07\/\u8be6\u60c5\u56fe2-Wifi-downlight-768x768.webp 768w, https:\/\/www.slsele.com\/wp-content\/uploads\/2024\/07\/\u8be6\u60c5\u56fe2-Wifi-downlight-12x12.webp 12w, https:\/\/www.slsele.com\/wp-content\/uploads\/2024\/07\/\u8be6\u60c5\u56fe2-Wifi-downlight-570x570.webp 570w, https:\/\/www.slsele.com\/wp-content\/uploads\/2024\/07\/\u8be6\u60c5\u56fe2-Wifi-downlight-500x500.webp 500w, https:\/\/www.slsele.com\/wp-content\/uploads\/2024\/07\/\u8be6\u60c5\u56fe2-Wifi-downlight-700x700.webp 700w, https:\/\/www.slsele.com\/wp-content\/uploads\/2024\/07\/\u8be6\u60c5\u56fe2-Wifi-downlight-600x600.webp 600w, https:\/\/www.slsele.com\/wp-content\/uploads\/2024\/07\/\u8be6\u60c5\u56fe2-Wifi-downlight-100x100.webp 100w, https:\/\/www.slsele.com\/wp-content\/uploads\/2024\/07\/\u8be6\u60c5\u56fe2-Wifi-downlight-50x50.webp 50w\" sizes=\"auto, (max-width: 1001px) 100vw, 1001px\" \/><\/h3>\n<h3 style=\"text-align: left; font-size: 25px;\"><img loading=\"lazy\" decoding=\"async\" class=\"aligncenter size-full wp-image-3141\" src=\"https:\/\/slsele.com\/wp-content\/uploads\/2024\/07\/\u8be6\u60c5\u56fe3-Wifi-downlight.webp\" alt=\"Downlights LED inteligentes con funci\u00f3n de control remoto inal\u00e1mbrico\" width=\"1001\" height=\"1001\" srcset=\"https:\/\/www.slsele.com\/wp-content\/uploads\/2024\/07\/\u8be6\u60c5\u56fe3-Wifi-downlight.webp 1001w, https:\/\/www.slsele.com\/wp-content\/uploads\/2024\/07\/\u8be6\u60c5\u56fe3-Wifi-downlight-300x300.webp 300w, https:\/\/www.slsele.com\/wp-content\/uploads\/2024\/07\/\u8be6\u60c5\u56fe3-Wifi-downlight-150x150.webp 150w, https:\/\/www.slsele.com\/wp-content\/uploads\/2024\/07\/\u8be6\u60c5\u56fe3-Wifi-downlight-768x768.webp 768w, https:\/\/www.slsele.com\/wp-content\/uploads\/2024\/07\/\u8be6\u60c5\u56fe3-Wifi-downlight-12x12.webp 12w, https:\/\/www.slsele.com\/wp-content\/uploads\/2024\/07\/\u8be6\u60c5\u56fe3-Wifi-downlight-570x570.webp 570w, https:\/\/www.slsele.com\/wp-content\/uploads\/2024\/07\/\u8be6\u60c5\u56fe3-Wifi-downlight-500x500.webp 500w, https:\/\/www.slsele.com\/wp-content\/uploads\/2024\/07\/\u8be6\u60c5\u56fe3-Wifi-downlight-700x700.webp 700w, https:\/\/www.slsele.com\/wp-content\/uploads\/2024\/07\/\u8be6\u60c5\u56fe3-Wifi-downlight-600x600.webp 600w, https:\/\/www.slsele.com\/wp-content\/uploads\/2024\/07\/\u8be6\u60c5\u56fe3-Wifi-downlight-100x100.webp 100w, https:\/\/www.slsele.com\/wp-content\/uploads\/2024\/07\/\u8be6\u60c5\u56fe3-Wifi-downlight-50x50.webp 50w\" sizes=\"auto, (max-width: 1001px) 100vw, 1001px\" \/><img loading=\"lazy\" decoding=\"async\" class=\"aligncenter size-full wp-image-3142\" src=\"https:\/\/slsele.com\/wp-content\/uploads\/2024\/07\/\u8be6\u60c5\u56fe4-Wifi-downlight.webp\" alt=\"Downlights LED inteligentes con funci\u00f3n de programaci\u00f3n\/temporizador\" width=\"1001\" height=\"1001\" srcset=\"https:\/\/www.slsele.com\/wp-content\/uploads\/2024\/07\/\u8be6\u60c5\u56fe4-Wifi-downlight.webp 1001w, https:\/\/www.slsele.com\/wp-content\/uploads\/2024\/07\/\u8be6\u60c5\u56fe4-Wifi-downlight-300x300.webp 300w, https:\/\/www.slsele.com\/wp-content\/uploads\/2024\/07\/\u8be6\u60c5\u56fe4-Wifi-downlight-150x150.webp 150w, https:\/\/www.slsele.com\/wp-content\/uploads\/2024\/07\/\u8be6\u60c5\u56fe4-Wifi-downlight-768x768.webp 768w, https:\/\/www.slsele.com\/wp-content\/uploads\/2024\/07\/\u8be6\u60c5\u56fe4-Wifi-downlight-12x12.webp 12w, https:\/\/www.slsele.com\/wp-content\/uploads\/2024\/07\/\u8be6\u60c5\u56fe4-Wifi-downlight-570x570.webp 570w, https:\/\/www.slsele.com\/wp-content\/uploads\/2024\/07\/\u8be6\u60c5\u56fe4-Wifi-downlight-500x500.webp 500w, https:\/\/www.slsele.com\/wp-content\/uploads\/2024\/07\/\u8be6\u60c5\u56fe4-Wifi-downlight-700x700.webp 700w, https:\/\/www.slsele.com\/wp-content\/uploads\/2024\/07\/\u8be6\u60c5\u56fe4-Wifi-downlight-600x600.webp 600w, https:\/\/www.slsele.com\/wp-content\/uploads\/2024\/07\/\u8be6\u60c5\u56fe4-Wifi-downlight-100x100.webp 100w, https:\/\/www.slsele.com\/wp-content\/uploads\/2024\/07\/\u8be6\u60c5\u56fe4-Wifi-downlight-50x50.webp 50w\" sizes=\"auto, (max-width: 1001px) 100vw, 1001px\" \/><img loading=\"lazy\" decoding=\"async\" class=\"aligncenter size-full wp-image-3143\" src=\"https:\/\/slsele.com\/wp-content\/uploads\/2024\/07\/\u8be6\u60c5\u56fe5-Wifi-downlight.webp\" alt=\"Downlights LED inteligentes con funci\u00f3n para compartir en familia\" width=\"1001\" height=\"1001\" srcset=\"https:\/\/www.slsele.com\/wp-content\/uploads\/2024\/07\/\u8be6\u60c5\u56fe5-Wifi-downlight.webp 1001w, https:\/\/www.slsele.com\/wp-content\/uploads\/2024\/07\/\u8be6\u60c5\u56fe5-Wifi-downlight-300x300.webp 300w, https:\/\/www.slsele.com\/wp-content\/uploads\/2024\/07\/\u8be6\u60c5\u56fe5-Wifi-downlight-150x150.webp 150w, https:\/\/www.slsele.com\/wp-content\/uploads\/2024\/07\/\u8be6\u60c5\u56fe5-Wifi-downlight-768x768.webp 768w, https:\/\/www.slsele.com\/wp-content\/uploads\/2024\/07\/\u8be6\u60c5\u56fe5-Wifi-downlight-12x12.webp 12w, https:\/\/www.slsele.com\/wp-content\/uploads\/2024\/07\/\u8be6\u60c5\u56fe5-Wifi-downlight-570x570.webp 570w, https:\/\/www.slsele.com\/wp-content\/uploads\/2024\/07\/\u8be6\u60c5\u56fe5-Wifi-downlight-500x500.webp 500w, https:\/\/www.slsele.com\/wp-content\/uploads\/2024\/07\/\u8be6\u60c5\u56fe5-Wifi-downlight-700x700.webp 700w, https:\/\/www.slsele.com\/wp-content\/uploads\/2024\/07\/\u8be6\u60c5\u56fe5-Wifi-downlight-600x600.webp 600w, https:\/\/www.slsele.com\/wp-content\/uploads\/2024\/07\/\u8be6\u60c5\u56fe5-Wifi-downlight-100x100.webp 100w, https:\/\/www.slsele.com\/wp-content\/uploads\/2024\/07\/\u8be6\u60c5\u56fe5-Wifi-downlight-50x50.webp 50w\" sizes=\"auto, (max-width: 1001px) 100vw, 1001px\" \/><img loading=\"lazy\" decoding=\"async\" class=\"aligncenter size-full wp-image-3144\" src=\"https:\/\/slsele.com\/wp-content\/uploads\/2024\/07\/\u8be6\u60c5\u56fe6-Wifi-downlight.webp\" alt=\"Downlights LED inteligentes con funci\u00f3n de control por voz\" width=\"1001\" height=\"1001\" srcset=\"https:\/\/www.slsele.com\/wp-content\/uploads\/2024\/07\/\u8be6\u60c5\u56fe6-Wifi-downlight.webp 1001w, https:\/\/www.slsele.com\/wp-content\/uploads\/2024\/07\/\u8be6\u60c5\u56fe6-Wifi-downlight-300x300.webp 300w, https:\/\/www.slsele.com\/wp-content\/uploads\/2024\/07\/\u8be6\u60c5\u56fe6-Wifi-downlight-150x150.webp 150w, https:\/\/www.slsele.com\/wp-content\/uploads\/2024\/07\/\u8be6\u60c5\u56fe6-Wifi-downlight-768x768.webp 768w, https:\/\/www.slsele.com\/wp-content\/uploads\/2024\/07\/\u8be6\u60c5\u56fe6-Wifi-downlight-12x12.webp 12w, https:\/\/www.slsele.com\/wp-content\/uploads\/2024\/07\/\u8be6\u60c5\u56fe6-Wifi-downlight-570x570.webp 570w, https:\/\/www.slsele.com\/wp-content\/uploads\/2024\/07\/\u8be6\u60c5\u56fe6-Wifi-downlight-500x500.webp 500w, https:\/\/www.slsele.com\/wp-content\/uploads\/2024\/07\/\u8be6\u60c5\u56fe6-Wifi-downlight-700x700.webp 700w, https:\/\/www.slsele.com\/wp-content\/uploads\/2024\/07\/\u8be6\u60c5\u56fe6-Wifi-downlight-600x600.webp 600w, https:\/\/www.slsele.com\/wp-content\/uploads\/2024\/07\/\u8be6\u60c5\u56fe6-Wifi-downlight-100x100.webp 100w, https:\/\/www.slsele.com\/wp-content\/uploads\/2024\/07\/\u8be6\u60c5\u56fe6-Wifi-downlight-50x50.webp 50w\" sizes=\"auto, (max-width: 1001px) 100vw, 1001px\" \/><img loading=\"lazy\" decoding=\"async\" class=\"aligncenter size-full wp-image-3145\" src=\"https:\/\/slsele.com\/wp-content\/uploads\/2024\/07\/\u8be6\u60c5\u56fe7-Wifi-downlight.webp\" alt=\"Los downlights LED inteligentes se pueden aplicar a diferentes escenas\" width=\"1001\" height=\"1001\" srcset=\"https:\/\/www.slsele.com\/wp-content\/uploads\/2024\/07\/\u8be6\u60c5\u56fe7-Wifi-downlight.webp 1001w, https:\/\/www.slsele.com\/wp-content\/uploads\/2024\/07\/\u8be6\u60c5\u56fe7-Wifi-downlight-300x300.webp 300w, https:\/\/www.slsele.com\/wp-content\/uploads\/2024\/07\/\u8be6\u60c5\u56fe7-Wifi-downlight-150x150.webp 150w, https:\/\/www.slsele.com\/wp-content\/uploads\/2024\/07\/\u8be6\u60c5\u56fe7-Wifi-downlight-768x768.webp 768w, https:\/\/www.slsele.com\/wp-content\/uploads\/2024\/07\/\u8be6\u60c5\u56fe7-Wifi-downlight-12x12.webp 12w, https:\/\/www.slsele.com\/wp-content\/uploads\/2024\/07\/\u8be6\u60c5\u56fe7-Wifi-downlight-570x570.webp 570w, https:\/\/www.slsele.com\/wp-content\/uploads\/2024\/07\/\u8be6\u60c5\u56fe7-Wifi-downlight-500x500.webp 500w, https:\/\/www.slsele.com\/wp-content\/uploads\/2024\/07\/\u8be6\u60c5\u56fe7-Wifi-downlight-700x700.webp 700w, https:\/\/www.slsele.com\/wp-content\/uploads\/2024\/07\/\u8be6\u60c5\u56fe7-Wifi-downlight-600x600.webp 600w, https:\/\/www.slsele.com\/wp-content\/uploads\/2024\/07\/\u8be6\u60c5\u56fe7-Wifi-downlight-100x100.webp 100w, https:\/\/www.slsele.com\/wp-content\/uploads\/2024\/07\/\u8be6\u60c5\u56fe7-Wifi-downlight-50x50.webp 50w\" sizes=\"auto, (max-width: 1001px) 100vw, 1001px\" \/>Caracter\u00edsticas:<\/h3>\n<p style=\"text-align: left;\">1. <strong>Control de voz<\/strong>: los downlights LED inteligentes son compatibles con Amazon Alexa, Google Home e IFTTT. Simplemente emita un comando de voz para encender\/apagar las luces o incluso cambiarlas al color espec\u00edfico que desee. No se requiere concentrador y es f\u00e1cil de instalar. Atenci\u00f3n: los downlights LED inteligentes WiFi solo admiten redes WiFi de 2,4 GHz.<\/p>\n<p style=\"text-align: left;\">2. <strong>Control remoto de temporizaci\u00f3n y distancia ultralarga<\/strong>: Incluso si no est\u00e1 en casa, puede controlar el encendido\/apagado de su downlight inteligente con su tel\u00e9fono a trav\u00e9s de la aplicaci\u00f3n Smart Life. Establezca f\u00e1cilmente horarios personalizados para sus downlights inteligentes. Personalice el sistema de iluminaci\u00f3n de su hogar, como configurar las luces para que se enciendan al anochecer o se apaguen al amanecer con anticipaci\u00f3n.<\/p>\n<p style=\"text-align: left;\">3. <strong>Control grupal y control conjunto<\/strong>: Puede crear un grupo para todos sus downlights LED inteligentes y controlarlos todos con un solo comando. Y tambi\u00e9n puedes compartirlo con otros miembros de la familia a trav\u00e9s de la aplicaci\u00f3n &#039;smart life&#039;; tambi\u00e9n pueden controlarlo simult\u00e1neamente.<\/p>\n<p style=\"text-align: left;\">4. <strong>Focos empotrables LED RGB+C+W<\/strong>: Sabor\u00e9ate y haz que tu espacio sea m\u00e1s creativo con downlights LED inteligentes. Dale color a tu hogar con una luz RGB vibrante que mejora el estado de \u00e1nimo. Elija entre 16 millones de colores (2700k-6500k) y tonos de blanco para cambiar instant\u00e1neamente el aspecto y la atm\u00f3sfera de su habitaci\u00f3n. Diferentes modos de escena son opcionales.<\/p>\n<p style=\"text-align: left;\">5. <strong>Ahorro de energ\u00eda y multiprop\u00f3sito<\/strong>: En comparaci\u00f3n con las bombillas normales, los downlights inteligentes ahorrar\u00e1n hasta 60% en el consumo de energ\u00eda con tecnolog\u00eda LED: durar\u00e1n m\u00e1s y ahorrar\u00e1n energ\u00eda. Ahorre su carga de electricidad con la \u00faltima tecnolog\u00eda de iluminaci\u00f3n. Esta bombilla se puede utilizar en cualquier lugar con resistencia a altas temperaturas y humedad. Ser\u00eda \u00fatil contar con luces coloridas, como la iluminaci\u00f3n interior del hogar, hoteles, salas de reuniones, museos, restaurantes, bares, cafeter\u00edas, decoraciones navide\u00f1as y fiestas de cumplea\u00f1os.<\/p>\n<h3 style=\"text-align: left; font-size: 25px;\">Par\u00e1metro:<\/h3>\n<p style=\"text-align: left;\">Color del producto: bombilla LED inteligente blanca<br \/>\nVoltaje: CA 90-250 V<br \/>\nPotencia: 7W<br \/>\nTipo de bombilla: LED<br \/>\nMaterial: Acr\u00edlico<br \/>\nCompatible con Alexa, Google Home IFTTT<\/p>\n<h3 style=\"text-align: left; font-size: 25px;\">Preguntas y respuestas:<\/h3>\n<p style=\"text-align: left;\">P1: \u00bfSe requiere un concentrador para conectar el downlight?<br \/>\nR1: No, no es necesario un concentrador.<\/p>\n<p style=\"text-align: left;\">P2: \u00bfFunciona con Google Home?<br \/>\nR2: Tambi\u00e9n es compatible con Alexa para un f\u00e1cil control por voz.<\/p>\n<p style=\"text-align: left;\">P3: Si el interruptor de pared apag\u00f3 la luz, \u00bfconservar\u00e1 su configuraci\u00f3n cuando se vuelva a encender?<br \/>\nR3: La luz mantendr\u00e1 la configuraci\u00f3n como antes para la funci\u00f3n de memoria.<\/p>\n<p style=\"text-align: left;\">P4: \u00bfSe puede usar esto manualmente (sin WiFi) con un regulador de intensidad?<br \/>\nR4: No, no puede. Solo se puede atenuar a trav\u00e9s de la aplicaci\u00f3n Smart Life.<\/p>","protected":false},"excerpt":{"rendered":"<p>Las luces LED inteligentes controlan el brillo (de 2700 K a 6500 K), los colores y los horarios a trav\u00e9s de Alexa, Google Home o IFTTT. No se necesita un concentrador. Administre las luces de forma remota y cree escenas personalizadas para una experiencia hogare\u00f1a m\u00e1s inteligente.<\/p>","protected":false},"featured_media":3147,"comment_status":"open","ping_status":"closed","template":"","meta":[],"product_brand":[],"product_cat":[35],"product_tag":[],"class_list":{"0":"post-1510","1":"product","2":"type-product","3":"status-publish","4":"has-post-thumbnail","6":"product_cat-smart-lighting","8":"first","9":"instock","10":"shipping-taxable","11":"purchasable","12":"product-type-simple"},"_links":{"self":[{"href":"https:\/\/www.slsele.com\/es\/wp-json\/wp\/v2\/product\/1510","targetHints":{"allow":["GET"]}}],"collection":[{"href":"https:\/\/www.slsele.com\/es\/wp-json\/wp\/v2\/product"}],"about":[{"href":"https:\/\/www.slsele.com\/es\/wp-json\/wp\/v2\/types\/product"}],"replies":[{"embeddable":true,"href":"https:\/\/www.slsele.com\/es\/wp-json\/wp\/v2\/comments?post=1510"}],"wp:featuredmedia":[{"embeddable":true,"href":"https:\/\/www.slsele.com\/es\/wp-json\/wp\/v2\/media\/3147"}],"wp:attachment":[{"href":"https:\/\/www.slsele.com\/es\/wp-json\/wp\/v2\/media?parent=1510"}],"wp:term":[{"taxonomy":"product_brand","embeddable":true,"href":"https:\/\/www.slsele.com\/es\/wp-json\/wp\/v2\/product_brand?post=1510"},{"taxonomy":"product_cat","embeddable":true,"href":"https:\/\/www.slsele.com\/es\/wp-json\/wp\/v2\/product_cat?post=1510"},{"taxonomy":"product_tag","embeddable":true,"href":"https:\/\/www.slsele.com\/es\/wp-json\/wp\/v2\/product_tag?post=1510"}],"curies":[{"name":"wp","href":"https:\/\/api.w.org\/{rel}","templated":true}]}}