{"id":1494,"date":"2024-05-11T13:41:39","date_gmt":"2024-05-11T05:41:39","guid":{"rendered":"https:\/\/slsele.com\/?post_type=product&#038;p=1494"},"modified":"2024-07-26T16:59:10","modified_gmt":"2024-07-26T08:59:10","slug":"sls-smart-wifi-bulb-led-5w-gu10","status":"publish","type":"product","link":"https:\/\/www.slsele.com\/es\/producto\/sls-smart-wifi-bulb-led-5w-gu10\/","title":{"rendered":"Bombilla WiFi Inteligente SLS LED 5W GU10"},"content":{"rendered":"<h2 style=\"text-align: center; font-size: 30px;\">Bombilla WiFi Inteligente RGB+WW 5W GU10<\/h2>\n<h3 style=\"text-align: left; font-size: 25px;\">Descripci\u00f3n<\/h3>\n<p style=\"text-align: left;\">La bombilla Smart WiFi est\u00e1 dise\u00f1ada para elevar tu atm\u00f3sfera con colores vibrantes que cambian en sincron\u00eda con tu m\u00fasica, creando un ambiente relajado. Personalice su experiencia seleccionando entre varios tipos de planes, incluidos los modos de sue\u00f1o y despertador, para adaptarse a su colorido estilo de vida. Disfrute de funciones adicionales como el modo nocturno, el modo de lectura y varias opciones de escenas disponibles en la aplicaci\u00f3n para satisfacer todas sus demandas. Transforma tu espacio con la Bombilla Smart WiFi y disfruta de una experiencia de iluminaci\u00f3n personalizada.<\/p>\n<p style=\"text-align: left;\"><img loading=\"lazy\" decoding=\"async\" class=\"aligncenter size-full wp-image-3090\" src=\"https:\/\/slsele.com\/wp-content\/uploads\/2024\/07\/\u8be6\u60c5\u56fe1-2.webp\" alt=\"La bombilla WiFi inteligente tiene sincronizaci\u00f3n de m\u00fasica con colores vibrantes\" width=\"1001\" height=\"1001\" srcset=\"https:\/\/www.slsele.com\/wp-content\/uploads\/2024\/07\/\u8be6\u60c5\u56fe1-2.webp 1001w, https:\/\/www.slsele.com\/wp-content\/uploads\/2024\/07\/\u8be6\u60c5\u56fe1-2-300x300.webp 300w, https:\/\/www.slsele.com\/wp-content\/uploads\/2024\/07\/\u8be6\u60c5\u56fe1-2-150x150.webp 150w, https:\/\/www.slsele.com\/wp-content\/uploads\/2024\/07\/\u8be6\u60c5\u56fe1-2-768x768.webp 768w, https:\/\/www.slsele.com\/wp-content\/uploads\/2024\/07\/\u8be6\u60c5\u56fe1-2-12x12.webp 12w, https:\/\/www.slsele.com\/wp-content\/uploads\/2024\/07\/\u8be6\u60c5\u56fe1-2-570x570.webp 570w, https:\/\/www.slsele.com\/wp-content\/uploads\/2024\/07\/\u8be6\u60c5\u56fe1-2-500x500.webp 500w, https:\/\/www.slsele.com\/wp-content\/uploads\/2024\/07\/\u8be6\u60c5\u56fe1-2-700x700.webp 700w, https:\/\/www.slsele.com\/wp-content\/uploads\/2024\/07\/\u8be6\u60c5\u56fe1-2-600x600.webp 600w, https:\/\/www.slsele.com\/wp-content\/uploads\/2024\/07\/\u8be6\u60c5\u56fe1-2-100x100.webp 100w, https:\/\/www.slsele.com\/wp-content\/uploads\/2024\/07\/\u8be6\u60c5\u56fe1-2-50x50.webp 50w\" sizes=\"auto, (max-width: 1001px) 100vw, 1001px\" \/><img loading=\"lazy\" decoding=\"async\" class=\"aligncenter size-full wp-image-3091\" src=\"https:\/\/slsele.com\/wp-content\/uploads\/2024\/07\/\u8be6\u60c5\u56fe2-2.webp\" alt=\"\" width=\"1001\" height=\"1001\" srcset=\"https:\/\/www.slsele.com\/wp-content\/uploads\/2024\/07\/\u8be6\u60c5\u56fe2-2.webp 1001w, https:\/\/www.slsele.com\/wp-content\/uploads\/2024\/07\/\u8be6\u60c5\u56fe2-2-300x300.webp 300w, https:\/\/www.slsele.com\/wp-content\/uploads\/2024\/07\/\u8be6\u60c5\u56fe2-2-150x150.webp 150w, https:\/\/www.slsele.com\/wp-content\/uploads\/2024\/07\/\u8be6\u60c5\u56fe2-2-768x768.webp 768w, https:\/\/www.slsele.com\/wp-content\/uploads\/2024\/07\/\u8be6\u60c5\u56fe2-2-12x12.webp 12w, https:\/\/www.slsele.com\/wp-content\/uploads\/2024\/07\/\u8be6\u60c5\u56fe2-2-570x570.webp 570w, https:\/\/www.slsele.com\/wp-content\/uploads\/2024\/07\/\u8be6\u60c5\u56fe2-2-500x500.webp 500w, https:\/\/www.slsele.com\/wp-content\/uploads\/2024\/07\/\u8be6\u60c5\u56fe2-2-700x700.webp 700w, https:\/\/www.slsele.com\/wp-content\/uploads\/2024\/07\/\u8be6\u60c5\u56fe2-2-600x600.webp 600w, https:\/\/www.slsele.com\/wp-content\/uploads\/2024\/07\/\u8be6\u60c5\u56fe2-2-100x100.webp 100w, https:\/\/www.slsele.com\/wp-content\/uploads\/2024\/07\/\u8be6\u60c5\u56fe2-2-50x50.webp 50w\" sizes=\"auto, (max-width: 1001px) 100vw, 1001px\" \/><img loading=\"lazy\" decoding=\"async\" class=\"aligncenter size-full wp-image-3092\" src=\"https:\/\/slsele.com\/wp-content\/uploads\/2024\/07\/\u8be6\u60c5\u56fe3-2.webp\" alt=\"\" width=\"1001\" height=\"1001\" srcset=\"https:\/\/www.slsele.com\/wp-content\/uploads\/2024\/07\/\u8be6\u60c5\u56fe3-2.webp 1001w, https:\/\/www.slsele.com\/wp-content\/uploads\/2024\/07\/\u8be6\u60c5\u56fe3-2-300x300.webp 300w, https:\/\/www.slsele.com\/wp-content\/uploads\/2024\/07\/\u8be6\u60c5\u56fe3-2-150x150.webp 150w, https:\/\/www.slsele.com\/wp-content\/uploads\/2024\/07\/\u8be6\u60c5\u56fe3-2-768x768.webp 768w, https:\/\/www.slsele.com\/wp-content\/uploads\/2024\/07\/\u8be6\u60c5\u56fe3-2-12x12.webp 12w, https:\/\/www.slsele.com\/wp-content\/uploads\/2024\/07\/\u8be6\u60c5\u56fe3-2-570x570.webp 570w, https:\/\/www.slsele.com\/wp-content\/uploads\/2024\/07\/\u8be6\u60c5\u56fe3-2-500x500.webp 500w, https:\/\/www.slsele.com\/wp-content\/uploads\/2024\/07\/\u8be6\u60c5\u56fe3-2-700x700.webp 700w, https:\/\/www.slsele.com\/wp-content\/uploads\/2024\/07\/\u8be6\u60c5\u56fe3-2-600x600.webp 600w, https:\/\/www.slsele.com\/wp-content\/uploads\/2024\/07\/\u8be6\u60c5\u56fe3-2-100x100.webp 100w, https:\/\/www.slsele.com\/wp-content\/uploads\/2024\/07\/\u8be6\u60c5\u56fe3-2-50x50.webp 50w\" sizes=\"auto, (max-width: 1001px) 100vw, 1001px\" \/><img loading=\"lazy\" decoding=\"async\" class=\"aligncenter size-full wp-image-3093\" src=\"https:\/\/slsele.com\/wp-content\/uploads\/2024\/07\/\u8be6\u60c5\u56fe4-2.webp\" alt=\"\" width=\"1000\" height=\"1000\" srcset=\"https:\/\/www.slsele.com\/wp-content\/uploads\/2024\/07\/\u8be6\u60c5\u56fe4-2.webp 1000w, https:\/\/www.slsele.com\/wp-content\/uploads\/2024\/07\/\u8be6\u60c5\u56fe4-2-300x300.webp 300w, https:\/\/www.slsele.com\/wp-content\/uploads\/2024\/07\/\u8be6\u60c5\u56fe4-2-150x150.webp 150w, https:\/\/www.slsele.com\/wp-content\/uploads\/2024\/07\/\u8be6\u60c5\u56fe4-2-768x768.webp 768w, https:\/\/www.slsele.com\/wp-content\/uploads\/2024\/07\/\u8be6\u60c5\u56fe4-2-12x12.webp 12w, https:\/\/www.slsele.com\/wp-content\/uploads\/2024\/07\/\u8be6\u60c5\u56fe4-2-570x570.webp 570w, https:\/\/www.slsele.com\/wp-content\/uploads\/2024\/07\/\u8be6\u60c5\u56fe4-2-500x500.webp 500w, https:\/\/www.slsele.com\/wp-content\/uploads\/2024\/07\/\u8be6\u60c5\u56fe4-2-700x700.webp 700w, https:\/\/www.slsele.com\/wp-content\/uploads\/2024\/07\/\u8be6\u60c5\u56fe4-2-600x600.webp 600w, https:\/\/www.slsele.com\/wp-content\/uploads\/2024\/07\/\u8be6\u60c5\u56fe4-2-100x100.webp 100w, https:\/\/www.slsele.com\/wp-content\/uploads\/2024\/07\/\u8be6\u60c5\u56fe4-2-50x50.webp 50w\" sizes=\"auto, (max-width: 1000px) 100vw, 1000px\" \/><img loading=\"lazy\" decoding=\"async\" class=\"aligncenter size-full wp-image-3094\" src=\"https:\/\/slsele.com\/wp-content\/uploads\/2024\/07\/\u8be6\u60c5\u56fe5-2.webp\" alt=\"\" width=\"1001\" height=\"1001\" srcset=\"https:\/\/www.slsele.com\/wp-content\/uploads\/2024\/07\/\u8be6\u60c5\u56fe5-2.webp 1001w, https:\/\/www.slsele.com\/wp-content\/uploads\/2024\/07\/\u8be6\u60c5\u56fe5-2-300x300.webp 300w, https:\/\/www.slsele.com\/wp-content\/uploads\/2024\/07\/\u8be6\u60c5\u56fe5-2-150x150.webp 150w, https:\/\/www.slsele.com\/wp-content\/uploads\/2024\/07\/\u8be6\u60c5\u56fe5-2-768x768.webp 768w, https:\/\/www.slsele.com\/wp-content\/uploads\/2024\/07\/\u8be6\u60c5\u56fe5-2-12x12.webp 12w, https:\/\/www.slsele.com\/wp-content\/uploads\/2024\/07\/\u8be6\u60c5\u56fe5-2-570x570.webp 570w, https:\/\/www.slsele.com\/wp-content\/uploads\/2024\/07\/\u8be6\u60c5\u56fe5-2-500x500.webp 500w, https:\/\/www.slsele.com\/wp-content\/uploads\/2024\/07\/\u8be6\u60c5\u56fe5-2-700x700.webp 700w, https:\/\/www.slsele.com\/wp-content\/uploads\/2024\/07\/\u8be6\u60c5\u56fe5-2-600x600.webp 600w, https:\/\/www.slsele.com\/wp-content\/uploads\/2024\/07\/\u8be6\u60c5\u56fe5-2-100x100.webp 100w, https:\/\/www.slsele.com\/wp-content\/uploads\/2024\/07\/\u8be6\u60c5\u56fe5-2-50x50.webp 50w\" sizes=\"auto, (max-width: 1001px) 100vw, 1001px\" \/><img loading=\"lazy\" decoding=\"async\" class=\"aligncenter size-full wp-image-3095\" src=\"https:\/\/slsele.com\/wp-content\/uploads\/2024\/07\/\u8be6\u60c5\u56fe6-2.webp\" alt=\"\" width=\"1001\" height=\"1001\" srcset=\"https:\/\/www.slsele.com\/wp-content\/uploads\/2024\/07\/\u8be6\u60c5\u56fe6-2.webp 1001w, https:\/\/www.slsele.com\/wp-content\/uploads\/2024\/07\/\u8be6\u60c5\u56fe6-2-300x300.webp 300w, https:\/\/www.slsele.com\/wp-content\/uploads\/2024\/07\/\u8be6\u60c5\u56fe6-2-150x150.webp 150w, https:\/\/www.slsele.com\/wp-content\/uploads\/2024\/07\/\u8be6\u60c5\u56fe6-2-768x768.webp 768w, https:\/\/www.slsele.com\/wp-content\/uploads\/2024\/07\/\u8be6\u60c5\u56fe6-2-12x12.webp 12w, https:\/\/www.slsele.com\/wp-content\/uploads\/2024\/07\/\u8be6\u60c5\u56fe6-2-570x570.webp 570w, https:\/\/www.slsele.com\/wp-content\/uploads\/2024\/07\/\u8be6\u60c5\u56fe6-2-500x500.webp 500w, https:\/\/www.slsele.com\/wp-content\/uploads\/2024\/07\/\u8be6\u60c5\u56fe6-2-700x700.webp 700w, https:\/\/www.slsele.com\/wp-content\/uploads\/2024\/07\/\u8be6\u60c5\u56fe6-2-600x600.webp 600w, https:\/\/www.slsele.com\/wp-content\/uploads\/2024\/07\/\u8be6\u60c5\u56fe6-2-100x100.webp 100w, https:\/\/www.slsele.com\/wp-content\/uploads\/2024\/07\/\u8be6\u60c5\u56fe6-2-50x50.webp 50w\" sizes=\"auto, (max-width: 1001px) 100vw, 1001px\" \/><img loading=\"lazy\" decoding=\"async\" class=\"aligncenter size-full wp-image-3096\" src=\"https:\/\/slsele.com\/wp-content\/uploads\/2024\/07\/\u8be6\u60c5\u56fe7-2.webp\" alt=\"\" width=\"1001\" height=\"1001\" srcset=\"https:\/\/www.slsele.com\/wp-content\/uploads\/2024\/07\/\u8be6\u60c5\u56fe7-2.webp 1001w, https:\/\/www.slsele.com\/wp-content\/uploads\/2024\/07\/\u8be6\u60c5\u56fe7-2-300x300.webp 300w, https:\/\/www.slsele.com\/wp-content\/uploads\/2024\/07\/\u8be6\u60c5\u56fe7-2-150x150.webp 150w, https:\/\/www.slsele.com\/wp-content\/uploads\/2024\/07\/\u8be6\u60c5\u56fe7-2-768x768.webp 768w, https:\/\/www.slsele.com\/wp-content\/uploads\/2024\/07\/\u8be6\u60c5\u56fe7-2-12x12.webp 12w, https:\/\/www.slsele.com\/wp-content\/uploads\/2024\/07\/\u8be6\u60c5\u56fe7-2-570x570.webp 570w, https:\/\/www.slsele.com\/wp-content\/uploads\/2024\/07\/\u8be6\u60c5\u56fe7-2-500x500.webp 500w, https:\/\/www.slsele.com\/wp-content\/uploads\/2024\/07\/\u8be6\u60c5\u56fe7-2-700x700.webp 700w, https:\/\/www.slsele.com\/wp-content\/uploads\/2024\/07\/\u8be6\u60c5\u56fe7-2-600x600.webp 600w, https:\/\/www.slsele.com\/wp-content\/uploads\/2024\/07\/\u8be6\u60c5\u56fe7-2-100x100.webp 100w, https:\/\/www.slsele.com\/wp-content\/uploads\/2024\/07\/\u8be6\u60c5\u56fe7-2-50x50.webp 50w\" sizes=\"auto, (max-width: 1001px) 100vw, 1001px\" \/><img loading=\"lazy\" decoding=\"async\" class=\"aligncenter size-full wp-image-3097\" src=\"https:\/\/slsele.com\/wp-content\/uploads\/2024\/07\/\u8be6\u60c5\u56fe8-2.webp\" alt=\"\" width=\"1001\" height=\"1001\" srcset=\"https:\/\/www.slsele.com\/wp-content\/uploads\/2024\/07\/\u8be6\u60c5\u56fe8-2.webp 1001w, https:\/\/www.slsele.com\/wp-content\/uploads\/2024\/07\/\u8be6\u60c5\u56fe8-2-300x300.webp 300w, https:\/\/www.slsele.com\/wp-content\/uploads\/2024\/07\/\u8be6\u60c5\u56fe8-2-150x150.webp 150w, https:\/\/www.slsele.com\/wp-content\/uploads\/2024\/07\/\u8be6\u60c5\u56fe8-2-768x768.webp 768w, https:\/\/www.slsele.com\/wp-content\/uploads\/2024\/07\/\u8be6\u60c5\u56fe8-2-12x12.webp 12w, https:\/\/www.slsele.com\/wp-content\/uploads\/2024\/07\/\u8be6\u60c5\u56fe8-2-570x570.webp 570w, https:\/\/www.slsele.com\/wp-content\/uploads\/2024\/07\/\u8be6\u60c5\u56fe8-2-500x500.webp 500w, https:\/\/www.slsele.com\/wp-content\/uploads\/2024\/07\/\u8be6\u60c5\u56fe8-2-700x700.webp 700w, https:\/\/www.slsele.com\/wp-content\/uploads\/2024\/07\/\u8be6\u60c5\u56fe8-2-600x600.webp 600w, https:\/\/www.slsele.com\/wp-content\/uploads\/2024\/07\/\u8be6\u60c5\u56fe8-2-100x100.webp 100w, https:\/\/www.slsele.com\/wp-content\/uploads\/2024\/07\/\u8be6\u60c5\u56fe8-2-50x50.webp 50w\" sizes=\"auto, (max-width: 1001px) 100vw, 1001px\" \/><img loading=\"lazy\" decoding=\"async\" class=\"aligncenter size-full wp-image-3098\" src=\"https:\/\/slsele.com\/wp-content\/uploads\/2024\/07\/\u8be6\u60c5\u56fe9-1.webp\" alt=\"\" width=\"1001\" height=\"1001\" srcset=\"https:\/\/www.slsele.com\/wp-content\/uploads\/2024\/07\/\u8be6\u60c5\u56fe9-1.webp 1001w, https:\/\/www.slsele.com\/wp-content\/uploads\/2024\/07\/\u8be6\u60c5\u56fe9-1-300x300.webp 300w, https:\/\/www.slsele.com\/wp-content\/uploads\/2024\/07\/\u8be6\u60c5\u56fe9-1-150x150.webp 150w, https:\/\/www.slsele.com\/wp-content\/uploads\/2024\/07\/\u8be6\u60c5\u56fe9-1-768x768.webp 768w, https:\/\/www.slsele.com\/wp-content\/uploads\/2024\/07\/\u8be6\u60c5\u56fe9-1-12x12.webp 12w, https:\/\/www.slsele.com\/wp-content\/uploads\/2024\/07\/\u8be6\u60c5\u56fe9-1-570x570.webp 570w, https:\/\/www.slsele.com\/wp-content\/uploads\/2024\/07\/\u8be6\u60c5\u56fe9-1-500x500.webp 500w, https:\/\/www.slsele.com\/wp-content\/uploads\/2024\/07\/\u8be6\u60c5\u56fe9-1-700x700.webp 700w, https:\/\/www.slsele.com\/wp-content\/uploads\/2024\/07\/\u8be6\u60c5\u56fe9-1-600x600.webp 600w, https:\/\/www.slsele.com\/wp-content\/uploads\/2024\/07\/\u8be6\u60c5\u56fe9-1-100x100.webp 100w, https:\/\/www.slsele.com\/wp-content\/uploads\/2024\/07\/\u8be6\u60c5\u56fe9-1-50x50.webp 50w\" sizes=\"auto, (max-width: 1001px) 100vw, 1001px\" \/><img loading=\"lazy\" decoding=\"async\" class=\"aligncenter size-full wp-image-3099\" src=\"https:\/\/slsele.com\/wp-content\/uploads\/2024\/07\/\u8be6\u60c5\u56fe10-1.webp\" alt=\"\" width=\"1001\" height=\"1001\" srcset=\"https:\/\/www.slsele.com\/wp-content\/uploads\/2024\/07\/\u8be6\u60c5\u56fe10-1.webp 1001w, https:\/\/www.slsele.com\/wp-content\/uploads\/2024\/07\/\u8be6\u60c5\u56fe10-1-300x300.webp 300w, https:\/\/www.slsele.com\/wp-content\/uploads\/2024\/07\/\u8be6\u60c5\u56fe10-1-150x150.webp 150w, https:\/\/www.slsele.com\/wp-content\/uploads\/2024\/07\/\u8be6\u60c5\u56fe10-1-768x768.webp 768w, https:\/\/www.slsele.com\/wp-content\/uploads\/2024\/07\/\u8be6\u60c5\u56fe10-1-12x12.webp 12w, https:\/\/www.slsele.com\/wp-content\/uploads\/2024\/07\/\u8be6\u60c5\u56fe10-1-570x570.webp 570w, https:\/\/www.slsele.com\/wp-content\/uploads\/2024\/07\/\u8be6\u60c5\u56fe10-1-500x500.webp 500w, https:\/\/www.slsele.com\/wp-content\/uploads\/2024\/07\/\u8be6\u60c5\u56fe10-1-700x700.webp 700w, https:\/\/www.slsele.com\/wp-content\/uploads\/2024\/07\/\u8be6\u60c5\u56fe10-1-600x600.webp 600w, https:\/\/www.slsele.com\/wp-content\/uploads\/2024\/07\/\u8be6\u60c5\u56fe10-1-100x100.webp 100w, https:\/\/www.slsele.com\/wp-content\/uploads\/2024\/07\/\u8be6\u60c5\u56fe10-1-50x50.webp 50w\" sizes=\"auto, (max-width: 1001px) 100vw, 1001px\" \/><\/p>\n<h3 style=\"text-align: left; font-size: 25px;\">Especificaci\u00f3n<\/h3>\n<p style=\"text-align: left;\">Nombre del producto: bombilla LED WiFi inteligente GU10<\/p>\n<p style=\"text-align: left;\">Base: GU10<\/p>\n<p style=\"text-align: left;\">Tipo inal\u00e1mbrico: wifi<\/p>\n<p style=\"text-align: left;\">Potencia nominal: 5W<\/p>\n<p style=\"text-align: left;\">Voltaje: AC90-240V 50\/60Hz<\/p>\n<p style=\"text-align: left;\">Color: RGB+2200-6500K C+W<\/p>\n<p style=\"text-align: left;\">Regulable: S\u00cd<\/p>\n<p style=\"text-align: left;\">Flujo luminoso: 345lm<\/p>\n<p style=\"text-align: left;\">\u00c1ngulo de haz: 36\u00b0<\/p>\n<h3 style=\"text-align: left; font-size: 25px;\">Preguntas y respuestas<\/h3>\n<p style=\"text-align: left;\">1. \u00bfPuedo decir que la bombilla se encienda?<\/p>\n<p style=\"text-align: left;\">S\u00ed, es comparable con Amazon Alexa y Google Home.<\/p>\n<p style=\"text-align: left;\">2. \u00bfPuedo atenuar la luz al brillo que quiero?<\/p>\n<p style=\"text-align: left;\">S\u00ed, puedes atenuar la luz desde un blanco suave hasta una luz diurna.<\/p>\n<p style=\"text-align: left;\">3. \u00bfCambia el color de la luz?<\/p>\n<p style=\"text-align: left;\">S\u00ed, cambia la luz al color espec\u00edfico que desees con una variedad de escenas personalizadas.<\/p>\n<p style=\"text-align: left;\">4. \u00bfEs compatible establecer un horario para apagar la luz a tiempo?<\/p>\n<p style=\"text-align: left;\">Puede programar su bombilla para que se encienda\/apague autom\u00e1ticamente en su rutina diaria.<\/p>\n<p style=\"text-align: left;\">5. \u00bfPuedo encender la luz de forma remota?<\/p>\n<p style=\"text-align: left;\">S\u00ed, la bombilla se puede controlar en cualquier momento y desde cualquier lugar a trav\u00e9s de su tel\u00e9fono inteligente.<\/p>","protected":false},"excerpt":{"rendered":"<p>La bombilla LED WiFi inteligente GU10 de 5 W puede encender\/apagar o atenuar\/iluminar la luz desde blanco suave hasta luz diurna. Es compatible con Amazon Alexa y Google Home, no requiere concentrador y se puede controlar de forma inal\u00e1mbrica en cualquier momento y desde cualquier lugar con la aplicaci\u00f3n Smart Life Tuya.<\/p>","protected":false},"featured_media":3100,"comment_status":"open","ping_status":"closed","template":"","meta":[],"product_brand":[],"product_cat":[35],"product_tag":[],"class_list":{"0":"post-1494","1":"product","2":"type-product","3":"status-publish","4":"has-post-thumbnail","6":"product_cat-smart-lighting","8":"first","9":"instock","10":"shipping-taxable","11":"purchasable","12":"product-type-simple"},"_links":{"self":[{"href":"https:\/\/www.slsele.com\/es\/wp-json\/wp\/v2\/product\/1494","targetHints":{"allow":["GET"]}}],"collection":[{"href":"https:\/\/www.slsele.com\/es\/wp-json\/wp\/v2\/product"}],"about":[{"href":"https:\/\/www.slsele.com\/es\/wp-json\/wp\/v2\/types\/product"}],"replies":[{"embeddable":true,"href":"https:\/\/www.slsele.com\/es\/wp-json\/wp\/v2\/comments?post=1494"}],"wp:featuredmedia":[{"embeddable":true,"href":"https:\/\/www.slsele.com\/es\/wp-json\/wp\/v2\/media\/3100"}],"wp:attachment":[{"href":"https:\/\/www.slsele.com\/es\/wp-json\/wp\/v2\/media?parent=1494"}],"wp:term":[{"taxonomy":"product_brand","embeddable":true,"href":"https:\/\/www.slsele.com\/es\/wp-json\/wp\/v2\/product_brand?post=1494"},{"taxonomy":"product_cat","embeddable":true,"href":"https:\/\/www.slsele.com\/es\/wp-json\/wp\/v2\/product_cat?post=1494"},{"taxonomy":"product_tag","embeddable":true,"href":"https:\/\/www.slsele.com\/es\/wp-json\/wp\/v2\/product_tag?post=1494"}],"curies":[{"name":"wp","href":"https:\/\/api.w.org\/{rel}","templated":true}]}}