{"id":1481,"date":"2024-05-11T12:58:08","date_gmt":"2024-05-11T04:58:08","guid":{"rendered":"https:\/\/slsele.com\/?post_type=product&#038;p=1481"},"modified":"2024-05-11T13:01:01","modified_gmt":"2024-05-11T05:01:01","slug":"wifi-smart-led-light-strip","status":"publish","type":"product","link":"https:\/\/www.slsele.com\/es\/producto\/wifi-smart-led-light-strip\/","title":{"rendered":"Tira de luz LED inteligente WiFi"},"content":{"rendered":"<h2 style=\"text-align: center;\">Tira de LED inteligente WiFi Tira de luz RGB<\/h2>\n<p><img loading=\"lazy\" decoding=\"async\" class=\"aligncenter size-full wp-image-1482\" src=\"https:\/\/slsele.com\/wp-content\/uploads\/2024\/05\/wifi-led-strip-1-1.jpg\" alt=\"\" width=\"1001\" height=\"1001\" srcset=\"https:\/\/www.slsele.com\/wp-content\/uploads\/2024\/05\/wifi-led-strip-1-1.jpg 1001w, https:\/\/www.slsele.com\/wp-content\/uploads\/2024\/05\/wifi-led-strip-1-1-300x300.jpg 300w, https:\/\/www.slsele.com\/wp-content\/uploads\/2024\/05\/wifi-led-strip-1-1-150x150.jpg 150w, https:\/\/www.slsele.com\/wp-content\/uploads\/2024\/05\/wifi-led-strip-1-1-768x768.jpg 768w, https:\/\/www.slsele.com\/wp-content\/uploads\/2024\/05\/wifi-led-strip-1-1-12x12.jpg 12w, https:\/\/www.slsele.com\/wp-content\/uploads\/2024\/05\/wifi-led-strip-1-1-570x570.jpg 570w, https:\/\/www.slsele.com\/wp-content\/uploads\/2024\/05\/wifi-led-strip-1-1-500x500.jpg 500w, https:\/\/www.slsele.com\/wp-content\/uploads\/2024\/05\/wifi-led-strip-1-1-700x700.jpg 700w, https:\/\/www.slsele.com\/wp-content\/uploads\/2024\/05\/wifi-led-strip-1-1-600x600.jpg 600w, https:\/\/www.slsele.com\/wp-content\/uploads\/2024\/05\/wifi-led-strip-1-1-100x100.jpg 100w, https:\/\/www.slsele.com\/wp-content\/uploads\/2024\/05\/wifi-led-strip-1-1-50x50.jpg 50w\" sizes=\"auto, (max-width: 1001px) 100vw, 1001px\" \/><\/p>\n<p><img loading=\"lazy\" decoding=\"async\" class=\"aligncenter size-full wp-image-1488\" src=\"https:\/\/slsele.com\/wp-content\/uploads\/2024\/05\/wifi-led-strip-1-7.jpg\" alt=\"\" width=\"1001\" height=\"1001\" srcset=\"https:\/\/www.slsele.com\/wp-content\/uploads\/2024\/05\/wifi-led-strip-1-7.jpg 1001w, https:\/\/www.slsele.com\/wp-content\/uploads\/2024\/05\/wifi-led-strip-1-7-300x300.jpg 300w, https:\/\/www.slsele.com\/wp-content\/uploads\/2024\/05\/wifi-led-strip-1-7-150x150.jpg 150w, https:\/\/www.slsele.com\/wp-content\/uploads\/2024\/05\/wifi-led-strip-1-7-768x768.jpg 768w, https:\/\/www.slsele.com\/wp-content\/uploads\/2024\/05\/wifi-led-strip-1-7-12x12.jpg 12w, https:\/\/www.slsele.com\/wp-content\/uploads\/2024\/05\/wifi-led-strip-1-7-570x570.jpg 570w, https:\/\/www.slsele.com\/wp-content\/uploads\/2024\/05\/wifi-led-strip-1-7-500x500.jpg 500w, https:\/\/www.slsele.com\/wp-content\/uploads\/2024\/05\/wifi-led-strip-1-7-700x700.jpg 700w, https:\/\/www.slsele.com\/wp-content\/uploads\/2024\/05\/wifi-led-strip-1-7-600x600.jpg 600w, https:\/\/www.slsele.com\/wp-content\/uploads\/2024\/05\/wifi-led-strip-1-7-100x100.jpg 100w, https:\/\/www.slsele.com\/wp-content\/uploads\/2024\/05\/wifi-led-strip-1-7-50x50.jpg 50w\" sizes=\"auto, (max-width: 1001px) 100vw, 1001px\" \/><img loading=\"lazy\" decoding=\"async\" class=\"aligncenter size-full wp-image-1489\" src=\"https:\/\/slsele.com\/wp-content\/uploads\/2024\/05\/wifi-led-strip-1-8.jpg\" alt=\"\" width=\"1001\" height=\"1001\" srcset=\"https:\/\/www.slsele.com\/wp-content\/uploads\/2024\/05\/wifi-led-strip-1-8.jpg 1001w, https:\/\/www.slsele.com\/wp-content\/uploads\/2024\/05\/wifi-led-strip-1-8-300x300.jpg 300w, https:\/\/www.slsele.com\/wp-content\/uploads\/2024\/05\/wifi-led-strip-1-8-150x150.jpg 150w, https:\/\/www.slsele.com\/wp-content\/uploads\/2024\/05\/wifi-led-strip-1-8-768x768.jpg 768w, https:\/\/www.slsele.com\/wp-content\/uploads\/2024\/05\/wifi-led-strip-1-8-12x12.jpg 12w, https:\/\/www.slsele.com\/wp-content\/uploads\/2024\/05\/wifi-led-strip-1-8-570x570.jpg 570w, https:\/\/www.slsele.com\/wp-content\/uploads\/2024\/05\/wifi-led-strip-1-8-500x500.jpg 500w, https:\/\/www.slsele.com\/wp-content\/uploads\/2024\/05\/wifi-led-strip-1-8-700x700.jpg 700w, https:\/\/www.slsele.com\/wp-content\/uploads\/2024\/05\/wifi-led-strip-1-8-600x600.jpg 600w, https:\/\/www.slsele.com\/wp-content\/uploads\/2024\/05\/wifi-led-strip-1-8-100x100.jpg 100w, https:\/\/www.slsele.com\/wp-content\/uploads\/2024\/05\/wifi-led-strip-1-8-50x50.jpg 50w\" sizes=\"auto, (max-width: 1001px) 100vw, 1001px\" \/><img loading=\"lazy\" decoding=\"async\" class=\"aligncenter size-full wp-image-1490\" src=\"https:\/\/slsele.com\/wp-content\/uploads\/2024\/05\/wifi-led-strip-1-9.jpg\" alt=\"\" width=\"1001\" height=\"1001\" srcset=\"https:\/\/www.slsele.com\/wp-content\/uploads\/2024\/05\/wifi-led-strip-1-9.jpg 1001w, https:\/\/www.slsele.com\/wp-content\/uploads\/2024\/05\/wifi-led-strip-1-9-300x300.jpg 300w, https:\/\/www.slsele.com\/wp-content\/uploads\/2024\/05\/wifi-led-strip-1-9-150x150.jpg 150w, https:\/\/www.slsele.com\/wp-content\/uploads\/2024\/05\/wifi-led-strip-1-9-768x768.jpg 768w, https:\/\/www.slsele.com\/wp-content\/uploads\/2024\/05\/wifi-led-strip-1-9-12x12.jpg 12w, https:\/\/www.slsele.com\/wp-content\/uploads\/2024\/05\/wifi-led-strip-1-9-570x570.jpg 570w, https:\/\/www.slsele.com\/wp-content\/uploads\/2024\/05\/wifi-led-strip-1-9-500x500.jpg 500w, https:\/\/www.slsele.com\/wp-content\/uploads\/2024\/05\/wifi-led-strip-1-9-700x700.jpg 700w, https:\/\/www.slsele.com\/wp-content\/uploads\/2024\/05\/wifi-led-strip-1-9-600x600.jpg 600w, https:\/\/www.slsele.com\/wp-content\/uploads\/2024\/05\/wifi-led-strip-1-9-100x100.jpg 100w, https:\/\/www.slsele.com\/wp-content\/uploads\/2024\/05\/wifi-led-strip-1-9-50x50.jpg 50w\" sizes=\"auto, (max-width: 1001px) 100vw, 1001px\" \/><img loading=\"lazy\" decoding=\"async\" class=\"aligncenter size-full wp-image-1483\" src=\"https:\/\/slsele.com\/wp-content\/uploads\/2024\/05\/wifi-led-strip-1-2.jpg\" alt=\"\" width=\"1001\" height=\"1001\" srcset=\"https:\/\/www.slsele.com\/wp-content\/uploads\/2024\/05\/wifi-led-strip-1-2.jpg 1001w, https:\/\/www.slsele.com\/wp-content\/uploads\/2024\/05\/wifi-led-strip-1-2-300x300.jpg 300w, https:\/\/www.slsele.com\/wp-content\/uploads\/2024\/05\/wifi-led-strip-1-2-150x150.jpg 150w, https:\/\/www.slsele.com\/wp-content\/uploads\/2024\/05\/wifi-led-strip-1-2-768x768.jpg 768w, https:\/\/www.slsele.com\/wp-content\/uploads\/2024\/05\/wifi-led-strip-1-2-12x12.jpg 12w, https:\/\/www.slsele.com\/wp-content\/uploads\/2024\/05\/wifi-led-strip-1-2-570x570.jpg 570w, https:\/\/www.slsele.com\/wp-content\/uploads\/2024\/05\/wifi-led-strip-1-2-500x500.jpg 500w, https:\/\/www.slsele.com\/wp-content\/uploads\/2024\/05\/wifi-led-strip-1-2-700x700.jpg 700w, https:\/\/www.slsele.com\/wp-content\/uploads\/2024\/05\/wifi-led-strip-1-2-600x600.jpg 600w, https:\/\/www.slsele.com\/wp-content\/uploads\/2024\/05\/wifi-led-strip-1-2-100x100.jpg 100w, https:\/\/www.slsele.com\/wp-content\/uploads\/2024\/05\/wifi-led-strip-1-2-50x50.jpg 50w\" sizes=\"auto, (max-width: 1001px) 100vw, 1001px\" \/><\/p>\n<h4>C\u00f3mo instalar<\/h4>\n<h4>Pegue la tira sobre la superficie lisa, seca y limpia.<\/h4>\n<h4>Presiona toda la tira de luz repetidamente con fuerza.<\/h4>\n<h4>Coloque la tira de luz de la manera correcta (la tira de luz no se puede bajar)<\/h4>","protected":false},"excerpt":{"rendered":"<h5>Sincroniza la m\u00fasica con la aplicaci\u00f3n Smart Life o el controlador de tiras de luces LED para cambiar el color y crear colores de iluminaci\u00f3n de ensue\u00f1o para tu hogar inteligente.<\/h5>","protected":false},"featured_media":1482,"comment_status":"open","ping_status":"closed","template":"","meta":[],"product_brand":[],"product_cat":[35],"product_tag":[],"class_list":{"0":"post-1481","1":"product","2":"type-product","3":"status-publish","4":"has-post-thumbnail","6":"product_cat-smart-lighting","8":"first","9":"instock","10":"shipping-taxable","11":"purchasable","12":"product-type-simple"},"_links":{"self":[{"href":"https:\/\/www.slsele.com\/es\/wp-json\/wp\/v2\/product\/1481","targetHints":{"allow":["GET"]}}],"collection":[{"href":"https:\/\/www.slsele.com\/es\/wp-json\/wp\/v2\/product"}],"about":[{"href":"https:\/\/www.slsele.com\/es\/wp-json\/wp\/v2\/types\/product"}],"replies":[{"embeddable":true,"href":"https:\/\/www.slsele.com\/es\/wp-json\/wp\/v2\/comments?post=1481"}],"wp:featuredmedia":[{"embeddable":true,"href":"https:\/\/www.slsele.com\/es\/wp-json\/wp\/v2\/media\/1482"}],"wp:attachment":[{"href":"https:\/\/www.slsele.com\/es\/wp-json\/wp\/v2\/media?parent=1481"}],"wp:term":[{"taxonomy":"product_brand","embeddable":true,"href":"https:\/\/www.slsele.com\/es\/wp-json\/wp\/v2\/product_brand?post=1481"},{"taxonomy":"product_cat","embeddable":true,"href":"https:\/\/www.slsele.com\/es\/wp-json\/wp\/v2\/product_cat?post=1481"},{"taxonomy":"product_tag","embeddable":true,"href":"https:\/\/www.slsele.com\/es\/wp-json\/wp\/v2\/product_tag?post=1481"}],"curies":[{"name":"wp","href":"https:\/\/api.w.org\/{rel}","templated":true}]}}