{"id":1461,"date":"2024-05-09T15:03:37","date_gmt":"2024-05-09T07:03:37","guid":{"rendered":"https:\/\/slsele.com\/?post_type=product&#038;p=1461"},"modified":"2024-08-03T14:54:32","modified_gmt":"2024-08-03T06:54:32","slug":"us-wifi-smart-plug-with-energy-monitor","status":"publish","type":"product","link":"https:\/\/www.slsele.com\/es\/producto\/us-wifi-smart-plug-with-energy-monitor\/","title":{"rendered":"Enchufe inteligente SLS US WiFi con monitor de energ\u00eda"},"content":{"rendered":"<h2 style=\"text-align: center; font-size: 25px;\">Enchufe inteligente SLS US WiFi con monitor de energ\u00eda<\/h2>\n<h3 style=\"text-align: left; font-size: 20px;\"><span lang=\"EN-US\" style=\"font-family: 'Times New Roman',serif; color: #0e101a;\">Descripci\u00f3n<\/span><\/h3>\n<p style=\"text-align: left;\">WiFi Smart Plug Power Socket con m\u00e1s funciones de actualizaci\u00f3n nuevas que dejan su hogar inteligente con mucha m\u00e1s comodidad y automatizaci\u00f3n, lo que ha demostrado ser la mejor opci\u00f3n para comenzar su estilo de vida inteligente y controlar m\u00e1s f\u00e1cilmente los electrodom\u00e9sticos conectados con el control remoto del enchufe inteligente.<\/p>\n<p style=\"text-align: left;\">M\u00e1s importante a\u00fan, el indicador LED RGB opcional agrega m\u00e1s colores a su escena nocturna, y el monitor de energ\u00eda incluso ayuda a mantener bajos los costos de electricidad, reemplazando r\u00e1pidamente la forma tradicional de control manual. Compatible con la aplicaci\u00f3n Smart Life \/Tuya, as\u00ed como con Alexa y Google Home, garantiza m\u00faltiples funciones en un mini enchufe inteligente.<\/p>\n<p style=\"text-align: left;\">El control remoto inal\u00e1mbrico de la aplicaci\u00f3n y el control por voz a\u00f1aden m\u00e1s trucos y disfrute a su vida diaria inteligente, haciendo que el control inteligente de sus dispositivos sea m\u00e1s accesible.<\/p>\n<p style=\"text-align: left;\">Los enchufes inteligentes son uno de los nuevos productos para los sistemas dom\u00e9sticos inteligentes. Con nuestro enchufe inteligente, puedes controlar tus electrodom\u00e9sticos con la aplicaci\u00f3n Tuya o mediante comando de voz. Puede <span style=\"text-decoration: underline; color: #0000ff;\"><a style=\"color: #0000ff; text-decoration: underline;\" href=\"https:\/\/www.slsele.com\/es\/smart-plug-save-energy-consumption\/\" target=\"_blank\" rel=\"noopener\">Utilice el enchufe inteligente con monitor de energ\u00eda para ahorrar el consumo de energ\u00eda en el hogar.<\/a><\/span>.<br \/>\nEs adecuado para muchos aparatos el\u00e9ctricos, como hervidores el\u00e9ctricos, cafeteras, m\u00e1quinas para hacer pan, l\u00e1mparas de escritorio, aires acondicionados, humidificadores, calentadores de agua, televisores, ventiladores, lavadoras, cortinas el\u00e9ctricas y comederos para mascotas.<\/p>\n<div id=\"attachment_2771\" style=\"width: 810px\" class=\"wp-caption aligncenter\"><img loading=\"lazy\" decoding=\"async\" aria-describedby=\"caption-attachment-2771\" class=\"wp-image-2771 size-full\" src=\"https:\/\/slsele.com\/wp-content\/uploads\/2024\/07\/SLS29\u8be6\u60c5\u56fe1_\u7ed3\u679c.webp\" alt=\"diagrama de enchufe inteligente con monitor de energ\u00eda\" width=\"800\" height=\"800\" srcset=\"https:\/\/www.slsele.com\/wp-content\/uploads\/2024\/07\/SLS29\u8be6\u60c5\u56fe1_\u7ed3\u679c.webp 800w, https:\/\/www.slsele.com\/wp-content\/uploads\/2024\/07\/SLS29\u8be6\u60c5\u56fe1_\u7ed3\u679c-300x300.webp 300w, https:\/\/www.slsele.com\/wp-content\/uploads\/2024\/07\/SLS29\u8be6\u60c5\u56fe1_\u7ed3\u679c-150x150.webp 150w, https:\/\/www.slsele.com\/wp-content\/uploads\/2024\/07\/SLS29\u8be6\u60c5\u56fe1_\u7ed3\u679c-768x768.webp 768w, https:\/\/www.slsele.com\/wp-content\/uploads\/2024\/07\/SLS29\u8be6\u60c5\u56fe1_\u7ed3\u679c-12x12.webp 12w, https:\/\/www.slsele.com\/wp-content\/uploads\/2024\/07\/SLS29\u8be6\u60c5\u56fe1_\u7ed3\u679c-570x570.webp 570w, https:\/\/www.slsele.com\/wp-content\/uploads\/2024\/07\/SLS29\u8be6\u60c5\u56fe1_\u7ed3\u679c-500x500.webp 500w, https:\/\/www.slsele.com\/wp-content\/uploads\/2024\/07\/SLS29\u8be6\u60c5\u56fe1_\u7ed3\u679c-700x700.webp 700w, https:\/\/www.slsele.com\/wp-content\/uploads\/2024\/07\/SLS29\u8be6\u60c5\u56fe1_\u7ed3\u679c-600x600.webp 600w, https:\/\/www.slsele.com\/wp-content\/uploads\/2024\/07\/SLS29\u8be6\u60c5\u56fe1_\u7ed3\u679c-100x100.webp 100w, https:\/\/www.slsele.com\/wp-content\/uploads\/2024\/07\/SLS29\u8be6\u60c5\u56fe1_\u7ed3\u679c-50x50.webp 50w\" sizes=\"auto, (max-width: 800px) 100vw, 800px\" \/><p id=\"caption-attachment-2771\" class=\"wp-caption-text\">diagrama de enchufe inteligente con monitor de energ\u00eda<\/p><\/div>\n<div id=\"attachment_2773\" style=\"width: 851px\" class=\"wp-caption aligncenter\"><img loading=\"lazy\" decoding=\"async\" aria-describedby=\"caption-attachment-2773\" class=\"wp-image-2773 size-large\" src=\"https:\/\/slsele.com\/wp-content\/uploads\/2024\/07\/SLS29\u8be6\u60c5\u56fe3_\u7ed3\u679c-841x1024.webp\" alt=\"enchufe inteligente sls\" width=\"841\" height=\"1024\" srcset=\"https:\/\/www.slsele.com\/wp-content\/uploads\/2024\/07\/SLS29\u8be6\u60c5\u56fe3_\u7ed3\u679c-841x1024.webp 841w, https:\/\/www.slsele.com\/wp-content\/uploads\/2024\/07\/SLS29\u8be6\u60c5\u56fe3_\u7ed3\u679c-246x300.webp 246w, https:\/\/www.slsele.com\/wp-content\/uploads\/2024\/07\/SLS29\u8be6\u60c5\u56fe3_\u7ed3\u679c-768x935.webp 768w, https:\/\/www.slsele.com\/wp-content\/uploads\/2024\/07\/SLS29\u8be6\u60c5\u56fe3_\u7ed3\u679c-10x12.webp 10w, https:\/\/www.slsele.com\/wp-content\/uploads\/2024\/07\/SLS29\u8be6\u60c5\u56fe3_\u7ed3\u679c-700x852.webp 700w, https:\/\/www.slsele.com\/wp-content\/uploads\/2024\/07\/SLS29\u8be6\u60c5\u56fe3_\u7ed3\u679c-600x731.webp 600w, https:\/\/www.slsele.com\/wp-content\/uploads\/2024\/07\/SLS29\u8be6\u60c5\u56fe3_\u7ed3\u679c.webp 960w\" sizes=\"auto, (max-width: 841px) 100vw, 841px\" \/><p id=\"caption-attachment-2773\" class=\"wp-caption-text\">enchufe inteligente sls<\/p><\/div>\n<p><img loading=\"lazy\" decoding=\"async\" class=\"aligncenter wp-image-2772 size-full\" src=\"https:\/\/slsele.com\/wp-content\/uploads\/2024\/07\/SLS29\u8be6\u60c5\u56fe2_\u7ed3\u679c.webp\" alt=\"z\u00f3calo inteligente sls\" width=\"960\" height=\"960\" srcset=\"https:\/\/www.slsele.com\/wp-content\/uploads\/2024\/07\/SLS29\u8be6\u60c5\u56fe2_\u7ed3\u679c.webp 960w, https:\/\/www.slsele.com\/wp-content\/uploads\/2024\/07\/SLS29\u8be6\u60c5\u56fe2_\u7ed3\u679c-300x300.webp 300w, https:\/\/www.slsele.com\/wp-content\/uploads\/2024\/07\/SLS29\u8be6\u60c5\u56fe2_\u7ed3\u679c-150x150.webp 150w, https:\/\/www.slsele.com\/wp-content\/uploads\/2024\/07\/SLS29\u8be6\u60c5\u56fe2_\u7ed3\u679c-768x768.webp 768w, https:\/\/www.slsele.com\/wp-content\/uploads\/2024\/07\/SLS29\u8be6\u60c5\u56fe2_\u7ed3\u679c-12x12.webp 12w, https:\/\/www.slsele.com\/wp-content\/uploads\/2024\/07\/SLS29\u8be6\u60c5\u56fe2_\u7ed3\u679c-570x570.webp 570w, https:\/\/www.slsele.com\/wp-content\/uploads\/2024\/07\/SLS29\u8be6\u60c5\u56fe2_\u7ed3\u679c-500x500.webp 500w, https:\/\/www.slsele.com\/wp-content\/uploads\/2024\/07\/SLS29\u8be6\u60c5\u56fe2_\u7ed3\u679c-700x700.webp 700w, https:\/\/www.slsele.com\/wp-content\/uploads\/2024\/07\/SLS29\u8be6\u60c5\u56fe2_\u7ed3\u679c-600x600.webp 600w, https:\/\/www.slsele.com\/wp-content\/uploads\/2024\/07\/SLS29\u8be6\u60c5\u56fe2_\u7ed3\u679c-100x100.webp 100w, https:\/\/www.slsele.com\/wp-content\/uploads\/2024\/07\/SLS29\u8be6\u60c5\u56fe2_\u7ed3\u679c-50x50.webp 50w\" sizes=\"auto, (max-width: 960px) 100vw, 960px\" \/><img loading=\"lazy\" decoding=\"async\" class=\"aligncenter size-large wp-image-2774\" src=\"https:\/\/slsele.com\/wp-content\/uploads\/2024\/07\/SLS29\u8be6\u60c5\u56fe4_\u7ed3\u679c-576x1024.webp\" alt=\"\" width=\"576\" height=\"1024\" srcset=\"https:\/\/www.slsele.com\/wp-content\/uploads\/2024\/07\/SLS29\u8be6\u60c5\u56fe4_\u7ed3\u679c-576x1024.webp 576w, https:\/\/www.slsele.com\/wp-content\/uploads\/2024\/07\/SLS29\u8be6\u60c5\u56fe4_\u7ed3\u679c-169x300.webp 169w, https:\/\/www.slsele.com\/wp-content\/uploads\/2024\/07\/SLS29\u8be6\u60c5\u56fe4_\u7ed3\u679c-768x1366.webp 768w, https:\/\/www.slsele.com\/wp-content\/uploads\/2024\/07\/SLS29\u8be6\u60c5\u56fe4_\u7ed3\u679c-864x1536.webp 864w, https:\/\/www.slsele.com\/wp-content\/uploads\/2024\/07\/SLS29\u8be6\u60c5\u56fe4_\u7ed3\u679c-7x12.webp 7w, https:\/\/www.slsele.com\/wp-content\/uploads\/2024\/07\/SLS29\u8be6\u60c5\u56fe4_\u7ed3\u679c-700x1245.webp 700w, https:\/\/www.slsele.com\/wp-content\/uploads\/2024\/07\/SLS29\u8be6\u60c5\u56fe4_\u7ed3\u679c-600x1067.webp 600w, https:\/\/www.slsele.com\/wp-content\/uploads\/2024\/07\/SLS29\u8be6\u60c5\u56fe4_\u7ed3\u679c.webp 960w\" sizes=\"auto, (max-width: 576px) 100vw, 576px\" \/><\/p>\n<h3 style=\"text-align: left; font-size: 20px;\"><span lang=\"EN-US\" style=\"font-family: 'Times New Roman',serif; color: #0e101a;\">Caracter\u00edsticas<\/span><\/h3>\n<ul>\n<li style=\"text-align: left;\"><strong>Monitor de energ\u00eda<\/strong>: Smart Plug con Energy Monitor puede monitorear el consumo el\u00e9ctrico y brindarle una mejor comprensi\u00f3n del consumo de electricidad de su hogar.<\/li>\n<li style=\"text-align: left;\"><strong>F\u00e1cil de instalar<\/strong>: No se requiere ning\u00fan concentrador y no es necesario pagar por el servicio de suscripci\u00f3n. Conecte sus aparatos el\u00e9ctricos a un tomacorriente inteligente y con\u00e9ctese a la aplicaci\u00f3n Smart Life\/Tuya a trav\u00e9s de una red Wi-Fi segura de 2,4 GHz.<\/li>\n<li style=\"text-align: left;\"><strong>Control remoto<\/strong>: Puede encender y apagar r\u00e1pidamente el enchufe inteligente remoto a trav\u00e9s de su tel\u00e9fono, lo que le permite controlar sus electrodom\u00e9sticos ya sea que est\u00e9 en casa, en la oficina o de vacaciones.<\/li>\n<li style=\"text-align: left;\"><strong>Control de voz<\/strong>: Funciona con Alexa, Echo, Google Home y Yandex Alice. Mediante comandos de voz, puede encender y apagar el dispositivo desde cualquier lugar de la habitaci\u00f3n (por ejemplo, mientras cocina, est\u00e1 acostado en la cama o sostiene muchas cosas en la mano).<\/li>\n<li style=\"text-align: left;\"><strong>Programar temporizador y cuenta regresiva<\/strong>: configura los enchufes inteligentes para que se enciendan o apaguen autom\u00e1ticamente en determinados momentos. De esta manera, podr\u00e1s preparar la cena antes de volver a casa u operar de forma remota otros aparatos el\u00e9ctricos, como luces, hervidores el\u00e9ctricos, cafeteras, ventiladores, etc. Este Enchufe Inteligente con Monitor de Energ\u00eda puede ayudarte a ahorrar en las facturas de electricidad y prolongar la vida \u00fatil del producto.<\/li>\n<\/ul>\n<h3 style=\"margin: 0cm; text-align: left; font-size: 20px;\"><span lang=\"EN-US\" style=\"font-family: 'Times New Roman',serif; color: #0e101a;\">Especificaciones<\/span><\/h3>\n<p style=\"text-align: left;\">Nombre del producto: Enchufe inteligente WiFi de EE. UU. con monitor de energ\u00eda<br \/>\nTipo: Monitor de energ\u00eda de enchufe inteligente con enchufe<br \/>\nConexi\u00f3n a tierra: Conexi\u00f3n a tierra est\u00e1ndar<br \/>\nVoltaje nominal: 90-240V<br \/>\nCorriente nominal: 10A\/16A<br \/>\nVoltaje de entrada: 110-220V<br \/>\nTipo inal\u00e1mbrico: WiFi 2,4 GHz<br \/>\nTemperatura de funcionamiento: -10 \u2103 -60 \u2103<br \/>\nAplicaci\u00f3n: Residencial\/de uso general<br \/>\nColor blanco<br \/>\nCertificado: FCC\/CE\/RoHS<br \/>\nMaterial: PC+ABS+Cobre<br \/>\nNombre de la aplicaci\u00f3n: Vida inteligente<br \/>\nModo de control: control de tel\u00e9fono m\u00f3vil, control de voz<\/p>\n<h3 style=\"text-align: left; font-size: 20px;\"><span lang=\"EN-US\" style=\"font-family: 'Times New Roman',serif; color: #0e101a;\">Preguntas m\u00e1s frecuentes<\/span><\/h3>\n<p style=\"text-align: left;\">P1: \u00bfC\u00f3mo agregar el dispositivo a la aplicaci\u00f3n m\u00f3vil?<br \/>\nA1: Los siguientes 3 pasos<br \/>\n1: Busque \u201cSmart Life o TuyaSmart\u201d en la tienda de aplicaciones o Google Play, o escanee el c\u00f3digo QR en el manual del usuario para descargarlo e instalarlo.<br \/>\n2: Conecte el enchufe a una toma de CA y mantenga presionado el bot\u00f3n de encendido principal hasta que la luz indicadora parpadee.<br \/>\n3: Abra la \u201cAplicaci\u00f3n Smart Life o Tuya Smart\u201d, descubra y agregue un dispositivo a la aplicaci\u00f3n y luego termine de configurarlo seg\u00fan la gu\u00eda.<\/p>","protected":false},"excerpt":{"rendered":"<p><span lang=\"EN-US\" style=\"font-family: 'Times New Roman',serif; color: #0e101a;\">Nuevo enchufe inteligente WiFi con monitor de energ\u00eda, indicador LED RGB, compatibilidad con la aplicaci\u00f3n Smart Life\/Tuya, compatibilidad con Alexa y Google Home para un f\u00e1cil control remoto y por voz de los electrodom\u00e9sticos.<\/span><\/p>","protected":false},"featured_media":2765,"comment_status":"open","ping_status":"closed","template":"","meta":[],"product_brand":[],"product_cat":[44],"product_tag":[],"class_list":{"0":"post-1461","1":"product","2":"type-product","3":"status-publish","4":"has-post-thumbnail","6":"product_cat-smart-socket","8":"first","9":"instock","10":"shipping-taxable","11":"purchasable","12":"product-type-simple"},"_links":{"self":[{"href":"https:\/\/www.slsele.com\/es\/wp-json\/wp\/v2\/product\/1461","targetHints":{"allow":["GET"]}}],"collection":[{"href":"https:\/\/www.slsele.com\/es\/wp-json\/wp\/v2\/product"}],"about":[{"href":"https:\/\/www.slsele.com\/es\/wp-json\/wp\/v2\/types\/product"}],"replies":[{"embeddable":true,"href":"https:\/\/www.slsele.com\/es\/wp-json\/wp\/v2\/comments?post=1461"}],"wp:featuredmedia":[{"embeddable":true,"href":"https:\/\/www.slsele.com\/es\/wp-json\/wp\/v2\/media\/2765"}],"wp:attachment":[{"href":"https:\/\/www.slsele.com\/es\/wp-json\/wp\/v2\/media?parent=1461"}],"wp:term":[{"taxonomy":"product_brand","embeddable":true,"href":"https:\/\/www.slsele.com\/es\/wp-json\/wp\/v2\/product_brand?post=1461"},{"taxonomy":"product_cat","embeddable":true,"href":"https:\/\/www.slsele.com\/es\/wp-json\/wp\/v2\/product_cat?post=1461"},{"taxonomy":"product_tag","embeddable":true,"href":"https:\/\/www.slsele.com\/es\/wp-json\/wp\/v2\/product_tag?post=1461"}],"curies":[{"name":"wp","href":"https:\/\/api.w.org\/{rel}","templated":true}]}}