{"id":1451,"date":"2024-05-07T17:27:21","date_gmt":"2024-05-07T09:27:21","guid":{"rendered":"https:\/\/slsele.com\/?post_type=product&#038;p=1451"},"modified":"2024-11-08T14:41:58","modified_gmt":"2024-11-08T06:41:58","slug":"wifi-smart-light-switch-dimmer","status":"publish","type":"product","link":"https:\/\/www.slsele.com\/es\/producto\/wifi-smart-light-switch-dimmer\/","title":{"rendered":"Atenuador de interruptor de luz inteligente SLS WiFi"},"content":{"rendered":"<h2 style=\"text-align: center; font-size: 30px;\"><b><span class=\"magic-6\" data-spm-anchor-id=\"a2700.wholesale.0.i51.1e206f56CeCuhI\">\u00a0SLS <\/span><span class=\"magic-6\" data-spm-anchor-id=\"a2700.wholesale.0.i52.1e206f56CeCuhI\">Atenuador de interruptor de luz inteligente con panel t\u00e1ctil WiFi <\/span><\/b><\/h2>\n<h3 style=\"text-align: left; font-size: 20px;\"><strong>Descripci\u00f3n<\/strong><\/h3>\n<p style=\"text-align: left;\">Esta luz inteligente <span style=\"text-decoration: underline; color: #0000ff;\"><a style=\"color: #0000ff; text-decoration: underline;\" href=\"https:\/\/www.slsele.com\/es\/introduction-of-smart-switch\/\" target=\"_blank\" rel=\"noopener\">interruptor dimmer<\/a><\/span> es de nuevo dise\u00f1o con control t\u00e1ctil capacitivo, lo que le permite encender\/apagar y atenuar las luces con un solo toque. Su panel de cristal resistente a los ara\u00f1azos proporciona el mejor aspecto para combinar con cualquier dise\u00f1o de pared. Con un dise\u00f1o de pantalla t\u00e1ctil de cristal templado y una velocidad de respuesta t\u00e1ctil de 100 ms, la tecnolog\u00eda t\u00e1ctil avanzada garantiza una experiencia de usuario mucho mejor para su vida inteligente.<\/p>\n<p><img loading=\"lazy\" decoding=\"async\" class=\"aligncenter size-full wp-image-2099\" src=\"https:\/\/slsele.com\/wp-content\/uploads\/2024\/06\/171\u4ea7\u54c1\u8be6\u60c5\u56fe1_\u7ed3\u679c.webp\" alt=\"Funciones del interruptor de atenuaci\u00f3n de luces inteligentes: control de aplicaciones, funci\u00f3n de tiempo, control de voz, atenuaci\u00f3n inteligente\" width=\"596\" height=\"595\" srcset=\"https:\/\/www.slsele.com\/wp-content\/uploads\/2024\/06\/171\u4ea7\u54c1\u8be6\u60c5\u56fe1_\u7ed3\u679c.webp 596w, https:\/\/www.slsele.com\/wp-content\/uploads\/2024\/06\/171\u4ea7\u54c1\u8be6\u60c5\u56fe1_\u7ed3\u679c-300x300.webp 300w, https:\/\/www.slsele.com\/wp-content\/uploads\/2024\/06\/171\u4ea7\u54c1\u8be6\u60c5\u56fe1_\u7ed3\u679c-150x150.webp 150w, https:\/\/www.slsele.com\/wp-content\/uploads\/2024\/06\/171\u4ea7\u54c1\u8be6\u60c5\u56fe1_\u7ed3\u679c-12x12.webp 12w, https:\/\/www.slsele.com\/wp-content\/uploads\/2024\/06\/171\u4ea7\u54c1\u8be6\u60c5\u56fe1_\u7ed3\u679c-570x570.webp 570w, https:\/\/www.slsele.com\/wp-content\/uploads\/2024\/06\/171\u4ea7\u54c1\u8be6\u60c5\u56fe1_\u7ed3\u679c-500x500.webp 500w, https:\/\/www.slsele.com\/wp-content\/uploads\/2024\/06\/171\u4ea7\u54c1\u8be6\u60c5\u56fe1_\u7ed3\u679c-100x100.webp 100w, https:\/\/www.slsele.com\/wp-content\/uploads\/2024\/06\/171\u4ea7\u54c1\u8be6\u60c5\u56fe1_\u7ed3\u679c-50x50.webp 50w\" sizes=\"auto, (max-width: 596px) 100vw, 596px\" \/> <img loading=\"lazy\" decoding=\"async\" class=\"aligncenter size-full wp-image-2100\" src=\"https:\/\/slsele.com\/wp-content\/uploads\/2024\/06\/171\u4ea7\u54c1\u8be6\u60c5\u56fe2_\u7ed3\u679c.webp\" alt=\"Control de voz del interruptor de luz del atenuador inteligente con Alexa\" width=\"860\" height=\"860\" srcset=\"https:\/\/www.slsele.com\/wp-content\/uploads\/2024\/06\/171\u4ea7\u54c1\u8be6\u60c5\u56fe2_\u7ed3\u679c.webp 860w, https:\/\/www.slsele.com\/wp-content\/uploads\/2024\/06\/171\u4ea7\u54c1\u8be6\u60c5\u56fe2_\u7ed3\u679c-300x300.webp 300w, https:\/\/www.slsele.com\/wp-content\/uploads\/2024\/06\/171\u4ea7\u54c1\u8be6\u60c5\u56fe2_\u7ed3\u679c-150x150.webp 150w, https:\/\/www.slsele.com\/wp-content\/uploads\/2024\/06\/171\u4ea7\u54c1\u8be6\u60c5\u56fe2_\u7ed3\u679c-768x768.webp 768w, https:\/\/www.slsele.com\/wp-content\/uploads\/2024\/06\/171\u4ea7\u54c1\u8be6\u60c5\u56fe2_\u7ed3\u679c-12x12.webp 12w, https:\/\/www.slsele.com\/wp-content\/uploads\/2024\/06\/171\u4ea7\u54c1\u8be6\u60c5\u56fe2_\u7ed3\u679c-570x570.webp 570w, https:\/\/www.slsele.com\/wp-content\/uploads\/2024\/06\/171\u4ea7\u54c1\u8be6\u60c5\u56fe2_\u7ed3\u679c-500x500.webp 500w, https:\/\/www.slsele.com\/wp-content\/uploads\/2024\/06\/171\u4ea7\u54c1\u8be6\u60c5\u56fe2_\u7ed3\u679c-700x700.webp 700w, https:\/\/www.slsele.com\/wp-content\/uploads\/2024\/06\/171\u4ea7\u54c1\u8be6\u60c5\u56fe2_\u7ed3\u679c-600x600.webp 600w, https:\/\/www.slsele.com\/wp-content\/uploads\/2024\/06\/171\u4ea7\u54c1\u8be6\u60c5\u56fe2_\u7ed3\u679c-100x100.webp 100w, https:\/\/www.slsele.com\/wp-content\/uploads\/2024\/06\/171\u4ea7\u54c1\u8be6\u60c5\u56fe2_\u7ed3\u679c-50x50.webp 50w\" sizes=\"auto, (max-width: 860px) 100vw, 860px\" \/> <img loading=\"lazy\" decoding=\"async\" class=\"aligncenter size-full wp-image-2101\" src=\"https:\/\/slsele.com\/wp-content\/uploads\/2024\/06\/171\u4ea7\u54c1\u8be6\u60c5\u56fe3_\u7ed3\u679c.webp\" alt=\"Regulador de intensidad inteligente para luces LED regulable de 0 a 100%\" width=\"1000\" height=\"1000\" srcset=\"https:\/\/www.slsele.com\/wp-content\/uploads\/2024\/06\/171\u4ea7\u54c1\u8be6\u60c5\u56fe3_\u7ed3\u679c.webp 1000w, https:\/\/www.slsele.com\/wp-content\/uploads\/2024\/06\/171\u4ea7\u54c1\u8be6\u60c5\u56fe3_\u7ed3\u679c-300x300.webp 300w, https:\/\/www.slsele.com\/wp-content\/uploads\/2024\/06\/171\u4ea7\u54c1\u8be6\u60c5\u56fe3_\u7ed3\u679c-150x150.webp 150w, https:\/\/www.slsele.com\/wp-content\/uploads\/2024\/06\/171\u4ea7\u54c1\u8be6\u60c5\u56fe3_\u7ed3\u679c-768x768.webp 768w, https:\/\/www.slsele.com\/wp-content\/uploads\/2024\/06\/171\u4ea7\u54c1\u8be6\u60c5\u56fe3_\u7ed3\u679c-12x12.webp 12w, https:\/\/www.slsele.com\/wp-content\/uploads\/2024\/06\/171\u4ea7\u54c1\u8be6\u60c5\u56fe3_\u7ed3\u679c-570x570.webp 570w, https:\/\/www.slsele.com\/wp-content\/uploads\/2024\/06\/171\u4ea7\u54c1\u8be6\u60c5\u56fe3_\u7ed3\u679c-500x500.webp 500w, https:\/\/www.slsele.com\/wp-content\/uploads\/2024\/06\/171\u4ea7\u54c1\u8be6\u60c5\u56fe3_\u7ed3\u679c-700x700.webp 700w, https:\/\/www.slsele.com\/wp-content\/uploads\/2024\/06\/171\u4ea7\u54c1\u8be6\u60c5\u56fe3_\u7ed3\u679c-600x600.webp 600w, https:\/\/www.slsele.com\/wp-content\/uploads\/2024\/06\/171\u4ea7\u54c1\u8be6\u60c5\u56fe3_\u7ed3\u679c-100x100.webp 100w, https:\/\/www.slsele.com\/wp-content\/uploads\/2024\/06\/171\u4ea7\u54c1\u8be6\u60c5\u56fe3_\u7ed3\u679c-50x50.webp 50w\" sizes=\"auto, (max-width: 1000px) 100vw, 1000px\" \/> <img loading=\"lazy\" decoding=\"async\" class=\"aligncenter size-full wp-image-2102\" src=\"https:\/\/slsele.com\/wp-content\/uploads\/2024\/06\/171\u4ea7\u54c1\u8be6\u60c5\u56fe4_\u7ed3\u679c.webp\" alt=\"Atenuador interruptor de luz inteligente funci\u00f3n de compartir familia\" width=\"1000\" height=\"1000\" srcset=\"https:\/\/www.slsele.com\/wp-content\/uploads\/2024\/06\/171\u4ea7\u54c1\u8be6\u60c5\u56fe4_\u7ed3\u679c.webp 1000w, https:\/\/www.slsele.com\/wp-content\/uploads\/2024\/06\/171\u4ea7\u54c1\u8be6\u60c5\u56fe4_\u7ed3\u679c-300x300.webp 300w, https:\/\/www.slsele.com\/wp-content\/uploads\/2024\/06\/171\u4ea7\u54c1\u8be6\u60c5\u56fe4_\u7ed3\u679c-150x150.webp 150w, https:\/\/www.slsele.com\/wp-content\/uploads\/2024\/06\/171\u4ea7\u54c1\u8be6\u60c5\u56fe4_\u7ed3\u679c-768x768.webp 768w, https:\/\/www.slsele.com\/wp-content\/uploads\/2024\/06\/171\u4ea7\u54c1\u8be6\u60c5\u56fe4_\u7ed3\u679c-12x12.webp 12w, https:\/\/www.slsele.com\/wp-content\/uploads\/2024\/06\/171\u4ea7\u54c1\u8be6\u60c5\u56fe4_\u7ed3\u679c-570x570.webp 570w, https:\/\/www.slsele.com\/wp-content\/uploads\/2024\/06\/171\u4ea7\u54c1\u8be6\u60c5\u56fe4_\u7ed3\u679c-500x500.webp 500w, https:\/\/www.slsele.com\/wp-content\/uploads\/2024\/06\/171\u4ea7\u54c1\u8be6\u60c5\u56fe4_\u7ed3\u679c-700x700.webp 700w, https:\/\/www.slsele.com\/wp-content\/uploads\/2024\/06\/171\u4ea7\u54c1\u8be6\u60c5\u56fe4_\u7ed3\u679c-600x600.webp 600w, https:\/\/www.slsele.com\/wp-content\/uploads\/2024\/06\/171\u4ea7\u54c1\u8be6\u60c5\u56fe4_\u7ed3\u679c-100x100.webp 100w, https:\/\/www.slsele.com\/wp-content\/uploads\/2024\/06\/171\u4ea7\u54c1\u8be6\u60c5\u56fe4_\u7ed3\u679c-50x50.webp 50w\" sizes=\"auto, (max-width: 1000px) 100vw, 1000px\" \/> <img loading=\"lazy\" decoding=\"async\" class=\"aligncenter size-full wp-image-2103\" src=\"https:\/\/slsele.com\/wp-content\/uploads\/2024\/06\/171\u4ea7\u54c1\u8be6\u60c5\u56fe5_\u7ed3\u679c.webp\" alt=\"Caja de embalaje de interruptores de luz con atenuador inteligente: 1 pieza de interruptor, 1 pieza de manual, 2 piezas de tornillos\" width=\"800\" height=\"800\" srcset=\"https:\/\/www.slsele.com\/wp-content\/uploads\/2024\/06\/171\u4ea7\u54c1\u8be6\u60c5\u56fe5_\u7ed3\u679c.webp 800w, https:\/\/www.slsele.com\/wp-content\/uploads\/2024\/06\/171\u4ea7\u54c1\u8be6\u60c5\u56fe5_\u7ed3\u679c-300x300.webp 300w, https:\/\/www.slsele.com\/wp-content\/uploads\/2024\/06\/171\u4ea7\u54c1\u8be6\u60c5\u56fe5_\u7ed3\u679c-150x150.webp 150w, https:\/\/www.slsele.com\/wp-content\/uploads\/2024\/06\/171\u4ea7\u54c1\u8be6\u60c5\u56fe5_\u7ed3\u679c-768x768.webp 768w, https:\/\/www.slsele.com\/wp-content\/uploads\/2024\/06\/171\u4ea7\u54c1\u8be6\u60c5\u56fe5_\u7ed3\u679c-12x12.webp 12w, https:\/\/www.slsele.com\/wp-content\/uploads\/2024\/06\/171\u4ea7\u54c1\u8be6\u60c5\u56fe5_\u7ed3\u679c-570x570.webp 570w, https:\/\/www.slsele.com\/wp-content\/uploads\/2024\/06\/171\u4ea7\u54c1\u8be6\u60c5\u56fe5_\u7ed3\u679c-500x500.webp 500w, https:\/\/www.slsele.com\/wp-content\/uploads\/2024\/06\/171\u4ea7\u54c1\u8be6\u60c5\u56fe5_\u7ed3\u679c-700x700.webp 700w, https:\/\/www.slsele.com\/wp-content\/uploads\/2024\/06\/171\u4ea7\u54c1\u8be6\u60c5\u56fe5_\u7ed3\u679c-600x600.webp 600w, https:\/\/www.slsele.com\/wp-content\/uploads\/2024\/06\/171\u4ea7\u54c1\u8be6\u60c5\u56fe5_\u7ed3\u679c-100x100.webp 100w, https:\/\/www.slsele.com\/wp-content\/uploads\/2024\/06\/171\u4ea7\u54c1\u8be6\u60c5\u56fe5_\u7ed3\u679c-50x50.webp 50w\" sizes=\"auto, (max-width: 800px) 100vw, 800px\" \/><!--more--><\/p>\n<h3 style=\"text-align: left; font-size: 20px;\"><strong>Caracter\u00edsticas<\/strong><\/h3>\n<ol>\n<li style=\"text-align: left;\"><strong>Control t\u00e1ctil capacitivo<\/strong>: El nuevo dise\u00f1o de regulador de luz inteligente le permite encender\/apagar y ajustar el brillo de la luz con un solo toque.<\/li>\n<li style=\"text-align: left;\"><strong>Panel de vidrio resistente a los ara\u00f1azos<\/strong>: Equipado con una pantalla t\u00e1ctil de cristal templado que se integra perfectamente en cualquier dise\u00f1o de pared para ofrecer un aspecto elegante y moderno.<\/li>\n<li style=\"text-align: left;\"><strong>Respuesta t\u00e1ctil r\u00e1pida<\/strong>: La avanzada tecnolog\u00eda t\u00e1ctil con una velocidad de respuesta de 100 ms proporciona una experiencia de usuario fluida y sensible.<\/li>\n<li style=\"text-align: left;\"><strong>0%-100% Regulable<\/strong>: Ajusta f\u00e1cilmente el brillo de 0% a 100% mediante comandos de voz, la App Smart Life\/Tuya o manualmente usando el panel t\u00e1ctil.<\/li>\n<li style=\"text-align: left;\"><strong>Compatibilidad con control por voz<\/strong>: Funciona con Alexa y Google Home para el control de voz manos libres de tus luces.<\/li>\n<li style=\"text-align: left;\"><strong>Control remoto inal\u00e1mbrico<\/strong>: Utiliza la aplicaci\u00f3n Smart Life\/Tuya para controlar tus luces a distancia desde cualquier lugar y en cualquier momento.<\/li>\n<li style=\"text-align: left;\"><strong>Memoria de estado del rel\u00e9 ON\/OFF<\/strong>: Recuerda el \u00faltimo estado de encendido, incluso despu\u00e9s de un corte de corriente, para restaurar tus ajustes preferidos.<\/li>\n<li style=\"text-align: left;\"><strong>Ajuste del interruptor de la luz de fondo<\/strong>: Personaliza la retroiluminaci\u00f3n del panel t\u00e1ctil seg\u00fan tus preferencias a trav\u00e9s de la app.<\/li>\n<li style=\"text-align: left;\"><strong>Programaci\u00f3n del temporizador y cuenta atr\u00e1s<\/strong>: Establezca horarios y temporizadores de cuenta atr\u00e1s (1 min\/5 min\/30 min\/1 hora, etc.) para el control autom\u00e1tico de la luz en los d\u00edas seleccionados (de lunes a domingo).<\/li>\n<li style=\"text-align: left;\"><strong>Compartir en familia<\/strong>: Comparte el control con familiares o amigos para mayor comodidad.<\/li>\n<li style=\"text-align: left;\"><strong>No necesita cubo<\/strong>: Controla las luces directamente a trav\u00e9s de la aplicaci\u00f3n Smart Life\/Tuya sin necesidad de un concentrador independiente.<\/li>\n<li style=\"text-align: left;\"><strong>Emparejamiento WiFi y Bluetooth de 2,4 GHz<\/strong>: S\u00f3lo admite redes de 2,4 GHz con Bluetooth integrado para facilitar el emparejamiento de dispositivos.<\/li>\n<li style=\"text-align: left;\"><strong>Garant\u00eda total de 2 a\u00f1os<\/strong>: Disfruta de una garant\u00eda completa de 2 a\u00f1os en todos los dispositivos inteligentes SLS para mayor tranquilidad.<\/li>\n<\/ol>\n<h3 style=\"text-align: left; font-size: 20px;\"><strong>Especificaciones<\/strong><\/h3>\n<p style=\"text-align: left;\">Dimensi\u00f3n: <strong>86*86*39mm<\/strong><\/p>\n<p style=\"text-align: left;\">Voltaje de funcionamiento CA: 110-240 V\/50 Hz ~ 60 Hz.<\/p>\n<p style=\"text-align: left;\">Temperatura: -20 \u2103 -70 \u2103<\/p>\n<p style=\"text-align: left;\">Control de voz: <strong>Google Hogar y Alexa<\/strong><\/p>\n<p style=\"text-align: left;\">Aplicaci\u00f3n para tel\u00e9fono inteligente: aplicaci\u00f3n Tuya y aplicaci\u00f3n Smart Life<\/p>\n<p style=\"text-align: left;\">Carga nominal: <strong>1800W\/cuadrilla<\/strong><\/p>\n<p style=\"text-align: left;\">Toda la vida: m\u00e1s de 100.000 veces<\/p>\n<p style=\"text-align: left;\">Garant\u00eda: 2 a\u00f1os<\/p>","protected":false},"excerpt":{"rendered":"<p>Con el atenuador de luz inteligente, puede ajustar el brillo del LED en su interruptor a trav\u00e9s de la funci\u00f3n de control de nuestra aplicaci\u00f3n.<\/p>","protected":false},"featured_media":2098,"comment_status":"open","ping_status":"closed","template":"","meta":[],"product_brand":[],"product_cat":[15,24],"product_tag":[],"class_list":{"0":"post-1451","1":"product","2":"type-product","3":"status-publish","4":"has-post-thumbnail","6":"product_cat-smart-switch","7":"product_cat-eu-smart-dimmer-switch","9":"first","10":"instock","11":"shipping-taxable","12":"purchasable","13":"product-type-simple"},"_links":{"self":[{"href":"https:\/\/www.slsele.com\/es\/wp-json\/wp\/v2\/product\/1451","targetHints":{"allow":["GET"]}}],"collection":[{"href":"https:\/\/www.slsele.com\/es\/wp-json\/wp\/v2\/product"}],"about":[{"href":"https:\/\/www.slsele.com\/es\/wp-json\/wp\/v2\/types\/product"}],"replies":[{"embeddable":true,"href":"https:\/\/www.slsele.com\/es\/wp-json\/wp\/v2\/comments?post=1451"}],"wp:featuredmedia":[{"embeddable":true,"href":"https:\/\/www.slsele.com\/es\/wp-json\/wp\/v2\/media\/2098"}],"wp:attachment":[{"href":"https:\/\/www.slsele.com\/es\/wp-json\/wp\/v2\/media?parent=1451"}],"wp:term":[{"taxonomy":"product_brand","embeddable":true,"href":"https:\/\/www.slsele.com\/es\/wp-json\/wp\/v2\/product_brand?post=1451"},{"taxonomy":"product_cat","embeddable":true,"href":"https:\/\/www.slsele.com\/es\/wp-json\/wp\/v2\/product_cat?post=1451"},{"taxonomy":"product_tag","embeddable":true,"href":"https:\/\/www.slsele.com\/es\/wp-json\/wp\/v2\/product_tag?post=1451"}],"curies":[{"name":"wp","href":"https:\/\/api.w.org\/{rel}","templated":true}]}}