{"id":1427,"date":"2024-05-07T16:51:45","date_gmt":"2024-05-07T08:51:45","guid":{"rendered":"https:\/\/slsele.com\/?post_type=product&#038;p=1427"},"modified":"2024-12-17T16:07:32","modified_gmt":"2024-12-17T08:07:32","slug":"us-smart-switch-zigbee-touchscreen","status":"publish","type":"product","link":"https:\/\/www.slsele.com\/es\/producto\/us-smart-switch-zigbee-touchscreen\/","title":{"rendered":"SLS US Smart Switch Zigbee pantalla t\u00e1ctil con\/sin cable neutro"},"content":{"rendered":"<h2 style=\"text-align: center; font-size: 25px;\"><strong>SLS US Smart Switch Zigbee pantalla t\u00e1ctil con\/sin cable neutro<\/strong><\/h2>\n<h3 style=\"text-align: left; font-size: 20px;\"><strong>Descripci\u00f3n<\/strong><\/h3>\n<p style=\"text-align: left;\">Presentamos nuestra \u00faltima serie de interruptores inteligentes Zigbee, dise\u00f1ados para satisfacer diversas necesidades del hogar sin problemas. Nuestros dise\u00f1os innovadores <strong>atender tanto al cable neutro como al cable vivo \u00fanico<\/strong> configuraciones dentro de un solo panel de interruptores, lo que garantiza flexibilidad en la instalaci\u00f3n. Disfrute de un funcionamiento sin ruidos con nuestra versi\u00f3n actualizada, <strong>eliminando la necesidad de condensadores<\/strong>. Para una funcionalidad \u00f3ptima, nuestros interruptores <strong>Requiere un concentrador Tuya Zigbee<\/strong>, garantizando compatibilidad con una amplia gama de dispositivos inteligentes Tuya.<\/p>\n<p>&nbsp;<\/p>\n<p style=\"text-align: left;\">Mejore el control de iluminaci\u00f3n de su hogar con nuestro enfoque revolucionario para circuitos de 2\/3 v\u00edas, que permite <strong>asociaciones de control m\u00faltiple con otros interruptores inteligentes<\/strong> a trav\u00e9s de nuestra aplicaci\u00f3n intuitiva. Experimente la comodidad de recordar el estado del rel\u00e9 ON\/OFF durante las interrupciones de energ\u00eda y ajuste la configuraci\u00f3n de la retroiluminaci\u00f3n para una mejor calidad del sue\u00f1o con facilidad. Nuestros interruptores inteligentes zigbee cuentan con controles t\u00e1ctiles capacitivos en paneles de vidrio resistentes a rayones, que combinan a la perfecci\u00f3n con cualquier decoraci\u00f3n.<\/p>\n<p>&nbsp;<\/p>\n<p style=\"text-align: left;\">Distinguido por su versatilidad, nuestro interruptor inteligente Zigbee admite controles mediante aplicaciones, tacto y voz, lo que garantiza una gesti\u00f3n sin esfuerzo de sus preferencias de iluminaci\u00f3n. <strong>Compatible con Alexa, Google Home y Yandex<\/strong>, disfrute del funcionamiento con manos libres y administre dispositivos de forma remota a trav\u00e9s de la aplicaci\u00f3n Smart Life\/Tuya. Aproveche los temporizadores, horarios y cuentas regresivas personalizables para optimizar el uso de energ\u00eda. Comparta el acceso con familiares y amigos para mayor comodidad.<\/p>\n<p>&nbsp;<\/p>\n<p style=\"text-align: left;\">Tenga la seguridad del sencillo proceso de instalaci\u00f3n de nuestro producto, dise\u00f1ado espec\u00edficamente para redes 2.4G. Respaldado por una completa <strong>Garant\u00eda de 2 a\u00f1os y garant\u00eda de reembolso de 60 d\u00edas<\/strong>Nuestra serie de interruptores inteligentes Zigbee promete satisfacci\u00f3n y tranquilidad para sus necesidades de automatizaci\u00f3n del hogar.<\/p>\n<p><img loading=\"lazy\" decoding=\"async\" class=\"aligncenter wp-image-4509 size-full\" src=\"https:\/\/www.slsele.com\/wp-content\/uploads\/2024\/12\/1211ZC\u8be6\u60c5\u56fe1.webp\" alt=\"El interruptor inteligente zigbee se conecta con la puerta de enlace zigbee y la aplicaci\u00f3n\" width=\"1001\" height=\"1001\" srcset=\"https:\/\/www.slsele.com\/wp-content\/uploads\/2024\/12\/1211ZC\u8be6\u60c5\u56fe1.webp 1001w, https:\/\/www.slsele.com\/wp-content\/uploads\/2024\/12\/1211ZC\u8be6\u60c5\u56fe1-300x300.webp 300w, https:\/\/www.slsele.com\/wp-content\/uploads\/2024\/12\/1211ZC\u8be6\u60c5\u56fe1-150x150.webp 150w, https:\/\/www.slsele.com\/wp-content\/uploads\/2024\/12\/1211ZC\u8be6\u60c5\u56fe1-768x768.webp 768w, https:\/\/www.slsele.com\/wp-content\/uploads\/2024\/12\/1211ZC\u8be6\u60c5\u56fe1-12x12.webp 12w, https:\/\/www.slsele.com\/wp-content\/uploads\/2024\/12\/1211ZC\u8be6\u60c5\u56fe1-570x570.webp 570w, https:\/\/www.slsele.com\/wp-content\/uploads\/2024\/12\/1211ZC\u8be6\u60c5\u56fe1-500x500.webp 500w, https:\/\/www.slsele.com\/wp-content\/uploads\/2024\/12\/1211ZC\u8be6\u60c5\u56fe1-700x700.webp 700w, https:\/\/www.slsele.com\/wp-content\/uploads\/2024\/12\/1211ZC\u8be6\u60c5\u56fe1-600x600.webp 600w, https:\/\/www.slsele.com\/wp-content\/uploads\/2024\/12\/1211ZC\u8be6\u60c5\u56fe1-100x100.webp 100w, https:\/\/www.slsele.com\/wp-content\/uploads\/2024\/12\/1211ZC\u8be6\u60c5\u56fe1-50x50.webp 50w\" sizes=\"auto, (max-width: 1001px) 100vw, 1001px\" \/> <img loading=\"lazy\" decoding=\"async\" class=\"aligncenter wp-image-4510 size-full\" src=\"https:\/\/www.slsele.com\/wp-content\/uploads\/2024\/12\/1211ZC\u8be6\u60c5\u56fe2.webp\" alt=\"interruptor inteligente zigbee control de voz manos libres\" width=\"1001\" height=\"1001\" srcset=\"https:\/\/www.slsele.com\/wp-content\/uploads\/2024\/12\/1211ZC\u8be6\u60c5\u56fe2.webp 1001w, https:\/\/www.slsele.com\/wp-content\/uploads\/2024\/12\/1211ZC\u8be6\u60c5\u56fe2-300x300.webp 300w, https:\/\/www.slsele.com\/wp-content\/uploads\/2024\/12\/1211ZC\u8be6\u60c5\u56fe2-150x150.webp 150w, https:\/\/www.slsele.com\/wp-content\/uploads\/2024\/12\/1211ZC\u8be6\u60c5\u56fe2-768x768.webp 768w, https:\/\/www.slsele.com\/wp-content\/uploads\/2024\/12\/1211ZC\u8be6\u60c5\u56fe2-12x12.webp 12w, https:\/\/www.slsele.com\/wp-content\/uploads\/2024\/12\/1211ZC\u8be6\u60c5\u56fe2-570x570.webp 570w, https:\/\/www.slsele.com\/wp-content\/uploads\/2024\/12\/1211ZC\u8be6\u60c5\u56fe2-500x500.webp 500w, https:\/\/www.slsele.com\/wp-content\/uploads\/2024\/12\/1211ZC\u8be6\u60c5\u56fe2-700x700.webp 700w, https:\/\/www.slsele.com\/wp-content\/uploads\/2024\/12\/1211ZC\u8be6\u60c5\u56fe2-600x600.webp 600w, https:\/\/www.slsele.com\/wp-content\/uploads\/2024\/12\/1211ZC\u8be6\u60c5\u56fe2-100x100.webp 100w, https:\/\/www.slsele.com\/wp-content\/uploads\/2024\/12\/1211ZC\u8be6\u60c5\u56fe2-50x50.webp 50w\" sizes=\"auto, (max-width: 1001px) 100vw, 1001px\" \/> <img loading=\"lazy\" decoding=\"async\" class=\"aligncenter wp-image-4511 size-full\" src=\"https:\/\/www.slsele.com\/wp-content\/uploads\/2024\/12\/1211ZC\u8be6\u60c5\u56fe3.webp\" alt=\"funci\u00f3n de intercambio familiar zigbee de interruptor inteligente\" width=\"1001\" height=\"1001\" srcset=\"https:\/\/www.slsele.com\/wp-content\/uploads\/2024\/12\/1211ZC\u8be6\u60c5\u56fe3.webp 1001w, https:\/\/www.slsele.com\/wp-content\/uploads\/2024\/12\/1211ZC\u8be6\u60c5\u56fe3-300x300.webp 300w, https:\/\/www.slsele.com\/wp-content\/uploads\/2024\/12\/1211ZC\u8be6\u60c5\u56fe3-150x150.webp 150w, https:\/\/www.slsele.com\/wp-content\/uploads\/2024\/12\/1211ZC\u8be6\u60c5\u56fe3-768x768.webp 768w, https:\/\/www.slsele.com\/wp-content\/uploads\/2024\/12\/1211ZC\u8be6\u60c5\u56fe3-12x12.webp 12w, https:\/\/www.slsele.com\/wp-content\/uploads\/2024\/12\/1211ZC\u8be6\u60c5\u56fe3-570x570.webp 570w, https:\/\/www.slsele.com\/wp-content\/uploads\/2024\/12\/1211ZC\u8be6\u60c5\u56fe3-500x500.webp 500w, https:\/\/www.slsele.com\/wp-content\/uploads\/2024\/12\/1211ZC\u8be6\u60c5\u56fe3-700x700.webp 700w, https:\/\/www.slsele.com\/wp-content\/uploads\/2024\/12\/1211ZC\u8be6\u60c5\u56fe3-600x600.webp 600w, https:\/\/www.slsele.com\/wp-content\/uploads\/2024\/12\/1211ZC\u8be6\u60c5\u56fe3-100x100.webp 100w, https:\/\/www.slsele.com\/wp-content\/uploads\/2024\/12\/1211ZC\u8be6\u60c5\u56fe3-50x50.webp 50w\" sizes=\"auto, (max-width: 1001px) 100vw, 1001px\" \/><\/p>\n<h3 style=\"text-align: left; font-size: 20px;\"><strong>Alambrado<\/strong><\/h3>\n<p><img loading=\"lazy\" decoding=\"async\" class=\"aligncenter wp-image-4512 size-full\" src=\"https:\/\/www.slsele.com\/wp-content\/uploads\/2024\/12\/1211ZC\u8be6\u60c5\u56fe4.webp\" alt=\"Interruptor inteligente Zigbee sin condensador, compatible con configuraciones de cable neutro y cable vivo \u00fanico. Compatible con Alexa y Google Home para control remoto a trav\u00e9s de la aplicaci\u00f3n Tuya.\" width=\"1001\" height=\"1001\" srcset=\"https:\/\/www.slsele.com\/wp-content\/uploads\/2024\/12\/1211ZC\u8be6\u60c5\u56fe4.webp 1001w, https:\/\/www.slsele.com\/wp-content\/uploads\/2024\/12\/1211ZC\u8be6\u60c5\u56fe4-300x300.webp 300w, https:\/\/www.slsele.com\/wp-content\/uploads\/2024\/12\/1211ZC\u8be6\u60c5\u56fe4-150x150.webp 150w, https:\/\/www.slsele.com\/wp-content\/uploads\/2024\/12\/1211ZC\u8be6\u60c5\u56fe4-768x768.webp 768w, https:\/\/www.slsele.com\/wp-content\/uploads\/2024\/12\/1211ZC\u8be6\u60c5\u56fe4-12x12.webp 12w, https:\/\/www.slsele.com\/wp-content\/uploads\/2024\/12\/1211ZC\u8be6\u60c5\u56fe4-570x570.webp 570w, https:\/\/www.slsele.com\/wp-content\/uploads\/2024\/12\/1211ZC\u8be6\u60c5\u56fe4-500x500.webp 500w, https:\/\/www.slsele.com\/wp-content\/uploads\/2024\/12\/1211ZC\u8be6\u60c5\u56fe4-700x700.webp 700w, https:\/\/www.slsele.com\/wp-content\/uploads\/2024\/12\/1211ZC\u8be6\u60c5\u56fe4-600x600.webp 600w, https:\/\/www.slsele.com\/wp-content\/uploads\/2024\/12\/1211ZC\u8be6\u60c5\u56fe4-100x100.webp 100w, https:\/\/www.slsele.com\/wp-content\/uploads\/2024\/12\/1211ZC\u8be6\u60c5\u56fe4-50x50.webp 50w\" sizes=\"auto, (max-width: 1001px) 100vw, 1001px\" \/><\/p>\n<h3 style=\"font-size: 20px; text-align: left;\"><strong>Caracter\u00edsticas<\/strong><\/h3>\n<p style=\"text-align: left;\"><strong>1. Opciones de cableado vers\u00e1tiles<\/strong><\/p>\n<ul style=\"text-align: left;\">\n<li>El nuevo dise\u00f1o admite cable neutro y cable vivo \u00fanico en un solo panel.<\/li>\n<li>No se requiere cable neutro para la versi\u00f3n con un solo cable vivo.<\/li>\n<li>Opci\u00f3n de cablear neutro cuando sea necesario; Sin condensadores para un funcionamiento m\u00e1s silencioso.<\/li>\n<li>Requiere concentrador Tuya Zigbee para una compatibilidad \u00f3ptima.<\/li>\n<\/ul>\n<p style=\"text-align: left;\"><strong>2.Funciones avanzadas de control m\u00faltiple<\/strong><\/p>\n<ul style=\"text-align: left;\">\n<li>Innovador concepto de circuito de 2\/3 v\u00edas para un control de iluminaci\u00f3n flexible.<\/li>\n<li>Asociaci\u00f3n multicontrol con otros interruptores inteligentes mediante aplicaci\u00f3n.<\/li>\n<li>El rel\u00e9 ON\/OFF recuerda el \u00faltimo estado; Configuraciones de retroiluminaci\u00f3n personalizables.<\/li>\n<li>Control t\u00e1ctil capacitivo y panel de cristal resistente a ara\u00f1azos.<\/li>\n<\/ul>\n<p style=\"text-align: left;\"><strong>3.Opciones de control inteligente<\/strong><\/p>\n<ul style=\"text-align: left;\">\n<li>Ofrece control por aplicaci\u00f3n, t\u00e1ctil y por voz para un uso vers\u00e1til.<\/li>\n<li>Permite el control m\u00faltiple con otros interruptores inteligentes para circuitos de 2\/3 v\u00edas.<\/li>\n<\/ul>\n<p style=\"text-align: left;\"><strong>4.Control por voz y gesti\u00f3n remota<\/strong><\/p>\n<ul style=\"text-align: left;\">\n<li>Compatible con Alexa, Google Home y Yandex para comandos de voz.<\/li>\n<li>Control remoto a trav\u00e9s de la aplicaci\u00f3n Smart Life\/Tuya con funciones de programaci\u00f3n.<\/li>\n<li>Los temporizadores, horarios y cuentas regresivas mejoran la gesti\u00f3n de los electrodom\u00e9sticos.<\/li>\n<li>Comparta el acceso con familiares y amigos para mayor comodidad.<\/li>\n<\/ul>\n<p style=\"text-align: left;\"><strong>5.Compatibilidad de red y garant\u00eda<\/strong><\/p>\n<ul>\n<li style=\"text-align: left;\">Admite red 2,4G; Garantiza compatibilidad y estabilidad.<\/li>\n<li style=\"text-align: left;\">Incluye garant\u00eda completa de 2 a\u00f1os y garant\u00eda de reembolso de 60 d\u00edas.<\/li>\n<\/ul>\n<h3 style=\"text-align: left; font-size: 20px;\"><strong>Especificaciones<\/strong><\/h3>\n<p style=\"text-align: left;\">Est\u00e1ndar del producto: est\u00e1ndar de EE. UU.<br \/>\nDimensiones del producto: 118*72*35mm<br \/>\nVoltaje de funcionamiento: interruptor inteligente con neutro: AC100V-240V(50\/60Hz); interruptor inteligente sin neutro: 220-240V<br \/>\nPotencia nominal: 3-300W para 110V; 3-600W para 220V<br \/>\nCorriente de trabajo: 10A m\u00e1x.<br \/>\nProtocolo inal\u00e1mbrico: Zigbee<br \/>\nMaterial del panel: PC+Panel de vidrio templado<br \/>\nCertificaci\u00f3n: CE, ROHS<\/p>\n<h3 style=\"text-align: left; font-size: 20px;\"><strong>Preguntas m\u00e1s frecuentes<\/strong><\/h3>\n<p style=\"text-align: left;\">Q1: \u00bfPuedo usar mi <strong>Centro de cosas inteligentes<\/strong> \u00bfC\u00f3mo conectar con el interruptor inteligente Zigbee?<br \/>\nR1: No, se requiere el concentrador Tuya ZigBee 3.0 para el uso normal de este m\u00f3dulo, que presenta mucha m\u00e1s compatibilidad con dispositivos ZigBee que otros concentradores en una aplicaci\u00f3n Smart Life para muchos enlaces inteligentes. Simplemente no podemos confirmar la mala compatibilidad de otros concentradores con nuestros dispositivos ZigBee.<\/p>\n<p style=\"text-align: left;\">P2: \u00bfPuedo usar mi <strong>Phillips Hue<\/strong> para conectar con el interruptor?<br \/>\nR2: No, se requiere el concentrador Tuya ZigBee 3.0 para el uso normal de este m\u00f3dulo, que presenta mucha m\u00e1s compatibilidad con dispositivos ZigBee que otros concentradores en una aplicaci\u00f3n Smart Life para muchos enlaces inteligentes. Simplemente no podemos confirmar la mala compatibilidad de otros concentradores con nuestros dispositivos ZigBee.<\/p>\n<p style=\"text-align: left;\">P3: \u00bfPuedo <strong>programar el horario<\/strong> \u00bfm\u00ed mismo?<br \/>\nA3: S\u00ed, nuestro interruptor inteligente Zigbee es programable. Puedes programar tu horario libremente.<\/p>\n<p style=\"text-align: left;\">P4: \u00bfPuedo controlar los aparatos conectados si no estoy en casa?<br \/>\nR4: S\u00ed, despu\u00e9s de conectarlo exitosamente al concentrador, puede controlar su dispositivo usando la aplicaci\u00f3n de su tel\u00e9fono inteligente.<\/p>\n<p style=\"text-align: left;\">P5: \u00bfEsto <strong>trabajar con Google Inicio<\/strong>?<br \/>\nR5: S\u00ed, lo hace. Y tambi\u00e9n es compatible con Alexa para control por voz gratuito.<\/p>\n<p style=\"text-align: left;\">P6: \u00bfNecesito un panel de pared que combine con el interruptor?<br \/>\nA6: No, no es necesario comprarlo, ya que es un kit que incluye el interruptor inteligente Zigbee y el panel de pared.<\/p>\n<p style=\"text-align: left;\">P7: \u00bfNecesito <strong>cable con un cable neutro<\/strong>?<br \/>\nA7: Puede conectar un cable neutro o no conectarlo; no es necesario ning\u00fan condensador. El interruptor inteligente Zigbee es igual.<\/p>\n<p style=\"text-align: left;\">P8: \u00bfEst\u00e1 incluido el concentrador de puerta de enlace ZigBee en el paquete?<br \/>\nR8: No, no est\u00e1 incluido. Pero puedes adquirirlo directamente en nuestra tienda online.<\/p>\n<p><a href=\"https:\/\/slsele.com\/wp-content\/uploads\/2024\/05\/121BW\u8be6\u60c5\u56fe1.tif\" target=\"_blank\" rel=\"noopener\"><img decoding=\"async\" class=\"aligncenter size-full wp-image-1390\" src=\"https:\/\/slsele.com\/wp-content\/uploads\/2024\/05\/121BW\u8be6\u60c5\u56fe1.tif\" alt=\"\" \/><\/a><\/p>","protected":false},"excerpt":{"rendered":"<div class=\"text-title\">\n<p style=\"margin: 0cm; font-size: 18px;\"><span lang=\"EN-US\" style=\"font-family: 'Times New Roman',serif; color: #0e101a;\">La serie de interruptores inteligentes Zigbee admite configuraciones de cable neutro y de un solo cable vivo, lo que proporciona un funcionamiento sin ruido y sin condensadores. Requiere el concentrador Tuya Zigbee para una funcionalidad completa. Controla circuitos de 2\/3 v\u00edas a trav\u00e9s de la app, con memoria de rel\u00e9 ON\/OFF y retroiluminaci\u00f3n ajustable. Los controles t\u00e1ctiles capacitivos sobre cristal resistente a ara\u00f1azos son compatibles con Alexa, Google Home y Yandex para el control por voz.\u00a0\u00a0<\/span><\/p>\n<\/div>","protected":false},"featured_media":4508,"comment_status":"open","ping_status":"closed","template":"","meta":[],"product_brand":[],"product_cat":[15,25],"product_tag":[],"class_list":{"0":"post-1427","1":"product","2":"type-product","3":"status-publish","4":"has-post-thumbnail","6":"product_cat-smart-switch","7":"product_cat-us-smart-dimmer-switch","9":"first","10":"instock","11":"shipping-taxable","12":"purchasable","13":"product-type-variable"},"_links":{"self":[{"href":"https:\/\/www.slsele.com\/es\/wp-json\/wp\/v2\/product\/1427","targetHints":{"allow":["GET"]}}],"collection":[{"href":"https:\/\/www.slsele.com\/es\/wp-json\/wp\/v2\/product"}],"about":[{"href":"https:\/\/www.slsele.com\/es\/wp-json\/wp\/v2\/types\/product"}],"replies":[{"embeddable":true,"href":"https:\/\/www.slsele.com\/es\/wp-json\/wp\/v2\/comments?post=1427"}],"wp:featuredmedia":[{"embeddable":true,"href":"https:\/\/www.slsele.com\/es\/wp-json\/wp\/v2\/media\/4508"}],"wp:attachment":[{"href":"https:\/\/www.slsele.com\/es\/wp-json\/wp\/v2\/media?parent=1427"}],"wp:term":[{"taxonomy":"product_brand","embeddable":true,"href":"https:\/\/www.slsele.com\/es\/wp-json\/wp\/v2\/product_brand?post=1427"},{"taxonomy":"product_cat","embeddable":true,"href":"https:\/\/www.slsele.com\/es\/wp-json\/wp\/v2\/product_cat?post=1427"},{"taxonomy":"product_tag","embeddable":true,"href":"https:\/\/www.slsele.com\/es\/wp-json\/wp\/v2\/product_tag?post=1427"}],"curies":[{"name":"wp","href":"https:\/\/api.w.org\/{rel}","templated":true}]}}