{"id":1414,"date":"2024-05-07T16:35:49","date_gmt":"2024-05-07T08:35:49","guid":{"rendered":"https:\/\/slsele.com\/?post_type=product&#038;p=1414"},"modified":"2024-06-26T16:34:27","modified_gmt":"2024-06-26T08:34:27","slug":"eu-push-button-zigbee-smart-switch","status":"publish","type":"product","link":"https:\/\/www.slsele.com\/es\/producto\/eu-push-button-zigbee-smart-switch\/","title":{"rendered":"Pulsador de interruptor inteligente SLS EU Zigbee con\/sin cable neutro"},"content":{"rendered":"<h2 style=\"text-align: center; font-size: 25px;\"><strong>Pulsador de interruptor inteligente SLS EU Zigbee con\/sin cable neutro<\/strong><\/h2>\n<h3 style=\"text-align: left; font-size: 20px;\"><strong>Descripci\u00f3n<\/strong><\/h3>\n<p style=\"text-align: left;\">Este interruptor inteligente Zigbee con pulsador con 1\/2\/3 botones opcionales est\u00e1 equipado con el protocolo ZigBee. Puede reemplazar los interruptores tradicionales con una variedad de funciones de control inteligente. <strong>Puede conectar un cable neutro o no, y se requiere un concentrador ZigBee<\/strong>.<br \/>\nAhora, se ha agregado una nueva funci\u00f3n inteligente a la aplicaci\u00f3n Smart Life y Tuya: mapeo de control m\u00faltiple a otros interruptores inteligentes. Todos los modos de control funcionan sin problemas. El dise\u00f1o es adecuado para diferentes estilos de decoraci\u00f3n y ofrece el mejor valor.<\/p>\n<p><img loading=\"lazy\" decoding=\"async\" class=\"aligncenter size-full wp-image-1418\" src=\"https:\/\/slsele.com\/wp-content\/uploads\/2024\/05\/1021ZC\u8be6\u60c5\u56fe1.jpg\" alt=\"caracter\u00edsticas del interruptor inteligente zigbee\" width=\"1001\" height=\"1001\" srcset=\"https:\/\/www.slsele.com\/wp-content\/uploads\/2024\/05\/1021ZC\u8be6\u60c5\u56fe1.jpg 1001w, https:\/\/www.slsele.com\/wp-content\/uploads\/2024\/05\/1021ZC\u8be6\u60c5\u56fe1-300x300.jpg 300w, https:\/\/www.slsele.com\/wp-content\/uploads\/2024\/05\/1021ZC\u8be6\u60c5\u56fe1-150x150.jpg 150w, https:\/\/www.slsele.com\/wp-content\/uploads\/2024\/05\/1021ZC\u8be6\u60c5\u56fe1-768x768.jpg 768w, https:\/\/www.slsele.com\/wp-content\/uploads\/2024\/05\/1021ZC\u8be6\u60c5\u56fe1-12x12.jpg 12w, https:\/\/www.slsele.com\/wp-content\/uploads\/2024\/05\/1021ZC\u8be6\u60c5\u56fe1-570x570.jpg 570w, https:\/\/www.slsele.com\/wp-content\/uploads\/2024\/05\/1021ZC\u8be6\u60c5\u56fe1-500x500.jpg 500w, https:\/\/www.slsele.com\/wp-content\/uploads\/2024\/05\/1021ZC\u8be6\u60c5\u56fe1-700x700.jpg 700w, https:\/\/www.slsele.com\/wp-content\/uploads\/2024\/05\/1021ZC\u8be6\u60c5\u56fe1-600x600.jpg 600w, https:\/\/www.slsele.com\/wp-content\/uploads\/2024\/05\/1021ZC\u8be6\u60c5\u56fe1-100x100.jpg 100w, https:\/\/www.slsele.com\/wp-content\/uploads\/2024\/05\/1021ZC\u8be6\u60c5\u56fe1-50x50.jpg 50w\" sizes=\"auto, (max-width: 1001px) 100vw, 1001px\" \/> <img loading=\"lazy\" decoding=\"async\" class=\"aligncenter size-full wp-image-1419\" src=\"https:\/\/slsele.com\/wp-content\/uploads\/2024\/05\/1021ZC\u8be6\u60c5\u56fe2.jpg\" alt=\"El interruptor inteligente zigbee se conecta con el concentrador Tuya Zigbee 3.0\" width=\"1001\" height=\"1001\" srcset=\"https:\/\/www.slsele.com\/wp-content\/uploads\/2024\/05\/1021ZC\u8be6\u60c5\u56fe2.jpg 1001w, https:\/\/www.slsele.com\/wp-content\/uploads\/2024\/05\/1021ZC\u8be6\u60c5\u56fe2-300x300.jpg 300w, https:\/\/www.slsele.com\/wp-content\/uploads\/2024\/05\/1021ZC\u8be6\u60c5\u56fe2-150x150.jpg 150w, https:\/\/www.slsele.com\/wp-content\/uploads\/2024\/05\/1021ZC\u8be6\u60c5\u56fe2-768x768.jpg 768w, https:\/\/www.slsele.com\/wp-content\/uploads\/2024\/05\/1021ZC\u8be6\u60c5\u56fe2-12x12.jpg 12w, https:\/\/www.slsele.com\/wp-content\/uploads\/2024\/05\/1021ZC\u8be6\u60c5\u56fe2-570x570.jpg 570w, https:\/\/www.slsele.com\/wp-content\/uploads\/2024\/05\/1021ZC\u8be6\u60c5\u56fe2-500x500.jpg 500w, https:\/\/www.slsele.com\/wp-content\/uploads\/2024\/05\/1021ZC\u8be6\u60c5\u56fe2-700x700.jpg 700w, https:\/\/www.slsele.com\/wp-content\/uploads\/2024\/05\/1021ZC\u8be6\u60c5\u56fe2-600x600.jpg 600w, https:\/\/www.slsele.com\/wp-content\/uploads\/2024\/05\/1021ZC\u8be6\u60c5\u56fe2-100x100.jpg 100w, https:\/\/www.slsele.com\/wp-content\/uploads\/2024\/05\/1021ZC\u8be6\u60c5\u56fe2-50x50.jpg 50w\" sizes=\"auto, (max-width: 1001px) 100vw, 1001px\" \/> <img loading=\"lazy\" decoding=\"async\" class=\"aligncenter size-full wp-image-1420\" src=\"https:\/\/slsele.com\/wp-content\/uploads\/2024\/05\/1021ZC\u8be6\u60c5\u56fe3.jpg\" alt=\"El interruptor inteligente zigbee se conecta con Zigbee Hub y la aplicaci\u00f3n\" width=\"1001\" height=\"1001\" srcset=\"https:\/\/www.slsele.com\/wp-content\/uploads\/2024\/05\/1021ZC\u8be6\u60c5\u56fe3.jpg 1001w, https:\/\/www.slsele.com\/wp-content\/uploads\/2024\/05\/1021ZC\u8be6\u60c5\u56fe3-300x300.jpg 300w, https:\/\/www.slsele.com\/wp-content\/uploads\/2024\/05\/1021ZC\u8be6\u60c5\u56fe3-150x150.jpg 150w, https:\/\/www.slsele.com\/wp-content\/uploads\/2024\/05\/1021ZC\u8be6\u60c5\u56fe3-768x768.jpg 768w, https:\/\/www.slsele.com\/wp-content\/uploads\/2024\/05\/1021ZC\u8be6\u60c5\u56fe3-12x12.jpg 12w, https:\/\/www.slsele.com\/wp-content\/uploads\/2024\/05\/1021ZC\u8be6\u60c5\u56fe3-570x570.jpg 570w, https:\/\/www.slsele.com\/wp-content\/uploads\/2024\/05\/1021ZC\u8be6\u60c5\u56fe3-500x500.jpg 500w, https:\/\/www.slsele.com\/wp-content\/uploads\/2024\/05\/1021ZC\u8be6\u60c5\u56fe3-700x700.jpg 700w, https:\/\/www.slsele.com\/wp-content\/uploads\/2024\/05\/1021ZC\u8be6\u60c5\u56fe3-600x600.jpg 600w, https:\/\/www.slsele.com\/wp-content\/uploads\/2024\/05\/1021ZC\u8be6\u60c5\u56fe3-100x100.jpg 100w, https:\/\/www.slsele.com\/wp-content\/uploads\/2024\/05\/1021ZC\u8be6\u60c5\u56fe3-50x50.jpg 50w\" sizes=\"auto, (max-width: 1001px) 100vw, 1001px\" \/><\/p>\n<p>&nbsp;<\/p>\n<h3 style=\"text-align: left; font-size: 20px;\"><strong>Diagrama de cableado<\/strong><\/h3>\n<p style=\"text-align: left;\">\u00bfC\u00f3mo cablear un interruptor inteligente de 2 v\u00edas? Los siguientes son pasos de cableado:<\/p>\n<p><img loading=\"lazy\" decoding=\"async\" class=\"aligncenter size-full wp-image-1422\" src=\"https:\/\/slsele.com\/wp-content\/uploads\/2024\/05\/1021ZC\u8be6\u60c5\u56fe5.jpg\" alt=\"Pasos de cableado del interruptor inteligente zigbee de 2 v\u00edas\" width=\"1001\" height=\"1001\" srcset=\"https:\/\/www.slsele.com\/wp-content\/uploads\/2024\/05\/1021ZC\u8be6\u60c5\u56fe5.jpg 1001w, https:\/\/www.slsele.com\/wp-content\/uploads\/2024\/05\/1021ZC\u8be6\u60c5\u56fe5-300x300.jpg 300w, https:\/\/www.slsele.com\/wp-content\/uploads\/2024\/05\/1021ZC\u8be6\u60c5\u56fe5-150x150.jpg 150w, https:\/\/www.slsele.com\/wp-content\/uploads\/2024\/05\/1021ZC\u8be6\u60c5\u56fe5-768x768.jpg 768w, https:\/\/www.slsele.com\/wp-content\/uploads\/2024\/05\/1021ZC\u8be6\u60c5\u56fe5-12x12.jpg 12w, https:\/\/www.slsele.com\/wp-content\/uploads\/2024\/05\/1021ZC\u8be6\u60c5\u56fe5-570x570.jpg 570w, https:\/\/www.slsele.com\/wp-content\/uploads\/2024\/05\/1021ZC\u8be6\u60c5\u56fe5-500x500.jpg 500w, https:\/\/www.slsele.com\/wp-content\/uploads\/2024\/05\/1021ZC\u8be6\u60c5\u56fe5-700x700.jpg 700w, https:\/\/www.slsele.com\/wp-content\/uploads\/2024\/05\/1021ZC\u8be6\u60c5\u56fe5-600x600.jpg 600w, https:\/\/www.slsele.com\/wp-content\/uploads\/2024\/05\/1021ZC\u8be6\u60c5\u56fe5-100x100.jpg 100w, https:\/\/www.slsele.com\/wp-content\/uploads\/2024\/05\/1021ZC\u8be6\u60c5\u56fe5-50x50.jpg 50w\" sizes=\"auto, (max-width: 1001px) 100vw, 1001px\" \/> <img loading=\"lazy\" decoding=\"async\" class=\"aligncenter size-full wp-image-1421\" src=\"https:\/\/slsele.com\/wp-content\/uploads\/2024\/05\/1021ZC\u8be6\u60c5\u56fe4.jpg\" alt=\"Pasos de cableado del interruptor inteligente zigbee de 2 v\u00edas\" width=\"1001\" height=\"1001\" srcset=\"https:\/\/www.slsele.com\/wp-content\/uploads\/2024\/05\/1021ZC\u8be6\u60c5\u56fe4.jpg 1001w, https:\/\/www.slsele.com\/wp-content\/uploads\/2024\/05\/1021ZC\u8be6\u60c5\u56fe4-300x300.jpg 300w, https:\/\/www.slsele.com\/wp-content\/uploads\/2024\/05\/1021ZC\u8be6\u60c5\u56fe4-150x150.jpg 150w, https:\/\/www.slsele.com\/wp-content\/uploads\/2024\/05\/1021ZC\u8be6\u60c5\u56fe4-768x768.jpg 768w, https:\/\/www.slsele.com\/wp-content\/uploads\/2024\/05\/1021ZC\u8be6\u60c5\u56fe4-12x12.jpg 12w, https:\/\/www.slsele.com\/wp-content\/uploads\/2024\/05\/1021ZC\u8be6\u60c5\u56fe4-570x570.jpg 570w, https:\/\/www.slsele.com\/wp-content\/uploads\/2024\/05\/1021ZC\u8be6\u60c5\u56fe4-500x500.jpg 500w, https:\/\/www.slsele.com\/wp-content\/uploads\/2024\/05\/1021ZC\u8be6\u60c5\u56fe4-700x700.jpg 700w, https:\/\/www.slsele.com\/wp-content\/uploads\/2024\/05\/1021ZC\u8be6\u60c5\u56fe4-600x600.jpg 600w, https:\/\/www.slsele.com\/wp-content\/uploads\/2024\/05\/1021ZC\u8be6\u60c5\u56fe4-100x100.jpg 100w, https:\/\/www.slsele.com\/wp-content\/uploads\/2024\/05\/1021ZC\u8be6\u60c5\u56fe4-50x50.jpg 50w\" sizes=\"auto, (max-width: 1001px) 100vw, 1001px\" \/><\/p>\n<h3 style=\"text-align: left; font-size: 20px;\"><strong>Caracter\u00edsticas<\/strong><\/h3>\n<p style=\"text-align: left;\">1. <strong>El cable neutro es necesario para una instalaci\u00f3n m\u00e1s sencilla para el dise\u00f1o de cable N+L<\/strong>; Interruptor inteligente sin cable neutro con un dise\u00f1o de un solo cable vivo. La aplicaci\u00f3n Smart Life Tuya logra una asociaci\u00f3n multicontrol bidireccional para controlar 1 luz con m\u00faltiples interruptores; Puede controlar varios interruptores, pero solo se puede asociar 1 grupo a 1 interruptor. El material ign\u00edfugo y la ausencia de arco el\u00e9ctrico son nuevas tecnolog\u00edas para garantizar un trabajo seguro y fiable. La sobrecarga y el sobrecalentamiento son compatibles para su seguridad y una maravillosa experiencia de usuario.<\/p>\n<p style=\"text-align: left;\">2. <strong>Un centro de enlace Tuya ZigBee es imprescindible<\/strong>: Es imprescindible un concentrador inal\u00e1mbrico ZigBee que se conecte al Zigbee Smart Switch y a muchos otros productos inteligentes ZigBee y realice toda la conexi\u00f3n de sus dispositivos dom\u00e9sticos inteligentes. Simplemente agregue su puerta de enlace a la aplicaci\u00f3n y luego agregue el Zigbee Smart Switch a su puerta de enlace en la aplicaci\u00f3n para uso normal. (Nota: la puerta de enlace ZigBee no est\u00e1 incluida en el paquete; Puedes comprarlo en nuestra tienda en l\u00ednea).<\/p>\n<p style=\"text-align: left;\">3. Compatible con Alexa y Google Home para <strong>control de voz manos libres<\/strong>, se puede controlar de forma remota a trav\u00e9s de la aplicaci\u00f3n Smart Life\/Tuya en cualquier momento y en cualquier lugar, con un Tuya ZigBee Gateway conectado.<\/p>\n<p style=\"text-align: left;\">4. Con la aplicaci\u00f3n, puedes controlar completamente los aparatos conectados con temporizadores, horarios y cuentas regresivas (1\/5\/30 minutos, 1 hora, etc.) y <strong>compartir el control con la familia<\/strong> y amigos para mayor comodidad.<\/p>\n<p style=\"text-align: left;\">5. Hay dos versiones disponibles y opcionales. Se requiere un cable neutro, pero no se necesita ning\u00fan neutro en sus cajas Zigbee Smart Switch para funcionar correctamente; solo admite una red de 2,4 GHz.<\/p>\n<p style=\"text-align: left;\"><strong>NOTA<\/strong>: El cable neutro es opcional. Puede elegir entre un cable neutro y un interruptor de cable con corriente o solo un interruptor de cable con corriente.<\/p>\n<h3 style=\"text-align: left; font-size: 20px;\"><strong>Especificaciones<\/strong><\/h3>\n<p style=\"text-align: left;\">Est\u00e1ndar del producto: est\u00e1ndar de la UE<br \/>\nDimensiones del producto: 86*86*35mm<br \/>\nVoltaje de funcionamiento: con neutro: AC100V-240V(50\/60Hz); sin neutro: 220-240V<br \/>\nPotencia nominal: con neutro: 600 W\/cuadrilla; sin neutro: 10-200W<br \/>\nCorriente de trabajo: 10A m\u00e1x.<br \/>\nProtocolo inal\u00e1mbrico: Zigbee<br \/>\nMaterial del panel: PC ign\u00edfugo<br \/>\nCertificaci\u00f3n: CE, ROHS<br \/>\nListado de paquetes: Interruptor inteligente Zigbee con bot\u00f3n pulsador * 1; Manual de usuario*1; Bolsa de accesorios*1<\/p>\n<h3 style=\"text-align: left; font-size: 20px;\"><strong>Preguntas m\u00e1s frecuentes<\/strong><\/h3>\n<p style=\"text-align: left;\">Q1: \u00bfPuedo usar mi <strong>Centro de cosas inteligentes<\/strong> \u00bfPara conectar con el Zigbee Smart Switch?<br \/>\nR1: No, se requiere el concentrador Tuya ZigBee 3.0 para el uso normal de este m\u00f3dulo, que presenta mucha m\u00e1s compatibilidad con dispositivos ZigBee que otros concentradores en una aplicaci\u00f3n Smart Life para muchos enlaces inteligentes. Simplemente no podemos confirmar la mala compatibilidad de otros concentradores con nuestros dispositivos ZigBee.<\/p>\n<p style=\"text-align: left;\">P2: \u00bfPuedo usar mi <strong>Phillips Hue<\/strong> \u00bfPara conectar con el Zigbee Smart Switch?<br \/>\nR2: No, se requiere el concentrador Tuya ZigBee 3.0 para el uso normal de este m\u00f3dulo, que presenta mucha m\u00e1s compatibilidad con dispositivos ZigBee que otros concentradores en una aplicaci\u00f3n Smart Life para muchos enlaces inteligentes. Simplemente no podemos confirmar la mala compatibilidad de otros concentradores con nuestros dispositivos ZigBee.<\/p>\n<p style=\"text-align: left;\">P3: \u00bfPuedo <strong>programar el horario<\/strong> \u00bfm\u00ed mismo?<br \/>\nR3: S\u00ed, nuestro Zigbee Smart Switch es programable. Puedes programar tu horario libremente.<\/p>\n<p style=\"text-align: left;\">P4: \u00bfPuedo controlar los aparatos conectados si no estoy en casa?<br \/>\nR4: S\u00ed, despu\u00e9s de conectarlo exitosamente al concentrador, puede controlar su dispositivo usando la aplicaci\u00f3n de su tel\u00e9fono inteligente.<\/p>\n<p style=\"text-align: left;\">P5: \u00bfFunciona esto con Google Home?<br \/>\nR5: S\u00ed, lo hace. Y tambi\u00e9n es compatible con Alexa para control por voz gratuito.<\/p>\n<p style=\"text-align: left;\">P6: \u00bfNecesito un panel de pared que combine con el Zigbee Smart Switch?<br \/>\nR6: No, no es necesario comprarlo, ya que es un kit que incluye el interruptor y el panel de pared.<\/p>\n<p style=\"text-align: left;\">P7: \u00bfNecesito <strong>cable con un cable neutro<\/strong>?<br \/>\nA7: Puede conectar un cable neutro o no conectarlo; no hay necesidad de un condensador. El Zigbee Smart Switch es el mismo.<\/p>\n<p style=\"text-align: left;\">P8: \u00bfEst\u00e1 incluido el concentrador de puerta de enlace ZigBee en el paquete?<br \/>\nR8: No, no est\u00e1 incluido. Pero puedes adquirirlo directamente en nuestra tienda online.<\/p>","protected":false},"excerpt":{"rendered":"<div class=\"text-title\">\n<p style=\"margin: 0cm;\"><span lang=\"EN-US\" style=\"font-family: 'Times New Roman',serif; color: #0e101a;\"> Pulsador Zigbee Smart Switch, disponible con 1\/2\/3 botones. Reemplace los interruptores tradicionales con controles inteligentes a trav\u00e9s de las aplicaciones Smart Life y Tuya, que presentan mapeo de controles m\u00faltiples a otros interruptores inteligentes. Adecuado para varios estilos de decoraci\u00f3n, con o sin conexi\u00f3n de cable neutro. Requiere un concentrador ZigBee para su funcionamiento.<\/span><\/p>\n<\/div>","protected":false},"featured_media":1423,"comment_status":"open","ping_status":"closed","template":"","meta":[],"product_brand":[],"product_cat":[24,15],"product_tag":[],"class_list":{"0":"post-1414","1":"product","2":"type-product","3":"status-publish","4":"has-post-thumbnail","6":"product_cat-eu-smart-dimmer-switch","7":"product_cat-smart-switch","9":"first","10":"instock","11":"shipping-taxable","12":"purchasable","13":"product-type-variable"},"_links":{"self":[{"href":"https:\/\/www.slsele.com\/es\/wp-json\/wp\/v2\/product\/1414","targetHints":{"allow":["GET"]}}],"collection":[{"href":"https:\/\/www.slsele.com\/es\/wp-json\/wp\/v2\/product"}],"about":[{"href":"https:\/\/www.slsele.com\/es\/wp-json\/wp\/v2\/types\/product"}],"replies":[{"embeddable":true,"href":"https:\/\/www.slsele.com\/es\/wp-json\/wp\/v2\/comments?post=1414"}],"wp:featuredmedia":[{"embeddable":true,"href":"https:\/\/www.slsele.com\/es\/wp-json\/wp\/v2\/media\/1423"}],"wp:attachment":[{"href":"https:\/\/www.slsele.com\/es\/wp-json\/wp\/v2\/media?parent=1414"}],"wp:term":[{"taxonomy":"product_brand","embeddable":true,"href":"https:\/\/www.slsele.com\/es\/wp-json\/wp\/v2\/product_brand?post=1414"},{"taxonomy":"product_cat","embeddable":true,"href":"https:\/\/www.slsele.com\/es\/wp-json\/wp\/v2\/product_cat?post=1414"},{"taxonomy":"product_tag","embeddable":true,"href":"https:\/\/www.slsele.com\/es\/wp-json\/wp\/v2\/product_tag?post=1414"}],"curies":[{"name":"wp","href":"https:\/\/api.w.org\/{rel}","templated":true}]}}