{"id":1405,"date":"2024-05-07T15:52:41","date_gmt":"2024-05-07T07:52:41","guid":{"rendered":"https:\/\/slsele.com\/?post_type=product&#038;p=1405"},"modified":"2024-08-24T15:29:03","modified_gmt":"2024-08-24T07:29:03","slug":"us-smart-switch-touch-panel-no-neutral-wire","status":"publish","type":"product","link":"https:\/\/www.slsele.com\/es\/producto\/us-smart-switch-touch-panel-no-neutral-wire\/","title":{"rendered":"Panel t\u00e1ctil de interruptor inteligente de EE. UU. Sin cable neutro"},"content":{"rendered":"<h3 style=\"text-align: center;\"><b>Panel t\u00e1ctil elegante del interruptor de la luz de la pared de WiFi Tuya ning\u00fan alambre neutro<\/b><\/h3>\n<p><a href=\"https:\/\/slsele.com\/wp-content\/uploads\/2024\/05\/121BW\u8be6\u60c5\u56fe1.tif\" target=\"_blank\" rel=\"noopener\"><img decoding=\"async\" class=\"aligncenter size-full wp-image-1391\" src=\"https:\/\/slsele.com\/wp-content\/uploads\/2024\/05\/121BW\u8be6\u60c5\u56fe1.tif\" alt=\"\" \/><\/a> <img loading=\"lazy\" decoding=\"async\" class=\"aligncenter size-large wp-image-1392\" src=\"https:\/\/slsele.com\/wp-content\/uploads\/2024\/05\/121BW\u8be6\u60c5\u56fe2.jpg\" alt=\"\" width=\"1000\" height=\"1000\" srcset=\"https:\/\/www.slsele.com\/wp-content\/uploads\/2024\/05\/121BW\u8be6\u60c5\u56fe2.jpg 1000w, https:\/\/www.slsele.com\/wp-content\/uploads\/2024\/05\/121BW\u8be6\u60c5\u56fe2-300x300.jpg 300w, https:\/\/www.slsele.com\/wp-content\/uploads\/2024\/05\/121BW\u8be6\u60c5\u56fe2-150x150.jpg 150w, https:\/\/www.slsele.com\/wp-content\/uploads\/2024\/05\/121BW\u8be6\u60c5\u56fe2-768x768.jpg 768w, https:\/\/www.slsele.com\/wp-content\/uploads\/2024\/05\/121BW\u8be6\u60c5\u56fe2-12x12.jpg 12w, https:\/\/www.slsele.com\/wp-content\/uploads\/2024\/05\/121BW\u8be6\u60c5\u56fe2-570x570.jpg 570w, https:\/\/www.slsele.com\/wp-content\/uploads\/2024\/05\/121BW\u8be6\u60c5\u56fe2-500x500.jpg 500w, https:\/\/www.slsele.com\/wp-content\/uploads\/2024\/05\/121BW\u8be6\u60c5\u56fe2-700x700.jpg 700w, https:\/\/www.slsele.com\/wp-content\/uploads\/2024\/05\/121BW\u8be6\u60c5\u56fe2-600x600.jpg 600w, https:\/\/www.slsele.com\/wp-content\/uploads\/2024\/05\/121BW\u8be6\u60c5\u56fe2-100x100.jpg 100w, https:\/\/www.slsele.com\/wp-content\/uploads\/2024\/05\/121BW\u8be6\u60c5\u56fe2-50x50.jpg 50w\" sizes=\"auto, (max-width: 1000px) 100vw, 1000px\" \/> <img loading=\"lazy\" decoding=\"async\" class=\"aligncenter size-large wp-image-1393\" src=\"https:\/\/slsele.com\/wp-content\/uploads\/2024\/05\/121BW\u8be6\u60c5\u56fe3.jpg\" alt=\"\" width=\"1000\" height=\"1000\" srcset=\"https:\/\/www.slsele.com\/wp-content\/uploads\/2024\/05\/121BW\u8be6\u60c5\u56fe3.jpg 1000w, https:\/\/www.slsele.com\/wp-content\/uploads\/2024\/05\/121BW\u8be6\u60c5\u56fe3-300x300.jpg 300w, https:\/\/www.slsele.com\/wp-content\/uploads\/2024\/05\/121BW\u8be6\u60c5\u56fe3-150x150.jpg 150w, https:\/\/www.slsele.com\/wp-content\/uploads\/2024\/05\/121BW\u8be6\u60c5\u56fe3-768x768.jpg 768w, https:\/\/www.slsele.com\/wp-content\/uploads\/2024\/05\/121BW\u8be6\u60c5\u56fe3-12x12.jpg 12w, https:\/\/www.slsele.com\/wp-content\/uploads\/2024\/05\/121BW\u8be6\u60c5\u56fe3-570x570.jpg 570w, https:\/\/www.slsele.com\/wp-content\/uploads\/2024\/05\/121BW\u8be6\u60c5\u56fe3-500x500.jpg 500w, https:\/\/www.slsele.com\/wp-content\/uploads\/2024\/05\/121BW\u8be6\u60c5\u56fe3-700x700.jpg 700w, https:\/\/www.slsele.com\/wp-content\/uploads\/2024\/05\/121BW\u8be6\u60c5\u56fe3-600x600.jpg 600w, https:\/\/www.slsele.com\/wp-content\/uploads\/2024\/05\/121BW\u8be6\u60c5\u56fe3-100x100.jpg 100w, https:\/\/www.slsele.com\/wp-content\/uploads\/2024\/05\/121BW\u8be6\u60c5\u56fe3-50x50.jpg 50w\" sizes=\"auto, (max-width: 1000px) 100vw, 1000px\" \/> <img loading=\"lazy\" decoding=\"async\" class=\"aligncenter size-large wp-image-1395\" src=\"https:\/\/slsele.com\/wp-content\/uploads\/2024\/05\/121BW\u8be6\u60c5\u56fe5.jpg\" alt=\"\" width=\"800\" height=\"889\" srcset=\"https:\/\/www.slsele.com\/wp-content\/uploads\/2024\/05\/121BW\u8be6\u60c5\u56fe5.jpg 800w, https:\/\/www.slsele.com\/wp-content\/uploads\/2024\/05\/121BW\u8be6\u60c5\u56fe5-270x300.jpg 270w, https:\/\/www.slsele.com\/wp-content\/uploads\/2024\/05\/121BW\u8be6\u60c5\u56fe5-768x853.jpg 768w, https:\/\/www.slsele.com\/wp-content\/uploads\/2024\/05\/121BW\u8be6\u60c5\u56fe5-11x12.jpg 11w, https:\/\/www.slsele.com\/wp-content\/uploads\/2024\/05\/121BW\u8be6\u60c5\u56fe5-700x778.jpg 700w, https:\/\/www.slsele.com\/wp-content\/uploads\/2024\/05\/121BW\u8be6\u60c5\u56fe5-600x667.jpg 600w\" sizes=\"auto, (max-width: 800px) 100vw, 800px\" \/><\/p>\n<p><img loading=\"lazy\" decoding=\"async\" class=\"aligncenter size-large wp-image-1411\" src=\"https:\/\/slsele.com\/wp-content\/uploads\/2024\/05\/121BW\u8be6\u60c5\u56fe5-1-778x1024.jpg\" alt=\"\" width=\"778\" height=\"1024\" srcset=\"https:\/\/www.slsele.com\/wp-content\/uploads\/2024\/05\/121BW\u8be6\u60c5\u56fe5-1-778x1024.jpg 778w, https:\/\/www.slsele.com\/wp-content\/uploads\/2024\/05\/121BW\u8be6\u60c5\u56fe5-1-228x300.jpg 228w, https:\/\/www.slsele.com\/wp-content\/uploads\/2024\/05\/121BW\u8be6\u60c5\u56fe5-1-768x1011.jpg 768w, https:\/\/www.slsele.com\/wp-content\/uploads\/2024\/05\/121BW\u8be6\u60c5\u56fe5-1-9x12.jpg 9w, https:\/\/www.slsele.com\/wp-content\/uploads\/2024\/05\/121BW\u8be6\u60c5\u56fe5-1-700x921.jpg 700w, https:\/\/www.slsele.com\/wp-content\/uploads\/2024\/05\/121BW\u8be6\u60c5\u56fe5-1-600x790.jpg 600w, https:\/\/www.slsele.com\/wp-content\/uploads\/2024\/05\/121BW\u8be6\u60c5\u56fe5-1.jpg 800w\" sizes=\"auto, (max-width: 778px) 100vw, 778px\" \/> <img loading=\"lazy\" decoding=\"async\" class=\"aligncenter size-full wp-image-1412\" src=\"https:\/\/slsele.com\/wp-content\/uploads\/2024\/05\/121BW\u8be6\u60c5\u56fe5-2.jpg\" alt=\"\" width=\"683\" height=\"515\" srcset=\"https:\/\/www.slsele.com\/wp-content\/uploads\/2024\/05\/121BW\u8be6\u60c5\u56fe5-2.jpg 683w, https:\/\/www.slsele.com\/wp-content\/uploads\/2024\/05\/121BW\u8be6\u60c5\u56fe5-2-300x226.jpg 300w, https:\/\/www.slsele.com\/wp-content\/uploads\/2024\/05\/121BW\u8be6\u60c5\u56fe5-2-16x12.jpg 16w, https:\/\/www.slsele.com\/wp-content\/uploads\/2024\/05\/121BW\u8be6\u60c5\u56fe5-2-600x452.jpg 600w\" sizes=\"auto, (max-width: 683px) 100vw, 683px\" \/><\/p>\n<p><a href=\"https:\/\/slsele.com\/wp-content\/uploads\/2024\/05\/121BW\u8be6\u60c5\u56fe1.tif\" target=\"_blank\" rel=\"noopener\"><img decoding=\"async\" class=\"aligncenter size-full wp-image-1390\" src=\"https:\/\/slsele.com\/wp-content\/uploads\/2024\/05\/121BW\u8be6\u60c5\u56fe1.tif\" alt=\"\" \/><\/a><\/p>","protected":false},"excerpt":{"rendered":"<div class=\"text-title\"><\/div>\n<div>El panel superior del interruptor est\u00e1 hecho de vidrio templado y la carcasa exterior est\u00e1 hecha de pl\u00e1stico. Tama\u00f1o -118*72 mm, control remoto<\/div>\n<div class=\"text-content\">\n<div><\/div>\n<\/div>","protected":false},"featured_media":1410,"comment_status":"open","ping_status":"closed","template":"","meta":[],"product_brand":[],"product_cat":[15,25],"product_tag":[],"class_list":{"0":"post-1405","1":"product","2":"type-product","3":"status-publish","4":"has-post-thumbnail","6":"product_cat-smart-switch","7":"product_cat-us-smart-dimmer-switch","9":"first","10":"instock","11":"shipping-taxable","12":"purchasable","13":"product-type-variable"},"_links":{"self":[{"href":"https:\/\/www.slsele.com\/es\/wp-json\/wp\/v2\/product\/1405","targetHints":{"allow":["GET"]}}],"collection":[{"href":"https:\/\/www.slsele.com\/es\/wp-json\/wp\/v2\/product"}],"about":[{"href":"https:\/\/www.slsele.com\/es\/wp-json\/wp\/v2\/types\/product"}],"replies":[{"embeddable":true,"href":"https:\/\/www.slsele.com\/es\/wp-json\/wp\/v2\/comments?post=1405"}],"wp:featuredmedia":[{"embeddable":true,"href":"https:\/\/www.slsele.com\/es\/wp-json\/wp\/v2\/media\/1410"}],"wp:attachment":[{"href":"https:\/\/www.slsele.com\/es\/wp-json\/wp\/v2\/media?parent=1405"}],"wp:term":[{"taxonomy":"product_brand","embeddable":true,"href":"https:\/\/www.slsele.com\/es\/wp-json\/wp\/v2\/product_brand?post=1405"},{"taxonomy":"product_cat","embeddable":true,"href":"https:\/\/www.slsele.com\/es\/wp-json\/wp\/v2\/product_cat?post=1405"},{"taxonomy":"product_tag","embeddable":true,"href":"https:\/\/www.slsele.com\/es\/wp-json\/wp\/v2\/product_tag?post=1405"}],"curies":[{"name":"wp","href":"https:\/\/api.w.org\/{rel}","templated":true}]}}