{"id":134,"date":"2018-04-26T12:49:26","date_gmt":"2018-04-26T12:49:26","guid":{"rendered":"http:\/\/bridge227.qodeinteractive.com\/?post_type=product&#038;p=134"},"modified":"2024-03-13T23:02:18","modified_gmt":"2024-03-13T15:02:18","slug":"multi-mode-smart-home-gateway","status":"publish","type":"product","link":"https:\/\/www.slsele.com\/es\/producto\/multi-mode-smart-home-gateway\/","title":{"rendered":"Puerta de enlace de hogar inteligente multimodo"},"content":{"rendered":"<p><img loading=\"lazy\" decoding=\"async\" class=\"alignnone size-medium wp-image-809\" src=\"https:\/\/slsele.com\/wp-content\/uploads\/2018\/04\/zigbee-BLE-gateway2-3-300x300.jpg\" alt=\"\" width=\"300\" height=\"300\" srcset=\"https:\/\/www.slsele.com\/wp-content\/uploads\/2018\/04\/zigbee-BLE-gateway2-3-300x300.jpg 300w, https:\/\/www.slsele.com\/wp-content\/uploads\/2018\/04\/zigbee-BLE-gateway2-3-150x150.jpg 150w, https:\/\/www.slsele.com\/wp-content\/uploads\/2018\/04\/zigbee-BLE-gateway2-3-768x768.jpg 768w, https:\/\/www.slsele.com\/wp-content\/uploads\/2018\/04\/zigbee-BLE-gateway2-3-12x12.jpg 12w, https:\/\/www.slsele.com\/wp-content\/uploads\/2018\/04\/zigbee-BLE-gateway2-3-570x570.jpg 570w, https:\/\/www.slsele.com\/wp-content\/uploads\/2018\/04\/zigbee-BLE-gateway2-3-500x500.jpg 500w, https:\/\/www.slsele.com\/wp-content\/uploads\/2018\/04\/zigbee-BLE-gateway2-3-700x700.jpg 700w, https:\/\/www.slsele.com\/wp-content\/uploads\/2018\/04\/zigbee-BLE-gateway2-3-600x600.jpg 600w, https:\/\/www.slsele.com\/wp-content\/uploads\/2018\/04\/zigbee-BLE-gateway2-3-100x100.jpg 100w, https:\/\/www.slsele.com\/wp-content\/uploads\/2018\/04\/zigbee-BLE-gateway2-3.jpg 1001w\" sizes=\"auto, (max-width: 300px) 100vw, 300px\" \/> <img loading=\"lazy\" decoding=\"async\" class=\"alignnone size-medium wp-image-810\" src=\"https:\/\/slsele.com\/wp-content\/uploads\/2018\/04\/zigbee-BLE-gateway2-11-300x300.jpg\" alt=\"\" width=\"300\" height=\"300\" srcset=\"https:\/\/www.slsele.com\/wp-content\/uploads\/2018\/04\/zigbee-BLE-gateway2-11-300x300.jpg 300w, https:\/\/www.slsele.com\/wp-content\/uploads\/2018\/04\/zigbee-BLE-gateway2-11-150x150.jpg 150w, https:\/\/www.slsele.com\/wp-content\/uploads\/2018\/04\/zigbee-BLE-gateway2-11-768x768.jpg 768w, https:\/\/www.slsele.com\/wp-content\/uploads\/2018\/04\/zigbee-BLE-gateway2-11-12x12.jpg 12w, https:\/\/www.slsele.com\/wp-content\/uploads\/2018\/04\/zigbee-BLE-gateway2-11-570x570.jpg 570w, https:\/\/www.slsele.com\/wp-content\/uploads\/2018\/04\/zigbee-BLE-gateway2-11-500x500.jpg 500w, https:\/\/www.slsele.com\/wp-content\/uploads\/2018\/04\/zigbee-BLE-gateway2-11-700x700.jpg 700w, https:\/\/www.slsele.com\/wp-content\/uploads\/2018\/04\/zigbee-BLE-gateway2-11-600x600.jpg 600w, https:\/\/www.slsele.com\/wp-content\/uploads\/2018\/04\/zigbee-BLE-gateway2-11-100x100.jpg 100w, https:\/\/www.slsele.com\/wp-content\/uploads\/2018\/04\/zigbee-BLE-gateway2-11.jpg 1001w\" sizes=\"auto, (max-width: 300px) 100vw, 300px\" \/> <img loading=\"lazy\" decoding=\"async\" class=\"alignnone size-medium wp-image-811\" src=\"https:\/\/slsele.com\/wp-content\/uploads\/2018\/04\/zigbee-BLE-gateway2-9-300x300.jpg\" alt=\"\" width=\"300\" height=\"300\" srcset=\"https:\/\/www.slsele.com\/wp-content\/uploads\/2018\/04\/zigbee-BLE-gateway2-9-300x300.jpg 300w, https:\/\/www.slsele.com\/wp-content\/uploads\/2018\/04\/zigbee-BLE-gateway2-9-150x150.jpg 150w, https:\/\/www.slsele.com\/wp-content\/uploads\/2018\/04\/zigbee-BLE-gateway2-9-768x768.jpg 768w, https:\/\/www.slsele.com\/wp-content\/uploads\/2018\/04\/zigbee-BLE-gateway2-9-12x12.jpg 12w, https:\/\/www.slsele.com\/wp-content\/uploads\/2018\/04\/zigbee-BLE-gateway2-9-570x570.jpg 570w, https:\/\/www.slsele.com\/wp-content\/uploads\/2018\/04\/zigbee-BLE-gateway2-9-500x500.jpg 500w, https:\/\/www.slsele.com\/wp-content\/uploads\/2018\/04\/zigbee-BLE-gateway2-9-700x700.jpg 700w, https:\/\/www.slsele.com\/wp-content\/uploads\/2018\/04\/zigbee-BLE-gateway2-9-600x600.jpg 600w, https:\/\/www.slsele.com\/wp-content\/uploads\/2018\/04\/zigbee-BLE-gateway2-9-100x100.jpg 100w, https:\/\/www.slsele.com\/wp-content\/uploads\/2018\/04\/zigbee-BLE-gateway2-9.jpg 1001w\" sizes=\"auto, (max-width: 300px) 100vw, 300px\" \/> <img loading=\"lazy\" decoding=\"async\" class=\"alignnone size-medium wp-image-812\" src=\"https:\/\/slsele.com\/wp-content\/uploads\/2018\/04\/zigbee-BLE-gateway2-13-300x300.jpg\" alt=\"\" width=\"300\" height=\"300\" srcset=\"https:\/\/www.slsele.com\/wp-content\/uploads\/2018\/04\/zigbee-BLE-gateway2-13-300x300.jpg 300w, https:\/\/www.slsele.com\/wp-content\/uploads\/2018\/04\/zigbee-BLE-gateway2-13-150x150.jpg 150w, https:\/\/www.slsele.com\/wp-content\/uploads\/2018\/04\/zigbee-BLE-gateway2-13-768x768.jpg 768w, https:\/\/www.slsele.com\/wp-content\/uploads\/2018\/04\/zigbee-BLE-gateway2-13-12x12.jpg 12w, https:\/\/www.slsele.com\/wp-content\/uploads\/2018\/04\/zigbee-BLE-gateway2-13-570x570.jpg 570w, https:\/\/www.slsele.com\/wp-content\/uploads\/2018\/04\/zigbee-BLE-gateway2-13-500x500.jpg 500w, https:\/\/www.slsele.com\/wp-content\/uploads\/2018\/04\/zigbee-BLE-gateway2-13-700x700.jpg 700w, https:\/\/www.slsele.com\/wp-content\/uploads\/2018\/04\/zigbee-BLE-gateway2-13-600x600.jpg 600w, https:\/\/www.slsele.com\/wp-content\/uploads\/2018\/04\/zigbee-BLE-gateway2-13-100x100.jpg 100w, https:\/\/www.slsele.com\/wp-content\/uploads\/2018\/04\/zigbee-BLE-gateway2-13.jpg 1001w\" sizes=\"auto, (max-width: 300px) 100vw, 300px\" \/><\/p>","protected":false},"excerpt":{"rendered":"<p>La nueva puerta de enlace multimodo admite comunicaci\u00f3n multiprotocolo Wi-Fi+Bluetooth+ZigBee. Los dispositivos ZigBee y Blue Tooth Mesh (SIG) conectados se pueden ver y controlar de forma remota mediante la aplicaci\u00f3n. Adem\u00e1s, la nueva versi\u00f3n es funcional como timbre y reloj para mayor comodidad al agregar inteligencia con cerradura y timbre de puerta inteligentes, junto con brillo de luz LED ajustable y automatizaci\u00f3n inteligente tambi\u00e9n disponible. A pesar de las funciones de agregar y restablecer dispositivo, un tercero -Los usuarios pueden implementar el control de partes y el control de grupos de subdispositivos. Esas caracter\u00edsticas pueden cumplir con los requisitos de escenarios diversificados de hogares inteligentes.<\/p>","protected":false},"featured_media":808,"comment_status":"open","ping_status":"closed","template":"","meta":[],"product_brand":[],"product_cat":[20],"product_tag":[],"class_list":{"0":"post-134","1":"product","2":"type-product","3":"status-publish","4":"has-post-thumbnail","6":"product_cat-smart-gateway","8":"first","9":"instock","10":"shipping-taxable","11":"purchasable","12":"product-type-simple"},"_links":{"self":[{"href":"https:\/\/www.slsele.com\/es\/wp-json\/wp\/v2\/product\/134","targetHints":{"allow":["GET"]}}],"collection":[{"href":"https:\/\/www.slsele.com\/es\/wp-json\/wp\/v2\/product"}],"about":[{"href":"https:\/\/www.slsele.com\/es\/wp-json\/wp\/v2\/types\/product"}],"replies":[{"embeddable":true,"href":"https:\/\/www.slsele.com\/es\/wp-json\/wp\/v2\/comments?post=134"}],"wp:featuredmedia":[{"embeddable":true,"href":"https:\/\/www.slsele.com\/es\/wp-json\/wp\/v2\/media\/808"}],"wp:attachment":[{"href":"https:\/\/www.slsele.com\/es\/wp-json\/wp\/v2\/media?parent=134"}],"wp:term":[{"taxonomy":"product_brand","embeddable":true,"href":"https:\/\/www.slsele.com\/es\/wp-json\/wp\/v2\/product_brand?post=134"},{"taxonomy":"product_cat","embeddable":true,"href":"https:\/\/www.slsele.com\/es\/wp-json\/wp\/v2\/product_cat?post=134"},{"taxonomy":"product_tag","embeddable":true,"href":"https:\/\/www.slsele.com\/es\/wp-json\/wp\/v2\/product_tag?post=134"}],"curies":[{"name":"wp","href":"https:\/\/api.w.org\/{rel}","templated":true}]}}