{"id":1327,"date":"2024-04-29T16:29:00","date_gmt":"2024-04-29T08:29:00","guid":{"rendered":"https:\/\/slsele.com\/?post_type=product&#038;p=1327"},"modified":"2024-11-07T09:40:14","modified_gmt":"2024-11-07T01:40:14","slug":"eu-smart-water-heater-switch","status":"publish","type":"product","link":"https:\/\/www.slsele.com\/es\/producto\/eu-smart-water-heater-switch\/","title":{"rendered":"Interruptor de calentador de agua inteligente SLS EU"},"content":{"rendered":"<h2 style=\"text-align: center; font-size: 27px;\">Interruptor de calentador de agua inteligente WiFi con control de aplicaci\u00f3n remota<\/h2>\n<h3 style=\"text-align: left; font-size: 20px;\"><strong>Descripci\u00f3n<\/strong><\/h3>\n<p style=\"margin: 0cm; text-align: left;\"><span lang=\"EN-US\" style=\"color: #0e101a;\">Este interruptor inteligente para calentador de agua admite control remoto y tiene una funci\u00f3n de temporizador para evitar el uso excesivo de electricidad. Puede manejar hasta 40 A de corriente por seguridad y permite configurar el estado despu\u00e9s de un corte de energ\u00eda en modo encendido, apagado o memoria. Compatible con Alexa, Google Home y otros asistentes de voz, cuenta con un panel de vidrio templado resistente a rayones y funci\u00f3n de control de grupo para administrar m\u00faltiples interruptores en diferentes habitaciones.<\/span><\/p>\n<p><img loading=\"lazy\" decoding=\"async\" class=\"aligncenter size-full wp-image-2141\" src=\"https:\/\/slsele.com\/wp-content\/uploads\/2024\/06\/161\u4ea7\u54c1\u8be6\u60c5\u56fe1_\u7ed3\u679c.webp\" alt=\"Control por voz: control manos libres del interruptor inteligente de su calentador de agua.\" width=\"870\" height=\"870\" srcset=\"https:\/\/www.slsele.com\/wp-content\/uploads\/2024\/06\/161\u4ea7\u54c1\u8be6\u60c5\u56fe1_\u7ed3\u679c.webp 870w, https:\/\/www.slsele.com\/wp-content\/uploads\/2024\/06\/161\u4ea7\u54c1\u8be6\u60c5\u56fe1_\u7ed3\u679c-300x300.webp 300w, https:\/\/www.slsele.com\/wp-content\/uploads\/2024\/06\/161\u4ea7\u54c1\u8be6\u60c5\u56fe1_\u7ed3\u679c-150x150.webp 150w, https:\/\/www.slsele.com\/wp-content\/uploads\/2024\/06\/161\u4ea7\u54c1\u8be6\u60c5\u56fe1_\u7ed3\u679c-768x768.webp 768w, https:\/\/www.slsele.com\/wp-content\/uploads\/2024\/06\/161\u4ea7\u54c1\u8be6\u60c5\u56fe1_\u7ed3\u679c-12x12.webp 12w, https:\/\/www.slsele.com\/wp-content\/uploads\/2024\/06\/161\u4ea7\u54c1\u8be6\u60c5\u56fe1_\u7ed3\u679c-570x570.webp 570w, https:\/\/www.slsele.com\/wp-content\/uploads\/2024\/06\/161\u4ea7\u54c1\u8be6\u60c5\u56fe1_\u7ed3\u679c-500x500.webp 500w, https:\/\/www.slsele.com\/wp-content\/uploads\/2024\/06\/161\u4ea7\u54c1\u8be6\u60c5\u56fe1_\u7ed3\u679c-700x700.webp 700w, https:\/\/www.slsele.com\/wp-content\/uploads\/2024\/06\/161\u4ea7\u54c1\u8be6\u60c5\u56fe1_\u7ed3\u679c-600x600.webp 600w, https:\/\/www.slsele.com\/wp-content\/uploads\/2024\/06\/161\u4ea7\u54c1\u8be6\u60c5\u56fe1_\u7ed3\u679c-100x100.webp 100w, https:\/\/www.slsele.com\/wp-content\/uploads\/2024\/06\/161\u4ea7\u54c1\u8be6\u60c5\u56fe1_\u7ed3\u679c-50x50.webp 50w\" sizes=\"auto, (max-width: 870px) 100vw, 870px\" \/> <img loading=\"lazy\" decoding=\"async\" class=\"aligncenter size-full wp-image-2142\" src=\"https:\/\/slsele.com\/wp-content\/uploads\/2024\/06\/161\u4ea7\u54c1\u8be6\u60c5\u56fe2_\u7ed3\u679c.webp\" alt=\"Controla el interruptor t\u00e9rmico del calentador de agua desde la aplicaci\u00f3n, incluso cuando est\u00e1s en el trabajo.\" width=\"800\" height=\"800\" srcset=\"https:\/\/www.slsele.com\/wp-content\/uploads\/2024\/06\/161\u4ea7\u54c1\u8be6\u60c5\u56fe2_\u7ed3\u679c.webp 800w, https:\/\/www.slsele.com\/wp-content\/uploads\/2024\/06\/161\u4ea7\u54c1\u8be6\u60c5\u56fe2_\u7ed3\u679c-300x300.webp 300w, https:\/\/www.slsele.com\/wp-content\/uploads\/2024\/06\/161\u4ea7\u54c1\u8be6\u60c5\u56fe2_\u7ed3\u679c-150x150.webp 150w, https:\/\/www.slsele.com\/wp-content\/uploads\/2024\/06\/161\u4ea7\u54c1\u8be6\u60c5\u56fe2_\u7ed3\u679c-768x768.webp 768w, https:\/\/www.slsele.com\/wp-content\/uploads\/2024\/06\/161\u4ea7\u54c1\u8be6\u60c5\u56fe2_\u7ed3\u679c-12x12.webp 12w, https:\/\/www.slsele.com\/wp-content\/uploads\/2024\/06\/161\u4ea7\u54c1\u8be6\u60c5\u56fe2_\u7ed3\u679c-570x570.webp 570w, https:\/\/www.slsele.com\/wp-content\/uploads\/2024\/06\/161\u4ea7\u54c1\u8be6\u60c5\u56fe2_\u7ed3\u679c-500x500.webp 500w, https:\/\/www.slsele.com\/wp-content\/uploads\/2024\/06\/161\u4ea7\u54c1\u8be6\u60c5\u56fe2_\u7ed3\u679c-700x700.webp 700w, https:\/\/www.slsele.com\/wp-content\/uploads\/2024\/06\/161\u4ea7\u54c1\u8be6\u60c5\u56fe2_\u7ed3\u679c-600x600.webp 600w, https:\/\/www.slsele.com\/wp-content\/uploads\/2024\/06\/161\u4ea7\u54c1\u8be6\u60c5\u56fe2_\u7ed3\u679c-100x100.webp 100w, https:\/\/www.slsele.com\/wp-content\/uploads\/2024\/06\/161\u4ea7\u54c1\u8be6\u60c5\u56fe2_\u7ed3\u679c-50x50.webp 50w\" sizes=\"auto, (max-width: 800px) 100vw, 800px\" \/> <img loading=\"lazy\" decoding=\"async\" class=\"aligncenter size-full wp-image-2143\" src=\"https:\/\/slsele.com\/wp-content\/uploads\/2024\/06\/161\u4ea7\u54c1\u8be6\u60c5\u56fe3_\u7ed3\u679c.webp\" alt=\"Establezca una cuenta regresiva para apagar el interruptor del calentador de agua y evitar el uso excesivo de electricidad.\" width=\"820\" height=\"820\" srcset=\"https:\/\/www.slsele.com\/wp-content\/uploads\/2024\/06\/161\u4ea7\u54c1\u8be6\u60c5\u56fe3_\u7ed3\u679c.webp 820w, https:\/\/www.slsele.com\/wp-content\/uploads\/2024\/06\/161\u4ea7\u54c1\u8be6\u60c5\u56fe3_\u7ed3\u679c-300x300.webp 300w, https:\/\/www.slsele.com\/wp-content\/uploads\/2024\/06\/161\u4ea7\u54c1\u8be6\u60c5\u56fe3_\u7ed3\u679c-150x150.webp 150w, https:\/\/www.slsele.com\/wp-content\/uploads\/2024\/06\/161\u4ea7\u54c1\u8be6\u60c5\u56fe3_\u7ed3\u679c-768x768.webp 768w, https:\/\/www.slsele.com\/wp-content\/uploads\/2024\/06\/161\u4ea7\u54c1\u8be6\u60c5\u56fe3_\u7ed3\u679c-12x12.webp 12w, https:\/\/www.slsele.com\/wp-content\/uploads\/2024\/06\/161\u4ea7\u54c1\u8be6\u60c5\u56fe3_\u7ed3\u679c-570x570.webp 570w, https:\/\/www.slsele.com\/wp-content\/uploads\/2024\/06\/161\u4ea7\u54c1\u8be6\u60c5\u56fe3_\u7ed3\u679c-500x500.webp 500w, https:\/\/www.slsele.com\/wp-content\/uploads\/2024\/06\/161\u4ea7\u54c1\u8be6\u60c5\u56fe3_\u7ed3\u679c-700x700.webp 700w, https:\/\/www.slsele.com\/wp-content\/uploads\/2024\/06\/161\u4ea7\u54c1\u8be6\u60c5\u56fe3_\u7ed3\u679c-600x600.webp 600w, https:\/\/www.slsele.com\/wp-content\/uploads\/2024\/06\/161\u4ea7\u54c1\u8be6\u60c5\u56fe3_\u7ed3\u679c-100x100.webp 100w, https:\/\/www.slsele.com\/wp-content\/uploads\/2024\/06\/161\u4ea7\u54c1\u8be6\u60c5\u56fe3_\u7ed3\u679c-50x50.webp 50w\" sizes=\"auto, (max-width: 820px) 100vw, 820px\" \/> <img loading=\"lazy\" decoding=\"async\" class=\"aligncenter size-full wp-image-2144\" src=\"https:\/\/slsele.com\/wp-content\/uploads\/2024\/06\/161\u4ea7\u54c1\u8be6\u60c5\u56fe4_\u7ed3\u679c.webp\" alt=\"Los ajustes de sincronizaci\u00f3n inteligentes garantizan que nunca se olvide de apagar el calentador de agua.\" width=\"880\" height=\"880\" srcset=\"https:\/\/www.slsele.com\/wp-content\/uploads\/2024\/06\/161\u4ea7\u54c1\u8be6\u60c5\u56fe4_\u7ed3\u679c.webp 880w, https:\/\/www.slsele.com\/wp-content\/uploads\/2024\/06\/161\u4ea7\u54c1\u8be6\u60c5\u56fe4_\u7ed3\u679c-300x300.webp 300w, https:\/\/www.slsele.com\/wp-content\/uploads\/2024\/06\/161\u4ea7\u54c1\u8be6\u60c5\u56fe4_\u7ed3\u679c-150x150.webp 150w, https:\/\/www.slsele.com\/wp-content\/uploads\/2024\/06\/161\u4ea7\u54c1\u8be6\u60c5\u56fe4_\u7ed3\u679c-768x768.webp 768w, https:\/\/www.slsele.com\/wp-content\/uploads\/2024\/06\/161\u4ea7\u54c1\u8be6\u60c5\u56fe4_\u7ed3\u679c-12x12.webp 12w, https:\/\/www.slsele.com\/wp-content\/uploads\/2024\/06\/161\u4ea7\u54c1\u8be6\u60c5\u56fe4_\u7ed3\u679c-570x570.webp 570w, https:\/\/www.slsele.com\/wp-content\/uploads\/2024\/06\/161\u4ea7\u54c1\u8be6\u60c5\u56fe4_\u7ed3\u679c-500x500.webp 500w, https:\/\/www.slsele.com\/wp-content\/uploads\/2024\/06\/161\u4ea7\u54c1\u8be6\u60c5\u56fe4_\u7ed3\u679c-700x700.webp 700w, https:\/\/www.slsele.com\/wp-content\/uploads\/2024\/06\/161\u4ea7\u54c1\u8be6\u60c5\u56fe4_\u7ed3\u679c-600x600.webp 600w, https:\/\/www.slsele.com\/wp-content\/uploads\/2024\/06\/161\u4ea7\u54c1\u8be6\u60c5\u56fe4_\u7ed3\u679c-100x100.webp 100w, https:\/\/www.slsele.com\/wp-content\/uploads\/2024\/06\/161\u4ea7\u54c1\u8be6\u60c5\u56fe4_\u7ed3\u679c-50x50.webp 50w\" sizes=\"auto, (max-width: 880px) 100vw, 880px\" \/><\/p>\n<h3><img loading=\"lazy\" decoding=\"async\" class=\"aligncenter size-full wp-image-2145\" style=\"font-size: 16px; font-weight: 400;\" src=\"https:\/\/slsele.com\/wp-content\/uploads\/2024\/06\/161\u4ea7\u54c1\u8be6\u60c5\u56fe5_\u7ed3\u679c.webp\" alt=\"El calentador de agua con interruptor t\u00e9rmico tiene una luz indicadora, lo que facilita verificar el estado de uso.\" width=\"748\" height=\"748\" srcset=\"https:\/\/www.slsele.com\/wp-content\/uploads\/2024\/06\/161\u4ea7\u54c1\u8be6\u60c5\u56fe5_\u7ed3\u679c.webp 748w, https:\/\/www.slsele.com\/wp-content\/uploads\/2024\/06\/161\u4ea7\u54c1\u8be6\u60c5\u56fe5_\u7ed3\u679c-300x300.webp 300w, https:\/\/www.slsele.com\/wp-content\/uploads\/2024\/06\/161\u4ea7\u54c1\u8be6\u60c5\u56fe5_\u7ed3\u679c-150x150.webp 150w, https:\/\/www.slsele.com\/wp-content\/uploads\/2024\/06\/161\u4ea7\u54c1\u8be6\u60c5\u56fe5_\u7ed3\u679c-12x12.webp 12w, https:\/\/www.slsele.com\/wp-content\/uploads\/2024\/06\/161\u4ea7\u54c1\u8be6\u60c5\u56fe5_\u7ed3\u679c-570x570.webp 570w, https:\/\/www.slsele.com\/wp-content\/uploads\/2024\/06\/161\u4ea7\u54c1\u8be6\u60c5\u56fe5_\u7ed3\u679c-500x500.webp 500w, https:\/\/www.slsele.com\/wp-content\/uploads\/2024\/06\/161\u4ea7\u54c1\u8be6\u60c5\u56fe5_\u7ed3\u679c-700x700.webp 700w, https:\/\/www.slsele.com\/wp-content\/uploads\/2024\/06\/161\u4ea7\u54c1\u8be6\u60c5\u56fe5_\u7ed3\u679c-600x600.webp 600w, https:\/\/www.slsele.com\/wp-content\/uploads\/2024\/06\/161\u4ea7\u54c1\u8be6\u60c5\u56fe5_\u7ed3\u679c-100x100.webp 100w, https:\/\/www.slsele.com\/wp-content\/uploads\/2024\/06\/161\u4ea7\u54c1\u8be6\u60c5\u56fe5_\u7ed3\u679c-50x50.webp 50w\" sizes=\"auto, (max-width: 748px) 100vw, 748px\" \/><\/h3>\n<h3 style=\"text-align: left; font-size: 20px;\"><strong>Diagrama de cableado<\/strong><\/h3>\n<p><img loading=\"lazy\" decoding=\"async\" class=\"aligncenter size-full wp-image-2147\" src=\"https:\/\/slsele.com\/wp-content\/uploads\/2024\/06\/wiring-diagram_\u7ed3\u679c.webp\" alt=\"diagrama de cableado del termostato del interruptor inteligente\" width=\"753\" height=\"544\" srcset=\"https:\/\/www.slsele.com\/wp-content\/uploads\/2024\/06\/wiring-diagram_\u7ed3\u679c.webp 753w, https:\/\/www.slsele.com\/wp-content\/uploads\/2024\/06\/wiring-diagram_\u7ed3\u679c-300x217.webp 300w, https:\/\/www.slsele.com\/wp-content\/uploads\/2024\/06\/wiring-diagram_\u7ed3\u679c-18x12.webp 18w, https:\/\/www.slsele.com\/wp-content\/uploads\/2024\/06\/wiring-diagram_\u7ed3\u679c-700x506.webp 700w, https:\/\/www.slsele.com\/wp-content\/uploads\/2024\/06\/wiring-diagram_\u7ed3\u679c-600x433.webp 600w\" sizes=\"auto, (max-width: 753px) 100vw, 753px\" \/><\/p>\n<h3 style=\"text-align: left; font-size: 20px;\"><strong><span data-preserver-spaces=\"true\">Noticias Importantes<\/span><\/strong><\/h3>\n<ul style=\"text-align: left;\">\n<li><span data-preserver-spaces=\"true\"> Su tel\u00e9fono inteligente o tableta debe tener una conexi\u00f3n WiFi de 2,4G a Internet.<\/span><\/li>\n<li><span data-preserver-spaces=\"true\"> Descargue e inicie la aplicaci\u00f3n &quot;Smart Life&quot; desde App Store o Google Play Store. Crea una cuenta e inicia sesi\u00f3n.<\/span><\/li>\n<li><span data-preserver-spaces=\"true\"> Durante el proceso de emparejamiento, aseg\u00farate de que tu dispositivo IOS o Android y el <span lang=\"EN-US\" style=\"color: #0e101a;\">interruptor del calentador de agua inteligente <\/span> est\u00e1n dentro del alcance del router.<\/span><\/li>\n<li><span data-preserver-spaces=\"true\"> El dispositivo solo admite una red 2,4G. No se conecte a una red 5G o una red h\u00edbrida.<\/span><\/li>\n<li><span data-preserver-spaces=\"true\"> Ingrese las contrase\u00f1as WiFi correctas. Aseg\u00farese de que su SSID y contrase\u00f1as de WiFi no contengan caracteres especiales.<\/span><\/li>\n<\/ul>\n<h3 style=\"text-align: left; font-size: 20px;\"><strong><span data-preserver-spaces=\"true\">Caracter\u00edsticas<\/span><\/strong><\/h3>\n<ul style=\"text-align: left;\">\n<li><span data-preserver-spaces=\"true\"> <strong>Control remoto de la aplicaci\u00f3n:<\/strong> Controla el interruptor t\u00e9rmico del calentador de agua desde la aplicaci\u00f3n, incluso cuando est\u00e1s en el trabajo.<\/span><\/li>\n<li><span data-preserver-spaces=\"true\"> <strong>Funci\u00f3n de cuenta regresiva:<\/strong> Establece una cuenta atr\u00e1s para apagar el <span lang=\"EN-US\" style=\"color: #0e101a;\">interruptor del calentador de agua inteligente <\/span> para evitar un consumo excesivo de electricidad.<\/span><\/li>\n<li><span data-preserver-spaces=\"true\"> <strong>Funci\u00f3n de sincronizaci\u00f3n:<\/strong> Los ajustes de sincronizaci\u00f3n inteligentes garantizan que nunca se olvide de apagar el calentador de agua.<\/span><\/li>\n<li><span data-preserver-spaces=\"true\"> <strong>Alta capacidad actual:<\/strong> Soporta hasta 40A de corriente, brindando mayor seguridad y evitando que se queme el interruptor t\u00e9rmico.<\/span><\/li>\n<li><span data-preserver-spaces=\"true\"> <strong>Estado de reinicio:<\/strong> Defina el estado de reinicio despu\u00e9s de un corte de energ\u00eda para estar encendido, apagado o mantener el \u00faltimo estado.<\/span><\/li>\n<li><span data-preserver-spaces=\"true\"> <strong>Control de voz:<\/strong> Control manos libres del interruptor inteligente de su calentador de agua. Compatible con Amazon Alexa, Google Home, Yandex y Tmall Genie.<\/span><\/li>\n<li><span data-preserver-spaces=\"true\"> <strong>Panel de vidrio templado:<\/strong> Resistente a los ara\u00f1azos y ofrece una mejor experiencia t\u00e1ctil.<\/span><\/li>\n<li><span data-preserver-spaces=\"true\"> <strong>Funci\u00f3n de control de grupo:<\/strong> El control de grupo le permite gestionar simult\u00e1neamente los interruptores inteligentes del calentador de agua en diferentes habitaciones.<\/span><\/li>\n<\/ul>\n<h3 style=\"text-align: left; font-size: 20px;\"><strong><span data-preserver-spaces=\"true\">Especificaciones<\/span><\/strong><\/h3>\n<p style=\"text-align: left;\">Modelo de producto: Est\u00e1ndar de la UE <span lang=\"EN-US\" style=\"color: #0e101a;\">interruptor del calentador de agua inteligente <\/span><\/p>\n<p style=\"text-align: left;\">Tama\u00f1o del producto: 86*86*35mm<\/p>\n<p style=\"text-align: left;\"><span data-preserver-spaces=\"true\">Voltaje de funcionamiento: AC110V-240V (50\/60Hz)<\/span><\/p>\n<p style=\"text-align: left;\"><span data-preserver-spaces=\"true\">Carga de potencia m\u00e1xima: 3000W<\/span><\/p>\n<p style=\"text-align: left;\"><span data-preserver-spaces=\"true\">Corriente de trabajo: 16A<\/span><\/p>\n<p style=\"text-align: left;\"><span data-preserver-spaces=\"true\">Consumo en espera: \u22640,5 W<\/span><\/p>\n<p style=\"text-align: left;\"><span data-preserver-spaces=\"true\">Protocolo inal\u00e1mbrico: WiFi 2,4 GHz.<\/span><\/p>\n<p style=\"text-align: left;\"><span data-preserver-spaces=\"true\">Alcance inal\u00e1mbrico: 30 metros (interior)<\/span><\/p>\n<p style=\"text-align: left;\"><span data-preserver-spaces=\"true\">Material: ABS + vidrio templado<\/span><\/p>\n<p>&nbsp;<\/p>","protected":false},"excerpt":{"rendered":"<p style=\"margin: 0cm;\"><span lang=\"EN-US\" style=\"color: #0e101a;\">Este interruptor inteligente para calentador de agua admite control remoto y tiene una funci\u00f3n de temporizador para evitar el uso excesivo de electricidad. Puede manejar hasta 40 A de corriente por seguridad y permite configurar el estado despu\u00e9s de un corte de energ\u00eda en modo encendido, apagado o memoria. Compatible con Alexa, Google Home y otros asistentes de voz, cuenta con un panel de vidrio templado resistente a rayones y funci\u00f3n de control de grupo para administrar m\u00faltiples interruptores en diferentes habitaciones.<\/span><\/p>","protected":false},"featured_media":2146,"comment_status":"open","ping_status":"closed","template":"","meta":[],"product_brand":[],"product_cat":[15,24],"product_tag":[],"class_list":{"0":"post-1327","1":"product","2":"type-product","3":"status-publish","4":"has-post-thumbnail","6":"product_cat-smart-switch","7":"product_cat-eu-smart-dimmer-switch","9":"first","10":"instock","11":"shipping-taxable","12":"purchasable","13":"product-type-simple"},"_links":{"self":[{"href":"https:\/\/www.slsele.com\/es\/wp-json\/wp\/v2\/product\/1327","targetHints":{"allow":["GET"]}}],"collection":[{"href":"https:\/\/www.slsele.com\/es\/wp-json\/wp\/v2\/product"}],"about":[{"href":"https:\/\/www.slsele.com\/es\/wp-json\/wp\/v2\/types\/product"}],"replies":[{"embeddable":true,"href":"https:\/\/www.slsele.com\/es\/wp-json\/wp\/v2\/comments?post=1327"}],"wp:featuredmedia":[{"embeddable":true,"href":"https:\/\/www.slsele.com\/es\/wp-json\/wp\/v2\/media\/2146"}],"wp:attachment":[{"href":"https:\/\/www.slsele.com\/es\/wp-json\/wp\/v2\/media?parent=1327"}],"wp:term":[{"taxonomy":"product_brand","embeddable":true,"href":"https:\/\/www.slsele.com\/es\/wp-json\/wp\/v2\/product_brand?post=1327"},{"taxonomy":"product_cat","embeddable":true,"href":"https:\/\/www.slsele.com\/es\/wp-json\/wp\/v2\/product_cat?post=1327"},{"taxonomy":"product_tag","embeddable":true,"href":"https:\/\/www.slsele.com\/es\/wp-json\/wp\/v2\/product_tag?post=1327"}],"curies":[{"name":"wp","href":"https:\/\/api.w.org\/{rel}","templated":true}]}}