{"id":1321,"date":"2024-04-29T16:09:44","date_gmt":"2024-04-29T08:09:44","guid":{"rendered":"https:\/\/slsele.com\/?post_type=product&#038;p=1321"},"modified":"2024-08-25T11:54:20","modified_gmt":"2024-08-25T03:54:20","slug":"eu-wifi-smart-curtain-switch-with-touch-panel","status":"publish","type":"product","link":"https:\/\/www.slsele.com\/es\/producto\/eu-wifi-smart-curtain-switch-with-touch-panel\/","title":{"rendered":"Interruptor de cortina inteligente con WiFi y panel t\u00e1ctil SLS EU"},"content":{"rendered":"<h2 style=\"text-align: center;\">Interruptor de cortina inteligente con WiFi de la UE<\/h2>\n<div data-page-id=\"U7eNdOUtXoXwdJxHzswcoYTXnMh\" data-lark-html-role=\"root\" data-docx-has-block-data=\"false\">\n<div class=\"ace-line ace-line old-record-id-UlU0dZJHsou966xKMkXciymYnvc\">\n<p style=\"text-align: left;\"><span data-preserver-spaces=\"true\">El interruptor de panel t\u00e1ctil para cortinas inteligente con WiFi es un dispositivo inteligente que se puede conectar de forma inal\u00e1mbrica a la red de su hogar e integrarse con su sistema de hogar inteligente. Est\u00e1 dise\u00f1ado con un panel t\u00e1ctil que permite a los usuarios controlar f\u00e1cilmente la apertura y el cierre de las cortinas a trav\u00e9s de una interfaz intuitiva. El interruptor tambi\u00e9n se puede controlar de forma remota a trav\u00e9s de una aplicaci\u00f3n para tel\u00e9fonos inteligentes para una experiencia de vida inteligente. Tambi\u00e9n puede funcionar con Amazon Alexa <\/span><span data-preserver-spaces=\"true\">y <\/span><span data-preserver-spaces=\"true\">Google Home. Puedes abrir y cerrar la cortina desde cualquier lugar y en cualquier momento.<\/span><\/p>\n<p><img loading=\"lazy\" decoding=\"async\" class=\"wp-image-3640 alignleft\" style=\"display: block; margin: 0 auto; width: 100%;\" src=\"https:\/\/slsele.com\/wp-content\/uploads\/2024\/04\/\u6b27\u5f0f\u7a97\u5e18\u5f00\u5173-11_\u7ed3\u679c.webp\" alt=\"\" width=\"443\" height=\"443\" srcset=\"https:\/\/www.slsele.com\/wp-content\/uploads\/2024\/04\/\u6b27\u5f0f\u7a97\u5e18\u5f00\u5173-11_\u7ed3\u679c.webp 1001w, https:\/\/www.slsele.com\/wp-content\/uploads\/2024\/04\/\u6b27\u5f0f\u7a97\u5e18\u5f00\u5173-11_\u7ed3\u679c-300x300.webp 300w, https:\/\/www.slsele.com\/wp-content\/uploads\/2024\/04\/\u6b27\u5f0f\u7a97\u5e18\u5f00\u5173-11_\u7ed3\u679c-150x150.webp 150w, https:\/\/www.slsele.com\/wp-content\/uploads\/2024\/04\/\u6b27\u5f0f\u7a97\u5e18\u5f00\u5173-11_\u7ed3\u679c-768x768.webp 768w, https:\/\/www.slsele.com\/wp-content\/uploads\/2024\/04\/\u6b27\u5f0f\u7a97\u5e18\u5f00\u5173-11_\u7ed3\u679c-12x12.webp 12w, https:\/\/www.slsele.com\/wp-content\/uploads\/2024\/04\/\u6b27\u5f0f\u7a97\u5e18\u5f00\u5173-11_\u7ed3\u679c-570x570.webp 570w, https:\/\/www.slsele.com\/wp-content\/uploads\/2024\/04\/\u6b27\u5f0f\u7a97\u5e18\u5f00\u5173-11_\u7ed3\u679c-500x500.webp 500w, https:\/\/www.slsele.com\/wp-content\/uploads\/2024\/04\/\u6b27\u5f0f\u7a97\u5e18\u5f00\u5173-11_\u7ed3\u679c-700x700.webp 700w, https:\/\/www.slsele.com\/wp-content\/uploads\/2024\/04\/\u6b27\u5f0f\u7a97\u5e18\u5f00\u5173-11_\u7ed3\u679c-600x600.webp 600w, https:\/\/www.slsele.com\/wp-content\/uploads\/2024\/04\/\u6b27\u5f0f\u7a97\u5e18\u5f00\u5173-11_\u7ed3\u679c-100x100.webp 100w, https:\/\/www.slsele.com\/wp-content\/uploads\/2024\/04\/\u6b27\u5f0f\u7a97\u5e18\u5f00\u5173-11_\u7ed3\u679c-50x50.webp 50w\" sizes=\"auto, (max-width: 443px) 100vw, 443px\" \/><\/p>\n<\/div>\n<\/div>\n<p>&nbsp;<\/p>\n<h2 style=\"text-align: left;\">Amplia aplicaci\u00f3n<\/h2>\n<div data-page-id=\"U7eNdOUtXoXwdJxHzswcoYTXnMh\" data-lark-html-role=\"root\" data-docx-has-block-data=\"false\">\n<div class=\"ace-line ace-line old-record-id-UlU0dZJHsou966xKMkXciymYnvc\">\n<p><img loading=\"lazy\" decoding=\"async\" class=\"wp-image-3639 alignleft\" style=\"display: block; margin: 0 auto; width: 100%;\" src=\"https:\/\/slsele.com\/wp-content\/uploads\/2024\/04\/\u6b27\u5f0f\u7a97\u5e18\u5f00\u5173-10_\u7ed3\u679c.webp\" alt=\"\" width=\"566\" height=\"566\" srcset=\"https:\/\/www.slsele.com\/wp-content\/uploads\/2024\/04\/\u6b27\u5f0f\u7a97\u5e18\u5f00\u5173-10_\u7ed3\u679c.webp 1001w, https:\/\/www.slsele.com\/wp-content\/uploads\/2024\/04\/\u6b27\u5f0f\u7a97\u5e18\u5f00\u5173-10_\u7ed3\u679c-300x300.webp 300w, https:\/\/www.slsele.com\/wp-content\/uploads\/2024\/04\/\u6b27\u5f0f\u7a97\u5e18\u5f00\u5173-10_\u7ed3\u679c-150x150.webp 150w, https:\/\/www.slsele.com\/wp-content\/uploads\/2024\/04\/\u6b27\u5f0f\u7a97\u5e18\u5f00\u5173-10_\u7ed3\u679c-768x768.webp 768w, https:\/\/www.slsele.com\/wp-content\/uploads\/2024\/04\/\u6b27\u5f0f\u7a97\u5e18\u5f00\u5173-10_\u7ed3\u679c-12x12.webp 12w, https:\/\/www.slsele.com\/wp-content\/uploads\/2024\/04\/\u6b27\u5f0f\u7a97\u5e18\u5f00\u5173-10_\u7ed3\u679c-570x570.webp 570w, https:\/\/www.slsele.com\/wp-content\/uploads\/2024\/04\/\u6b27\u5f0f\u7a97\u5e18\u5f00\u5173-10_\u7ed3\u679c-500x500.webp 500w, https:\/\/www.slsele.com\/wp-content\/uploads\/2024\/04\/\u6b27\u5f0f\u7a97\u5e18\u5f00\u5173-10_\u7ed3\u679c-700x700.webp 700w, https:\/\/www.slsele.com\/wp-content\/uploads\/2024\/04\/\u6b27\u5f0f\u7a97\u5e18\u5f00\u5173-10_\u7ed3\u679c-600x600.webp 600w, https:\/\/www.slsele.com\/wp-content\/uploads\/2024\/04\/\u6b27\u5f0f\u7a97\u5e18\u5f00\u5173-10_\u7ed3\u679c-100x100.webp 100w, https:\/\/www.slsele.com\/wp-content\/uploads\/2024\/04\/\u6b27\u5f0f\u7a97\u5e18\u5f00\u5173-10_\u7ed3\u679c-50x50.webp 50w\" sizes=\"auto, (max-width: 566px) 100vw, 566px\" \/><\/p>\n<p>&nbsp;<\/p>\n<p style=\"text-align: left;\"><span data-preserver-spaces=\"true\">El interruptor de cortina WiFi es adecuado para m\u00faltiples persianas el\u00e9ctricas. Puede funcionar con cortinas inteligentes, puertas el\u00e9ctricas y otros electrodom\u00e9sticos. Puede cerrar la cortina a trav\u00e9s del tel\u00e9fono o el control de voz de Alexa Echo por la noche y abrirla por la ma\u00f1ana, para no tener que levantarse. Tambi\u00e9n puede abrir la puerta del garaje inteligente de su autom\u00f3vil con su tel\u00e9fono m\u00f3vil; no es necesario bajarse del autom\u00f3vil.<\/span><\/p>\n<h2 style=\"text-align: left;\"><span data-preserver-spaces=\"true\">M\u00faltiples m\u00e9todos de control<\/span><\/h2>\n<h3 style=\"text-align: left;\"><span data-preserver-spaces=\"true\">Interruptor de control t\u00e1ctil seguro<\/span><\/h3>\n<p><img loading=\"lazy\" decoding=\"async\" class=\"wp-image-3644 alignleft\" style=\"display: block; margin: 0 auto; width: 100%;\" src=\"https:\/\/slsele.com\/wp-content\/uploads\/2024\/04\/H0bc244ac8baf4a6dba42b1efecb500a0h_\u7ed3\u679c-653x1024.webp\" alt=\"\" width=\"437\" height=\"685\" srcset=\"https:\/\/www.slsele.com\/wp-content\/uploads\/2024\/04\/H0bc244ac8baf4a6dba42b1efecb500a0h_\u7ed3\u679c-653x1024.webp 653w, https:\/\/www.slsele.com\/wp-content\/uploads\/2024\/04\/H0bc244ac8baf4a6dba42b1efecb500a0h_\u7ed3\u679c-191x300.webp 191w, https:\/\/www.slsele.com\/wp-content\/uploads\/2024\/04\/H0bc244ac8baf4a6dba42b1efecb500a0h_\u7ed3\u679c-768x1204.webp 768w, https:\/\/www.slsele.com\/wp-content\/uploads\/2024\/04\/H0bc244ac8baf4a6dba42b1efecb500a0h_\u7ed3\u679c-8x12.webp 8w, https:\/\/www.slsele.com\/wp-content\/uploads\/2024\/04\/H0bc244ac8baf4a6dba42b1efecb500a0h_\u7ed3\u679c-700x1097.webp 700w, https:\/\/www.slsele.com\/wp-content\/uploads\/2024\/04\/H0bc244ac8baf4a6dba42b1efecb500a0h_\u7ed3\u679c-600x940.webp 600w, https:\/\/www.slsele.com\/wp-content\/uploads\/2024\/04\/H0bc244ac8baf4a6dba42b1efecb500a0h_\u7ed3\u679c.webp 790w\" sizes=\"auto, (max-width: 437px) 100vw, 437px\" \/><\/p>\n<p>&nbsp;<\/p>\n<p style=\"text-align: left;\"><span data-preserver-spaces=\"true\">Este interruptor de control t\u00e1ctil admite una potencia m\u00e1xima de 2200 W y puede funcionar con la mayor\u00eda de las cortinas inteligentes con funci\u00f3n de control remoto. Est\u00e1 hecho de material ABS ign\u00edfugo, que es<\/span> <span data-preserver-spaces=\"true\">Seguro para electrodom\u00e9sticos de alta potencia. El voltaje es CA 100-250 V.<\/span><\/p>\n<h3 style=\"text-align: left;\"><span data-preserver-spaces=\"true\">Control remoto de la aplicaci\u00f3n<\/span><\/h3>\n<p style=\"text-align: left;\"><span data-preserver-spaces=\"true\"><img loading=\"lazy\" decoding=\"async\" class=\"wp-image-3638 alignleft\" style=\"display: block; margin: 0 auto; width: 100%;\" src=\"https:\/\/slsele.com\/wp-content\/uploads\/2024\/04\/\u6b27\u5f0f\u7a97\u5e18\u5f00\u5173-6_\u7ed3\u679c.webp\" alt=\"\" width=\"515\" height=\"515\" srcset=\"https:\/\/www.slsele.com\/wp-content\/uploads\/2024\/04\/\u6b27\u5f0f\u7a97\u5e18\u5f00\u5173-6_\u7ed3\u679c.webp 960w, https:\/\/www.slsele.com\/wp-content\/uploads\/2024\/04\/\u6b27\u5f0f\u7a97\u5e18\u5f00\u5173-6_\u7ed3\u679c-300x300.webp 300w, https:\/\/www.slsele.com\/wp-content\/uploads\/2024\/04\/\u6b27\u5f0f\u7a97\u5e18\u5f00\u5173-6_\u7ed3\u679c-150x150.webp 150w, https:\/\/www.slsele.com\/wp-content\/uploads\/2024\/04\/\u6b27\u5f0f\u7a97\u5e18\u5f00\u5173-6_\u7ed3\u679c-768x768.webp 768w, https:\/\/www.slsele.com\/wp-content\/uploads\/2024\/04\/\u6b27\u5f0f\u7a97\u5e18\u5f00\u5173-6_\u7ed3\u679c-12x12.webp 12w, https:\/\/www.slsele.com\/wp-content\/uploads\/2024\/04\/\u6b27\u5f0f\u7a97\u5e18\u5f00\u5173-6_\u7ed3\u679c-570x570.webp 570w, https:\/\/www.slsele.com\/wp-content\/uploads\/2024\/04\/\u6b27\u5f0f\u7a97\u5e18\u5f00\u5173-6_\u7ed3\u679c-500x500.webp 500w, https:\/\/www.slsele.com\/wp-content\/uploads\/2024\/04\/\u6b27\u5f0f\u7a97\u5e18\u5f00\u5173-6_\u7ed3\u679c-700x700.webp 700w, https:\/\/www.slsele.com\/wp-content\/uploads\/2024\/04\/\u6b27\u5f0f\u7a97\u5e18\u5f00\u5173-6_\u7ed3\u679c-600x600.webp 600w, https:\/\/www.slsele.com\/wp-content\/uploads\/2024\/04\/\u6b27\u5f0f\u7a97\u5e18\u5f00\u5173-6_\u7ed3\u679c-100x100.webp 100w, https:\/\/www.slsele.com\/wp-content\/uploads\/2024\/04\/\u6b27\u5f0f\u7a97\u5e18\u5f00\u5173-6_\u7ed3\u679c-50x50.webp 50w\" sizes=\"auto, (max-width: 515px) 100vw, 515px\" \/><br \/>\n<\/span><\/p>\n<p>&nbsp;<\/p>\n<p style=\"text-align: left;\"><span data-preserver-spaces=\"true\">Los usuarios pueden usar un tel\u00e9fono inteligente para abrir o cerrar cortinas o puertas el\u00e9ctricas de forma remota en cualquier momento y lugar a trav\u00e9s de una aplicaci\u00f3n si el tel\u00e9fono iOS o Android tiene una red 3G\/4G\/WiFi. Comparta este interruptor inteligente con los miembros de su familia para compartir m\u00e1s informaci\u00f3n.<\/span><\/p>\n<h3 style=\"text-align: left;\"><span data-preserver-spaces=\"true\">Compatible con el altavoz de voz Alexa\/Google Home<\/span><\/h3>\n<p><img loading=\"lazy\" decoding=\"async\" class=\"wp-image-3635 alignleft\" style=\"display: block; margin: 0 auto; width: 100%;\" src=\"https:\/\/slsele.com\/wp-content\/uploads\/2024\/04\/\u6b27\u5f0f\u7a97\u5e18\u5f00\u5173-3_\u7ed3\u679c.webp\" alt=\"\" width=\"410\" height=\"410\" srcset=\"https:\/\/www.slsele.com\/wp-content\/uploads\/2024\/04\/\u6b27\u5f0f\u7a97\u5e18\u5f00\u5173-3_\u7ed3\u679c.webp 1001w, https:\/\/www.slsele.com\/wp-content\/uploads\/2024\/04\/\u6b27\u5f0f\u7a97\u5e18\u5f00\u5173-3_\u7ed3\u679c-300x300.webp 300w, https:\/\/www.slsele.com\/wp-content\/uploads\/2024\/04\/\u6b27\u5f0f\u7a97\u5e18\u5f00\u5173-3_\u7ed3\u679c-150x150.webp 150w, https:\/\/www.slsele.com\/wp-content\/uploads\/2024\/04\/\u6b27\u5f0f\u7a97\u5e18\u5f00\u5173-3_\u7ed3\u679c-768x768.webp 768w, https:\/\/www.slsele.com\/wp-content\/uploads\/2024\/04\/\u6b27\u5f0f\u7a97\u5e18\u5f00\u5173-3_\u7ed3\u679c-12x12.webp 12w, https:\/\/www.slsele.com\/wp-content\/uploads\/2024\/04\/\u6b27\u5f0f\u7a97\u5e18\u5f00\u5173-3_\u7ed3\u679c-570x570.webp 570w, https:\/\/www.slsele.com\/wp-content\/uploads\/2024\/04\/\u6b27\u5f0f\u7a97\u5e18\u5f00\u5173-3_\u7ed3\u679c-500x500.webp 500w, https:\/\/www.slsele.com\/wp-content\/uploads\/2024\/04\/\u6b27\u5f0f\u7a97\u5e18\u5f00\u5173-3_\u7ed3\u679c-700x700.webp 700w, https:\/\/www.slsele.com\/wp-content\/uploads\/2024\/04\/\u6b27\u5f0f\u7a97\u5e18\u5f00\u5173-3_\u7ed3\u679c-600x600.webp 600w, https:\/\/www.slsele.com\/wp-content\/uploads\/2024\/04\/\u6b27\u5f0f\u7a97\u5e18\u5f00\u5173-3_\u7ed3\u679c-100x100.webp 100w, https:\/\/www.slsele.com\/wp-content\/uploads\/2024\/04\/\u6b27\u5f0f\u7a97\u5e18\u5f00\u5173-3_\u7ed3\u679c-50x50.webp 50w\" sizes=\"auto, (max-width: 410px) 100vw, 410px\" \/><\/p>\n<p>&nbsp;<\/p>\n<p style=\"text-align: left;\"><span data-preserver-spaces=\"true\">El interruptor del motor de la cortina se puede controlar por voz a trav\u00e9s de un dispositivo Alexa o Google para encender o apagar la cortina. Use su voz para controlar los dispositivos conectados, sin tener que usar las manos.<\/span><\/p>\n<h2 style=\"text-align: left;\"><span data-preserver-spaces=\"true\">Horarios<\/span><\/h2>\n<p>&nbsp;<\/p>\n<p>&nbsp;<\/p>\n<p><img loading=\"lazy\" decoding=\"async\" class=\"wp-image-3653 alignleft\" style=\"display: block; margin: 0 auto; width: 100%;\" src=\"https:\/\/slsele.com\/wp-content\/uploads\/2024\/04\/\u6b27\u5f0f\u7a97\u5e18\u5f00\u5173-7_\u7ed3\u679c.webp\" alt=\"interruptor de cortina inteligente\" width=\"558\" height=\"558\" srcset=\"https:\/\/www.slsele.com\/wp-content\/uploads\/2024\/04\/\u6b27\u5f0f\u7a97\u5e18\u5f00\u5173-7_\u7ed3\u679c.webp 800w, https:\/\/www.slsele.com\/wp-content\/uploads\/2024\/04\/\u6b27\u5f0f\u7a97\u5e18\u5f00\u5173-7_\u7ed3\u679c-300x300.webp 300w, https:\/\/www.slsele.com\/wp-content\/uploads\/2024\/04\/\u6b27\u5f0f\u7a97\u5e18\u5f00\u5173-7_\u7ed3\u679c-150x150.webp 150w, https:\/\/www.slsele.com\/wp-content\/uploads\/2024\/04\/\u6b27\u5f0f\u7a97\u5e18\u5f00\u5173-7_\u7ed3\u679c-768x768.webp 768w, https:\/\/www.slsele.com\/wp-content\/uploads\/2024\/04\/\u6b27\u5f0f\u7a97\u5e18\u5f00\u5173-7_\u7ed3\u679c-12x12.webp 12w, https:\/\/www.slsele.com\/wp-content\/uploads\/2024\/04\/\u6b27\u5f0f\u7a97\u5e18\u5f00\u5173-7_\u7ed3\u679c-570x570.webp 570w, https:\/\/www.slsele.com\/wp-content\/uploads\/2024\/04\/\u6b27\u5f0f\u7a97\u5e18\u5f00\u5173-7_\u7ed3\u679c-500x500.webp 500w, https:\/\/www.slsele.com\/wp-content\/uploads\/2024\/04\/\u6b27\u5f0f\u7a97\u5e18\u5f00\u5173-7_\u7ed3\u679c-700x700.webp 700w, https:\/\/www.slsele.com\/wp-content\/uploads\/2024\/04\/\u6b27\u5f0f\u7a97\u5e18\u5f00\u5173-7_\u7ed3\u679c-600x600.webp 600w, https:\/\/www.slsele.com\/wp-content\/uploads\/2024\/04\/\u6b27\u5f0f\u7a97\u5e18\u5f00\u5173-7_\u7ed3\u679c-100x100.webp 100w, https:\/\/www.slsele.com\/wp-content\/uploads\/2024\/04\/\u6b27\u5f0f\u7a97\u5e18\u5f00\u5173-7_\u7ed3\u679c-50x50.webp 50w\" sizes=\"auto, (max-width: 558px) 100vw, 558px\" \/><\/p>\n<p>&nbsp;<\/p>\n<p style=\"text-align: left;\"><span data-preserver-spaces=\"true\">Admite un m\u00e1ximo de 8 habilitaciones de cronometraje \u00fanico\/repetici\u00f3n\/cuenta regresiva para cada dispositivo. Los temporizadores preestablecidos pueden funcionar incluso si la red no est\u00e1 disponible, pero el dispositivo debe mantenerse encendido <\/span><span data-preserver-spaces=\"true\">en.<\/span><\/p>\n<h2 style=\"text-align: left;\"><span data-preserver-spaces=\"true\">Reemplace los interruptores tradicionales<\/span><\/h2>\n<p><img loading=\"lazy\" decoding=\"async\" class=\"wp-image-3649 alignleft\" style=\"display: block; margin: 0 auto; width: 100%;\" src=\"https:\/\/slsele.com\/wp-content\/uploads\/2024\/04\/H79d07e0babc3415a852a6f9552b14d3d4_\u7ed3\u679c.webp\" alt=\"\" width=\"459\" height=\"461\" srcset=\"https:\/\/www.slsele.com\/wp-content\/uploads\/2024\/04\/H79d07e0babc3415a852a6f9552b14d3d4_\u7ed3\u679c.webp 800w, https:\/\/www.slsele.com\/wp-content\/uploads\/2024\/04\/H79d07e0babc3415a852a6f9552b14d3d4_\u7ed3\u679c-300x300.webp 300w, https:\/\/www.slsele.com\/wp-content\/uploads\/2024\/04\/H79d07e0babc3415a852a6f9552b14d3d4_\u7ed3\u679c-150x150.webp 150w, https:\/\/www.slsele.com\/wp-content\/uploads\/2024\/04\/H79d07e0babc3415a852a6f9552b14d3d4_\u7ed3\u679c-768x771.webp 768w, https:\/\/www.slsele.com\/wp-content\/uploads\/2024\/04\/H79d07e0babc3415a852a6f9552b14d3d4_\u7ed3\u679c-12x12.webp 12w, https:\/\/www.slsele.com\/wp-content\/uploads\/2024\/04\/H79d07e0babc3415a852a6f9552b14d3d4_\u7ed3\u679c-700x703.webp 700w, https:\/\/www.slsele.com\/wp-content\/uploads\/2024\/04\/H79d07e0babc3415a852a6f9552b14d3d4_\u7ed3\u679c-600x602.webp 600w, https:\/\/www.slsele.com\/wp-content\/uploads\/2024\/04\/H79d07e0babc3415a852a6f9552b14d3d4_\u7ed3\u679c-100x100.webp 100w, https:\/\/www.slsele.com\/wp-content\/uploads\/2024\/04\/H79d07e0babc3415a852a6f9552b14d3d4_\u7ed3\u679c-50x50.webp 50w\" sizes=\"auto, (max-width: 459px) 100vw, 459px\" \/><\/p>\n<p>&nbsp;<\/p>\n<p style=\"text-align: left;\">Los orificios del cartucho sirven como una interfaz com\u00fan que cierra la brecha entre los interruptores de bot\u00f3n tradicionales y los interruptores de panel t\u00e1ctil inteligentes modernos, lo que permite una transici\u00f3n perfecta de una tecnolog\u00eda a otra.<\/p>\n<h2 style=\"text-align: left;\">Interruptor de cortina inteligente con tinta y otros <a href=\"https:\/\/www.slsele.com\/es\/products\/\" target=\"_blank\" rel=\"noopener\">productos para el hogar inteligente<\/a><\/h2>\n<p><img loading=\"lazy\" decoding=\"async\" class=\"wp-image-3645 alignleft\" src=\"https:\/\/slsele.com\/wp-content\/uploads\/2024\/04\/H0c12f8880cb04d6cb0c930352b61251ai_\u7ed3\u679c-755x1024.webp\" alt=\"\" width=\"1188\" height=\"1611\" srcset=\"https:\/\/www.slsele.com\/wp-content\/uploads\/2024\/04\/H0c12f8880cb04d6cb0c930352b61251ai_\u7ed3\u679c-755x1024.webp 755w, https:\/\/www.slsele.com\/wp-content\/uploads\/2024\/04\/H0c12f8880cb04d6cb0c930352b61251ai_\u7ed3\u679c-221x300.webp 221w, https:\/\/www.slsele.com\/wp-content\/uploads\/2024\/04\/H0c12f8880cb04d6cb0c930352b61251ai_\u7ed3\u679c-768x1042.webp 768w, https:\/\/www.slsele.com\/wp-content\/uploads\/2024\/04\/H0c12f8880cb04d6cb0c930352b61251ai_\u7ed3\u679c-1132x1536.webp 1132w, https:\/\/www.slsele.com\/wp-content\/uploads\/2024\/04\/H0c12f8880cb04d6cb0c930352b61251ai_\u7ed3\u679c-1509x2048.webp 1509w, https:\/\/www.slsele.com\/wp-content\/uploads\/2024\/04\/H0c12f8880cb04d6cb0c930352b61251ai_\u7ed3\u679c-9x12.webp 9w, https:\/\/www.slsele.com\/wp-content\/uploads\/2024\/04\/H0c12f8880cb04d6cb0c930352b61251ai_\u7ed3\u679c-700x950.webp 700w, https:\/\/www.slsele.com\/wp-content\/uploads\/2024\/04\/H0c12f8880cb04d6cb0c930352b61251ai_\u7ed3\u679c-600x814.webp 600w, https:\/\/www.slsele.com\/wp-content\/uploads\/2024\/04\/H0c12f8880cb04d6cb0c930352b61251ai_\u7ed3\u679c-scaled.webp 1887w\" sizes=\"auto, (max-width: 1188px) 100vw, 1188px\" \/><\/p>\n<p>&nbsp;<\/p>\n<p style=\"text-align: left;\">El interruptor de cortina inteligente se puede vincular perfectamente con otros productos dom\u00e9sticos inteligentes, lo que permite el control y la automatizaci\u00f3n integrados en varios dispositivos dentro del entorno del hogar, mejorando as\u00ed la comodidad y la eficiencia energ\u00e9tica.<\/p>\n<\/div>\n<\/div>\n<h2 style=\"text-align: left;\"><strong>Par\u00e1metros del interruptor de cortina inteligente<\/strong><\/h2>\n<div data-page-id=\"U7eNdOUtXoXwdJxHzswcoYTXnMh\" data-lark-html-role=\"root\" data-docx-has-block-data=\"false\">\n<div data-page-id=\"U7eNdOUtXoXwdJxHzswcoYTXnMh\" data-lark-html-role=\"root\" data-docx-has-block-data=\"true\">\n<div class=\"old-record-id-XbnLdfH2sohUYqxIqBycUtCbnFd\" data-type=\"sheet\">\n<table>\n<colgroup>\n<col width=\"181\" \/>\n<col width=\"301\" \/><\/colgroup>\n<tbody>\n<tr>\n<td><strong>Nombre del producto<\/strong><\/td>\n<td>Interruptor de panel t\u00e1ctil de cortina inteligente WiFi<\/td>\n<\/tr>\n<tr>\n<td><strong>Tipo<\/strong><\/td>\n<td>UE<\/td>\n<\/tr>\n<tr>\n<td><strong>Est\u00e1ndar<\/strong><\/td>\n<td>Wi-Fi<\/td>\n<\/tr>\n<tr>\n<td><strong>Voltaje<\/strong><\/td>\n<td>CA 110-240 V (50\/60 Hz)<\/td>\n<\/tr>\n<tr>\n<td><strong>Potencia de carga<\/strong><\/td>\n<td>Potencia de carga: \u2264600W<\/td>\n<\/tr>\n<tr>\n<td><strong>Actual<\/strong><\/td>\n<td>2,5 A<\/td>\n<\/tr>\n<tr>\n<td><strong>Frecuencia inal\u00e1mbrica<\/strong><\/td>\n<td>Wi-Fi 2,4 GHz<\/td>\n<\/tr>\n<tr>\n<td><strong>Tama\u00f1o del producto<\/strong><\/td>\n<td>86*86*35 mm<\/td>\n<\/tr>\n<\/tbody>\n<\/table>\n<p>&nbsp;<\/p>\n<\/div>\n<\/div>\n<\/div>","protected":false},"excerpt":{"rendered":"<p>El interruptor de cortina inteligente es adecuado para cortinas\/persianas enrollables, que pueden controlar de forma inteligente la cortina sin problemas desde cualquier lugar, y admite control t\u00e1ctil de vidrio templado\/control remoto en la aplicaci\u00f3n\/control por voz.<\/p>","protected":false},"featured_media":3659,"comment_status":"open","ping_status":"closed","template":"","meta":[],"product_brand":[],"product_cat":[15,24],"product_tag":[],"class_list":{"0":"post-1321","1":"product","2":"type-product","3":"status-publish","4":"has-post-thumbnail","6":"product_cat-smart-switch","7":"product_cat-eu-smart-dimmer-switch","9":"first","10":"instock","11":"shipping-taxable","12":"purchasable","13":"product-type-simple"},"_links":{"self":[{"href":"https:\/\/www.slsele.com\/es\/wp-json\/wp\/v2\/product\/1321","targetHints":{"allow":["GET"]}}],"collection":[{"href":"https:\/\/www.slsele.com\/es\/wp-json\/wp\/v2\/product"}],"about":[{"href":"https:\/\/www.slsele.com\/es\/wp-json\/wp\/v2\/types\/product"}],"replies":[{"embeddable":true,"href":"https:\/\/www.slsele.com\/es\/wp-json\/wp\/v2\/comments?post=1321"}],"wp:featuredmedia":[{"embeddable":true,"href":"https:\/\/www.slsele.com\/es\/wp-json\/wp\/v2\/media\/3659"}],"wp:attachment":[{"href":"https:\/\/www.slsele.com\/es\/wp-json\/wp\/v2\/media?parent=1321"}],"wp:term":[{"taxonomy":"product_brand","embeddable":true,"href":"https:\/\/www.slsele.com\/es\/wp-json\/wp\/v2\/product_brand?post=1321"},{"taxonomy":"product_cat","embeddable":true,"href":"https:\/\/www.slsele.com\/es\/wp-json\/wp\/v2\/product_cat?post=1321"},{"taxonomy":"product_tag","embeddable":true,"href":"https:\/\/www.slsele.com\/es\/wp-json\/wp\/v2\/product_tag?post=1321"}],"curies":[{"name":"wp","href":"https:\/\/api.w.org\/{rel}","templated":true}]}}