{"id":1284,"date":"2024-04-29T11:25:41","date_gmt":"2024-04-29T03:25:41","guid":{"rendered":"https:\/\/slsele.com\/?post_type=product&#038;p=1284"},"modified":"2024-09-14T10:33:15","modified_gmt":"2024-09-14T02:33:15","slug":"eu-wifi-push-button-wall-light-switch-with-neutral-wire","status":"publish","type":"product","link":"https:\/\/www.slsele.com\/es\/producto\/eu-wifi-push-button-wall-light-switch-with-neutral-wire\/","title":{"rendered":"Interruptor de bot\u00f3n pulsador para luz de pared SLS EU WiFi con cable neutro"},"content":{"rendered":"<h2 style=\"text-align: center; font-size: 28px;\">Interruptor pulsador de luz de pared WiFi UE con cable neutro<\/h2>\n<h3 style=\"text-align: left; font-size: 25px;\">Descripci\u00f3n:<\/h3>\n<p style=\"text-align: left;\"><span style=\"text-decoration: underline; color: #3366ff;\"><a style=\"color: #3366ff; text-decoration: underline;\" href=\"https:\/\/www.slsele.com\/es\/introduction-of-smart-switch\/\" target=\"_blank\" rel=\"noopener\">El interruptor de bot\u00f3n inteligente<\/a><\/span> est\u00e1 dise\u00f1ado para una f\u00e1cil instalaci\u00f3n con un dise\u00f1o de cable N+L que requiere un cable neutro. Este interruptor admite asociaci\u00f3n de control m\u00faltiple bidireccional, lo que le permite controlar una luz con m\u00faltiples interruptores a trav\u00e9s de la aplicaci\u00f3n Smart Life Tuya. Si bien puede controlar varios interruptores diferentes, solo se puede asociar un grupo en un interruptor.<\/p>\n<p>&nbsp;<\/p>\n<p style=\"text-align: left;\">Con material ign\u00edfugo y tecnolog\u00eda avanzada sin arco el\u00e9ctrico, el interruptor de bot\u00f3n inteligente garantiza un funcionamiento seguro y confiable. Admite protecci\u00f3n contra sobrecarga y sobrecalentamiento, lo que garantiza una mayor seguridad y una experiencia de usuario maravillosa.<\/p>\n<p>&nbsp;<\/p>\n<p style=\"text-align: left;\">Adem\u00e1s, el interruptor de bot\u00f3n inteligente no requiere una puerta de enlace, lo que simplifica a\u00fan m\u00e1s la configuraci\u00f3n. Es totalmente compatible con Alexa y Google Home para control de voz con manos libres y se puede controlar de forma remota a trav\u00e9s de la aplicaci\u00f3n Smart Life\/Tuya desde cualquier lugar y en cualquier momento.<\/p>\n<h3 style=\"text-align: left; font-size: 25px;\"><img loading=\"lazy\" decoding=\"async\" class=\"aligncenter size-full wp-image-1293\" src=\"https:\/\/slsele.com\/wp-content\/uploads\/2024\/04\/102\u8be6\u60c5\u56fe1.jpg\" alt=\"Interruptor de bot\u00f3n controlado por voz\" width=\"1000\" height=\"1000\" srcset=\"https:\/\/www.slsele.com\/wp-content\/uploads\/2024\/04\/102\u8be6\u60c5\u56fe1.jpg 1000w, https:\/\/www.slsele.com\/wp-content\/uploads\/2024\/04\/102\u8be6\u60c5\u56fe1-300x300.jpg 300w, https:\/\/www.slsele.com\/wp-content\/uploads\/2024\/04\/102\u8be6\u60c5\u56fe1-150x150.jpg 150w, https:\/\/www.slsele.com\/wp-content\/uploads\/2024\/04\/102\u8be6\u60c5\u56fe1-768x768.jpg 768w, https:\/\/www.slsele.com\/wp-content\/uploads\/2024\/04\/102\u8be6\u60c5\u56fe1-12x12.jpg 12w, https:\/\/www.slsele.com\/wp-content\/uploads\/2024\/04\/102\u8be6\u60c5\u56fe1-570x570.jpg 570w, https:\/\/www.slsele.com\/wp-content\/uploads\/2024\/04\/102\u8be6\u60c5\u56fe1-500x500.jpg 500w, https:\/\/www.slsele.com\/wp-content\/uploads\/2024\/04\/102\u8be6\u60c5\u56fe1-700x700.jpg 700w, https:\/\/www.slsele.com\/wp-content\/uploads\/2024\/04\/102\u8be6\u60c5\u56fe1-600x600.jpg 600w, https:\/\/www.slsele.com\/wp-content\/uploads\/2024\/04\/102\u8be6\u60c5\u56fe1-100x100.jpg 100w, https:\/\/www.slsele.com\/wp-content\/uploads\/2024\/04\/102\u8be6\u60c5\u56fe1-50x50.jpg 50w\" sizes=\"auto, (max-width: 1000px) 100vw, 1000px\" \/><img loading=\"lazy\" decoding=\"async\" class=\"aligncenter size-full wp-image-1294\" src=\"https:\/\/slsele.com\/wp-content\/uploads\/2024\/04\/102\u8be6\u60c5\u56fe2.jpg\" alt=\"Los interruptores de bot\u00f3n WiFi se pueden controlar de forma remota\" width=\"1000\" height=\"1000\" srcset=\"https:\/\/www.slsele.com\/wp-content\/uploads\/2024\/04\/102\u8be6\u60c5\u56fe2.jpg 1000w, https:\/\/www.slsele.com\/wp-content\/uploads\/2024\/04\/102\u8be6\u60c5\u56fe2-300x300.jpg 300w, https:\/\/www.slsele.com\/wp-content\/uploads\/2024\/04\/102\u8be6\u60c5\u56fe2-150x150.jpg 150w, https:\/\/www.slsele.com\/wp-content\/uploads\/2024\/04\/102\u8be6\u60c5\u56fe2-768x768.jpg 768w, https:\/\/www.slsele.com\/wp-content\/uploads\/2024\/04\/102\u8be6\u60c5\u56fe2-12x12.jpg 12w, https:\/\/www.slsele.com\/wp-content\/uploads\/2024\/04\/102\u8be6\u60c5\u56fe2-570x570.jpg 570w, https:\/\/www.slsele.com\/wp-content\/uploads\/2024\/04\/102\u8be6\u60c5\u56fe2-500x500.jpg 500w, https:\/\/www.slsele.com\/wp-content\/uploads\/2024\/04\/102\u8be6\u60c5\u56fe2-700x700.jpg 700w, https:\/\/www.slsele.com\/wp-content\/uploads\/2024\/04\/102\u8be6\u60c5\u56fe2-600x600.jpg 600w, https:\/\/www.slsele.com\/wp-content\/uploads\/2024\/04\/102\u8be6\u60c5\u56fe2-100x100.jpg 100w, https:\/\/www.slsele.com\/wp-content\/uploads\/2024\/04\/102\u8be6\u60c5\u56fe2-50x50.jpg 50w\" sizes=\"auto, (max-width: 1000px) 100vw, 1000px\" \/><img loading=\"lazy\" decoding=\"async\" class=\"aligncenter size-full wp-image-1295\" src=\"https:\/\/slsele.com\/wp-content\/uploads\/2024\/04\/102\u8be6\u60c5\u56fe3.jpg\" alt=\"El interruptor de bot\u00f3n le permite controlar la luz a trav\u00e9s de su tel\u00e9fono\" width=\"960\" height=\"960\" srcset=\"https:\/\/www.slsele.com\/wp-content\/uploads\/2024\/04\/102\u8be6\u60c5\u56fe3.jpg 960w, https:\/\/www.slsele.com\/wp-content\/uploads\/2024\/04\/102\u8be6\u60c5\u56fe3-300x300.jpg 300w, https:\/\/www.slsele.com\/wp-content\/uploads\/2024\/04\/102\u8be6\u60c5\u56fe3-150x150.jpg 150w, https:\/\/www.slsele.com\/wp-content\/uploads\/2024\/04\/102\u8be6\u60c5\u56fe3-768x768.jpg 768w, https:\/\/www.slsele.com\/wp-content\/uploads\/2024\/04\/102\u8be6\u60c5\u56fe3-12x12.jpg 12w, https:\/\/www.slsele.com\/wp-content\/uploads\/2024\/04\/102\u8be6\u60c5\u56fe3-570x570.jpg 570w, https:\/\/www.slsele.com\/wp-content\/uploads\/2024\/04\/102\u8be6\u60c5\u56fe3-500x500.jpg 500w, https:\/\/www.slsele.com\/wp-content\/uploads\/2024\/04\/102\u8be6\u60c5\u56fe3-700x700.jpg 700w, https:\/\/www.slsele.com\/wp-content\/uploads\/2024\/04\/102\u8be6\u60c5\u56fe3-600x600.jpg 600w, https:\/\/www.slsele.com\/wp-content\/uploads\/2024\/04\/102\u8be6\u60c5\u56fe3-100x100.jpg 100w, https:\/\/www.slsele.com\/wp-content\/uploads\/2024\/04\/102\u8be6\u60c5\u56fe3-50x50.jpg 50w\" sizes=\"auto, (max-width: 960px) 100vw, 960px\" \/><img loading=\"lazy\" decoding=\"async\" class=\"aligncenter size-full wp-image-1296\" src=\"https:\/\/slsele.com\/wp-content\/uploads\/2024\/04\/102\u8be6\u60c5\u56fe4.jpg\" alt=\"El interruptor de bot\u00f3n ofrece una funci\u00f3n de programaci\u00f3n\" width=\"800\" height=\"800\" srcset=\"https:\/\/www.slsele.com\/wp-content\/uploads\/2024\/04\/102\u8be6\u60c5\u56fe4.jpg 800w, https:\/\/www.slsele.com\/wp-content\/uploads\/2024\/04\/102\u8be6\u60c5\u56fe4-300x300.jpg 300w, https:\/\/www.slsele.com\/wp-content\/uploads\/2024\/04\/102\u8be6\u60c5\u56fe4-150x150.jpg 150w, https:\/\/www.slsele.com\/wp-content\/uploads\/2024\/04\/102\u8be6\u60c5\u56fe4-768x768.jpg 768w, https:\/\/www.slsele.com\/wp-content\/uploads\/2024\/04\/102\u8be6\u60c5\u56fe4-12x12.jpg 12w, https:\/\/www.slsele.com\/wp-content\/uploads\/2024\/04\/102\u8be6\u60c5\u56fe4-570x570.jpg 570w, https:\/\/www.slsele.com\/wp-content\/uploads\/2024\/04\/102\u8be6\u60c5\u56fe4-500x500.jpg 500w, https:\/\/www.slsele.com\/wp-content\/uploads\/2024\/04\/102\u8be6\u60c5\u56fe4-700x700.jpg 700w, https:\/\/www.slsele.com\/wp-content\/uploads\/2024\/04\/102\u8be6\u60c5\u56fe4-600x600.jpg 600w, https:\/\/www.slsele.com\/wp-content\/uploads\/2024\/04\/102\u8be6\u60c5\u56fe4-100x100.jpg 100w, https:\/\/www.slsele.com\/wp-content\/uploads\/2024\/04\/102\u8be6\u60c5\u56fe4-50x50.jpg 50w\" sizes=\"auto, (max-width: 800px) 100vw, 800px\" \/><\/h3>\n<h3 style=\"text-align: left; font-size: 25px;\">Diagrama de cableado<\/h3>\n<h3 style=\"text-align: left; font-size: 25px;\"><img loading=\"lazy\" decoding=\"async\" class=\"aligncenter size-full wp-image-1297\" src=\"https:\/\/slsele.com\/wp-content\/uploads\/2024\/04\/102\u8be6\u60c5\u56fe5.png\" alt=\"Diagrama de cableado del interruptor de bot\u00f3n\" width=\"1000\" height=\"818\" srcset=\"https:\/\/www.slsele.com\/wp-content\/uploads\/2024\/04\/102\u8be6\u60c5\u56fe5.png 1000w, https:\/\/www.slsele.com\/wp-content\/uploads\/2024\/04\/102\u8be6\u60c5\u56fe5-300x245.png 300w, https:\/\/www.slsele.com\/wp-content\/uploads\/2024\/04\/102\u8be6\u60c5\u56fe5-768x628.png 768w, https:\/\/www.slsele.com\/wp-content\/uploads\/2024\/04\/102\u8be6\u60c5\u56fe5-15x12.png 15w, https:\/\/www.slsele.com\/wp-content\/uploads\/2024\/04\/102\u8be6\u60c5\u56fe5-700x573.png 700w, https:\/\/www.slsele.com\/wp-content\/uploads\/2024\/04\/102\u8be6\u60c5\u56fe5-600x491.png 600w\" sizes=\"auto, (max-width: 1000px) 100vw, 1000px\" \/>Principales caracter\u00edsticas:<\/h3>\n<p style=\"text-align: left;\">1. Disfrute del control manos libres con Amazon Alexa y Google Home, permitiendo comandos de voz sencillos.<\/p>\n<p style=\"text-align: left;\">2. Controle sus luces en cualquier momento y en cualquier lugar usando la aplicaci\u00f3n Smart Life o Tuya en iOS o Android. Comparta el acceso f\u00e1cilmente con varios miembros de la familia.<\/p>\n<p style=\"text-align: left;\">3. Establece horarios para automatizar los tiempos de encendido\/apagado de tu interruptor, ya sea que est\u00e9s en casa o fuera. Utilice la Configuraci\u00f3n inteligente para sincronizar las luces con el atardecer, el amanecer, el clima, la temperatura y la calidad del aire. Elija entre opciones de cuenta regresiva como 1 min, 5 min, 30 min, 1 hora, etc.<\/p>\n<p style=\"text-align: left;\">4. Dise\u00f1ado, desarrollado y fabricado en las instalaciones de SLS, respaldado por una garant\u00eda completa de 2 a\u00f1os. La satisfacci\u00f3n del cliente es la prioridad de SLS.<\/p>\n<p style=\"text-align: left;\">Nota: SLS Smart Switch requiere conexi\u00f3n a un cable blanco neutro para un funcionamiento adecuado. Adecuado \u00fanicamente para configuraciones unipolares (no de 3 v\u00edas). No compatible con reguladores de intensidad. Requiere red WiFi de 2,4 GHz.<\/p>\n<h3 style=\"text-align: left; font-size: 25px;\">Especificaciones:<\/h3>\n<p style=\"text-align: left;\">Nombre del producto: Interruptor de luz de pared con bot\u00f3n pulsador SLS WiFi con cable neutro<br \/>\nModelo: 102-1, 102-2, 102-3<br \/>\nGrupo de control: 1 grupo de 2 v\u00edas, 2 grupos de 2 v\u00edas, 3 grupos de 2 v\u00edas<br \/>\nVoltaje de entrada: 100-240 V CA<br \/>\nFrecuencia: 50\/60Hz<br \/>\nVida \u00fatil: 1000000 veces<br \/>\nTama\u00f1o: 86 mm * 86 mm * 42 mm<br \/>\nPeso: 0,2 kg<br \/>\nClasificaci\u00f3n de potencia: 600W\/cuadrilla<br \/>\nCorriente: 10A<br \/>\nTemperatura de trabajo: -20 \u2103 ~ + 50 \u2103<br \/>\nMaterial: PC ign\u00edfugo<br \/>\nCableado: Se requiere neutro<\/p>\n<h3 style=\"text-align: left; font-size: 25px;\">Preguntas m\u00e1s frecuentes<\/h3>\n<p style=\"text-align: left;\"><strong>P1: \u00bfC\u00f3mo descargar la aplicaci\u00f3n?<\/strong><br \/>\nR1: Puede escanear el c\u00f3digo QR proporcionado o encontrar Smart Life en iOS App Store o Google Play Store.<\/p>\n<p style=\"text-align: left;\"><strong>P2: C\u00f3mo agregar un nuevo dispositivo en Conexi\u00f3n r\u00e1pida<\/strong><br \/>\nA2:<br \/>\n1. Conecte el interruptor a la alimentaci\u00f3n.<br \/>\n2. Para restablecer el interruptor, mantenga presionado el bot\u00f3n de encendido durante 6 a 10 segundos hasta que la luz roja comience a parpadear r\u00e1pidamente.<br \/>\n3. Abra la aplicaci\u00f3n, toque &quot;y seleccione&quot; interruptor de pared &quot;para agregar.<\/p>","protected":false},"excerpt":{"rendered":"<div class=\"text-title\">\n<p>El interruptor de bot\u00f3n inteligente requiere un cable neutro, admite control m\u00faltiple bidireccional a trav\u00e9s de la aplicaci\u00f3n Smart Life Tuya y es compatible con Alexa y Google Home para control por voz sin puerta de enlace.<\/p>\n<\/div>","protected":false},"featured_media":1292,"comment_status":"open","ping_status":"closed","template":"","meta":[],"product_brand":[],"product_cat":[24,15],"product_tag":[],"class_list":{"0":"post-1284","1":"product","2":"type-product","3":"status-publish","4":"has-post-thumbnail","6":"product_cat-eu-smart-dimmer-switch","7":"product_cat-smart-switch","9":"first","10":"instock","11":"shipping-taxable","12":"purchasable","13":"product-type-variable"},"_links":{"self":[{"href":"https:\/\/www.slsele.com\/es\/wp-json\/wp\/v2\/product\/1284","targetHints":{"allow":["GET"]}}],"collection":[{"href":"https:\/\/www.slsele.com\/es\/wp-json\/wp\/v2\/product"}],"about":[{"href":"https:\/\/www.slsele.com\/es\/wp-json\/wp\/v2\/types\/product"}],"replies":[{"embeddable":true,"href":"https:\/\/www.slsele.com\/es\/wp-json\/wp\/v2\/comments?post=1284"}],"wp:featuredmedia":[{"embeddable":true,"href":"https:\/\/www.slsele.com\/es\/wp-json\/wp\/v2\/media\/1292"}],"wp:attachment":[{"href":"https:\/\/www.slsele.com\/es\/wp-json\/wp\/v2\/media?parent=1284"}],"wp:term":[{"taxonomy":"product_brand","embeddable":true,"href":"https:\/\/www.slsele.com\/es\/wp-json\/wp\/v2\/product_brand?post=1284"},{"taxonomy":"product_cat","embeddable":true,"href":"https:\/\/www.slsele.com\/es\/wp-json\/wp\/v2\/product_cat?post=1284"},{"taxonomy":"product_tag","embeddable":true,"href":"https:\/\/www.slsele.com\/es\/wp-json\/wp\/v2\/product_tag?post=1284"}],"curies":[{"name":"wp","href":"https:\/\/api.w.org\/{rel}","templated":true}]}}