{"id":1264,"date":"2024-04-27T16:25:54","date_gmt":"2024-04-27T08:25:54","guid":{"rendered":"https:\/\/slsele.com\/?post_type=product&#038;p=1264"},"modified":"2025-12-08T14:58:44","modified_gmt":"2025-12-08T06:58:44","slug":"zigbee-24ghz-mmwave-radar-body-detection-sensor","status":"publish","type":"product","link":"https:\/\/www.slsele.com\/es\/producto\/zigbee-24ghz-mmwave-radar-body-detection-sensor\/","title":{"rendered":"Sensor de detecci\u00f3n corporal de radar de ondas milim\u00e9tricas SLS Zigbee de 24 GHz"},"content":{"rendered":"<h2 style=\"text-align: center;\">\u00a0 Human Presence Zigbee 5.8\/24GHz mmWave Radar Body Detection Sensor<\/h2>\n<h3 style=\"text-align: left;\"><strong>Descripci\u00f3n<\/strong><\/h3>\n<p style=\"text-align: left;\">El Zigbee <a href=\"https:\/\/www.alibaba.com\/product-detail\/SLS-Tuya-Zigbee-24GHz-mmWave-Radar_1601250118428.html?spm=a2747.product_manager.0.0.256c71d2SpAXK9\" target=\"_blank\" rel=\"noopener\">5.8\/24GHz mmWave Radar<\/a> El sensor de detecci\u00f3n corporal tiene la funci\u00f3n de detecci\u00f3n de presencia humana, est\u00e1tica humana, micromovimiento humano y detecci\u00f3n de movimiento humano, que puede detectar la presencia o ausencia de personas en el \u00e1rea. Tambi\u00e9n puede detectar con precisi\u00f3n estados est\u00e1ticos, como cuando el personal duerme. El sensor de detecci\u00f3n corporal puede generar resultados de detecci\u00f3n a trav\u00e9s de conexi\u00f3n inal\u00e1mbrica (WiFi, ZigBee, Bluetooth, 4G) o cableada (RS485, RS232, contacto seco, contacto h\u00famedo) para proporcionar funciones de detecci\u00f3n e intermodales de escena para campos de IoT como hogares inteligentes, hoteles inteligentes, oficinas luminosas, ascensores innovadores, monitoreo de seguridad, etc.<\/p>\n<p>Puede hacer clic aqu\u00ed para obtener informaci\u00f3n sobre opciones m\u00e1s asequibles. <span style=\"color: #0000ff;\"><strong><a style=\"color: #0000ff;\" href=\"https:\/\/www.slsele.com\/es\/product\/smartband\/\" target=\"_blank\" rel=\"noopener\">Sensores de detecci\u00f3n corporal WiFi<\/a><\/strong><\/span>.<\/p>\n<p style=\"text-align: center;\"><img loading=\"lazy\" decoding=\"async\" class=\"aligncenter wp-image-3541 size-full\" src=\"https:\/\/www.slsele.com\/wp-content\/uploads\/2024\/08\/\u52a8\u56fe-human-body-sensor-detect-moving.gif\" alt=\"Body detection sensor immediately identifies when someone is moving\" width=\"600\" height=\"338\" \/><img loading=\"lazy\" decoding=\"async\" class=\"aligncenter wp-image-1266\" src=\"https:\/\/slsele.com\/wp-content\/uploads\/2024\/04\/ZIGBEE-presence-2-1.png\" alt=\"Sensor de detecci\u00f3n corporal Zigbee blanco\" width=\"574\" height=\"574\" srcset=\"https:\/\/www.slsele.com\/wp-content\/uploads\/2024\/04\/ZIGBEE-presence-2-1.png 800w, https:\/\/www.slsele.com\/wp-content\/uploads\/2024\/04\/ZIGBEE-presence-2-1-300x300.png 300w, https:\/\/www.slsele.com\/wp-content\/uploads\/2024\/04\/ZIGBEE-presence-2-1-150x150.png 150w, https:\/\/www.slsele.com\/wp-content\/uploads\/2024\/04\/ZIGBEE-presence-2-1-768x768.png 768w, https:\/\/www.slsele.com\/wp-content\/uploads\/2024\/04\/ZIGBEE-presence-2-1-12x12.png 12w, https:\/\/www.slsele.com\/wp-content\/uploads\/2024\/04\/ZIGBEE-presence-2-1-570x570.png 570w, https:\/\/www.slsele.com\/wp-content\/uploads\/2024\/04\/ZIGBEE-presence-2-1-500x500.png 500w, https:\/\/www.slsele.com\/wp-content\/uploads\/2024\/04\/ZIGBEE-presence-2-1-700x700.png 700w, https:\/\/www.slsele.com\/wp-content\/uploads\/2024\/04\/ZIGBEE-presence-2-1-600x600.png 600w, https:\/\/www.slsele.com\/wp-content\/uploads\/2024\/04\/ZIGBEE-presence-2-1-100x100.png 100w, https:\/\/www.slsele.com\/wp-content\/uploads\/2024\/04\/ZIGBEE-presence-2-1-50x50.png 50w\" sizes=\"auto, (max-width: 574px) 100vw, 574px\" \/><\/p>\n<div id=\"attachment_1268\" style=\"width: 386px\" class=\"wp-caption aligncenter\"><img loading=\"lazy\" decoding=\"async\" aria-describedby=\"caption-attachment-1268\" class=\"wp-image-1268\" src=\"https:\/\/slsele.com\/wp-content\/uploads\/2024\/04\/ZIGBEE-presence-2-3-1024x1024.jpg\" alt=\"Establezca la latencia de detecci\u00f3n del sensor de detecci\u00f3n corporal del SO en 10 segundos para reducir la tasa de falsas alarmas\" width=\"376\" height=\"376\" srcset=\"https:\/\/www.slsele.com\/wp-content\/uploads\/2024\/04\/ZIGBEE-presence-2-3-1024x1024.jpg 1024w, https:\/\/www.slsele.com\/wp-content\/uploads\/2024\/04\/ZIGBEE-presence-2-3-300x300.jpg 300w, https:\/\/www.slsele.com\/wp-content\/uploads\/2024\/04\/ZIGBEE-presence-2-3-150x150.jpg 150w, https:\/\/www.slsele.com\/wp-content\/uploads\/2024\/04\/ZIGBEE-presence-2-3-768x768.jpg 768w, https:\/\/www.slsele.com\/wp-content\/uploads\/2024\/04\/ZIGBEE-presence-2-3-1536x1536.jpg 1536w, https:\/\/www.slsele.com\/wp-content\/uploads\/2024\/04\/ZIGBEE-presence-2-3-12x12.jpg 12w, https:\/\/www.slsele.com\/wp-content\/uploads\/2024\/04\/ZIGBEE-presence-2-3-570x570.jpg 570w, https:\/\/www.slsele.com\/wp-content\/uploads\/2024\/04\/ZIGBEE-presence-2-3-500x500.jpg 500w, https:\/\/www.slsele.com\/wp-content\/uploads\/2024\/04\/ZIGBEE-presence-2-3-1000x1000.jpg 1000w, https:\/\/www.slsele.com\/wp-content\/uploads\/2024\/04\/ZIGBEE-presence-2-3-700x700.jpg 700w, https:\/\/www.slsele.com\/wp-content\/uploads\/2024\/04\/ZIGBEE-presence-2-3-600x600.jpg 600w, https:\/\/www.slsele.com\/wp-content\/uploads\/2024\/04\/ZIGBEE-presence-2-3-100x100.jpg 100w, https:\/\/www.slsele.com\/wp-content\/uploads\/2024\/04\/ZIGBEE-presence-2-3-50x50.jpg 50w, https:\/\/www.slsele.com\/wp-content\/uploads\/2024\/04\/ZIGBEE-presence-2-3.jpg 1600w\" sizes=\"auto, (max-width: 376px) 100vw, 376px\" \/><p id=\"caption-attachment-1268\" class=\"wp-caption-text\">Establezca la latencia de detecci\u00f3n del sensor de detecci\u00f3n corporal del SO en 10 segundos para reducir la tasa de falsas alarmas<\/p><\/div>\n<p style=\"text-align: center;\"><img loading=\"lazy\" decoding=\"async\" class=\"aligncenter wp-image-1273\" src=\"https:\/\/slsele.com\/wp-content\/uploads\/2024\/04\/ZIGBEE-presence-2-10-1024x1024.jpg\" alt=\"El sensor de detecci\u00f3n corporal tiene la funci\u00f3n de detecci\u00f3n de presencia humana, est\u00e1tica humana, micromovimiento humano y movimiento humano.\" width=\"602\" height=\"602\" srcset=\"https:\/\/www.slsele.com\/wp-content\/uploads\/2024\/04\/ZIGBEE-presence-2-10-1024x1024.jpg 1024w, https:\/\/www.slsele.com\/wp-content\/uploads\/2024\/04\/ZIGBEE-presence-2-10-300x300.jpg 300w, https:\/\/www.slsele.com\/wp-content\/uploads\/2024\/04\/ZIGBEE-presence-2-10-150x150.jpg 150w, https:\/\/www.slsele.com\/wp-content\/uploads\/2024\/04\/ZIGBEE-presence-2-10-768x768.jpg 768w, https:\/\/www.slsele.com\/wp-content\/uploads\/2024\/04\/ZIGBEE-presence-2-10-1536x1536.jpg 1536w, https:\/\/www.slsele.com\/wp-content\/uploads\/2024\/04\/ZIGBEE-presence-2-10-12x12.jpg 12w, https:\/\/www.slsele.com\/wp-content\/uploads\/2024\/04\/ZIGBEE-presence-2-10-570x570.jpg 570w, https:\/\/www.slsele.com\/wp-content\/uploads\/2024\/04\/ZIGBEE-presence-2-10-500x500.jpg 500w, https:\/\/www.slsele.com\/wp-content\/uploads\/2024\/04\/ZIGBEE-presence-2-10-1000x1000.jpg 1000w, https:\/\/www.slsele.com\/wp-content\/uploads\/2024\/04\/ZIGBEE-presence-2-10-700x700.jpg 700w, https:\/\/www.slsele.com\/wp-content\/uploads\/2024\/04\/ZIGBEE-presence-2-10-600x600.jpg 600w, https:\/\/www.slsele.com\/wp-content\/uploads\/2024\/04\/ZIGBEE-presence-2-10-100x100.jpg 100w, https:\/\/www.slsele.com\/wp-content\/uploads\/2024\/04\/ZIGBEE-presence-2-10-50x50.jpg 50w, https:\/\/www.slsele.com\/wp-content\/uploads\/2024\/04\/ZIGBEE-presence-2-10.jpg 1600w\" sizes=\"auto, (max-width: 602px) 100vw, 602px\" \/><img loading=\"lazy\" decoding=\"async\" class=\"aligncenter wp-image-1272\" src=\"https:\/\/slsele.com\/wp-content\/uploads\/2024\/04\/ZIGBEE-presence-2-9-1024x1024.jpg\" alt=\"El sensor de detecci\u00f3n corporal puede detectar ca\u00eddas humanas.\" width=\"545\" height=\"545\" srcset=\"https:\/\/www.slsele.com\/wp-content\/uploads\/2024\/04\/ZIGBEE-presence-2-9-1024x1024.jpg 1024w, https:\/\/www.slsele.com\/wp-content\/uploads\/2024\/04\/ZIGBEE-presence-2-9-300x300.jpg 300w, https:\/\/www.slsele.com\/wp-content\/uploads\/2024\/04\/ZIGBEE-presence-2-9-150x150.jpg 150w, https:\/\/www.slsele.com\/wp-content\/uploads\/2024\/04\/ZIGBEE-presence-2-9-768x768.jpg 768w, https:\/\/www.slsele.com\/wp-content\/uploads\/2024\/04\/ZIGBEE-presence-2-9-1536x1536.jpg 1536w, https:\/\/www.slsele.com\/wp-content\/uploads\/2024\/04\/ZIGBEE-presence-2-9-12x12.jpg 12w, https:\/\/www.slsele.com\/wp-content\/uploads\/2024\/04\/ZIGBEE-presence-2-9-570x570.jpg 570w, https:\/\/www.slsele.com\/wp-content\/uploads\/2024\/04\/ZIGBEE-presence-2-9-500x500.jpg 500w, https:\/\/www.slsele.com\/wp-content\/uploads\/2024\/04\/ZIGBEE-presence-2-9-1000x1000.jpg 1000w, https:\/\/www.slsele.com\/wp-content\/uploads\/2024\/04\/ZIGBEE-presence-2-9-700x700.jpg 700w, https:\/\/www.slsele.com\/wp-content\/uploads\/2024\/04\/ZIGBEE-presence-2-9-600x600.jpg 600w, https:\/\/www.slsele.com\/wp-content\/uploads\/2024\/04\/ZIGBEE-presence-2-9-100x100.jpg 100w, https:\/\/www.slsele.com\/wp-content\/uploads\/2024\/04\/ZIGBEE-presence-2-9-50x50.jpg 50w, https:\/\/www.slsele.com\/wp-content\/uploads\/2024\/04\/ZIGBEE-presence-2-9.jpg 1600w\" sizes=\"auto, (max-width: 545px) 100vw, 545px\" \/><img loading=\"lazy\" decoding=\"async\" class=\"aligncenter wp-image-1270\" src=\"https:\/\/slsele.com\/wp-content\/uploads\/2024\/04\/ZIGBEE-presence-2-5-1024x1024.jpg\" alt=\"Comparta el dispositivo con los miembros de su familia para controlar juntos el sensor de detecci\u00f3n corporal ZigBee\" width=\"488\" height=\"488\" srcset=\"https:\/\/www.slsele.com\/wp-content\/uploads\/2024\/04\/ZIGBEE-presence-2-5-1024x1024.jpg 1024w, https:\/\/www.slsele.com\/wp-content\/uploads\/2024\/04\/ZIGBEE-presence-2-5-300x300.jpg 300w, https:\/\/www.slsele.com\/wp-content\/uploads\/2024\/04\/ZIGBEE-presence-2-5-150x150.jpg 150w, https:\/\/www.slsele.com\/wp-content\/uploads\/2024\/04\/ZIGBEE-presence-2-5-768x768.jpg 768w, https:\/\/www.slsele.com\/wp-content\/uploads\/2024\/04\/ZIGBEE-presence-2-5-1536x1536.jpg 1536w, https:\/\/www.slsele.com\/wp-content\/uploads\/2024\/04\/ZIGBEE-presence-2-5-12x12.jpg 12w, https:\/\/www.slsele.com\/wp-content\/uploads\/2024\/04\/ZIGBEE-presence-2-5-570x570.jpg 570w, https:\/\/www.slsele.com\/wp-content\/uploads\/2024\/04\/ZIGBEE-presence-2-5-500x500.jpg 500w, https:\/\/www.slsele.com\/wp-content\/uploads\/2024\/04\/ZIGBEE-presence-2-5-1000x1000.jpg 1000w, https:\/\/www.slsele.com\/wp-content\/uploads\/2024\/04\/ZIGBEE-presence-2-5-700x700.jpg 700w, https:\/\/www.slsele.com\/wp-content\/uploads\/2024\/04\/ZIGBEE-presence-2-5-600x600.jpg 600w, https:\/\/www.slsele.com\/wp-content\/uploads\/2024\/04\/ZIGBEE-presence-2-5-100x100.jpg 100w, https:\/\/www.slsele.com\/wp-content\/uploads\/2024\/04\/ZIGBEE-presence-2-5-50x50.jpg 50w, https:\/\/www.slsele.com\/wp-content\/uploads\/2024\/04\/ZIGBEE-presence-2-5.jpg 1600w\" sizes=\"auto, (max-width: 488px) 100vw, 488px\" \/><img loading=\"lazy\" decoding=\"async\" class=\"aligncenter wp-image-1269\" src=\"https:\/\/slsele.com\/wp-content\/uploads\/2024\/04\/ZIGBEE-presence-2-4-1024x1024.jpg\" alt=\"Remotely monitor Body Detection Sensor via your mobile phone\" width=\"431\" height=\"431\" srcset=\"https:\/\/www.slsele.com\/wp-content\/uploads\/2024\/04\/ZIGBEE-presence-2-4-1024x1024.jpg 1024w, https:\/\/www.slsele.com\/wp-content\/uploads\/2024\/04\/ZIGBEE-presence-2-4-300x300.jpg 300w, https:\/\/www.slsele.com\/wp-content\/uploads\/2024\/04\/ZIGBEE-presence-2-4-150x150.jpg 150w, https:\/\/www.slsele.com\/wp-content\/uploads\/2024\/04\/ZIGBEE-presence-2-4-768x768.jpg 768w, https:\/\/www.slsele.com\/wp-content\/uploads\/2024\/04\/ZIGBEE-presence-2-4-1536x1536.jpg 1536w, https:\/\/www.slsele.com\/wp-content\/uploads\/2024\/04\/ZIGBEE-presence-2-4-12x12.jpg 12w, https:\/\/www.slsele.com\/wp-content\/uploads\/2024\/04\/ZIGBEE-presence-2-4-570x570.jpg 570w, https:\/\/www.slsele.com\/wp-content\/uploads\/2024\/04\/ZIGBEE-presence-2-4-500x500.jpg 500w, https:\/\/www.slsele.com\/wp-content\/uploads\/2024\/04\/ZIGBEE-presence-2-4-1000x1000.jpg 1000w, https:\/\/www.slsele.com\/wp-content\/uploads\/2024\/04\/ZIGBEE-presence-2-4-700x700.jpg 700w, https:\/\/www.slsele.com\/wp-content\/uploads\/2024\/04\/ZIGBEE-presence-2-4-600x600.jpg 600w, https:\/\/www.slsele.com\/wp-content\/uploads\/2024\/04\/ZIGBEE-presence-2-4-100x100.jpg 100w, https:\/\/www.slsele.com\/wp-content\/uploads\/2024\/04\/ZIGBEE-presence-2-4-50x50.jpg 50w, https:\/\/www.slsele.com\/wp-content\/uploads\/2024\/04\/ZIGBEE-presence-2-4.jpg 1600w\" sizes=\"auto, (max-width: 431px) 100vw, 431px\" \/><img loading=\"lazy\" decoding=\"async\" class=\"aligncenter wp-image-1267\" src=\"https:\/\/slsele.com\/wp-content\/uploads\/2024\/04\/ZIGBEE-presence-2-2-1024x1024.jpg\" alt=\"Configure el tiempo de retenci\u00f3n del sensor de detecci\u00f3n corporal en la aplicaci\u00f3n para un monitoreo m\u00e1s preciso\" width=\"432\" height=\"432\" srcset=\"https:\/\/www.slsele.com\/wp-content\/uploads\/2024\/04\/ZIGBEE-presence-2-2-1024x1024.jpg 1024w, https:\/\/www.slsele.com\/wp-content\/uploads\/2024\/04\/ZIGBEE-presence-2-2-300x300.jpg 300w, https:\/\/www.slsele.com\/wp-content\/uploads\/2024\/04\/ZIGBEE-presence-2-2-150x150.jpg 150w, https:\/\/www.slsele.com\/wp-content\/uploads\/2024\/04\/ZIGBEE-presence-2-2-768x768.jpg 768w, https:\/\/www.slsele.com\/wp-content\/uploads\/2024\/04\/ZIGBEE-presence-2-2-1536x1536.jpg 1536w, https:\/\/www.slsele.com\/wp-content\/uploads\/2024\/04\/ZIGBEE-presence-2-2-12x12.jpg 12w, https:\/\/www.slsele.com\/wp-content\/uploads\/2024\/04\/ZIGBEE-presence-2-2-570x570.jpg 570w, https:\/\/www.slsele.com\/wp-content\/uploads\/2024\/04\/ZIGBEE-presence-2-2-500x500.jpg 500w, https:\/\/www.slsele.com\/wp-content\/uploads\/2024\/04\/ZIGBEE-presence-2-2-1000x1000.jpg 1000w, https:\/\/www.slsele.com\/wp-content\/uploads\/2024\/04\/ZIGBEE-presence-2-2-700x700.jpg 700w, https:\/\/www.slsele.com\/wp-content\/uploads\/2024\/04\/ZIGBEE-presence-2-2-600x600.jpg 600w, https:\/\/www.slsele.com\/wp-content\/uploads\/2024\/04\/ZIGBEE-presence-2-2-100x100.jpg 100w, https:\/\/www.slsele.com\/wp-content\/uploads\/2024\/04\/ZIGBEE-presence-2-2-50x50.jpg 50w, https:\/\/www.slsele.com\/wp-content\/uploads\/2024\/04\/ZIGBEE-presence-2-2.jpg 1600w\" sizes=\"auto, (max-width: 432px) 100vw, 432px\" \/><\/p>\n<h3 style=\"text-align: left;\">Caracter\u00edsticas principales<\/h3>\n<p style=\"text-align: left;\">1. <strong>Sensor de detecci\u00f3n corporal ZigBee funcional<\/strong>:Tiene funciones de detecci\u00f3n de m\u00faltiples estados, como presencia humana, estado est\u00e1tico humano, micromovimiento humano y movimiento humano. Puede detectar con precisi\u00f3n si hay alguien en el \u00e1rea actual. Tambi\u00e9n puede detectar si alguien est\u00e1 durmiendo a trav\u00e9s de un radar de ondas milim\u00e9tricas de alta frecuencia.<\/p>\n<p style=\"text-align: left;\">2. <strong>Intensidad de luz percibida para vinculaci\u00f3n inteligente y de escenas<\/strong>:El sensor de detecci\u00f3n corporal Zigbee de 24 GHz se puede vincular con otros dispositivos Zigbee, especialmente las luces de su casa, para encenderlas o apagarlas autom\u00e1ticamente cuando cambia el brillo. Adem\u00e1s, puede vincular de forma inteligente el sensor con otros dispositivos dom\u00e9sticos inteligentes para la automatizaci\u00f3n del hogar.<\/p>\n<p style=\"text-align: left;\">3. <strong>ZigBee Hub como centro de control<\/strong>:El sensor de detecci\u00f3n de cuerpo ZigBee debe usarse con el gateway ZigBee, el centro de transmisi\u00f3n de se\u00f1ales para todos los dispositivos inteligentes Tuya ZigBee. La se\u00f1al que transmite es muy estable y es imprescindible para toda la casa. (Nota: el hub Tuya ZigBee es muy recomendable porque tiene una compatibilidad m\u00e1s amplia que otros hubs)<\/p>\n<p style=\"text-align: left;\">4. <strong>Nuevo dise\u00f1o avanzado con m\u00faltiples configuraciones<\/strong>: Configure la sensibilidad de 1 a 9 seg\u00fan sus necesidades, con un rango de detecci\u00f3n m\u00ednimo de 0,00 m y un m\u00e1ximo de 9,5 m para una demanda de detecci\u00f3n flexible. Mientras tanto, est\u00e1 dise\u00f1ado con un tiempo de retenci\u00f3n establecido de 0 a 1500 s y una latencia de detecci\u00f3n establecida de 0 a 10 s para evitar movimientos molestos irrelevantes y reducir la tasa de falsas alarmas.<\/p>\n<p style=\"text-align: left;\">5. <strong>Interfaz de aplicaci\u00f3n clara para una aplicaci\u00f3n sencilla<\/strong>:La compatibilidad con la aplicaci\u00f3n Tuya Smart garantiza su control remoto inal\u00e1mbrico en cualquier lugar que desee, monitoreando la seguridad de su casa donde sea y cuando sea con la visualizaci\u00f3n de la distancia objetivo correspondiente en la aplicaci\u00f3n; Instalaci\u00f3n en el techo.<\/p>\n<h3 style=\"text-align: left;\">Especificaciones<\/h3>\n<p style=\"text-align: left;\">Product name: Zigbee 5.8\/24GHz mmWave Radar Body Detection Sensor<br \/>\nTecnolog\u00eda inal\u00e1mbrica: ZigBee<br \/>\nPower input: AC 100V-240V<\/p>\n<p style=\"text-align: left;\">Operating Frequency Band\uff1a5.8<span style=\"font-family: times new roman', times; font-size: 18px;\">GHz mmWave Radar\u3001<\/span><span style=\"font-family: times new roman', times; font-size: 18px;\">Radar de ondas milim\u00e9tricas de 24 GHz<\/span><br \/>\nCorriente de trabajo: \u226470 mA<br \/>\nTemperatura de trabajo: -20\u2103~+70\u2103<br \/>\nSensibilidad: 0-9 (predeterminado 7)<br \/>\nDistancia de detecci\u00f3n: 0,3-9 m (predeterminado 6 m)<br \/>\nTiempo de retardo:<\/p>\n<p style=\"text-align: left;\">1. Tiempo de confirmaci\u00f3n de detecci\u00f3n de objetivo: 0-10 s<br \/>\n2. Tiempo de retardo de desaparici\u00f3n del objetivo: 0,5 s-25 min.<br \/>\n(Se recomienda que no sea inferior a 15 segundos. Es demasiado corto para perder el movimiento humano).<br \/>\nDetecci\u00f3n de luz: 0-2000 Lux<br \/>\nModo de instalaci\u00f3n: techo<\/p>\n<h3 style=\"text-align: left;\">Lista de paquetes<\/h3>\n<p style=\"text-align: left;\">Sensor de detecci\u00f3n corporal *1<br \/>\nManual de usuario*1<\/p>\n<h3 style=\"text-align: left;\">Problemas y precauciones comunes<\/h3>\n<p style=\"text-align: left;\">(1)<strong>Detectar a alguien cuando no hay nadie<\/strong>: se recomienda configurar la distancia de detecci\u00f3n en corta, alta y baja sensibilidad para investigar la causa y encontrar las interferencias en el entorno. Evite las interferencias limitando la distancia de detecci\u00f3n m\u00e1s lejana y el m\u00e9todo de instalaci\u00f3n.<\/p>\n<p style=\"text-align: left;\">(2)<strong>No se puede detectar cuando hay humanos presentes<\/strong>:las personas deben estar en el \u00e1rea de detecci\u00f3n efectiva; si est\u00e1n sentadas y quietas, necesitan que las partes del cuerpo con movimiento relativo (como el movimiento respiratorio) est\u00e9n inclinadas o orientadas hacia el equipo para luego ser detectadas.<\/p>\n<p style=\"text-align: left;\">(3) Se recomienda que el tiempo de confirmaci\u00f3n de la desaparici\u00f3n del objetivo (tiempo de demora) no sea demasiado peque\u00f1o. El tiempo predeterminado es de 15 segundos. Si es menor, el objetivo puede desaparecer con cierta probabilidad debido a una pausa respiratoria accidental, lo que provocar\u00eda la falta de un informe.<\/p>\n<p style=\"text-align: left;\">(4) En escenas con alturas de instalaci\u00f3n bajas y estrechas, como ba\u00f1os, lavaderos y cocinas, se recomienda configurar la distancia de detecci\u00f3n m\u00e1s peque\u00f1a que la altura de instalaci\u00f3n y tener una sensibilidad alta y baja.<\/p>\n<h3 style=\"text-align: left;\">Preguntas m\u00e1s frecuentes<\/h3>\n<p style=\"text-align: left;\">1. Q: What is the difference between this ZigBee version and a WiFi version of the sensor?<br \/>\nA: The ZigBee version requires a ZigBee hub and provides more stable, low-power and mesh-network communication. It does not connect directly to a WiFi router. The WiFi version connects directly to your home network without a hub but consumes more power and does not support ZigBee mesh networking.<\/p>\n<p style=\"text-align: left;\">2. Q: Does this sensor detect human presence even when the person is completely still?<br \/>\nA: Yes. The mmWave radar detects micro-motions such as breathing and slight body movement, allowing it to detect presence even when a person is stationary \u2014 unlike PIR sensors that require visible motion.<\/p>\n<p style=\"text-align: left;\">3. Q: What is the difference between 5.8 GHz and 24 GHz mmWave sensors?<br \/>\nA: 5.8 GHz offers longer detection distance and stronger penetration through obstacles, making it suitable for larger or open spaces. 24 GHz provides higher precision and better micro-motion detection for smaller rooms, with fewer false triggers. Each frequency is optimized for different indoor scenarios.<\/p>\n<p style=\"text-align: left;\">4. Q: Does this sensor require a hub or gateway to operate?<br \/>\nA: Yes. As a ZigBee device, it must connect to a ZigBee hub (such as a Tuya ZigBee gateway). Without the hub, it cannot send detection events to your smart-home system or app.<\/p>\n<p style=\"text-align: left;\">5. Q: Can I use multiple sensors in the same home or system?<br \/>\nA: Yes. You can install multiple ZigBee mmWave sensors in different rooms. Each sensor appears as a separate device in the app and can be named and automated individually.<\/p>\n<p style=\"text-align: left;\">6. Q: Will pets, fans, or moving curtains trigger false detections?<br \/>\nA: It is possible. Since mmWave radar senses micro-movement, pets, airflow, or objects moving close to the sensor can create false triggers. Adjusting sensitivity, detection range, and hold time can reduce these occurrences.<\/p>\n<p style=\"text-align: left;\">7. Q: Does the sensor work in darkness or low-light conditions?<br \/>\nA: Yes. mmWave radar does not rely on visible light. It detects presence using electromagnetic waves, so performance is not affected by low light or darkness.<\/p>\n<p style=\"text-align: left;\">8. Q: What is the typical detection range and mounting height?<br \/>\nA: Typical detection distance is around 6\u20139 meters depending on room layout and sensitivity settings. Ceiling installation at approximately 2.7\u20133.5 meters height provides the best coverage and accuracy.<\/p>\n<p style=\"text-align: left;\">9. Q: Will the sensor continue working if WiFi or Internet goes offline?<br \/>\nA: Yes. As long as the local ZigBee hub is powered, the sensor continues detecting presence. However, cloud-based notifications or remote access may not work until the Internet connection is restored.<\/p>\n<p style=\"text-align: left;\">10. Q: Is installation difficult, and does it require wiring?<br \/>\nA: No. Installation is simple. The sensor usually mounts with screws or adhesive and pairs wirelessly with the ZigBee hub. No wiring is required, and all configuration (delay time, sensitivity, presence duration) is done through the app.<\/p>","protected":false},"excerpt":{"rendered":"<p>En comparaci\u00f3n con productos similares de 5 GHz, el sensor de detecci\u00f3n de personas con radar de ondas milim\u00e9tricas de 24 GHz puede detectar con mayor precisi\u00f3n estados est\u00e1ticos, como el sue\u00f1o de las personas. El sensor puede generar resultados de detecci\u00f3n a trav\u00e9s del protocolo Zigbee y puede generar resultados de detecci\u00f3n a trav\u00e9s de medios inal\u00e1mbricos (ZigBee) o cableados (RS485), RS232, contacto seco, contacto h\u00famedo).<\/p>","protected":false},"featured_media":1266,"comment_status":"open","ping_status":"closed","template":"","meta":[],"product_brand":[],"product_cat":[16],"product_tag":[],"class_list":{"0":"post-1264","1":"product","2":"type-product","3":"status-publish","4":"has-post-thumbnail","6":"product_cat-smart-sensor","8":"first","9":"instock","10":"shipping-taxable","11":"purchasable","12":"product-type-variable"},"_links":{"self":[{"href":"https:\/\/www.slsele.com\/es\/wp-json\/wp\/v2\/product\/1264","targetHints":{"allow":["GET"]}}],"collection":[{"href":"https:\/\/www.slsele.com\/es\/wp-json\/wp\/v2\/product"}],"about":[{"href":"https:\/\/www.slsele.com\/es\/wp-json\/wp\/v2\/types\/product"}],"replies":[{"embeddable":true,"href":"https:\/\/www.slsele.com\/es\/wp-json\/wp\/v2\/comments?post=1264"}],"wp:featuredmedia":[{"embeddable":true,"href":"https:\/\/www.slsele.com\/es\/wp-json\/wp\/v2\/media\/1266"}],"wp:attachment":[{"href":"https:\/\/www.slsele.com\/es\/wp-json\/wp\/v2\/media?parent=1264"}],"wp:term":[{"taxonomy":"product_brand","embeddable":true,"href":"https:\/\/www.slsele.com\/es\/wp-json\/wp\/v2\/product_brand?post=1264"},{"taxonomy":"product_cat","embeddable":true,"href":"https:\/\/www.slsele.com\/es\/wp-json\/wp\/v2\/product_cat?post=1264"},{"taxonomy":"product_tag","embeddable":true,"href":"https:\/\/www.slsele.com\/es\/wp-json\/wp\/v2\/product_tag?post=1264"}],"curies":[{"name":"wp","href":"https:\/\/api.w.org\/{rel}","templated":true}]}}