{"id":1225,"date":"2024-04-27T15:05:49","date_gmt":"2024-04-27T07:05:49","guid":{"rendered":"https:\/\/slsele.com\/?post_type=product&#038;p=1225"},"modified":"2024-08-25T12:41:19","modified_gmt":"2024-08-25T04:41:19","slug":"4-gang-wifi-mini-smart-light-switch-module","status":"publish","type":"product","link":"https:\/\/www.slsele.com\/es\/producto\/4-gang-wifi-mini-smart-light-switch-module\/","title":{"rendered":"Mini m\u00f3dulo de interruptor de luz inteligente WiFi de 4 bandas"},"content":{"rendered":"<h2 style=\"text-align: center;\">M\u00f3dulo de interruptor de luz inteligente mini WiFi de 4 bandas para bricolaje para caja de cables de la UE y EE. UU.<\/h2>\n<p><img loading=\"lazy\" decoding=\"async\" class=\"aligncenter size-full wp-image-1226\" src=\"https:\/\/slsele.com\/wp-content\/uploads\/2024\/04\/QQ\u622a\u56fe20240412154425.jpg\" alt=\"\" width=\"851\" height=\"676\" srcset=\"https:\/\/www.slsele.com\/wp-content\/uploads\/2024\/04\/QQ\u622a\u56fe20240412154425.jpg 851w, https:\/\/www.slsele.com\/wp-content\/uploads\/2024\/04\/QQ\u622a\u56fe20240412154425-300x238.jpg 300w, https:\/\/www.slsele.com\/wp-content\/uploads\/2024\/04\/QQ\u622a\u56fe20240412154425-768x610.jpg 768w, https:\/\/www.slsele.com\/wp-content\/uploads\/2024\/04\/QQ\u622a\u56fe20240412154425-15x12.jpg 15w, https:\/\/www.slsele.com\/wp-content\/uploads\/2024\/04\/QQ\u622a\u56fe20240412154425-700x556.jpg 700w, https:\/\/www.slsele.com\/wp-content\/uploads\/2024\/04\/QQ\u622a\u56fe20240412154425-600x477.jpg 600w\" sizes=\"auto, (max-width: 851px) 100vw, 851px\" \/><img loading=\"lazy\" decoding=\"async\" class=\"aligncenter size-full wp-image-1205\" src=\"https:\/\/slsele.com\/wp-content\/uploads\/2024\/04\/\u901a\u65ad\u5668-\u901a\u7528-13.jpg\" alt=\"\" width=\"744\" height=\"749\" srcset=\"https:\/\/www.slsele.com\/wp-content\/uploads\/2024\/04\/\u901a\u65ad\u5668-\u901a\u7528-13.jpg 744w, https:\/\/www.slsele.com\/wp-content\/uploads\/2024\/04\/\u901a\u65ad\u5668-\u901a\u7528-13-298x300.jpg 298w, https:\/\/www.slsele.com\/wp-content\/uploads\/2024\/04\/\u901a\u65ad\u5668-\u901a\u7528-13-150x150.jpg 150w, https:\/\/www.slsele.com\/wp-content\/uploads\/2024\/04\/\u901a\u65ad\u5668-\u901a\u7528-13-12x12.jpg 12w, https:\/\/www.slsele.com\/wp-content\/uploads\/2024\/04\/\u901a\u65ad\u5668-\u901a\u7528-13-700x705.jpg 700w, https:\/\/www.slsele.com\/wp-content\/uploads\/2024\/04\/\u901a\u65ad\u5668-\u901a\u7528-13-600x604.jpg 600w, https:\/\/www.slsele.com\/wp-content\/uploads\/2024\/04\/\u901a\u65ad\u5668-\u901a\u7528-13-100x100.jpg 100w, https:\/\/www.slsele.com\/wp-content\/uploads\/2024\/04\/\u901a\u65ad\u5668-\u901a\u7528-13-50x50.jpg 50w\" sizes=\"auto, (max-width: 744px) 100vw, 744px\" \/><img loading=\"lazy\" decoding=\"async\" class=\"aligncenter size-full wp-image-1201\" src=\"https:\/\/slsele.com\/wp-content\/uploads\/2024\/04\/\u901a\u65ad\u5668-\u901a\u7528-9.jpg\" alt=\"\" width=\"804\" height=\"804\" srcset=\"https:\/\/www.slsele.com\/wp-content\/uploads\/2024\/04\/\u901a\u65ad\u5668-\u901a\u7528-9.jpg 804w, https:\/\/www.slsele.com\/wp-content\/uploads\/2024\/04\/\u901a\u65ad\u5668-\u901a\u7528-9-300x300.jpg 300w, https:\/\/www.slsele.com\/wp-content\/uploads\/2024\/04\/\u901a\u65ad\u5668-\u901a\u7528-9-150x150.jpg 150w, https:\/\/www.slsele.com\/wp-content\/uploads\/2024\/04\/\u901a\u65ad\u5668-\u901a\u7528-9-768x768.jpg 768w, https:\/\/www.slsele.com\/wp-content\/uploads\/2024\/04\/\u901a\u65ad\u5668-\u901a\u7528-9-12x12.jpg 12w, https:\/\/www.slsele.com\/wp-content\/uploads\/2024\/04\/\u901a\u65ad\u5668-\u901a\u7528-9-570x570.jpg 570w, https:\/\/www.slsele.com\/wp-content\/uploads\/2024\/04\/\u901a\u65ad\u5668-\u901a\u7528-9-500x500.jpg 500w, https:\/\/www.slsele.com\/wp-content\/uploads\/2024\/04\/\u901a\u65ad\u5668-\u901a\u7528-9-700x700.jpg 700w, https:\/\/www.slsele.com\/wp-content\/uploads\/2024\/04\/\u901a\u65ad\u5668-\u901a\u7528-9-600x600.jpg 600w, https:\/\/www.slsele.com\/wp-content\/uploads\/2024\/04\/\u901a\u65ad\u5668-\u901a\u7528-9-100x100.jpg 100w, https:\/\/www.slsele.com\/wp-content\/uploads\/2024\/04\/\u901a\u65ad\u5668-\u901a\u7528-9-50x50.jpg 50w\" sizes=\"auto, (max-width: 804px) 100vw, 804px\" \/><img loading=\"lazy\" decoding=\"async\" class=\"aligncenter size-full wp-image-1200\" src=\"https:\/\/slsele.com\/wp-content\/uploads\/2024\/04\/\u901a\u65ad\u5668-\u901a\u7528-8.jpg\" alt=\"\" width=\"781\" height=\"782\" srcset=\"https:\/\/www.slsele.com\/wp-content\/uploads\/2024\/04\/\u901a\u65ad\u5668-\u901a\u7528-8.jpg 781w, https:\/\/www.slsele.com\/wp-content\/uploads\/2024\/04\/\u901a\u65ad\u5668-\u901a\u7528-8-300x300.jpg 300w, https:\/\/www.slsele.com\/wp-content\/uploads\/2024\/04\/\u901a\u65ad\u5668-\u901a\u7528-8-150x150.jpg 150w, https:\/\/www.slsele.com\/wp-content\/uploads\/2024\/04\/\u901a\u65ad\u5668-\u901a\u7528-8-768x769.jpg 768w, https:\/\/www.slsele.com\/wp-content\/uploads\/2024\/04\/\u901a\u65ad\u5668-\u901a\u7528-8-12x12.jpg 12w, https:\/\/www.slsele.com\/wp-content\/uploads\/2024\/04\/\u901a\u65ad\u5668-\u901a\u7528-8-570x570.jpg 570w, https:\/\/www.slsele.com\/wp-content\/uploads\/2024\/04\/\u901a\u65ad\u5668-\u901a\u7528-8-500x500.jpg 500w, https:\/\/www.slsele.com\/wp-content\/uploads\/2024\/04\/\u901a\u65ad\u5668-\u901a\u7528-8-700x701.jpg 700w, https:\/\/www.slsele.com\/wp-content\/uploads\/2024\/04\/\u901a\u65ad\u5668-\u901a\u7528-8-600x601.jpg 600w, https:\/\/www.slsele.com\/wp-content\/uploads\/2024\/04\/\u901a\u65ad\u5668-\u901a\u7528-8-100x100.jpg 100w, https:\/\/www.slsele.com\/wp-content\/uploads\/2024\/04\/\u901a\u65ad\u5668-\u901a\u7528-8-50x50.jpg 50w\" sizes=\"auto, (max-width: 781px) 100vw, 781px\" \/><img loading=\"lazy\" decoding=\"async\" class=\"aligncenter size-full wp-image-1199\" src=\"https:\/\/slsele.com\/wp-content\/uploads\/2024\/04\/\u901a\u65ad\u5668-\u901a\u7528-7.jpg\" alt=\"\" width=\"778\" height=\"813\" srcset=\"https:\/\/www.slsele.com\/wp-content\/uploads\/2024\/04\/\u901a\u65ad\u5668-\u901a\u7528-7.jpg 778w, https:\/\/www.slsele.com\/wp-content\/uploads\/2024\/04\/\u901a\u65ad\u5668-\u901a\u7528-7-287x300.jpg 287w, https:\/\/www.slsele.com\/wp-content\/uploads\/2024\/04\/\u901a\u65ad\u5668-\u901a\u7528-7-768x803.jpg 768w, https:\/\/www.slsele.com\/wp-content\/uploads\/2024\/04\/\u901a\u65ad\u5668-\u901a\u7528-7-11x12.jpg 11w, https:\/\/www.slsele.com\/wp-content\/uploads\/2024\/04\/\u901a\u65ad\u5668-\u901a\u7528-7-700x731.jpg 700w, https:\/\/www.slsele.com\/wp-content\/uploads\/2024\/04\/\u901a\u65ad\u5668-\u901a\u7528-7-600x627.jpg 600w\" sizes=\"auto, (max-width: 778px) 100vw, 778px\" \/><img loading=\"lazy\" decoding=\"async\" class=\"aligncenter size-full wp-image-1198\" src=\"https:\/\/slsele.com\/wp-content\/uploads\/2024\/04\/\u901a\u65ad\u5668-\u901a\u7528-6.jpg\" alt=\"\" width=\"769\" height=\"800\" srcset=\"https:\/\/www.slsele.com\/wp-content\/uploads\/2024\/04\/\u901a\u65ad\u5668-\u901a\u7528-6.jpg 769w, https:\/\/www.slsele.com\/wp-content\/uploads\/2024\/04\/\u901a\u65ad\u5668-\u901a\u7528-6-288x300.jpg 288w, https:\/\/www.slsele.com\/wp-content\/uploads\/2024\/04\/\u901a\u65ad\u5668-\u901a\u7528-6-12x12.jpg 12w, https:\/\/www.slsele.com\/wp-content\/uploads\/2024\/04\/\u901a\u65ad\u5668-\u901a\u7528-6-700x728.jpg 700w, https:\/\/www.slsele.com\/wp-content\/uploads\/2024\/04\/\u901a\u65ad\u5668-\u901a\u7528-6-600x624.jpg 600w\" sizes=\"auto, (max-width: 769px) 100vw, 769px\" \/><img loading=\"lazy\" decoding=\"async\" class=\"aligncenter size-full wp-image-1206\" src=\"https:\/\/slsele.com\/wp-content\/uploads\/2024\/04\/\u901a\u65ad\u5668-\u901a\u7528-14.jpg\" alt=\"\" width=\"765\" height=\"621\" srcset=\"https:\/\/www.slsele.com\/wp-content\/uploads\/2024\/04\/\u901a\u65ad\u5668-\u901a\u7528-14.jpg 765w, https:\/\/www.slsele.com\/wp-content\/uploads\/2024\/04\/\u901a\u65ad\u5668-\u901a\u7528-14-300x244.jpg 300w, https:\/\/www.slsele.com\/wp-content\/uploads\/2024\/04\/\u901a\u65ad\u5668-\u901a\u7528-14-15x12.jpg 15w, https:\/\/www.slsele.com\/wp-content\/uploads\/2024\/04\/\u901a\u65ad\u5668-\u901a\u7528-14-700x568.jpg 700w, https:\/\/www.slsele.com\/wp-content\/uploads\/2024\/04\/\u901a\u65ad\u5668-\u901a\u7528-14-600x487.jpg 600w\" sizes=\"auto, (max-width: 765px) 100vw, 765px\" \/><\/p>","protected":false},"excerpt":{"rendered":"<p>Este m\u00f3dulo wifi inteligente con mini dise\u00f1o se adapta bien a la caja de interruptores de pared de EE. UU. y UE\/Reino Unido, y lo oculta f\u00e1cilmente en la caja de interruptores de pared oculta de su interruptor tradicional sin ninguna influencia en su estilo de decoraci\u00f3n original para hacerlo inteligente, brindando a sus dispositivos la cambio de imagen inteligente de encendido\/apagado definitivo y convierta la mayor\u00eda de los productos compatibles en inteligentes. Ya no tendr\u00e1 que preocuparse por su incompatibilidad restringida por su tama\u00f1o con su caja de interruptores existente.<\/p>","protected":false},"featured_media":1227,"comment_status":"open","ping_status":"closed","template":"","meta":[],"product_brand":[],"product_cat":[15],"product_tag":[],"class_list":{"0":"post-1225","1":"product","2":"type-product","3":"status-publish","4":"has-post-thumbnail","6":"product_cat-smart-switch","8":"first","9":"instock","10":"shipping-taxable","11":"purchasable","12":"product-type-simple"},"_links":{"self":[{"href":"https:\/\/www.slsele.com\/es\/wp-json\/wp\/v2\/product\/1225","targetHints":{"allow":["GET"]}}],"collection":[{"href":"https:\/\/www.slsele.com\/es\/wp-json\/wp\/v2\/product"}],"about":[{"href":"https:\/\/www.slsele.com\/es\/wp-json\/wp\/v2\/types\/product"}],"replies":[{"embeddable":true,"href":"https:\/\/www.slsele.com\/es\/wp-json\/wp\/v2\/comments?post=1225"}],"wp:featuredmedia":[{"embeddable":true,"href":"https:\/\/www.slsele.com\/es\/wp-json\/wp\/v2\/media\/1227"}],"wp:attachment":[{"href":"https:\/\/www.slsele.com\/es\/wp-json\/wp\/v2\/media?parent=1225"}],"wp:term":[{"taxonomy":"product_brand","embeddable":true,"href":"https:\/\/www.slsele.com\/es\/wp-json\/wp\/v2\/product_brand?post=1225"},{"taxonomy":"product_cat","embeddable":true,"href":"https:\/\/www.slsele.com\/es\/wp-json\/wp\/v2\/product_cat?post=1225"},{"taxonomy":"product_tag","embeddable":true,"href":"https:\/\/www.slsele.com\/es\/wp-json\/wp\/v2\/product_tag?post=1225"}],"curies":[{"name":"wp","href":"https:\/\/api.w.org\/{rel}","templated":true}]}}