{"id":1207,"date":"2024-04-12T16:21:26","date_gmt":"2024-04-12T08:21:26","guid":{"rendered":"https:\/\/slsele.com\/?post_type=product&#038;p=1207"},"modified":"2024-08-27T11:53:01","modified_gmt":"2024-08-27T03:53:01","slug":"2-gang-wifi-mini-smart-light-switch-module","status":"publish","type":"product","link":"https:\/\/www.slsele.com\/es\/producto\/2-gang-wifi-mini-smart-light-switch-module\/","title":{"rendered":"Mini m\u00f3dulo de interruptor de luz inteligente WiFi de 2 bandas"},"content":{"rendered":"<h2 style=\"text-align: center;\">M\u00f3dulo de interruptor de luz inteligente mini con WiFi de 2 bandas para bricolaje<\/h2>\n<p>&nbsp;<\/p>\n<p><img loading=\"lazy\" decoding=\"async\" class=\"aligncenter size-full wp-image-1229\" src=\"https:\/\/slsele.com\/wp-content\/uploads\/2024\/04\/QQ\u622a\u56fe20240412154337.jpg\" alt=\"\" width=\"759\" height=\"418\" srcset=\"https:\/\/www.slsele.com\/wp-content\/uploads\/2024\/04\/QQ\u622a\u56fe20240412154337.jpg 759w, https:\/\/www.slsele.com\/wp-content\/uploads\/2024\/04\/QQ\u622a\u56fe20240412154337-300x165.jpg 300w, https:\/\/www.slsele.com\/wp-content\/uploads\/2024\/04\/QQ\u622a\u56fe20240412154337-18x10.jpg 18w, https:\/\/www.slsele.com\/wp-content\/uploads\/2024\/04\/QQ\u622a\u56fe20240412154337-700x386.jpg 700w, https:\/\/www.slsele.com\/wp-content\/uploads\/2024\/04\/QQ\u622a\u56fe20240412154337-600x330.jpg 600w\" sizes=\"auto, (max-width: 759px) 100vw, 759px\" \/><img loading=\"lazy\" decoding=\"async\" class=\"aligncenter size-full wp-image-1202\" src=\"https:\/\/slsele.com\/wp-content\/uploads\/2024\/04\/\u901a\u65ad\u5668-\u901a\u7528-10.jpg\" alt=\"\" width=\"737\" height=\"737\" srcset=\"https:\/\/www.slsele.com\/wp-content\/uploads\/2024\/04\/\u901a\u65ad\u5668-\u901a\u7528-10.jpg 737w, https:\/\/www.slsele.com\/wp-content\/uploads\/2024\/04\/\u901a\u65ad\u5668-\u901a\u7528-10-300x300.jpg 300w, https:\/\/www.slsele.com\/wp-content\/uploads\/2024\/04\/\u901a\u65ad\u5668-\u901a\u7528-10-150x150.jpg 150w, https:\/\/www.slsele.com\/wp-content\/uploads\/2024\/04\/\u901a\u65ad\u5668-\u901a\u7528-10-12x12.jpg 12w, https:\/\/www.slsele.com\/wp-content\/uploads\/2024\/04\/\u901a\u65ad\u5668-\u901a\u7528-10-570x570.jpg 570w, https:\/\/www.slsele.com\/wp-content\/uploads\/2024\/04\/\u901a\u65ad\u5668-\u901a\u7528-10-500x500.jpg 500w, https:\/\/www.slsele.com\/wp-content\/uploads\/2024\/04\/\u901a\u65ad\u5668-\u901a\u7528-10-700x700.jpg 700w, https:\/\/www.slsele.com\/wp-content\/uploads\/2024\/04\/\u901a\u65ad\u5668-\u901a\u7528-10-600x600.jpg 600w, https:\/\/www.slsele.com\/wp-content\/uploads\/2024\/04\/\u901a\u65ad\u5668-\u901a\u7528-10-100x100.jpg 100w, https:\/\/www.slsele.com\/wp-content\/uploads\/2024\/04\/\u901a\u65ad\u5668-\u901a\u7528-10-50x50.jpg 50w\" sizes=\"auto, (max-width: 737px) 100vw, 737px\" \/><img loading=\"lazy\" decoding=\"async\" class=\"aligncenter size-full wp-image-1205\" src=\"https:\/\/slsele.com\/wp-content\/uploads\/2024\/04\/\u901a\u65ad\u5668-\u901a\u7528-13.jpg\" alt=\"\" width=\"744\" height=\"749\" srcset=\"https:\/\/www.slsele.com\/wp-content\/uploads\/2024\/04\/\u901a\u65ad\u5668-\u901a\u7528-13.jpg 744w, https:\/\/www.slsele.com\/wp-content\/uploads\/2024\/04\/\u901a\u65ad\u5668-\u901a\u7528-13-298x300.jpg 298w, https:\/\/www.slsele.com\/wp-content\/uploads\/2024\/04\/\u901a\u65ad\u5668-\u901a\u7528-13-150x150.jpg 150w, https:\/\/www.slsele.com\/wp-content\/uploads\/2024\/04\/\u901a\u65ad\u5668-\u901a\u7528-13-12x12.jpg 12w, https:\/\/www.slsele.com\/wp-content\/uploads\/2024\/04\/\u901a\u65ad\u5668-\u901a\u7528-13-700x705.jpg 700w, https:\/\/www.slsele.com\/wp-content\/uploads\/2024\/04\/\u901a\u65ad\u5668-\u901a\u7528-13-600x604.jpg 600w, https:\/\/www.slsele.com\/wp-content\/uploads\/2024\/04\/\u901a\u65ad\u5668-\u901a\u7528-13-100x100.jpg 100w, https:\/\/www.slsele.com\/wp-content\/uploads\/2024\/04\/\u901a\u65ad\u5668-\u901a\u7528-13-50x50.jpg 50w\" sizes=\"auto, (max-width: 744px) 100vw, 744px\" \/><img loading=\"lazy\" decoding=\"async\" class=\"aligncenter size-full wp-image-1201\" src=\"https:\/\/slsele.com\/wp-content\/uploads\/2024\/04\/\u901a\u65ad\u5668-\u901a\u7528-9.jpg\" alt=\"\" width=\"804\" height=\"804\" srcset=\"https:\/\/www.slsele.com\/wp-content\/uploads\/2024\/04\/\u901a\u65ad\u5668-\u901a\u7528-9.jpg 804w, https:\/\/www.slsele.com\/wp-content\/uploads\/2024\/04\/\u901a\u65ad\u5668-\u901a\u7528-9-300x300.jpg 300w, https:\/\/www.slsele.com\/wp-content\/uploads\/2024\/04\/\u901a\u65ad\u5668-\u901a\u7528-9-150x150.jpg 150w, https:\/\/www.slsele.com\/wp-content\/uploads\/2024\/04\/\u901a\u65ad\u5668-\u901a\u7528-9-768x768.jpg 768w, https:\/\/www.slsele.com\/wp-content\/uploads\/2024\/04\/\u901a\u65ad\u5668-\u901a\u7528-9-12x12.jpg 12w, https:\/\/www.slsele.com\/wp-content\/uploads\/2024\/04\/\u901a\u65ad\u5668-\u901a\u7528-9-570x570.jpg 570w, https:\/\/www.slsele.com\/wp-content\/uploads\/2024\/04\/\u901a\u65ad\u5668-\u901a\u7528-9-500x500.jpg 500w, https:\/\/www.slsele.com\/wp-content\/uploads\/2024\/04\/\u901a\u65ad\u5668-\u901a\u7528-9-700x700.jpg 700w, https:\/\/www.slsele.com\/wp-content\/uploads\/2024\/04\/\u901a\u65ad\u5668-\u901a\u7528-9-600x600.jpg 600w, https:\/\/www.slsele.com\/wp-content\/uploads\/2024\/04\/\u901a\u65ad\u5668-\u901a\u7528-9-100x100.jpg 100w, https:\/\/www.slsele.com\/wp-content\/uploads\/2024\/04\/\u901a\u65ad\u5668-\u901a\u7528-9-50x50.jpg 50w\" sizes=\"auto, (max-width: 804px) 100vw, 804px\" \/><img loading=\"lazy\" decoding=\"async\" class=\"aligncenter size-full wp-image-1200\" src=\"https:\/\/slsele.com\/wp-content\/uploads\/2024\/04\/\u901a\u65ad\u5668-\u901a\u7528-8.jpg\" alt=\"\" width=\"781\" height=\"782\" srcset=\"https:\/\/www.slsele.com\/wp-content\/uploads\/2024\/04\/\u901a\u65ad\u5668-\u901a\u7528-8.jpg 781w, https:\/\/www.slsele.com\/wp-content\/uploads\/2024\/04\/\u901a\u65ad\u5668-\u901a\u7528-8-300x300.jpg 300w, https:\/\/www.slsele.com\/wp-content\/uploads\/2024\/04\/\u901a\u65ad\u5668-\u901a\u7528-8-150x150.jpg 150w, https:\/\/www.slsele.com\/wp-content\/uploads\/2024\/04\/\u901a\u65ad\u5668-\u901a\u7528-8-768x769.jpg 768w, https:\/\/www.slsele.com\/wp-content\/uploads\/2024\/04\/\u901a\u65ad\u5668-\u901a\u7528-8-12x12.jpg 12w, https:\/\/www.slsele.com\/wp-content\/uploads\/2024\/04\/\u901a\u65ad\u5668-\u901a\u7528-8-570x570.jpg 570w, https:\/\/www.slsele.com\/wp-content\/uploads\/2024\/04\/\u901a\u65ad\u5668-\u901a\u7528-8-500x500.jpg 500w, https:\/\/www.slsele.com\/wp-content\/uploads\/2024\/04\/\u901a\u65ad\u5668-\u901a\u7528-8-700x701.jpg 700w, https:\/\/www.slsele.com\/wp-content\/uploads\/2024\/04\/\u901a\u65ad\u5668-\u901a\u7528-8-600x601.jpg 600w, https:\/\/www.slsele.com\/wp-content\/uploads\/2024\/04\/\u901a\u65ad\u5668-\u901a\u7528-8-100x100.jpg 100w, https:\/\/www.slsele.com\/wp-content\/uploads\/2024\/04\/\u901a\u65ad\u5668-\u901a\u7528-8-50x50.jpg 50w\" sizes=\"auto, (max-width: 781px) 100vw, 781px\" \/><img loading=\"lazy\" decoding=\"async\" class=\"aligncenter size-full wp-image-1199\" src=\"https:\/\/slsele.com\/wp-content\/uploads\/2024\/04\/\u901a\u65ad\u5668-\u901a\u7528-7.jpg\" alt=\"\" width=\"778\" height=\"813\" srcset=\"https:\/\/www.slsele.com\/wp-content\/uploads\/2024\/04\/\u901a\u65ad\u5668-\u901a\u7528-7.jpg 778w, https:\/\/www.slsele.com\/wp-content\/uploads\/2024\/04\/\u901a\u65ad\u5668-\u901a\u7528-7-287x300.jpg 287w, https:\/\/www.slsele.com\/wp-content\/uploads\/2024\/04\/\u901a\u65ad\u5668-\u901a\u7528-7-768x803.jpg 768w, https:\/\/www.slsele.com\/wp-content\/uploads\/2024\/04\/\u901a\u65ad\u5668-\u901a\u7528-7-11x12.jpg 11w, https:\/\/www.slsele.com\/wp-content\/uploads\/2024\/04\/\u901a\u65ad\u5668-\u901a\u7528-7-700x731.jpg 700w, https:\/\/www.slsele.com\/wp-content\/uploads\/2024\/04\/\u901a\u65ad\u5668-\u901a\u7528-7-600x627.jpg 600w\" sizes=\"auto, (max-width: 778px) 100vw, 778px\" \/><img loading=\"lazy\" decoding=\"async\" class=\"aligncenter size-full wp-image-1198\" src=\"https:\/\/slsele.com\/wp-content\/uploads\/2024\/04\/\u901a\u65ad\u5668-\u901a\u7528-6.jpg\" alt=\"\" width=\"769\" height=\"800\" srcset=\"https:\/\/www.slsele.com\/wp-content\/uploads\/2024\/04\/\u901a\u65ad\u5668-\u901a\u7528-6.jpg 769w, https:\/\/www.slsele.com\/wp-content\/uploads\/2024\/04\/\u901a\u65ad\u5668-\u901a\u7528-6-288x300.jpg 288w, https:\/\/www.slsele.com\/wp-content\/uploads\/2024\/04\/\u901a\u65ad\u5668-\u901a\u7528-6-12x12.jpg 12w, https:\/\/www.slsele.com\/wp-content\/uploads\/2024\/04\/\u901a\u65ad\u5668-\u901a\u7528-6-700x728.jpg 700w, https:\/\/www.slsele.com\/wp-content\/uploads\/2024\/04\/\u901a\u65ad\u5668-\u901a\u7528-6-600x624.jpg 600w\" sizes=\"auto, (max-width: 769px) 100vw, 769px\" \/><img loading=\"lazy\" decoding=\"async\" class=\"aligncenter size-full wp-image-1206\" src=\"https:\/\/slsele.com\/wp-content\/uploads\/2024\/04\/\u901a\u65ad\u5668-\u901a\u7528-14.jpg\" alt=\"\" width=\"765\" height=\"621\" srcset=\"https:\/\/www.slsele.com\/wp-content\/uploads\/2024\/04\/\u901a\u65ad\u5668-\u901a\u7528-14.jpg 765w, https:\/\/www.slsele.com\/wp-content\/uploads\/2024\/04\/\u901a\u65ad\u5668-\u901a\u7528-14-300x244.jpg 300w, https:\/\/www.slsele.com\/wp-content\/uploads\/2024\/04\/\u901a\u65ad\u5668-\u901a\u7528-14-15x12.jpg 15w, https:\/\/www.slsele.com\/wp-content\/uploads\/2024\/04\/\u901a\u65ad\u5668-\u901a\u7528-14-700x568.jpg 700w, https:\/\/www.slsele.com\/wp-content\/uploads\/2024\/04\/\u901a\u65ad\u5668-\u901a\u7528-14-600x487.jpg 600w\" sizes=\"auto, (max-width: 765px) 100vw, 765px\" \/><\/p>","protected":false},"excerpt":{"rendered":"<p>Este m\u00f3dulo wifi inteligente de 2 v\u00edas se puede conectar con dos interruptores y controlar de forma remota 2 luces. Con un tama\u00f1o peque\u00f1o, se puede colocar f\u00e1cilmente en una caja de interruptores de pared.<\/p>","protected":false},"featured_media":1231,"comment_status":"open","ping_status":"closed","template":"","meta":[],"product_brand":[],"product_cat":[15],"product_tag":[],"class_list":{"0":"post-1207","1":"product","2":"type-product","3":"status-publish","4":"has-post-thumbnail","6":"product_cat-smart-switch","8":"first","9":"instock","10":"shipping-taxable","11":"purchasable","12":"product-type-simple"},"_links":{"self":[{"href":"https:\/\/www.slsele.com\/es\/wp-json\/wp\/v2\/product\/1207","targetHints":{"allow":["GET"]}}],"collection":[{"href":"https:\/\/www.slsele.com\/es\/wp-json\/wp\/v2\/product"}],"about":[{"href":"https:\/\/www.slsele.com\/es\/wp-json\/wp\/v2\/types\/product"}],"replies":[{"embeddable":true,"href":"https:\/\/www.slsele.com\/es\/wp-json\/wp\/v2\/comments?post=1207"}],"wp:featuredmedia":[{"embeddable":true,"href":"https:\/\/www.slsele.com\/es\/wp-json\/wp\/v2\/media\/1231"}],"wp:attachment":[{"href":"https:\/\/www.slsele.com\/es\/wp-json\/wp\/v2\/media?parent=1207"}],"wp:term":[{"taxonomy":"product_brand","embeddable":true,"href":"https:\/\/www.slsele.com\/es\/wp-json\/wp\/v2\/product_brand?post=1207"},{"taxonomy":"product_cat","embeddable":true,"href":"https:\/\/www.slsele.com\/es\/wp-json\/wp\/v2\/product_cat?post=1207"},{"taxonomy":"product_tag","embeddable":true,"href":"https:\/\/www.slsele.com\/es\/wp-json\/wp\/v2\/product_tag?post=1207"}],"curies":[{"name":"wp","href":"https:\/\/api.w.org\/{rel}","templated":true}]}}