{"id":1192,"date":"2024-04-12T16:14:47","date_gmt":"2024-04-12T08:14:47","guid":{"rendered":"https:\/\/slsele.com\/?post_type=product&#038;p=1192"},"modified":"2024-10-31T08:43:37","modified_gmt":"2024-10-31T00:43:37","slug":"wifi-mini-smart-light-switch-module","status":"publish","type":"product","link":"https:\/\/www.slsele.com\/es\/producto\/wifi-mini-smart-light-switch-module\/","title":{"rendered":"Mini m\u00f3dulo de interruptor de luz inteligente WiFi de 1 unidad"},"content":{"rendered":"<h2 style=\"text-align: center;\">M\u00f3dulo de interruptor de luz inteligente mini con WiFi de 1 unidad para bricolaje<\/h2>\n<p style=\"text-align: left;\">El m\u00f3dulo de interruptores es un dispositivo vers\u00e1til dise\u00f1ado para ofrecer un control integral de los sistemas de iluminaci\u00f3n. Con un rango de voltaje de 100 V a 240 V, puede adaptarse a una amplia variedad de configuraciones el\u00e9ctricas. La inclusi\u00f3n del control WiFi significa que los usuarios pueden administrar el interruptor de forma remota mediante una aplicaci\u00f3n m\u00f3vil, lo que brinda comodidad y flexibilidad.<\/p>\n<p><img loading=\"lazy\" decoding=\"async\" class=\"aligncenter wp-image-1193 size-full\" src=\"https:\/\/slsele.com\/wp-content\/uploads\/2024\/04\/\u901a\u65ad\u5668-\u901a\u7528-1.jpg\" alt=\"m\u00f3dulo de conmutaci\u00f3n\" width=\"783\" height=\"783\" srcset=\"https:\/\/www.slsele.com\/wp-content\/uploads\/2024\/04\/\u901a\u65ad\u5668-\u901a\u7528-1.jpg 783w, https:\/\/www.slsele.com\/wp-content\/uploads\/2024\/04\/\u901a\u65ad\u5668-\u901a\u7528-1-300x300.jpg 300w, https:\/\/www.slsele.com\/wp-content\/uploads\/2024\/04\/\u901a\u65ad\u5668-\u901a\u7528-1-150x150.jpg 150w, https:\/\/www.slsele.com\/wp-content\/uploads\/2024\/04\/\u901a\u65ad\u5668-\u901a\u7528-1-768x768.jpg 768w, https:\/\/www.slsele.com\/wp-content\/uploads\/2024\/04\/\u901a\u65ad\u5668-\u901a\u7528-1-12x12.jpg 12w, https:\/\/www.slsele.com\/wp-content\/uploads\/2024\/04\/\u901a\u65ad\u5668-\u901a\u7528-1-570x570.jpg 570w, https:\/\/www.slsele.com\/wp-content\/uploads\/2024\/04\/\u901a\u65ad\u5668-\u901a\u7528-1-500x500.jpg 500w, https:\/\/www.slsele.com\/wp-content\/uploads\/2024\/04\/\u901a\u65ad\u5668-\u901a\u7528-1-700x700.jpg 700w, https:\/\/www.slsele.com\/wp-content\/uploads\/2024\/04\/\u901a\u65ad\u5668-\u901a\u7528-1-600x600.jpg 600w, https:\/\/www.slsele.com\/wp-content\/uploads\/2024\/04\/\u901a\u65ad\u5668-\u901a\u7528-1-100x100.jpg 100w, https:\/\/www.slsele.com\/wp-content\/uploads\/2024\/04\/\u901a\u65ad\u5668-\u901a\u7528-1-50x50.jpg 50w\" sizes=\"auto, (max-width: 783px) 100vw, 783px\" \/><\/p>\n<h3 style=\"text-align: left;\">Control de aplicaci\u00f3n<\/h3>\n<p style=\"text-align: left;\">Controle de forma remota su interruptor habitual en la aplicaci\u00f3n m\u00f3vil desde cualquier lugar y en cualquier momento.<\/p>\n<p><img loading=\"lazy\" decoding=\"async\" class=\"aligncenter size-full wp-image-1203\" src=\"https:\/\/slsele.com\/wp-content\/uploads\/2024\/04\/\u901a\u65ad\u5668-\u901a\u7528-11.jpg\" alt=\"\" width=\"701\" height=\"695\" srcset=\"https:\/\/www.slsele.com\/wp-content\/uploads\/2024\/04\/\u901a\u65ad\u5668-\u901a\u7528-11.jpg 701w, https:\/\/www.slsele.com\/wp-content\/uploads\/2024\/04\/\u901a\u65ad\u5668-\u901a\u7528-11-300x297.jpg 300w, https:\/\/www.slsele.com\/wp-content\/uploads\/2024\/04\/\u901a\u65ad\u5668-\u901a\u7528-11-150x150.jpg 150w, https:\/\/www.slsele.com\/wp-content\/uploads\/2024\/04\/\u901a\u65ad\u5668-\u901a\u7528-11-12x12.jpg 12w, https:\/\/www.slsele.com\/wp-content\/uploads\/2024\/04\/\u901a\u65ad\u5668-\u901a\u7528-11-600x595.jpg 600w, https:\/\/www.slsele.com\/wp-content\/uploads\/2024\/04\/\u901a\u65ad\u5668-\u901a\u7528-11-100x100.jpg 100w, https:\/\/www.slsele.com\/wp-content\/uploads\/2024\/04\/\u901a\u65ad\u5668-\u901a\u7528-11-50x50.jpg 50w\" sizes=\"auto, (max-width: 701px) 100vw, 701px\" \/><\/p>\n<p style=\"text-align: left;\">El m\u00f3dulo de interruptor admite la configuraci\u00f3n del estado del rel\u00e9, no se preocupe por fallas de energ\u00eda, puede configurar este interruptor para restaurar el estado despu\u00e9s del encendido.<\/p>\n<p><img loading=\"lazy\" decoding=\"async\" class=\"aligncenter size-full wp-image-1197\" src=\"https:\/\/slsele.com\/wp-content\/uploads\/2024\/04\/\u901a\u65ad\u5668-\u901a\u7528-5.jpg\" alt=\"\" width=\"781\" height=\"783\" srcset=\"https:\/\/www.slsele.com\/wp-content\/uploads\/2024\/04\/\u901a\u65ad\u5668-\u901a\u7528-5.jpg 781w, https:\/\/www.slsele.com\/wp-content\/uploads\/2024\/04\/\u901a\u65ad\u5668-\u901a\u7528-5-300x300.jpg 300w, https:\/\/www.slsele.com\/wp-content\/uploads\/2024\/04\/\u901a\u65ad\u5668-\u901a\u7528-5-150x150.jpg 150w, https:\/\/www.slsele.com\/wp-content\/uploads\/2024\/04\/\u901a\u65ad\u5668-\u901a\u7528-5-768x770.jpg 768w, https:\/\/www.slsele.com\/wp-content\/uploads\/2024\/04\/\u901a\u65ad\u5668-\u901a\u7528-5-12x12.jpg 12w, https:\/\/www.slsele.com\/wp-content\/uploads\/2024\/04\/\u901a\u65ad\u5668-\u901a\u7528-5-570x570.jpg 570w, https:\/\/www.slsele.com\/wp-content\/uploads\/2024\/04\/\u901a\u65ad\u5668-\u901a\u7528-5-500x500.jpg 500w, https:\/\/www.slsele.com\/wp-content\/uploads\/2024\/04\/\u901a\u65ad\u5668-\u901a\u7528-5-700x702.jpg 700w, https:\/\/www.slsele.com\/wp-content\/uploads\/2024\/04\/\u901a\u65ad\u5668-\u901a\u7528-5-600x602.jpg 600w, https:\/\/www.slsele.com\/wp-content\/uploads\/2024\/04\/\u901a\u65ad\u5668-\u901a\u7528-5-100x100.jpg 100w, https:\/\/www.slsele.com\/wp-content\/uploads\/2024\/04\/\u901a\u65ad\u5668-\u901a\u7528-5-50x50.jpg 50w\" sizes=\"auto, (max-width: 781px) 100vw, 781px\" \/><\/p>\n<h3 style=\"text-align: left;\">Control de voz<\/h3>\n<p style=\"text-align: left;\">Controla el interruptor sin manos, compatible con Amazon alexa\/Google Home\/<a href=\"https:\/\/app-aicloud.alibaba.com\/download?spm=a211mb.23210638.topBarMain.18.60887d407mLl5Q\" rel=\"nofollow noopener\" target=\"_blank\">Peque\u00f1o genio<\/a>.<\/p>\n<p style=\"text-align: left;\"><img loading=\"lazy\" decoding=\"async\" class=\"aligncenter size-full wp-image-1194\" src=\"https:\/\/slsele.com\/wp-content\/uploads\/2024\/04\/\u901a\u65ad\u5668-\u901a\u7528-2.jpg\" alt=\"\" width=\"741\" height=\"740\" srcset=\"https:\/\/www.slsele.com\/wp-content\/uploads\/2024\/04\/\u901a\u65ad\u5668-\u901a\u7528-2.jpg 741w, https:\/\/www.slsele.com\/wp-content\/uploads\/2024\/04\/\u901a\u65ad\u5668-\u901a\u7528-2-300x300.jpg 300w, https:\/\/www.slsele.com\/wp-content\/uploads\/2024\/04\/\u901a\u65ad\u5668-\u901a\u7528-2-150x150.jpg 150w, https:\/\/www.slsele.com\/wp-content\/uploads\/2024\/04\/\u901a\u65ad\u5668-\u901a\u7528-2-12x12.jpg 12w, https:\/\/www.slsele.com\/wp-content\/uploads\/2024\/04\/\u901a\u65ad\u5668-\u901a\u7528-2-570x570.jpg 570w, https:\/\/www.slsele.com\/wp-content\/uploads\/2024\/04\/\u901a\u65ad\u5668-\u901a\u7528-2-500x500.jpg 500w, https:\/\/www.slsele.com\/wp-content\/uploads\/2024\/04\/\u901a\u65ad\u5668-\u901a\u7528-2-700x699.jpg 700w, https:\/\/www.slsele.com\/wp-content\/uploads\/2024\/04\/\u901a\u65ad\u5668-\u901a\u7528-2-600x599.jpg 600w, https:\/\/www.slsele.com\/wp-content\/uploads\/2024\/04\/\u901a\u65ad\u5668-\u901a\u7528-2-100x100.jpg 100w, https:\/\/www.slsele.com\/wp-content\/uploads\/2024\/04\/\u901a\u65ad\u5668-\u901a\u7528-2-50x50.jpg 50w\" sizes=\"auto, (max-width: 741px) 100vw, 741px\" \/><\/p>\n<h3 style=\"text-align: left;\">control de grupo<\/h3>\n<p style=\"text-align: left;\">Las luces se pueden agrupar para lograr un control unificado.<\/p>\n<p><img loading=\"lazy\" decoding=\"async\" class=\"aligncenter size-full wp-image-1204\" src=\"https:\/\/slsele.com\/wp-content\/uploads\/2024\/04\/\u901a\u65ad\u5668-\u901a\u7528-12.jpg\" alt=\"\" width=\"779\" height=\"649\" srcset=\"https:\/\/www.slsele.com\/wp-content\/uploads\/2024\/04\/\u901a\u65ad\u5668-\u901a\u7528-12.jpg 779w, https:\/\/www.slsele.com\/wp-content\/uploads\/2024\/04\/\u901a\u65ad\u5668-\u901a\u7528-12-300x250.jpg 300w, https:\/\/www.slsele.com\/wp-content\/uploads\/2024\/04\/\u901a\u65ad\u5668-\u901a\u7528-12-768x640.jpg 768w, https:\/\/www.slsele.com\/wp-content\/uploads\/2024\/04\/\u901a\u65ad\u5668-\u901a\u7528-12-14x12.jpg 14w, https:\/\/www.slsele.com\/wp-content\/uploads\/2024\/04\/\u901a\u65ad\u5668-\u901a\u7528-12-700x583.jpg 700w, https:\/\/www.slsele.com\/wp-content\/uploads\/2024\/04\/\u901a\u65ad\u5668-\u901a\u7528-12-600x500.jpg 600w\" sizes=\"auto, (max-width: 779px) 100vw, 779px\" \/><\/p>\n<h3 style=\"text-align: left;\">Peque\u00f1o y compacto<\/h3>\n<p style=\"text-align: left;\">El m\u00f3dulo de interruptor es f\u00e1cil de instalar, no es necesario cambiar el interruptor de pared actual. El cuerpo diny del m\u00f3dulo de interruptor es adecuado para varias cajas de montaje. Es diferente del <a href=\"https:\/\/www.slsele.com\/es\/product\/4ch-wifi-smart-switch-ac-dc-7v-32v\/\" target=\"_blank\" rel=\"noopener\">INTERRUPTOR INTELIGENTE WIFI 4CH CA\/CC 7V-32V.<\/a><\/p>\n<p style=\"text-align: left;\"><img loading=\"lazy\" decoding=\"async\" class=\"aligncenter size-full wp-image-1198\" src=\"https:\/\/slsele.com\/wp-content\/uploads\/2024\/04\/\u901a\u65ad\u5668-\u901a\u7528-6.jpg\" alt=\"\" width=\"769\" height=\"800\" srcset=\"https:\/\/www.slsele.com\/wp-content\/uploads\/2024\/04\/\u901a\u65ad\u5668-\u901a\u7528-6.jpg 769w, https:\/\/www.slsele.com\/wp-content\/uploads\/2024\/04\/\u901a\u65ad\u5668-\u901a\u7528-6-288x300.jpg 288w, https:\/\/www.slsele.com\/wp-content\/uploads\/2024\/04\/\u901a\u65ad\u5668-\u901a\u7528-6-12x12.jpg 12w, https:\/\/www.slsele.com\/wp-content\/uploads\/2024\/04\/\u901a\u65ad\u5668-\u901a\u7528-6-700x728.jpg 700w, https:\/\/www.slsele.com\/wp-content\/uploads\/2024\/04\/\u901a\u65ad\u5668-\u901a\u7528-6-600x624.jpg 600w\" sizes=\"auto, (max-width: 769px) 100vw, 769px\" \/><\/p>\n<h3 style=\"text-align: left;\">Par\u00e1metro<\/h3>\n<p style=\"text-align: left;\"><img loading=\"lazy\" decoding=\"async\" class=\"aligncenter size-full wp-image-1206\" src=\"https:\/\/slsele.com\/wp-content\/uploads\/2024\/04\/\u901a\u65ad\u5668-\u901a\u7528-14.jpg\" alt=\"\" width=\"765\" height=\"621\" srcset=\"https:\/\/www.slsele.com\/wp-content\/uploads\/2024\/04\/\u901a\u65ad\u5668-\u901a\u7528-14.jpg 765w, https:\/\/www.slsele.com\/wp-content\/uploads\/2024\/04\/\u901a\u65ad\u5668-\u901a\u7528-14-300x244.jpg 300w, https:\/\/www.slsele.com\/wp-content\/uploads\/2024\/04\/\u901a\u65ad\u5668-\u901a\u7528-14-15x12.jpg 15w, https:\/\/www.slsele.com\/wp-content\/uploads\/2024\/04\/\u901a\u65ad\u5668-\u901a\u7528-14-700x568.jpg 700w, https:\/\/www.slsele.com\/wp-content\/uploads\/2024\/04\/\u901a\u65ad\u5668-\u901a\u7528-14-600x487.jpg 600w\" sizes=\"auto, (max-width: 765px) 100vw, 765px\" \/><\/p>","protected":false},"excerpt":{"rendered":"<p>Este m\u00f3dulo de interruptor wifi inteligente con dise\u00f1o mini se adapta bien a la caja de interruptor de pared de EE. UU. y la UE\/Reino Unido, y se oculta f\u00e1cilmente en la caja de interruptor de pared oculta de su interruptor tradicional sin influir en su estilo de decoraci\u00f3n original para hacerlo inteligente.<\/p>","protected":false},"featured_media":1236,"comment_status":"open","ping_status":"closed","template":"","meta":[],"product_brand":[],"product_cat":[15],"product_tag":[],"class_list":{"0":"post-1192","1":"product","2":"type-product","3":"status-publish","4":"has-post-thumbnail","6":"product_cat-smart-switch","8":"first","9":"instock","10":"shipping-taxable","11":"purchasable","12":"product-type-variable"},"_links":{"self":[{"href":"https:\/\/www.slsele.com\/es\/wp-json\/wp\/v2\/product\/1192","targetHints":{"allow":["GET"]}}],"collection":[{"href":"https:\/\/www.slsele.com\/es\/wp-json\/wp\/v2\/product"}],"about":[{"href":"https:\/\/www.slsele.com\/es\/wp-json\/wp\/v2\/types\/product"}],"replies":[{"embeddable":true,"href":"https:\/\/www.slsele.com\/es\/wp-json\/wp\/v2\/comments?post=1192"}],"wp:featuredmedia":[{"embeddable":true,"href":"https:\/\/www.slsele.com\/es\/wp-json\/wp\/v2\/media\/1236"}],"wp:attachment":[{"href":"https:\/\/www.slsele.com\/es\/wp-json\/wp\/v2\/media?parent=1192"}],"wp:term":[{"taxonomy":"product_brand","embeddable":true,"href":"https:\/\/www.slsele.com\/es\/wp-json\/wp\/v2\/product_brand?post=1192"},{"taxonomy":"product_cat","embeddable":true,"href":"https:\/\/www.slsele.com\/es\/wp-json\/wp\/v2\/product_cat?post=1192"},{"taxonomy":"product_tag","embeddable":true,"href":"https:\/\/www.slsele.com\/es\/wp-json\/wp\/v2\/product_tag?post=1192"}],"curies":[{"name":"wp","href":"https:\/\/api.w.org\/{rel}","templated":true}]}}