{"id":1173,"date":"2024-04-10T15:14:17","date_gmt":"2024-04-10T07:14:17","guid":{"rendered":"https:\/\/slsele.com\/?post_type=product&#038;p=1173"},"modified":"2024-09-04T16:02:52","modified_gmt":"2024-09-04T08:02:52","slug":"4ch-wifi-smart-modular-switch-ac-dc-7v-32v","status":"publish","type":"product","link":"https:\/\/www.slsele.com\/es\/producto\/4ch-wifi-smart-modular-switch-ac-dc-7v-32v\/","title":{"rendered":"Interruptor modular inteligente Wifi de 4 canales CA\/CC de 7 V a 32 V"},"content":{"rendered":"<h2 style=\"text-align: center;\"><strong><b>Interruptor modular inteligente WiFi de 4 canales y 4 unidades, CA\/CC, 7 V-32 V<\/b><\/strong><strong><b>\u00a0<\/b><\/strong><\/h2>\n<p><img loading=\"lazy\" decoding=\"async\" class=\"aligncenter wp-image-1175 size-full\" src=\"https:\/\/slsele.com\/wp-content\/uploads\/2024\/04\/DC-4CH-1.png\" alt=\"Interruptor modular inteligente wifi de 4 canales y 4 unidades\" width=\"905\" height=\"765\" srcset=\"https:\/\/www.slsele.com\/wp-content\/uploads\/2024\/04\/DC-4CH-1.png 905w, https:\/\/www.slsele.com\/wp-content\/uploads\/2024\/04\/DC-4CH-1-300x254.png 300w, https:\/\/www.slsele.com\/wp-content\/uploads\/2024\/04\/DC-4CH-1-768x649.png 768w, https:\/\/www.slsele.com\/wp-content\/uploads\/2024\/04\/DC-4CH-1-14x12.png 14w, https:\/\/www.slsele.com\/wp-content\/uploads\/2024\/04\/DC-4CH-1-700x592.png 700w, https:\/\/www.slsele.com\/wp-content\/uploads\/2024\/04\/DC-4CH-1-600x507.png 600w\" sizes=\"auto, (max-width: 905px) 100vw, 905px\" \/><\/p>\n<p style=\"text-align: left;\"><strong><b>Descripci\u00f3n:<\/b><\/strong><\/p>\n<ol>\n<li style=\"text-align: left;\">\n<p style=\"text-align: left;\">Un interruptor modular inal\u00e1mbrico que admite el modo de avance lento y bloqueo autom\u00e1tico. Los usuarios pueden agregar dispositivos a la aplicaci\u00f3n Smart Life para controlar de forma remota los electrodom\u00e9sticos o dispositivos conectados.<\/p>\n<\/li>\n<li style=\"text-align: left;\">En el modo de autobloqueo, el cliente puede abrir\/cerrar remotamente el dispositivo conectado inmediatamente.<\/li>\n<li style=\"text-align: left;\">En el modo de avance lento, el cliente tiene dos modos de cableado para elegir y puede configurar el tiempo de avance lento en la APLICACI\u00d3N.<\/li>\n<li style=\"text-align: left;\">Modo control WiFi, sin programaci\u00f3n. No importa donde est\u00e9s, solo descarga una APP para conectarte al WiFi y controlar a trav\u00e9s de la Nube.<\/li>\n<li>\n<p style=\"text-align: left;\">Cambie la funci\u00f3n de avance lento\/autobloqueo en la aplicaci\u00f3n y ser\u00e1 m\u00e1s conveniente encender el tel\u00e9fono m\u00f3vil.<\/p>\n<\/li>\n<\/ol>\n<p><img loading=\"lazy\" decoding=\"async\" class=\"aligncenter size-full wp-image-1187\" src=\"https:\/\/slsele.com\/wp-content\/uploads\/2024\/04\/DC-4CH-27.png\" alt=\"\" width=\"969\" height=\"758\" srcset=\"https:\/\/www.slsele.com\/wp-content\/uploads\/2024\/04\/DC-4CH-27.png 969w, https:\/\/www.slsele.com\/wp-content\/uploads\/2024\/04\/DC-4CH-27-300x235.png 300w, https:\/\/www.slsele.com\/wp-content\/uploads\/2024\/04\/DC-4CH-27-768x601.png 768w, https:\/\/www.slsele.com\/wp-content\/uploads\/2024\/04\/DC-4CH-27-15x12.png 15w, https:\/\/www.slsele.com\/wp-content\/uploads\/2024\/04\/DC-4CH-27-700x548.png 700w, https:\/\/www.slsele.com\/wp-content\/uploads\/2024\/04\/DC-4CH-27-600x469.png 600w\" sizes=\"auto, (max-width: 969px) 100vw, 969px\" \/><img loading=\"lazy\" decoding=\"async\" class=\"aligncenter size-full wp-image-1188\" src=\"https:\/\/slsele.com\/wp-content\/uploads\/2024\/04\/DC-4CH-28.png\" alt=\"\" width=\"1009\" height=\"714\" srcset=\"https:\/\/www.slsele.com\/wp-content\/uploads\/2024\/04\/DC-4CH-28.png 1009w, https:\/\/www.slsele.com\/wp-content\/uploads\/2024\/04\/DC-4CH-28-300x212.png 300w, https:\/\/www.slsele.com\/wp-content\/uploads\/2024\/04\/DC-4CH-28-768x543.png 768w, https:\/\/www.slsele.com\/wp-content\/uploads\/2024\/04\/DC-4CH-28-18x12.png 18w, https:\/\/www.slsele.com\/wp-content\/uploads\/2024\/04\/DC-4CH-28-700x495.png 700w, https:\/\/www.slsele.com\/wp-content\/uploads\/2024\/04\/DC-4CH-28-600x425.png 600w\" sizes=\"auto, (max-width: 1009px) 100vw, 1009px\" \/><img loading=\"lazy\" decoding=\"async\" class=\"aligncenter size-full wp-image-1185\" src=\"https:\/\/slsele.com\/wp-content\/uploads\/2024\/04\/DC-4CH-25.png\" alt=\"\" width=\"966\" height=\"798\" srcset=\"https:\/\/www.slsele.com\/wp-content\/uploads\/2024\/04\/DC-4CH-25.png 966w, https:\/\/www.slsele.com\/wp-content\/uploads\/2024\/04\/DC-4CH-25-300x248.png 300w, https:\/\/www.slsele.com\/wp-content\/uploads\/2024\/04\/DC-4CH-25-768x634.png 768w, https:\/\/www.slsele.com\/wp-content\/uploads\/2024\/04\/DC-4CH-25-15x12.png 15w, https:\/\/www.slsele.com\/wp-content\/uploads\/2024\/04\/DC-4CH-25-700x578.png 700w, https:\/\/www.slsele.com\/wp-content\/uploads\/2024\/04\/DC-4CH-25-600x496.png 600w\" sizes=\"auto, (max-width: 966px) 100vw, 966px\" \/><img loading=\"lazy\" decoding=\"async\" class=\"aligncenter size-full wp-image-1189\" src=\"https:\/\/slsele.com\/wp-content\/uploads\/2024\/04\/DC-4CH-29.png\" alt=\"\" width=\"747\" height=\"673\" srcset=\"https:\/\/www.slsele.com\/wp-content\/uploads\/2024\/04\/DC-4CH-29.png 747w, https:\/\/www.slsele.com\/wp-content\/uploads\/2024\/04\/DC-4CH-29-300x270.png 300w, https:\/\/www.slsele.com\/wp-content\/uploads\/2024\/04\/DC-4CH-29-13x12.png 13w, https:\/\/www.slsele.com\/wp-content\/uploads\/2024\/04\/DC-4CH-29-700x631.png 700w, https:\/\/www.slsele.com\/wp-content\/uploads\/2024\/04\/DC-4CH-29-600x541.png 600w\" sizes=\"auto, (max-width: 747px) 100vw, 747px\" \/><\/p>","protected":false},"excerpt":{"rendered":"<p>Este interruptor inal\u00e1mbrico ofrece modos de movimiento lento y de bloqueo autom\u00e1tico. Si agrega el dispositivo a la aplicaci\u00f3n Smart Life, podr\u00e1 controlar sus electrodom\u00e9sticos conectados desde cualquier lugar.<\/p>","protected":false},"featured_media":1175,"comment_status":"open","ping_status":"closed","template":"","meta":[],"product_brand":[],"product_cat":[15],"product_tag":[],"class_list":{"0":"post-1173","1":"product","2":"type-product","3":"status-publish","4":"has-post-thumbnail","6":"product_cat-smart-switch","8":"first","9":"instock","10":"shipping-taxable","11":"purchasable","12":"product-type-simple"},"_links":{"self":[{"href":"https:\/\/www.slsele.com\/es\/wp-json\/wp\/v2\/product\/1173","targetHints":{"allow":["GET"]}}],"collection":[{"href":"https:\/\/www.slsele.com\/es\/wp-json\/wp\/v2\/product"}],"about":[{"href":"https:\/\/www.slsele.com\/es\/wp-json\/wp\/v2\/types\/product"}],"replies":[{"embeddable":true,"href":"https:\/\/www.slsele.com\/es\/wp-json\/wp\/v2\/comments?post=1173"}],"wp:featuredmedia":[{"embeddable":true,"href":"https:\/\/www.slsele.com\/es\/wp-json\/wp\/v2\/media\/1175"}],"wp:attachment":[{"href":"https:\/\/www.slsele.com\/es\/wp-json\/wp\/v2\/media?parent=1173"}],"wp:term":[{"taxonomy":"product_brand","embeddable":true,"href":"https:\/\/www.slsele.com\/es\/wp-json\/wp\/v2\/product_brand?post=1173"},{"taxonomy":"product_cat","embeddable":true,"href":"https:\/\/www.slsele.com\/es\/wp-json\/wp\/v2\/product_cat?post=1173"},{"taxonomy":"product_tag","embeddable":true,"href":"https:\/\/www.slsele.com\/es\/wp-json\/wp\/v2\/product_tag?post=1173"}],"curies":[{"name":"wp","href":"https:\/\/api.w.org\/{rel}","templated":true}]}}