{"id":1160,"date":"2024-04-10T14:32:51","date_gmt":"2024-04-10T06:32:51","guid":{"rendered":"https:\/\/slsele.com\/?post_type=product&#038;p=1160"},"modified":"2024-08-23T14:30:24","modified_gmt":"2024-08-23T06:30:24","slug":"2-gang-wifi-smart-switch-ac-dc-7v-32v-dry-contact","status":"publish","type":"product","link":"https:\/\/www.slsele.com\/es\/producto\/2-gang-wifi-smart-switch-ac-dc-7v-32v-dry-contact\/","title":{"rendered":"Interruptor inteligente Wifi de 2 entradas AC\/DC 7V-32V contacto seco"},"content":{"rendered":"<h2 style=\"text-align: center;\"><strong><b>Interruptor de luz de Control remoto WIFI Tuya, 2 entradas, 10A, CA\/CC, 7V-32V, rel\u00e9, enclavamiento autoblocante, avance lento<\/b><\/strong><\/h2>\n<p><img loading=\"lazy\" decoding=\"async\" class=\"aligncenter wp-image-1168\" src=\"https:\/\/slsele.com\/wp-content\/uploads\/2024\/04\/DC-2CH-10.png\" alt=\"\" width=\"861\" height=\"674\" srcset=\"https:\/\/www.slsele.com\/wp-content\/uploads\/2024\/04\/DC-2CH-10.png 674w, https:\/\/www.slsele.com\/wp-content\/uploads\/2024\/04\/DC-2CH-10-300x235.png 300w, https:\/\/www.slsele.com\/wp-content\/uploads\/2024\/04\/DC-2CH-10-15x12.png 15w, https:\/\/www.slsele.com\/wp-content\/uploads\/2024\/04\/DC-2CH-10-600x470.png 600w\" sizes=\"auto, (max-width: 861px) 100vw, 861px\" \/><\/p>\n<p><img loading=\"lazy\" decoding=\"async\" class=\"aligncenter size-full wp-image-1169\" src=\"https:\/\/slsele.com\/wp-content\/uploads\/2024\/04\/DC-2CH-11.png\" alt=\"\" width=\"975\" height=\"782\" srcset=\"https:\/\/www.slsele.com\/wp-content\/uploads\/2024\/04\/DC-2CH-11.png 975w, https:\/\/www.slsele.com\/wp-content\/uploads\/2024\/04\/DC-2CH-11-300x241.png 300w, https:\/\/www.slsele.com\/wp-content\/uploads\/2024\/04\/DC-2CH-11-768x616.png 768w, https:\/\/www.slsele.com\/wp-content\/uploads\/2024\/04\/DC-2CH-11-15x12.png 15w, https:\/\/www.slsele.com\/wp-content\/uploads\/2024\/04\/DC-2CH-11-700x561.png 700w, https:\/\/www.slsele.com\/wp-content\/uploads\/2024\/04\/DC-2CH-11-600x481.png 600w\" sizes=\"auto, (max-width: 975px) 100vw, 975px\" \/><\/p>\n<h4 style=\"text-align: left;\">Este producto es un interruptor inal\u00e1mbrico que admite modo de avance lento\/autobloqueo. Los usuarios pueden agregar el dispositivo a la aplicaci\u00f3n Smart Life para controlar de forma remota los electrodom\u00e9sticos o dispositivos conectados. En el modo de bloqueo autom\u00e1tico, los clientes pueden encender\/apagar de forma remota los dispositivos conectados inmediatamente. Cuando est\u00e1 en modo de avance lento, los clientes pueden tener dos formas de cableado para seleccionar y usted puede configurar el tiempo de avance lento en la APLICACI\u00d3N. Modelo con control WIFi, sin necesidad de programar. No importa d\u00f3nde est\u00e9s, solo necesitas descargar una APP para conectar el wifi y controlar la nube.<\/h4>\n<p><img loading=\"lazy\" decoding=\"async\" class=\"aligncenter size-full wp-image-1165\" src=\"https:\/\/slsele.com\/wp-content\/uploads\/2024\/04\/DC-2CH-26.png\" alt=\"\" width=\"976\" height=\"816\" srcset=\"https:\/\/www.slsele.com\/wp-content\/uploads\/2024\/04\/DC-2CH-26.png 976w, https:\/\/www.slsele.com\/wp-content\/uploads\/2024\/04\/DC-2CH-26-300x251.png 300w, https:\/\/www.slsele.com\/wp-content\/uploads\/2024\/04\/DC-2CH-26-768x642.png 768w, https:\/\/www.slsele.com\/wp-content\/uploads\/2024\/04\/DC-2CH-26-14x12.png 14w, https:\/\/www.slsele.com\/wp-content\/uploads\/2024\/04\/DC-2CH-26-700x585.png 700w, https:\/\/www.slsele.com\/wp-content\/uploads\/2024\/04\/DC-2CH-26-600x502.png 600w\" sizes=\"auto, (max-width: 976px) 100vw, 976px\" \/><img loading=\"lazy\" decoding=\"async\" class=\"aligncenter size-full wp-image-1170\" src=\"https:\/\/slsele.com\/wp-content\/uploads\/2024\/04\/DC-2CH-13.png\" alt=\"\" width=\"1004\" height=\"813\" srcset=\"https:\/\/www.slsele.com\/wp-content\/uploads\/2024\/04\/DC-2CH-13.png 1004w, https:\/\/www.slsele.com\/wp-content\/uploads\/2024\/04\/DC-2CH-13-300x243.png 300w, https:\/\/www.slsele.com\/wp-content\/uploads\/2024\/04\/DC-2CH-13-768x622.png 768w, https:\/\/www.slsele.com\/wp-content\/uploads\/2024\/04\/DC-2CH-13-15x12.png 15w, https:\/\/www.slsele.com\/wp-content\/uploads\/2024\/04\/DC-2CH-13-700x567.png 700w, https:\/\/www.slsele.com\/wp-content\/uploads\/2024\/04\/DC-2CH-13-600x486.png 600w\" sizes=\"auto, (max-width: 1004px) 100vw, 1004px\" \/><img loading=\"lazy\" decoding=\"async\" class=\"aligncenter size-full wp-image-1171\" src=\"https:\/\/slsele.com\/wp-content\/uploads\/2024\/04\/DC-2CH-14.png\" alt=\"\" width=\"1004\" height=\"801\" srcset=\"https:\/\/www.slsele.com\/wp-content\/uploads\/2024\/04\/DC-2CH-14.png 1004w, https:\/\/www.slsele.com\/wp-content\/uploads\/2024\/04\/DC-2CH-14-300x239.png 300w, https:\/\/www.slsele.com\/wp-content\/uploads\/2024\/04\/DC-2CH-14-768x613.png 768w, https:\/\/www.slsele.com\/wp-content\/uploads\/2024\/04\/DC-2CH-14-15x12.png 15w, https:\/\/www.slsele.com\/wp-content\/uploads\/2024\/04\/DC-2CH-14-700x558.png 700w, https:\/\/www.slsele.com\/wp-content\/uploads\/2024\/04\/DC-2CH-14-600x479.png 600w\" sizes=\"auto, (max-width: 1004px) 100vw, 1004px\" \/><\/p>","protected":false},"excerpt":{"rendered":"<p>En el modo de bloqueo autom\u00e1tico, los clientes pueden encender\/apagar de forma remota los dispositivos conectados inmediatamente. Cuando est\u00e1 en modo de avance lento, los clientes pueden tener dos formas de cableado para seleccionar y usted puede configurar el tiempo de avance lento en la APLICACI\u00d3N.<\/p>","protected":false},"featured_media":1168,"comment_status":"open","ping_status":"closed","template":"","meta":[],"product_brand":[],"product_cat":[15],"product_tag":[],"class_list":{"0":"post-1160","1":"product","2":"type-product","3":"status-publish","4":"has-post-thumbnail","6":"product_cat-smart-switch","8":"first","9":"instock","10":"shipping-taxable","11":"purchasable","12":"product-type-simple"},"_links":{"self":[{"href":"https:\/\/www.slsele.com\/es\/wp-json\/wp\/v2\/product\/1160","targetHints":{"allow":["GET"]}}],"collection":[{"href":"https:\/\/www.slsele.com\/es\/wp-json\/wp\/v2\/product"}],"about":[{"href":"https:\/\/www.slsele.com\/es\/wp-json\/wp\/v2\/types\/product"}],"replies":[{"embeddable":true,"href":"https:\/\/www.slsele.com\/es\/wp-json\/wp\/v2\/comments?post=1160"}],"wp:featuredmedia":[{"embeddable":true,"href":"https:\/\/www.slsele.com\/es\/wp-json\/wp\/v2\/media\/1168"}],"wp:attachment":[{"href":"https:\/\/www.slsele.com\/es\/wp-json\/wp\/v2\/media?parent=1160"}],"wp:term":[{"taxonomy":"product_brand","embeddable":true,"href":"https:\/\/www.slsele.com\/es\/wp-json\/wp\/v2\/product_brand?post=1160"},{"taxonomy":"product_cat","embeddable":true,"href":"https:\/\/www.slsele.com\/es\/wp-json\/wp\/v2\/product_cat?post=1160"},{"taxonomy":"product_tag","embeddable":true,"href":"https:\/\/www.slsele.com\/es\/wp-json\/wp\/v2\/product_tag?post=1160"}],"curies":[{"name":"wp","href":"https:\/\/api.w.org\/{rel}","templated":true}]}}