{"id":1139,"date":"2024-04-10T13:43:05","date_gmt":"2024-04-10T05:43:05","guid":{"rendered":"https:\/\/slsele.com\/?post_type=product&#038;p=1139"},"modified":"2024-10-31T08:43:37","modified_gmt":"2024-10-31T00:43:37","slug":"1-gang-wifi-smart-wireless-switch-ac-dc","status":"publish","type":"product","link":"https:\/\/www.slsele.com\/es\/producto\/1-gang-wifi-smart-wireless-switch-ac-dc\/","title":{"rendered":"Interruptor inal\u00e1mbrico inteligente WiFi de 1 v\u00eda, CA\/CC, 7 V-32 V, contacto seco"},"content":{"rendered":"<h2 style=\"text-align: center;\"><strong><b>Interruptor inal\u00e1mbrico inteligente WiFi de 1 canal y 1 unidad, CA\/CC, 7 V-32 V<\/b><\/strong><strong><b>\u00a0contacto seco<\/b><\/strong><\/h2>\n<p><img loading=\"lazy\" decoding=\"async\" class=\"aligncenter wp-image-1151\" src=\"https:\/\/slsele.com\/wp-content\/uploads\/2024\/04\/DC-1CH-15.png\" alt=\"interruptor inal\u00e1mbrico inteligente\" width=\"891\" height=\"748\" srcset=\"https:\/\/www.slsele.com\/wp-content\/uploads\/2024\/04\/DC-1CH-15.png 971w, https:\/\/www.slsele.com\/wp-content\/uploads\/2024\/04\/DC-1CH-15-300x252.png 300w, https:\/\/www.slsele.com\/wp-content\/uploads\/2024\/04\/DC-1CH-15-768x645.png 768w, https:\/\/www.slsele.com\/wp-content\/uploads\/2024\/04\/DC-1CH-15-14x12.png 14w, https:\/\/www.slsele.com\/wp-content\/uploads\/2024\/04\/DC-1CH-15-700x588.png 700w, https:\/\/www.slsele.com\/wp-content\/uploads\/2024\/04\/DC-1CH-15-600x504.png 600w\" sizes=\"auto, (max-width: 891px) 100vw, 891px\" \/><\/p>\n<p style=\"text-align: left;\">Este producto es un interruptor inal\u00e1mbrico inteligente que admite el modo de avance lento\/bloqueo autom\u00e1tico. Los usuarios pueden agregar el dispositivo a la aplicaci\u00f3n Smart Life para controlar de forma remota los electrodom\u00e9sticos o dispositivos conectados. En el modo de bloqueo autom\u00e1tico, los clientes pueden encender\/apagar de forma remota los dispositivos conectados de inmediato. Cuando est\u00e1 en modo de avance lento, los clientes pueden tener dos formas de cableado para seleccionar, y puede configurar el tiempo de avance lento en la aplicaci\u00f3n. Modelo de control WIFi, sin necesidad de programaci\u00f3n. No importa d\u00f3nde se encuentre, solo necesita descargar una aplicaci\u00f3n para conectar el wifi y controlar la nube.<\/p>\n<p><img loading=\"lazy\" decoding=\"async\" class=\"aligncenter size-full wp-image-1158\" src=\"https:\/\/slsele.com\/wp-content\/uploads\/2024\/04\/DC-1CH-23.png\" alt=\"\" width=\"872\" height=\"760\" srcset=\"https:\/\/www.slsele.com\/wp-content\/uploads\/2024\/04\/DC-1CH-23.png 872w, https:\/\/www.slsele.com\/wp-content\/uploads\/2024\/04\/DC-1CH-23-300x261.png 300w, https:\/\/www.slsele.com\/wp-content\/uploads\/2024\/04\/DC-1CH-23-768x669.png 768w, https:\/\/www.slsele.com\/wp-content\/uploads\/2024\/04\/DC-1CH-23-14x12.png 14w, https:\/\/www.slsele.com\/wp-content\/uploads\/2024\/04\/DC-1CH-23-700x610.png 700w, https:\/\/www.slsele.com\/wp-content\/uploads\/2024\/04\/DC-1CH-23-600x523.png 600w\" sizes=\"auto, (max-width: 872px) 100vw, 872px\" \/><img loading=\"lazy\" decoding=\"async\" class=\"aligncenter size-full wp-image-1157\" src=\"https:\/\/slsele.com\/wp-content\/uploads\/2024\/04\/DC-1CH-22.png\" alt=\"\" width=\"871\" height=\"756\" srcset=\"https:\/\/www.slsele.com\/wp-content\/uploads\/2024\/04\/DC-1CH-22.png 871w, https:\/\/www.slsele.com\/wp-content\/uploads\/2024\/04\/DC-1CH-22-300x260.png 300w, https:\/\/www.slsele.com\/wp-content\/uploads\/2024\/04\/DC-1CH-22-768x667.png 768w, https:\/\/www.slsele.com\/wp-content\/uploads\/2024\/04\/DC-1CH-22-14x12.png 14w, https:\/\/www.slsele.com\/wp-content\/uploads\/2024\/04\/DC-1CH-22-700x608.png 700w, https:\/\/www.slsele.com\/wp-content\/uploads\/2024\/04\/DC-1CH-22-600x521.png 600w\" sizes=\"auto, (max-width: 871px) 100vw, 871px\" \/><img loading=\"lazy\" decoding=\"async\" class=\"aligncenter size-full wp-image-1159\" src=\"https:\/\/slsele.com\/wp-content\/uploads\/2024\/04\/DC-1CH-24.png\" alt=\"\" width=\"821\" height=\"733\" srcset=\"https:\/\/www.slsele.com\/wp-content\/uploads\/2024\/04\/DC-1CH-24.png 821w, https:\/\/www.slsele.com\/wp-content\/uploads\/2024\/04\/DC-1CH-24-300x268.png 300w, https:\/\/www.slsele.com\/wp-content\/uploads\/2024\/04\/DC-1CH-24-768x686.png 768w, https:\/\/www.slsele.com\/wp-content\/uploads\/2024\/04\/DC-1CH-24-13x12.png 13w, https:\/\/www.slsele.com\/wp-content\/uploads\/2024\/04\/DC-1CH-24-700x625.png 700w, https:\/\/www.slsele.com\/wp-content\/uploads\/2024\/04\/DC-1CH-24-600x536.png 600w\" sizes=\"auto, (max-width: 821px) 100vw, 821px\" \/><img loading=\"lazy\" decoding=\"async\" class=\"aligncenter size-full wp-image-1156\" src=\"https:\/\/slsele.com\/wp-content\/uploads\/2024\/04\/DC-1CH-21.png\" alt=\"\" width=\"976\" height=\"812\" srcset=\"https:\/\/www.slsele.com\/wp-content\/uploads\/2024\/04\/DC-1CH-21.png 976w, https:\/\/www.slsele.com\/wp-content\/uploads\/2024\/04\/DC-1CH-21-300x250.png 300w, https:\/\/www.slsele.com\/wp-content\/uploads\/2024\/04\/DC-1CH-21-768x639.png 768w, https:\/\/www.slsele.com\/wp-content\/uploads\/2024\/04\/DC-1CH-21-14x12.png 14w, https:\/\/www.slsele.com\/wp-content\/uploads\/2024\/04\/DC-1CH-21-700x582.png 700w, https:\/\/www.slsele.com\/wp-content\/uploads\/2024\/04\/DC-1CH-21-600x499.png 600w\" sizes=\"auto, (max-width: 976px) 100vw, 976px\" \/><img loading=\"lazy\" decoding=\"async\" class=\"aligncenter size-full wp-image-1144\" src=\"https:\/\/slsele.com\/wp-content\/uploads\/2024\/04\/DC-1CH-29.png\" alt=\"\" width=\"850\" height=\"727\" srcset=\"https:\/\/www.slsele.com\/wp-content\/uploads\/2024\/04\/DC-1CH-29.png 850w, https:\/\/www.slsele.com\/wp-content\/uploads\/2024\/04\/DC-1CH-29-300x257.png 300w, https:\/\/www.slsele.com\/wp-content\/uploads\/2024\/04\/DC-1CH-29-768x657.png 768w, https:\/\/www.slsele.com\/wp-content\/uploads\/2024\/04\/DC-1CH-29-14x12.png 14w, https:\/\/www.slsele.com\/wp-content\/uploads\/2024\/04\/DC-1CH-29-700x599.png 700w, https:\/\/www.slsele.com\/wp-content\/uploads\/2024\/04\/DC-1CH-29-600x513.png 600w\" sizes=\"auto, (max-width: 850px) 100vw, 850px\" \/><img loading=\"lazy\" decoding=\"async\" class=\"aligncenter size-full wp-image-1143\" src=\"https:\/\/slsele.com\/wp-content\/uploads\/2024\/04\/DC-1CH-28.png\" alt=\"\" width=\"930\" height=\"733\" srcset=\"https:\/\/www.slsele.com\/wp-content\/uploads\/2024\/04\/DC-1CH-28.png 930w, https:\/\/www.slsele.com\/wp-content\/uploads\/2024\/04\/DC-1CH-28-300x236.png 300w, https:\/\/www.slsele.com\/wp-content\/uploads\/2024\/04\/DC-1CH-28-768x605.png 768w, https:\/\/www.slsele.com\/wp-content\/uploads\/2024\/04\/DC-1CH-28-15x12.png 15w, https:\/\/www.slsele.com\/wp-content\/uploads\/2024\/04\/DC-1CH-28-700x552.png 700w, https:\/\/www.slsele.com\/wp-content\/uploads\/2024\/04\/DC-1CH-28-600x473.png 600w\" sizes=\"auto, (max-width: 930px) 100vw, 930px\" \/><\/p>\n<p style=\"text-align: left;\"><strong><b>Descripci\u00f3n:<\/b><\/strong><\/p>\n<ol style=\"text-align: left;\">\n<li>El interruptor inal\u00e1mbrico inteligente admite el modo de avance lento y bloqueo autom\u00e1tico. Los usuarios pueden agregar dispositivos a la aplicaci\u00f3n Smart Life para controlar de forma remota los electrodom\u00e9sticos o dispositivos conectados.<\/li>\n<\/ol>\n<ol style=\"text-align: left;\" start=\"2\">\n<li>En el modo de autobloqueo, el cliente puede abrir\/cerrar remotamente el dispositivo conectado inmediatamente.<\/li>\n<\/ol>\n<ol style=\"text-align: left;\" start=\"3\">\n<li>En el modo de avance lento, el cliente tiene dos modos de cableado para elegir y puede configurar el tiempo de avance lento en la APLICACI\u00d3N.<\/li>\n<\/ol>\n<ol style=\"text-align: left;\" start=\"4\">\n<li>Modo control WiFi, sin programaci\u00f3n. No importa donde est\u00e9s, solo descarga una APP para conectarte al WiFi y controlar a trav\u00e9s de la Nube.<\/li>\n<\/ol>\n<ol style=\"text-align: left;\" start=\"5\">\n<li>Cambie la funci\u00f3n de avance lento\/autobloqueo en la aplicaci\u00f3n y ser\u00e1 m\u00e1s conveniente encender el tel\u00e9fono m\u00f3vil.<\/li>\n<\/ol>\n<p style=\"text-align: left;\">","protected":false},"excerpt":{"rendered":"<p>Este producto es un interruptor inal\u00e1mbrico inteligente que admite el modo de avance lento y bloqueo autom\u00e1tico. Los usuarios pueden agregar el dispositivo a la aplicaci\u00f3n Smart Life para controlar de forma remota los electrodom\u00e9sticos o dispositivos conectados.<\/p>","protected":false},"featured_media":1140,"comment_status":"open","ping_status":"closed","template":"","meta":[],"product_brand":[],"product_cat":[15],"product_tag":[],"class_list":{"0":"post-1139","1":"product","2":"type-product","3":"status-publish","4":"has-post-thumbnail","6":"product_cat-smart-switch","8":"first","9":"instock","10":"shipping-taxable","11":"purchasable","12":"product-type-simple"},"_links":{"self":[{"href":"https:\/\/www.slsele.com\/es\/wp-json\/wp\/v2\/product\/1139","targetHints":{"allow":["GET"]}}],"collection":[{"href":"https:\/\/www.slsele.com\/es\/wp-json\/wp\/v2\/product"}],"about":[{"href":"https:\/\/www.slsele.com\/es\/wp-json\/wp\/v2\/types\/product"}],"replies":[{"embeddable":true,"href":"https:\/\/www.slsele.com\/es\/wp-json\/wp\/v2\/comments?post=1139"}],"wp:featuredmedia":[{"embeddable":true,"href":"https:\/\/www.slsele.com\/es\/wp-json\/wp\/v2\/media\/1140"}],"wp:attachment":[{"href":"https:\/\/www.slsele.com\/es\/wp-json\/wp\/v2\/media?parent=1139"}],"wp:term":[{"taxonomy":"product_brand","embeddable":true,"href":"https:\/\/www.slsele.com\/es\/wp-json\/wp\/v2\/product_brand?post=1139"},{"taxonomy":"product_cat","embeddable":true,"href":"https:\/\/www.slsele.com\/es\/wp-json\/wp\/v2\/product_cat?post=1139"},{"taxonomy":"product_tag","embeddable":true,"href":"https:\/\/www.slsele.com\/es\/wp-json\/wp\/v2\/product_tag?post=1139"}],"curies":[{"name":"wp","href":"https:\/\/api.w.org\/{rel}","templated":true}]}}