{"id":1121,"date":"2024-04-08T14:50:42","date_gmt":"2024-04-08T06:50:42","guid":{"rendered":"https:\/\/slsele.com\/?post_type=product&#038;p=1121"},"modified":"2024-04-10T13:34:50","modified_gmt":"2024-04-10T05:34:50","slug":"wifi-thermostat-with-touch-panel","status":"publish","type":"product","link":"https:\/\/www.slsele.com\/es\/producto\/wifi-thermostat-with-touch-panel\/","title":{"rendered":"Termostato WiFi con panel t\u00e1ctil"},"content":{"rendered":"<h3 style=\"text-align: center;\">Termostato inteligente Tuya WiFi, controlador de temperatura ambiente, agua\/caldera de gas el\u00e9ctrica para calefacci\u00f3n por suelo radiante<\/h3>\n<p><img loading=\"lazy\" decoding=\"async\" class=\"aligncenter size-full wp-image-1136\" src=\"https:\/\/slsele.com\/wp-content\/uploads\/2024\/04\/\u6e29\u63a7\u89e6\u6478V4W-11.jpg\" alt=\"\" width=\"934\" height=\"757\" srcset=\"https:\/\/www.slsele.com\/wp-content\/uploads\/2024\/04\/\u6e29\u63a7\u89e6\u6478V4W-11.jpg 934w, https:\/\/www.slsele.com\/wp-content\/uploads\/2024\/04\/\u6e29\u63a7\u89e6\u6478V4W-11-300x243.jpg 300w, https:\/\/www.slsele.com\/wp-content\/uploads\/2024\/04\/\u6e29\u63a7\u89e6\u6478V4W-11-768x622.jpg 768w, https:\/\/www.slsele.com\/wp-content\/uploads\/2024\/04\/\u6e29\u63a7\u89e6\u6478V4W-11-15x12.jpg 15w, https:\/\/www.slsele.com\/wp-content\/uploads\/2024\/04\/\u6e29\u63a7\u89e6\u6478V4W-11-700x567.jpg 700w, https:\/\/www.slsele.com\/wp-content\/uploads\/2024\/04\/\u6e29\u63a7\u89e6\u6478V4W-11-600x486.jpg 600w\" sizes=\"auto, (max-width: 934px) 100vw, 934px\" \/><img loading=\"lazy\" decoding=\"async\" class=\"aligncenter size-full wp-image-1128\" src=\"https:\/\/slsele.com\/wp-content\/uploads\/2024\/04\/\u6e29\u63a7\u89e6\u6478V4W-3.jpg\" alt=\"\" width=\"1000\" height=\"1000\" srcset=\"https:\/\/www.slsele.com\/wp-content\/uploads\/2024\/04\/\u6e29\u63a7\u89e6\u6478V4W-3.jpg 1000w, https:\/\/www.slsele.com\/wp-content\/uploads\/2024\/04\/\u6e29\u63a7\u89e6\u6478V4W-3-300x300.jpg 300w, https:\/\/www.slsele.com\/wp-content\/uploads\/2024\/04\/\u6e29\u63a7\u89e6\u6478V4W-3-150x150.jpg 150w, https:\/\/www.slsele.com\/wp-content\/uploads\/2024\/04\/\u6e29\u63a7\u89e6\u6478V4W-3-768x768.jpg 768w, https:\/\/www.slsele.com\/wp-content\/uploads\/2024\/04\/\u6e29\u63a7\u89e6\u6478V4W-3-12x12.jpg 12w, https:\/\/www.slsele.com\/wp-content\/uploads\/2024\/04\/\u6e29\u63a7\u89e6\u6478V4W-3-570x570.jpg 570w, https:\/\/www.slsele.com\/wp-content\/uploads\/2024\/04\/\u6e29\u63a7\u89e6\u6478V4W-3-500x500.jpg 500w, https:\/\/www.slsele.com\/wp-content\/uploads\/2024\/04\/\u6e29\u63a7\u89e6\u6478V4W-3-700x700.jpg 700w, https:\/\/www.slsele.com\/wp-content\/uploads\/2024\/04\/\u6e29\u63a7\u89e6\u6478V4W-3-600x600.jpg 600w, https:\/\/www.slsele.com\/wp-content\/uploads\/2024\/04\/\u6e29\u63a7\u89e6\u6478V4W-3-100x100.jpg 100w, https:\/\/www.slsele.com\/wp-content\/uploads\/2024\/04\/\u6e29\u63a7\u89e6\u6478V4W-3-50x50.jpg 50w\" sizes=\"auto, (max-width: 1000px) 100vw, 1000px\" \/><img loading=\"lazy\" decoding=\"async\" class=\"aligncenter size-full wp-image-1129\" src=\"https:\/\/slsele.com\/wp-content\/uploads\/2024\/04\/\u6e29\u63a7\u89e6\u6478V4W-4.jpg\" alt=\"\" width=\"1000\" height=\"1000\" srcset=\"https:\/\/www.slsele.com\/wp-content\/uploads\/2024\/04\/\u6e29\u63a7\u89e6\u6478V4W-4.jpg 1000w, https:\/\/www.slsele.com\/wp-content\/uploads\/2024\/04\/\u6e29\u63a7\u89e6\u6478V4W-4-300x300.jpg 300w, https:\/\/www.slsele.com\/wp-content\/uploads\/2024\/04\/\u6e29\u63a7\u89e6\u6478V4W-4-150x150.jpg 150w, https:\/\/www.slsele.com\/wp-content\/uploads\/2024\/04\/\u6e29\u63a7\u89e6\u6478V4W-4-768x768.jpg 768w, https:\/\/www.slsele.com\/wp-content\/uploads\/2024\/04\/\u6e29\u63a7\u89e6\u6478V4W-4-12x12.jpg 12w, https:\/\/www.slsele.com\/wp-content\/uploads\/2024\/04\/\u6e29\u63a7\u89e6\u6478V4W-4-570x570.jpg 570w, https:\/\/www.slsele.com\/wp-content\/uploads\/2024\/04\/\u6e29\u63a7\u89e6\u6478V4W-4-500x500.jpg 500w, https:\/\/www.slsele.com\/wp-content\/uploads\/2024\/04\/\u6e29\u63a7\u89e6\u6478V4W-4-700x700.jpg 700w, https:\/\/www.slsele.com\/wp-content\/uploads\/2024\/04\/\u6e29\u63a7\u89e6\u6478V4W-4-600x600.jpg 600w, https:\/\/www.slsele.com\/wp-content\/uploads\/2024\/04\/\u6e29\u63a7\u89e6\u6478V4W-4-100x100.jpg 100w, https:\/\/www.slsele.com\/wp-content\/uploads\/2024\/04\/\u6e29\u63a7\u89e6\u6478V4W-4-50x50.jpg 50w\" sizes=\"auto, (max-width: 1000px) 100vw, 1000px\" \/><img loading=\"lazy\" decoding=\"async\" class=\"aligncenter size-full wp-image-1130\" src=\"https:\/\/slsele.com\/wp-content\/uploads\/2024\/04\/\u6e29\u63a7\u89e6\u6478V4W-5.jpg\" alt=\"\" width=\"1000\" height=\"1000\" srcset=\"https:\/\/www.slsele.com\/wp-content\/uploads\/2024\/04\/\u6e29\u63a7\u89e6\u6478V4W-5.jpg 1000w, https:\/\/www.slsele.com\/wp-content\/uploads\/2024\/04\/\u6e29\u63a7\u89e6\u6478V4W-5-300x300.jpg 300w, https:\/\/www.slsele.com\/wp-content\/uploads\/2024\/04\/\u6e29\u63a7\u89e6\u6478V4W-5-150x150.jpg 150w, https:\/\/www.slsele.com\/wp-content\/uploads\/2024\/04\/\u6e29\u63a7\u89e6\u6478V4W-5-768x768.jpg 768w, https:\/\/www.slsele.com\/wp-content\/uploads\/2024\/04\/\u6e29\u63a7\u89e6\u6478V4W-5-12x12.jpg 12w, https:\/\/www.slsele.com\/wp-content\/uploads\/2024\/04\/\u6e29\u63a7\u89e6\u6478V4W-5-570x570.jpg 570w, https:\/\/www.slsele.com\/wp-content\/uploads\/2024\/04\/\u6e29\u63a7\u89e6\u6478V4W-5-500x500.jpg 500w, https:\/\/www.slsele.com\/wp-content\/uploads\/2024\/04\/\u6e29\u63a7\u89e6\u6478V4W-5-700x700.jpg 700w, https:\/\/www.slsele.com\/wp-content\/uploads\/2024\/04\/\u6e29\u63a7\u89e6\u6478V4W-5-600x600.jpg 600w, https:\/\/www.slsele.com\/wp-content\/uploads\/2024\/04\/\u6e29\u63a7\u89e6\u6478V4W-5-100x100.jpg 100w, https:\/\/www.slsele.com\/wp-content\/uploads\/2024\/04\/\u6e29\u63a7\u89e6\u6478V4W-5-50x50.jpg 50w\" sizes=\"auto, (max-width: 1000px) 100vw, 1000px\" \/><img loading=\"lazy\" decoding=\"async\" class=\"aligncenter size-full wp-image-1131\" src=\"https:\/\/slsele.com\/wp-content\/uploads\/2024\/04\/\u6e29\u63a7\u89e6\u6478V4W-6.jpg\" alt=\"\" width=\"1000\" height=\"1000\" srcset=\"https:\/\/www.slsele.com\/wp-content\/uploads\/2024\/04\/\u6e29\u63a7\u89e6\u6478V4W-6.jpg 1000w, https:\/\/www.slsele.com\/wp-content\/uploads\/2024\/04\/\u6e29\u63a7\u89e6\u6478V4W-6-300x300.jpg 300w, https:\/\/www.slsele.com\/wp-content\/uploads\/2024\/04\/\u6e29\u63a7\u89e6\u6478V4W-6-150x150.jpg 150w, https:\/\/www.slsele.com\/wp-content\/uploads\/2024\/04\/\u6e29\u63a7\u89e6\u6478V4W-6-768x768.jpg 768w, https:\/\/www.slsele.com\/wp-content\/uploads\/2024\/04\/\u6e29\u63a7\u89e6\u6478V4W-6-12x12.jpg 12w, https:\/\/www.slsele.com\/wp-content\/uploads\/2024\/04\/\u6e29\u63a7\u89e6\u6478V4W-6-570x570.jpg 570w, https:\/\/www.slsele.com\/wp-content\/uploads\/2024\/04\/\u6e29\u63a7\u89e6\u6478V4W-6-500x500.jpg 500w, https:\/\/www.slsele.com\/wp-content\/uploads\/2024\/04\/\u6e29\u63a7\u89e6\u6478V4W-6-700x700.jpg 700w, https:\/\/www.slsele.com\/wp-content\/uploads\/2024\/04\/\u6e29\u63a7\u89e6\u6478V4W-6-600x600.jpg 600w, https:\/\/www.slsele.com\/wp-content\/uploads\/2024\/04\/\u6e29\u63a7\u89e6\u6478V4W-6-100x100.jpg 100w, https:\/\/www.slsele.com\/wp-content\/uploads\/2024\/04\/\u6e29\u63a7\u89e6\u6478V4W-6-50x50.jpg 50w\" sizes=\"auto, (max-width: 1000px) 100vw, 1000px\" \/><img loading=\"lazy\" decoding=\"async\" class=\"aligncenter size-full wp-image-1132\" src=\"https:\/\/slsele.com\/wp-content\/uploads\/2024\/04\/\u6e29\u63a7\u89e6\u6478V4W-7.jpg\" alt=\"\" width=\"1000\" height=\"1000\" srcset=\"https:\/\/www.slsele.com\/wp-content\/uploads\/2024\/04\/\u6e29\u63a7\u89e6\u6478V4W-7.jpg 1000w, https:\/\/www.slsele.com\/wp-content\/uploads\/2024\/04\/\u6e29\u63a7\u89e6\u6478V4W-7-300x300.jpg 300w, https:\/\/www.slsele.com\/wp-content\/uploads\/2024\/04\/\u6e29\u63a7\u89e6\u6478V4W-7-150x150.jpg 150w, https:\/\/www.slsele.com\/wp-content\/uploads\/2024\/04\/\u6e29\u63a7\u89e6\u6478V4W-7-768x768.jpg 768w, https:\/\/www.slsele.com\/wp-content\/uploads\/2024\/04\/\u6e29\u63a7\u89e6\u6478V4W-7-12x12.jpg 12w, https:\/\/www.slsele.com\/wp-content\/uploads\/2024\/04\/\u6e29\u63a7\u89e6\u6478V4W-7-570x570.jpg 570w, https:\/\/www.slsele.com\/wp-content\/uploads\/2024\/04\/\u6e29\u63a7\u89e6\u6478V4W-7-500x500.jpg 500w, https:\/\/www.slsele.com\/wp-content\/uploads\/2024\/04\/\u6e29\u63a7\u89e6\u6478V4W-7-700x700.jpg 700w, https:\/\/www.slsele.com\/wp-content\/uploads\/2024\/04\/\u6e29\u63a7\u89e6\u6478V4W-7-600x600.jpg 600w, https:\/\/www.slsele.com\/wp-content\/uploads\/2024\/04\/\u6e29\u63a7\u89e6\u6478V4W-7-100x100.jpg 100w, https:\/\/www.slsele.com\/wp-content\/uploads\/2024\/04\/\u6e29\u63a7\u89e6\u6478V4W-7-50x50.jpg 50w\" sizes=\"auto, (max-width: 1000px) 100vw, 1000px\" \/><img loading=\"lazy\" decoding=\"async\" class=\"aligncenter size-full wp-image-1133\" src=\"https:\/\/slsele.com\/wp-content\/uploads\/2024\/04\/\u6e29\u63a7\u89e6\u6478V4W-8.jpg\" alt=\"\" width=\"1000\" height=\"1000\" srcset=\"https:\/\/www.slsele.com\/wp-content\/uploads\/2024\/04\/\u6e29\u63a7\u89e6\u6478V4W-8.jpg 1000w, https:\/\/www.slsele.com\/wp-content\/uploads\/2024\/04\/\u6e29\u63a7\u89e6\u6478V4W-8-300x300.jpg 300w, https:\/\/www.slsele.com\/wp-content\/uploads\/2024\/04\/\u6e29\u63a7\u89e6\u6478V4W-8-150x150.jpg 150w, https:\/\/www.slsele.com\/wp-content\/uploads\/2024\/04\/\u6e29\u63a7\u89e6\u6478V4W-8-768x768.jpg 768w, https:\/\/www.slsele.com\/wp-content\/uploads\/2024\/04\/\u6e29\u63a7\u89e6\u6478V4W-8-12x12.jpg 12w, https:\/\/www.slsele.com\/wp-content\/uploads\/2024\/04\/\u6e29\u63a7\u89e6\u6478V4W-8-570x570.jpg 570w, https:\/\/www.slsele.com\/wp-content\/uploads\/2024\/04\/\u6e29\u63a7\u89e6\u6478V4W-8-500x500.jpg 500w, https:\/\/www.slsele.com\/wp-content\/uploads\/2024\/04\/\u6e29\u63a7\u89e6\u6478V4W-8-700x700.jpg 700w, https:\/\/www.slsele.com\/wp-content\/uploads\/2024\/04\/\u6e29\u63a7\u89e6\u6478V4W-8-600x600.jpg 600w, https:\/\/www.slsele.com\/wp-content\/uploads\/2024\/04\/\u6e29\u63a7\u89e6\u6478V4W-8-100x100.jpg 100w, https:\/\/www.slsele.com\/wp-content\/uploads\/2024\/04\/\u6e29\u63a7\u89e6\u6478V4W-8-50x50.jpg 50w\" sizes=\"auto, (max-width: 1000px) 100vw, 1000px\" \/><img loading=\"lazy\" decoding=\"async\" class=\"aligncenter size-full wp-image-1135\" src=\"https:\/\/slsele.com\/wp-content\/uploads\/2024\/04\/\u6e29\u63a7\u89e6\u6478V4W-10.jpg\" alt=\"\" width=\"824\" height=\"702\" srcset=\"https:\/\/www.slsele.com\/wp-content\/uploads\/2024\/04\/\u6e29\u63a7\u89e6\u6478V4W-10.jpg 824w, https:\/\/www.slsele.com\/wp-content\/uploads\/2024\/04\/\u6e29\u63a7\u89e6\u6478V4W-10-300x256.jpg 300w, https:\/\/www.slsele.com\/wp-content\/uploads\/2024\/04\/\u6e29\u63a7\u89e6\u6478V4W-10-768x654.jpg 768w, https:\/\/www.slsele.com\/wp-content\/uploads\/2024\/04\/\u6e29\u63a7\u89e6\u6478V4W-10-14x12.jpg 14w, https:\/\/www.slsele.com\/wp-content\/uploads\/2024\/04\/\u6e29\u63a7\u89e6\u6478V4W-10-700x596.jpg 700w, https:\/\/www.slsele.com\/wp-content\/uploads\/2024\/04\/\u6e29\u63a7\u89e6\u6478V4W-10-600x511.jpg 600w\" sizes=\"auto, (max-width: 824px) 100vw, 824px\" \/><\/p>","protected":false},"excerpt":{"rendered":"<h4>Est\u00e1 separado para calentamiento de agua 5A, calefacci\u00f3n el\u00e9ctrica 16A, caldera de agua\/gas 5A, tres tipos de termostato, elija seg\u00fan sus dispositivos de calefacci\u00f3n.<\/h4>","protected":false},"featured_media":1126,"comment_status":"open","ping_status":"closed","template":"","meta":[],"product_brand":[],"product_cat":[19],"product_tag":[],"class_list":{"0":"post-1121","1":"product","2":"type-product","3":"status-publish","4":"has-post-thumbnail","6":"product_cat-smart-controller","8":"first","9":"instock","10":"shipping-taxable","11":"purchasable","12":"product-type-simple"},"_links":{"self":[{"href":"https:\/\/www.slsele.com\/es\/wp-json\/wp\/v2\/product\/1121","targetHints":{"allow":["GET"]}}],"collection":[{"href":"https:\/\/www.slsele.com\/es\/wp-json\/wp\/v2\/product"}],"about":[{"href":"https:\/\/www.slsele.com\/es\/wp-json\/wp\/v2\/types\/product"}],"replies":[{"embeddable":true,"href":"https:\/\/www.slsele.com\/es\/wp-json\/wp\/v2\/comments?post=1121"}],"wp:featuredmedia":[{"embeddable":true,"href":"https:\/\/www.slsele.com\/es\/wp-json\/wp\/v2\/media\/1126"}],"wp:attachment":[{"href":"https:\/\/www.slsele.com\/es\/wp-json\/wp\/v2\/media?parent=1121"}],"wp:term":[{"taxonomy":"product_brand","embeddable":true,"href":"https:\/\/www.slsele.com\/es\/wp-json\/wp\/v2\/product_brand?post=1121"},{"taxonomy":"product_cat","embeddable":true,"href":"https:\/\/www.slsele.com\/es\/wp-json\/wp\/v2\/product_cat?post=1121"},{"taxonomy":"product_tag","embeddable":true,"href":"https:\/\/www.slsele.com\/es\/wp-json\/wp\/v2\/product_tag?post=1121"}],"curies":[{"name":"wp","href":"https:\/\/api.w.org\/{rel}","templated":true}]}}