{"id":1101,"date":"2024-04-08T14:43:19","date_gmt":"2024-04-08T06:43:19","guid":{"rendered":"https:\/\/slsele.com\/?post_type=product&#038;p=1101"},"modified":"2025-11-02T21:48:24","modified_gmt":"2025-11-02T13:48:24","slug":"zigbee-radiator-valve-actuator","status":"publish","type":"product","link":"https:\/\/www.slsele.com\/es\/producto\/zigbee-radiator-valve-actuator\/","title":{"rendered":"Actuador de v\u00e1lvula de radiador ZigBee"},"content":{"rendered":"<h2 style=\"text-align: center;\">Termostato ZigBee, controlador de temperatura, actuador termost\u00e1tico de v\u00e1lvula de radiador<\/h2>\n<p><img loading=\"lazy\" decoding=\"async\" class=\"aligncenter wp-image-1106\" src=\"https:\/\/slsele.com\/wp-content\/uploads\/2024\/04\/\u6e29\u63a7\u9600601-17-1024x1024.jpg\" alt=\"\" width=\"1013\" height=\"1013\" srcset=\"https:\/\/www.slsele.com\/wp-content\/uploads\/2024\/04\/\u6e29\u63a7\u9600601-17-1024x1024.jpg 1024w, https:\/\/www.slsele.com\/wp-content\/uploads\/2024\/04\/\u6e29\u63a7\u9600601-17-300x300.jpg 300w, https:\/\/www.slsele.com\/wp-content\/uploads\/2024\/04\/\u6e29\u63a7\u9600601-17-150x150.jpg 150w, https:\/\/www.slsele.com\/wp-content\/uploads\/2024\/04\/\u6e29\u63a7\u9600601-17-768x768.jpg 768w, https:\/\/www.slsele.com\/wp-content\/uploads\/2024\/04\/\u6e29\u63a7\u9600601-17-1536x1536.jpg 1536w, https:\/\/www.slsele.com\/wp-content\/uploads\/2024\/04\/\u6e29\u63a7\u9600601-17-12x12.jpg 12w, https:\/\/www.slsele.com\/wp-content\/uploads\/2024\/04\/\u6e29\u63a7\u9600601-17-570x570.jpg 570w, https:\/\/www.slsele.com\/wp-content\/uploads\/2024\/04\/\u6e29\u63a7\u9600601-17-500x500.jpg 500w, https:\/\/www.slsele.com\/wp-content\/uploads\/2024\/04\/\u6e29\u63a7\u9600601-17-1000x1000.jpg 1000w, https:\/\/www.slsele.com\/wp-content\/uploads\/2024\/04\/\u6e29\u63a7\u9600601-17-700x700.jpg 700w, https:\/\/www.slsele.com\/wp-content\/uploads\/2024\/04\/\u6e29\u63a7\u9600601-17-600x600.jpg 600w, https:\/\/www.slsele.com\/wp-content\/uploads\/2024\/04\/\u6e29\u63a7\u9600601-17-100x100.jpg 100w, https:\/\/www.slsele.com\/wp-content\/uploads\/2024\/04\/\u6e29\u63a7\u9600601-17-50x50.jpg 50w, https:\/\/www.slsele.com\/wp-content\/uploads\/2024\/04\/\u6e29\u63a7\u9600601-17.jpg 1600w\" sizes=\"auto, (max-width: 1013px) 100vw, 1013px\" \/><\/p>\n<ol>\n<li style=\"text-align: left;\"><b><\/b><strong><b>Nuevo <\/b><\/strong><strong><b>F<\/b><\/strong><strong><b>moda y <\/b><\/strong><strong><b>GRAMO<\/b><\/strong><strong><b>enerous Dise\u00f1o con <\/b><\/strong><strong><b>Pantalla giratoria<\/b><\/strong><strong><b>: <\/b><\/strong>Nueva pantalla LED de matriz de puntos con <strong><b>s<\/b><\/strong><strong><b>salida de par superior,<\/b><\/strong>\u00a0<strong><b>hasta 8 nan\u00f3metros<\/b><\/strong><strong><b>\u00a0Como iniciativa global, nuevo controlador TRV patentado.<\/b><\/strong>.Se diferencia de la pantalla tradicional original en el cuerpo de la v\u00e1lvula, lo que genera problemas de lectura desde la posici\u00f3n de instalaci\u00f3n. Esta nueva versi\u00f3n se presenta como una pantalla giratoria que le permite leerla desde diferentes \u00e1ngulos, lo que brinda una experiencia de usuario mucho m\u00e1s c\u00f3moda;<strong><b>tres<\/b><\/strong><strong><b>\u00a0secciones de AA <\/b><\/strong><strong><b>alcalino <\/b><\/strong><strong><b>baterias<\/b><\/strong>\u00a0Alimentado, que es una v\u00e1lvula especial que se utiliza en cooperaci\u00f3n con el radiador de calefacci\u00f3n para reducir en gran medida el consumo de energ\u00eda con <strong><b>Los resultados de las pruebas midieron el consumo de 23.592 mAH de energ\u00eda por d\u00eda y se pueden usar durante aproximadamente 76 d\u00edas.<\/b><\/strong><strong><b>.<\/b><\/strong><\/li>\n<li style=\"text-align: left;\"><b><\/b><strong><b>V\u00e1lvula termost\u00e1tica inteligente ZigBee de larga duraci\u00f3n con bater\u00eda para radiador con concentrador Tuya ZigBee Requerido:<\/b><\/strong>Este es el nuevo tipo ZigBee como <strong><b>Tecnolog\u00eda ZigBee de consumo ultrabajo <\/b><\/strong>Se requiere un concentrador Tuya ZigBee para una mayor compatibilidad que otros concentradores para un acceso simple a la aplicaci\u00f3n Tuya Smart, control inal\u00e1mbrico de la v\u00e1lvula del radiador de su casa sin importar d\u00f3nde se encuentre a trav\u00e9s de tel\u00e9fonos inteligentes con modo autom\u00e1tico y manual opcional en la aplicaci\u00f3n para disfrutar de la temperatura m\u00e1s c\u00f3moda y ahorrar costos. manera sin comprar un cubo; junto con antical para evitar que los minerales en el agua obstruyan la v\u00e1lvula.<\/li>\n<li style=\"text-align: left;\"><b><\/b><strong><b>Horario programable con selecci\u00f3n de programaci\u00f3n semanal:<\/b><\/strong>Admite un cronograma semanal establecido manualmente con 4 per\u00edodos para cada d\u00eda, lo que le brinda la m\u00e1xima comodidad para diferentes situaciones y establece un cronograma personalizado para la temperatura de su casa. El modo autom\u00e1tico, el modo manual y el modo ON\/OFF son opcionales para mayor comodidad; ahorro de energ\u00eda en un sentido real con techo de temperatura y configuraci\u00f3n de l\u00edmite inferior funcional en la APLICACI\u00d3N.<\/li>\n<li style=\"text-align: left;\"><b><\/b><strong><b>Compatible con Alexa y Google Home:<\/b><\/strong>Usando un comando de voz simple para controlar la temperatura de la casa para una experiencia de vida m\u00e1s conveniente agregando nuestro controlador de v\u00e1lvula de radiador inteligente a la aplicaci\u00f3n Smart Life antes de vincularlo con Alexa o Google Home; la verificaci\u00f3n de ventanas y la calibraci\u00f3n de temperatura son compatibles con la aplicaci\u00f3n para mayor comodidad.<\/li>\n<li style=\"text-align: left;\"><b><\/b><strong><b>Registro de datos <\/b><\/strong><strong><b>y bloqueo para ni\u00f1os <\/b><\/strong><strong><b>Funci\u00f3n<\/b><\/strong><strong><b>:<\/b><\/strong>La aplicaci\u00f3n Tuya Smart registrar\u00e1 las estad\u00edsticas de temperatura con la temperatura actual y establecida, as\u00ed como el grado de apertura de la v\u00e1lvula, lo que le permitir\u00e1 comprender el estado de funcionamiento del producto de manera m\u00e1s intuitiva; dise\u00f1ada con funci\u00f3n de bloqueo infantil para evitar operaciones incorrectas por parte de sus hijos.<\/li>\n<\/ol>\n<p><img loading=\"lazy\" decoding=\"async\" class=\"aligncenter size-large wp-image-1114\" src=\"https:\/\/slsele.com\/wp-content\/uploads\/2024\/04\/\u6e29\u63a7\u9600601-6-1024x1024.jpg\" alt=\"\" width=\"1024\" height=\"1024\" srcset=\"https:\/\/www.slsele.com\/wp-content\/uploads\/2024\/04\/\u6e29\u63a7\u9600601-6-1024x1024.jpg 1024w, https:\/\/www.slsele.com\/wp-content\/uploads\/2024\/04\/\u6e29\u63a7\u9600601-6-300x300.jpg 300w, https:\/\/www.slsele.com\/wp-content\/uploads\/2024\/04\/\u6e29\u63a7\u9600601-6-150x150.jpg 150w, https:\/\/www.slsele.com\/wp-content\/uploads\/2024\/04\/\u6e29\u63a7\u9600601-6-768x768.jpg 768w, https:\/\/www.slsele.com\/wp-content\/uploads\/2024\/04\/\u6e29\u63a7\u9600601-6-1536x1536.jpg 1536w, https:\/\/www.slsele.com\/wp-content\/uploads\/2024\/04\/\u6e29\u63a7\u9600601-6-12x12.jpg 12w, https:\/\/www.slsele.com\/wp-content\/uploads\/2024\/04\/\u6e29\u63a7\u9600601-6-570x570.jpg 570w, https:\/\/www.slsele.com\/wp-content\/uploads\/2024\/04\/\u6e29\u63a7\u9600601-6-500x500.jpg 500w, https:\/\/www.slsele.com\/wp-content\/uploads\/2024\/04\/\u6e29\u63a7\u9600601-6-1000x1000.jpg 1000w, https:\/\/www.slsele.com\/wp-content\/uploads\/2024\/04\/\u6e29\u63a7\u9600601-6-700x700.jpg 700w, https:\/\/www.slsele.com\/wp-content\/uploads\/2024\/04\/\u6e29\u63a7\u9600601-6-600x600.jpg 600w, https:\/\/www.slsele.com\/wp-content\/uploads\/2024\/04\/\u6e29\u63a7\u9600601-6-100x100.jpg 100w, https:\/\/www.slsele.com\/wp-content\/uploads\/2024\/04\/\u6e29\u63a7\u9600601-6-50x50.jpg 50w, https:\/\/www.slsele.com\/wp-content\/uploads\/2024\/04\/\u6e29\u63a7\u9600601-6.jpg 1600w\" sizes=\"auto, (max-width: 1024px) 100vw, 1024px\" \/><img loading=\"lazy\" decoding=\"async\" class=\"aligncenter size-large wp-image-1115\" src=\"https:\/\/slsele.com\/wp-content\/uploads\/2024\/04\/\u6e29\u63a7\u9600601-7-1024x1024.jpg\" alt=\"\" width=\"1024\" height=\"1024\" srcset=\"https:\/\/www.slsele.com\/wp-content\/uploads\/2024\/04\/\u6e29\u63a7\u9600601-7-1024x1024.jpg 1024w, https:\/\/www.slsele.com\/wp-content\/uploads\/2024\/04\/\u6e29\u63a7\u9600601-7-300x300.jpg 300w, https:\/\/www.slsele.com\/wp-content\/uploads\/2024\/04\/\u6e29\u63a7\u9600601-7-150x150.jpg 150w, https:\/\/www.slsele.com\/wp-content\/uploads\/2024\/04\/\u6e29\u63a7\u9600601-7-768x768.jpg 768w, https:\/\/www.slsele.com\/wp-content\/uploads\/2024\/04\/\u6e29\u63a7\u9600601-7-1536x1536.jpg 1536w, https:\/\/www.slsele.com\/wp-content\/uploads\/2024\/04\/\u6e29\u63a7\u9600601-7-12x12.jpg 12w, https:\/\/www.slsele.com\/wp-content\/uploads\/2024\/04\/\u6e29\u63a7\u9600601-7-570x570.jpg 570w, https:\/\/www.slsele.com\/wp-content\/uploads\/2024\/04\/\u6e29\u63a7\u9600601-7-500x500.jpg 500w, https:\/\/www.slsele.com\/wp-content\/uploads\/2024\/04\/\u6e29\u63a7\u9600601-7-1000x1000.jpg 1000w, https:\/\/www.slsele.com\/wp-content\/uploads\/2024\/04\/\u6e29\u63a7\u9600601-7-700x700.jpg 700w, https:\/\/www.slsele.com\/wp-content\/uploads\/2024\/04\/\u6e29\u63a7\u9600601-7-600x600.jpg 600w, https:\/\/www.slsele.com\/wp-content\/uploads\/2024\/04\/\u6e29\u63a7\u9600601-7-100x100.jpg 100w, https:\/\/www.slsele.com\/wp-content\/uploads\/2024\/04\/\u6e29\u63a7\u9600601-7-50x50.jpg 50w, https:\/\/www.slsele.com\/wp-content\/uploads\/2024\/04\/\u6e29\u63a7\u9600601-7.jpg 1600w\" sizes=\"auto, (max-width: 1024px) 100vw, 1024px\" \/><\/p>","protected":false},"excerpt":{"rendered":"<p>Este es el nuevo tipo ZigBee como tecnolog\u00eda ZigBee de consumo ultrabajo con concentrador Tuya ZigBee necesario para una mayor compatibilidad que otros concentradores para un acceso sencillo a la aplicaci\u00f3n Tuya Smart, control inal\u00e1mbrico de la v\u00e1lvula del radiador de su casa sin importar d\u00f3nde se encuentre a trav\u00e9s de tel\u00e9fonos inteligentes con modo autom\u00e1tico y manual. opcional en la APLICACI\u00d3N para disfrutar de la temperatura m\u00e1s c\u00f3moda y ahorrar costos sin comprar un concentrador; junto con antical para evitar que los minerales del agua obstruyan la v\u00e1lvula.<\/p>","protected":false},"featured_media":1107,"comment_status":"open","ping_status":"closed","template":"","meta":[],"product_brand":[],"product_cat":[19],"product_tag":[],"class_list":{"0":"post-1101","1":"product","2":"type-product","3":"status-publish","4":"has-post-thumbnail","6":"product_cat-smart-controller","8":"first","9":"instock","10":"shipping-taxable","11":"purchasable","12":"product-type-simple"},"_links":{"self":[{"href":"https:\/\/www.slsele.com\/es\/wp-json\/wp\/v2\/product\/1101","targetHints":{"allow":["GET"]}}],"collection":[{"href":"https:\/\/www.slsele.com\/es\/wp-json\/wp\/v2\/product"}],"about":[{"href":"https:\/\/www.slsele.com\/es\/wp-json\/wp\/v2\/types\/product"}],"replies":[{"embeddable":true,"href":"https:\/\/www.slsele.com\/es\/wp-json\/wp\/v2\/comments?post=1101"}],"wp:featuredmedia":[{"embeddable":true,"href":"https:\/\/www.slsele.com\/es\/wp-json\/wp\/v2\/media\/1107"}],"wp:attachment":[{"href":"https:\/\/www.slsele.com\/es\/wp-json\/wp\/v2\/media?parent=1101"}],"wp:term":[{"taxonomy":"product_brand","embeddable":true,"href":"https:\/\/www.slsele.com\/es\/wp-json\/wp\/v2\/product_brand?post=1101"},{"taxonomy":"product_cat","embeddable":true,"href":"https:\/\/www.slsele.com\/es\/wp-json\/wp\/v2\/product_cat?post=1101"},{"taxonomy":"product_tag","embeddable":true,"href":"https:\/\/www.slsele.com\/es\/wp-json\/wp\/v2\/product_tag?post=1101"}],"curies":[{"name":"wp","href":"https:\/\/api.w.org\/{rel}","templated":true}]}}