{"id":1086,"date":"2024-04-01T23:19:01","date_gmt":"2024-04-01T15:19:01","guid":{"rendered":"https:\/\/slsele.com\/?post_type=product&#038;p=1086"},"modified":"2024-11-15T16:49:33","modified_gmt":"2024-11-15T08:49:33","slug":"eu-wifi-smart-touch-switch-single-wire","status":"publish","type":"product","link":"https:\/\/www.slsele.com\/es\/producto\/eu-wifi-smart-touch-switch-single-wire\/","title":{"rendered":"4 Especificaciones EU Wifi Smart touch switch con Single Fire Wire"},"content":{"rendered":"<div>\n<div data-page-id=\"Vj0WdZf92ovmXdxmoPpcRkoRnEc\" data-lark-html-role=\"root\" data-docx-has-block-data=\"false\">\n<h2 class=\"ace-line ace-line old-record-id-GOyudWq1xohasWxMlAEcF9lDnPg\" style=\"text-align: center;\">EU Wifi Interruptor t\u00e1ctil inteligente con un solo cable de fuego<\/h2>\n<\/div>\n<\/div>\n<div class=\"ace-line ace-line old-record-id-PAnRd9XjGoq59ExKVJWchUYIncd\" style=\"text-align: left;\">\n<p>Este interruptor t\u00e1ctil inteligente EU Wifi con cable de un solo fuego es adecuado para escenarios de un solo fuego. Es f\u00e1cil de instalar y no requiere recableado. Admite control por aplicaci\u00f3n y control por voz. Hay m\u00faltiples especificaciones y colores para elegir. El material es impermeable, ign\u00edfugo, resistente a los ara\u00f1azos, seguro, duradero y f\u00e1cil de mantener.<\/p>\n<\/div>\n<h3 class=\"heading-2 ace-line old-record-id-KIjadULy7oGVjgxWrYvcjh5SnOh\" style=\"text-align: left;\">Aplicaci\u00f3n de control remoto y temporizador<\/h3>\n<ul>\n<li class=\"ace-line ace-line old-record-id-ETK9dfjZEoaC0RxBbXacpGDAnXf\" style=\"text-align: left;\">App Control Remoto: Puede controlar el interruptor t\u00e1ctil inteligente Wifi mediante la App \"Tuya smart o Smart Life\". No importa d\u00f3nde se encuentre, puede encender y apagar las luces f\u00e1cilmente con s\u00f3lo un toque suave.<\/li>\n<li class=\"ace-line ace-line old-record-id-ZgxPd4ngCoLKgvxC8zQcEMlqnAn\" style=\"text-align: left;\">Temporizador: Establezca una tarea temporizada para que el interruptor t\u00e1ctil inteligente Wifi se encienda y apague autom\u00e1ticamente a una hora determinada. Por ejemplo, puede configurar las luces para que se enciendan autom\u00e1ticamente antes de volver a casa cada noche para evitar entrar en un ambiente de oscuridad total al volver a casa.<\/li>\n<li class=\"ace-line ace-line old-record-id-Wz1CdqVG4oKDzDxhDZfcRbfGnXz\" style=\"text-align: left;\">Horario: Al establecer un horario, puede ajustar de forma flexible el tiempo del interruptor t\u00e1ctil inteligente Wifi seg\u00fan sus propios h\u00e1bitos y necesidades. Por ejemplo, puede configurar las luces para que se enciendan 10 minutos antes de despertarse por la ma\u00f1ana para ayudarle a despertarse de forma natural.<\/li>\n<\/ul>\n<div><img loading=\"lazy\" decoding=\"async\" class=\"aligncenter\" src=\"https:\/\/slsele.com\/wp-content\/uploads\/2024\/11\/101JL-14_\u7ed3\u679c.webp\" alt=\"Funci\u00f3n de temporizaci\u00f3n del interruptor t\u00e1ctil Wifi Smart\" width=\"584\" height=\"584\" \/><\/div>\n<div><\/div>\n<h3 class=\"heading-2 ace-line old-record-id-T3S6dBwt6oZZ1gxoWxpc4NvMnsL\" style=\"text-align: left;\">Control de voz<\/h3>\n<ul>\n<li class=\"ace-line ace-line old-record-id-QzogdHyAko3x8sxKAwccJc4Xnwe\" style=\"text-align: left;\">Conecte el altavoz inteligente al dispositivo, configure los comandos de voz y, a continuaci\u00f3n, puede utilizar comandos de voz simples para controlar este interruptor inteligente sin operaci\u00f3n manual, mejorando en gran medida la comodidad y la comodidad de la vida.<\/li>\n<li class=\"ace-line ace-line old-record-id-WVvxd8BHWogwfZx1mW3c4PQrnCc\" style=\"text-align: left;\">Aplicaci\u00f3n multiescenario: Ya sea al despertarse por la ma\u00f1ana, descansar por la noche, cocinar en la cocina o entretenerse en el sal\u00f3n, puede controlar f\u00e1cilmente los dispositivos inteligentes de su hogar mediante comandos de voz, logrando una experiencia de vida inteligente.<\/li>\n<\/ul>\n<div><img loading=\"lazy\" decoding=\"async\" class=\"aligncenter\" src=\"https:\/\/slsele.com\/wp-content\/uploads\/2024\/11\/101JL-13_\u7ed3\u679c.webp\" width=\"519\" height=\"519\" \/><\/div>\n<h3 class=\"heading-2 ace-line old-record-id-LZkTdkF0vohynKxZfk2cYYQQnbf\" style=\"text-align: left;\">Seguro y duradero<\/h3>\n<h4 class=\"heading-3 ace-line old-record-id-FyIKdPpd3oMrNlxJ30Zc1YuXnCe\" style=\"text-align: left;\">Panel transparente<\/h4>\n<div class=\"ace-line ace-line old-record-id-SIMrd0zGQor5oMxiggccdEDpn1e\" style=\"text-align: left;\">\n<p>Belleza y practicidad coexisten: Los paneles transparentes no s\u00f3lo proporcionan una visi\u00f3n clara, sino que tambi\u00e9n a\u00f1aden belleza al producto. El dise\u00f1o transparente no solo es bonito, sino que tambi\u00e9n permite ver intuitivamente el estado de funcionamiento del equipo, lo que garantiza tranquilidad y comodidad durante su uso.<\/p>\n<\/div>\n<p><img loading=\"lazy\" decoding=\"async\" class=\"aligncenter\" src=\"https:\/\/slsele.com\/wp-content\/uploads\/2024\/11\/101JL-17_\u7ed3\u679c.webp\" width=\"534\" height=\"534\" \/><\/p>\n<h4 class=\"heading-3 ace-line old-record-id-GAV5db2WdoAYJJxwpAfcKtnTn4b\" style=\"text-align: left;\">Material ign\u00edfugo<\/h4>\n<div class=\"ace-line ace-line old-record-id-QkS5dVSbjowfU0x0YkmckFRQnrg\" style=\"text-align: left;\">\n<p>El producto est\u00e1 fabricado con materiales ign\u00edfugos de alta calidad y tiene una excelente resistencia al fuego. Incluso en situaciones de altas temperaturas o incendios, puede evitar eficazmente la propagaci\u00f3n de las llamas y garantizar su seguridad y la de su familia.<\/p>\n<\/div>\n<div><img loading=\"lazy\" decoding=\"async\" class=\"aligncenter\" src=\"https:\/\/slsele.com\/wp-content\/uploads\/2024\/11\/101JL-20_\u7ed3\u679c.webp\" width=\"742\" height=\"742\" \/><\/div>\n<h4 class=\"heading-3 ace-line old-record-id-V3gXdGkQJocFXZxzAc4cJQonnbc\" style=\"text-align: left;\">Sensores t\u00e1ctiles de alta sensibilidad<\/h4>\n<div class=\"ace-line ace-line old-record-id-V5fldIlf7o040zx4noJcL2TwnYc\" style=\"text-align: left;\">\n<p>Detecci\u00f3n t\u00e1ctil de alta sensibilidad: El panel t\u00e1ctil utiliza tecnolog\u00eda de detecci\u00f3n t\u00e1ctil de alta sensibilidad, que responde r\u00e1pidamente y funciona sin problemas. Incluso en entornos h\u00famedos, las manos mojadas pueden tocar f\u00e1cilmente sin preocuparse por fallos de funcionamiento.<\/p>\n<\/div>\n<div class=\"ace-line ace-line old-record-id-LTsXdzF37ogZBoxoIrncdKkjnUc\"><img loading=\"lazy\" decoding=\"async\" class=\"aligncenter\" src=\"https:\/\/slsele.com\/wp-content\/uploads\/2024\/11\/101JL-19_\u7ed3\u679c.webp\" width=\"563\" height=\"563\" \/><\/div>\n<h4 class=\"heading-3 ace-line old-record-id-ME2XdWEzeoBTmRxuiBhcepCWn02\" style=\"text-align: left;\">Cristal templado HD<\/h4>\n<ul>\n<li class=\"ace-line ace-line old-record-id-RPDsdbqQKof3wmxYW3WcBN4PnLh\" style=\"text-align: left;\">Proceso de refuerzo del vidrio: El vidrio templado se somete a un proceso especial de refuerzo, que no s\u00f3lo aumenta la dureza, sino que tambi\u00e9n mejora la durabilidad. Tanto para el uso diario como para impactos accidentales, puede mantener un buen rendimiento.<\/li>\n<li class=\"ace-line ace-line old-record-id-HW9Fdb5AVojvjLxXrHncstHKnKh\" style=\"text-align: left;\">F\u00e1cil de limpiar: La superficie del vidrio templado de alta definici\u00f3n es lisa y plana, y no es f\u00e1cil de absorber el polvo y las manchas. Es muy f\u00e1cil de limpiar. Basta con pasar suavemente un pa\u00f1o h\u00famedo para restaurar su estado liso y nuevo, manteniendo el producto limpio y hermoso.<\/li>\n<\/ul>\n<div><img loading=\"lazy\" decoding=\"async\" class=\"aligncenter\" src=\"https:\/\/slsele.com\/wp-content\/uploads\/2024\/11\/101JL-18_\u7ed3\u679c.webp\" width=\"547\" height=\"547\" \/><\/div>\n<h3 style=\"text-align: left;\">C\u00f3mo elegir el tipo de interruptor<\/h3>\n<p style=\"text-align: left;\">Antes de comprar este interruptor inteligente, confirme si hay un cable neutro en la caja inferior del interruptor. Si desea un interruptor inteligente con l\u00ednea neutra, consulte<span style=\"color: #3366ff;\"><a style=\"color: #3366ff;\" href=\"https:\/\/www.slsele.com\/es\/producto\/eu-wifi-bluetooth-smart-touch-dimmer-switch\/\" target=\"_blank\" rel=\"noopener\"> SLS EU WiFi Bluetooth Smart Touch Dimmer Switch con cable neutro<\/a>.<\/span><\/p>\n<p>&nbsp;<\/p>\n<div class=\"ace-line ace-line old-record-id-K9JGdQ8eYoAaVxxQ4QjcI1xinph\"><img loading=\"lazy\" decoding=\"async\" class=\"aligncenter\" src=\"https:\/\/slsele.com\/wp-content\/uploads\/2024\/11\/101JL-27_\u7ed3\u679c.webp\" width=\"485\" height=\"737\" \/><\/div>\n<p><img loading=\"lazy\" decoding=\"async\" class=\"aligncenter\" src=\"https:\/\/slsele.com\/wp-content\/uploads\/2024\/11\/101JL-28_\u7ed3\u679c.webp\" width=\"474\" height=\"781\" \/><\/p>\n<p><img loading=\"lazy\" decoding=\"async\" class=\"aligncenter\" src=\"https:\/\/slsele.com\/wp-content\/uploads\/2024\/11\/101JL-6_\u7ed3\u679c.webp\" width=\"597\" height=\"567\" \/><\/p>\n<h3 style=\"text-align: left;\">M\u00faltiples especificaciones<\/h3>\n<div class=\"ace-line ace-line old-record-id-HJEydLKZBojq3exsxIuc00Son2d\"><img loading=\"lazy\" decoding=\"async\" class=\"aligncenter\" src=\"https:\/\/slsele.com\/wp-content\/uploads\/2024\/11\/101JL-22_\u7ed3\u679c.webp\" width=\"480\" height=\"480\" \/><\/div>\n<h3 style=\"text-align: left;\">Varios colores<\/h3>\n<p><img loading=\"lazy\" decoding=\"async\" class=\"aligncenter\" src=\"https:\/\/slsele.com\/wp-content\/uploads\/2024\/11\/101JL-3_\u7ed3\u679c.webp\" width=\"488\" height=\"488\" \/><\/p>\n<div data-page-id=\"Vj0WdZf92ovmXdxmoPpcRkoRnEc\" data-lark-html-role=\"root\" data-docx-has-block-data=\"false\">\n<h3 class=\"heading-2 ace-line old-record-id-COBFdAR1poyLTsxhKM8cEZian8f\" style=\"text-align: left;\">Par\u00e1metro<\/h3>\n<p><img loading=\"lazy\" decoding=\"async\" class=\"aligncenter\" src=\"https:\/\/slsele.com\/wp-content\/uploads\/2024\/11\/101JL-12_\u7ed3\u679c.webp\" width=\"474\" height=\"474\" \/><\/p>\n<p>&nbsp;<\/p>\n<div data-page-id=\"Vj0WdZf92ovmXdxmoPpcRkoRnEc\" data-lark-html-role=\"root\" data-docx-has-block-data=\"false\">\n<div class=\"ace-line ace-line old-record-id-TYN9dzvMdoI0Mqxo244cI9x7nvc\">El interruptor t\u00e1ctil inteligente EU Wifi <a href=\"https:\/\/www.thespruce.com\/how-to-wire-and-install-single-pole-switches-1152330\" rel=\"nofollow noopener\" target=\"_blank\">es f\u00e1cil de instalar.<\/a><\/div>\n<\/div>\n<p><img loading=\"lazy\" decoding=\"async\" class=\"aligncenter\" src=\"https:\/\/slsele.com\/wp-content\/uploads\/2024\/11\/101JL-10_\u7ed3\u679c.webp\" width=\"468\" height=\"468\" \/><\/p>\n<\/div>","protected":false},"excerpt":{"rendered":"<div data-page-id=\"Vj0WdZf92ovmXdxmoPpcRkoRnEc\" data-lark-html-role=\"root\" data-docx-has-block-data=\"false\">\n<div class=\"ace-line ace-line old-record-id-PAnRd9XjGoq59ExKVJWchUYIncd\">Este interruptor t\u00e1ctil EU Wifi Smart con cable de un solo fuego es adecuado para escenarios de un solo fuego. Es f\u00e1cil de instalar y no requiere recableado. Es compatible con el control de aplicaciones y control de voz. El material es impermeable, ign\u00edfugo, resistente a los ara\u00f1azos, seguro, duradero y f\u00e1cil de mantener.<\/div>\n<\/div>","protected":false},"featured_media":4293,"comment_status":"open","ping_status":"closed","template":"","meta":[],"product_brand":[],"product_cat":[15,24],"product_tag":[],"class_list":{"0":"post-1086","1":"product","2":"type-product","3":"status-publish","4":"has-post-thumbnail","6":"product_cat-smart-switch","7":"product_cat-eu-smart-dimmer-switch","9":"first","10":"instock","11":"shipping-taxable","12":"purchasable","13":"product-type-variable"},"_links":{"self":[{"href":"https:\/\/www.slsele.com\/es\/wp-json\/wp\/v2\/product\/1086","targetHints":{"allow":["GET"]}}],"collection":[{"href":"https:\/\/www.slsele.com\/es\/wp-json\/wp\/v2\/product"}],"about":[{"href":"https:\/\/www.slsele.com\/es\/wp-json\/wp\/v2\/types\/product"}],"replies":[{"embeddable":true,"href":"https:\/\/www.slsele.com\/es\/wp-json\/wp\/v2\/comments?post=1086"}],"wp:featuredmedia":[{"embeddable":true,"href":"https:\/\/www.slsele.com\/es\/wp-json\/wp\/v2\/media\/4293"}],"wp:attachment":[{"href":"https:\/\/www.slsele.com\/es\/wp-json\/wp\/v2\/media?parent=1086"}],"wp:term":[{"taxonomy":"product_brand","embeddable":true,"href":"https:\/\/www.slsele.com\/es\/wp-json\/wp\/v2\/product_brand?post=1086"},{"taxonomy":"product_cat","embeddable":true,"href":"https:\/\/www.slsele.com\/es\/wp-json\/wp\/v2\/product_cat?post=1086"},{"taxonomy":"product_tag","embeddable":true,"href":"https:\/\/www.slsele.com\/es\/wp-json\/wp\/v2\/product_tag?post=1086"}],"curies":[{"name":"wp","href":"https:\/\/api.w.org\/{rel}","templated":true}]}}