{"id":1029,"date":"2024-03-29T15:14:38","date_gmt":"2024-03-29T07:14:38","guid":{"rendered":"https:\/\/slsele.com\/?post_type=product&#038;p=1029"},"modified":"2025-12-12T11:35:58","modified_gmt":"2025-12-12T03:35:58","slug":"zigbee-smoke-detector","status":"publish","type":"product","link":"https:\/\/www.slsele.com\/es\/producto\/zigbee-smoke-detector\/","title":{"rendered":"Detector de humo Zigbee"},"content":{"rendered":"<h2 style=\"text-align: center;\"><strong><b>Tuya inteligente <\/b><\/strong><strong><b>Zigbee <\/b><\/strong><strong><b>Detector de humo para seguridad en el hogar<\/b><\/strong><\/h2>\n<div id=\"attachment_1030\" style=\"width: 310px\" class=\"wp-caption aligncenter\"><img loading=\"lazy\" decoding=\"async\" aria-describedby=\"caption-attachment-1030\" class=\"wp-image-1030 size-medium\" src=\"https:\/\/www.slsele.com\/wp-content\/uploads\/2024\/03\/zigbee-smoke-1-300x300.jpg\" alt=\"SLS smart zigbee smoke detector\" width=\"300\" height=\"300\" srcset=\"https:\/\/www.slsele.com\/wp-content\/uploads\/2024\/03\/zigbee-smoke-1-300x300.jpg 300w, https:\/\/www.slsele.com\/wp-content\/uploads\/2024\/03\/zigbee-smoke-1-1024x1024.jpg 1024w, https:\/\/www.slsele.com\/wp-content\/uploads\/2024\/03\/zigbee-smoke-1-150x150.jpg 150w, https:\/\/www.slsele.com\/wp-content\/uploads\/2024\/03\/zigbee-smoke-1-768x768.jpg 768w, https:\/\/www.slsele.com\/wp-content\/uploads\/2024\/03\/zigbee-smoke-1-1536x1536.jpg 1536w, https:\/\/www.slsele.com\/wp-content\/uploads\/2024\/03\/zigbee-smoke-1-12x12.jpg 12w, https:\/\/www.slsele.com\/wp-content\/uploads\/2024\/03\/zigbee-smoke-1-570x570.jpg 570w, https:\/\/www.slsele.com\/wp-content\/uploads\/2024\/03\/zigbee-smoke-1-500x500.jpg 500w, https:\/\/www.slsele.com\/wp-content\/uploads\/2024\/03\/zigbee-smoke-1-1000x1000.jpg 1000w, https:\/\/www.slsele.com\/wp-content\/uploads\/2024\/03\/zigbee-smoke-1-700x700.jpg 700w, https:\/\/www.slsele.com\/wp-content\/uploads\/2024\/03\/zigbee-smoke-1-600x600.jpg 600w, https:\/\/www.slsele.com\/wp-content\/uploads\/2024\/03\/zigbee-smoke-1-100x100.jpg 100w, https:\/\/www.slsele.com\/wp-content\/uploads\/2024\/03\/zigbee-smoke-1-50x50.jpg 50w, https:\/\/www.slsele.com\/wp-content\/uploads\/2024\/03\/zigbee-smoke-1.jpg 1600w\" sizes=\"auto, (max-width: 300px) 100vw, 300px\" \/><p id=\"caption-attachment-1030\" class=\"wp-caption-text\">SLS smart zigbee smoke detector<\/p><\/div>\n<p><img loading=\"lazy\" decoding=\"async\" class=\"aligncenter wp-image-1036 size-medium\" src=\"https:\/\/www.slsele.com\/wp-content\/uploads\/2024\/03\/zigbee-smoke-7-300x300.jpg\" alt=\"SLS smart zigbee smoke detector\" width=\"300\" height=\"300\" srcset=\"https:\/\/www.slsele.com\/wp-content\/uploads\/2024\/03\/zigbee-smoke-7-300x300.jpg 300w, https:\/\/www.slsele.com\/wp-content\/uploads\/2024\/03\/zigbee-smoke-7-1024x1024.jpg 1024w, https:\/\/www.slsele.com\/wp-content\/uploads\/2024\/03\/zigbee-smoke-7-150x150.jpg 150w, https:\/\/www.slsele.com\/wp-content\/uploads\/2024\/03\/zigbee-smoke-7-768x768.jpg 768w, https:\/\/www.slsele.com\/wp-content\/uploads\/2024\/03\/zigbee-smoke-7-1536x1536.jpg 1536w, https:\/\/www.slsele.com\/wp-content\/uploads\/2024\/03\/zigbee-smoke-7-12x12.jpg 12w, https:\/\/www.slsele.com\/wp-content\/uploads\/2024\/03\/zigbee-smoke-7-570x570.jpg 570w, https:\/\/www.slsele.com\/wp-content\/uploads\/2024\/03\/zigbee-smoke-7-500x500.jpg 500w, https:\/\/www.slsele.com\/wp-content\/uploads\/2024\/03\/zigbee-smoke-7-1000x1000.jpg 1000w, https:\/\/www.slsele.com\/wp-content\/uploads\/2024\/03\/zigbee-smoke-7-700x700.jpg 700w, https:\/\/www.slsele.com\/wp-content\/uploads\/2024\/03\/zigbee-smoke-7-600x600.jpg 600w, https:\/\/www.slsele.com\/wp-content\/uploads\/2024\/03\/zigbee-smoke-7-100x100.jpg 100w, https:\/\/www.slsele.com\/wp-content\/uploads\/2024\/03\/zigbee-smoke-7-50x50.jpg 50w, https:\/\/www.slsele.com\/wp-content\/uploads\/2024\/03\/zigbee-smoke-7.jpg 1600w\" sizes=\"auto, (max-width: 300px) 100vw, 300px\" \/><\/p>\n<div>\n<h3 style=\"box-sizing: border-box; margin-bottom: 1em; margin-top: 1em; white-space: pre-wrap; word-break: break-word; color: #2c2c36; font-family: -apple-system, BlinkMacSystemFont, 'Segoe UI', 'Noto Sans', Helvetica, Arial, sans-serif, 'Apple Color Emoji', 'Segoe UI Emoji'; font-size: 16px; font-style: normal; font-variant-ligatures: normal; font-variant-caps: normal; font-weight: 400; letter-spacing: 0.08px; orphans: 2; text-align: left; text-indent: 0px; text-transform: none; widows: 2; word-spacing: 0px; -webkit-text-stroke-width: 0px; background-color: #ffffff; text-decoration-thickness: initial; text-decoration-style: initial; text-decoration-color: initial;\" data-spm-anchor-id=\"5176.28103460.0.i65.7abc5d27Qy8YlY\"><strong><span style=\"font-size: 22px; font-family: 'times new roman', times;\">Breve introducci\u00f3n<\/span><\/strong><\/h3>\n<p style=\"box-sizing: border-box; margin-bottom: 1em; margin-top: 1em; white-space: pre-wrap; word-break: break-word; color: #2c2c36; font-family: -apple-system, BlinkMacSystemFont, 'Segoe UI', 'Noto Sans', Helvetica, Arial, sans-serif, 'Apple Color Emoji', 'Segoe UI Emoji'; font-size: 16px; font-style: normal; font-variant-ligatures: normal; font-variant-caps: normal; font-weight: 400; letter-spacing: 0.08px; orphans: 2; text-align: left; text-indent: 0px; text-transform: none; widows: 2; word-spacing: 0px; -webkit-text-stroke-width: 0px; background-color: #ffffff; text-decoration-thickness: initial; text-decoration-style: initial; text-decoration-color: initial;\" data-spm-anchor-id=\"5176.28103460.0.i65.7abc5d27Qy8YlY\"><span style=\"font-size: 18px; font-family: 'times new roman', times;\">This alarm detects fires by sensing smoke. When smoke concentration reaches the threshold, it emits sound and light alerts to notify you to take action, protecting life and property. It can also control other smart devices via a gateway, such as window openers, exhaust fans, and smart curtains.<\/span><\/p>\n<h3 style=\"box-sizing: border-box; margin-bottom: 1em; margin-top: 1em; white-space: pre-wrap; word-break: break-word; color: #2c2c36; font-family: -apple-system, BlinkMacSystemFont, 'Segoe UI', 'Noto Sans', Helvetica, Arial, sans-serif, 'Apple Color Emoji', 'Segoe UI Emoji'; font-size: 16px; font-style: normal; font-variant-ligatures: normal; font-variant-caps: normal; font-weight: 400; letter-spacing: 0.08px; orphans: 2; text-align: left; text-indent: 0px; text-transform: none; widows: 2; word-spacing: 0px; -webkit-text-stroke-width: 0px; background-color: #ffffff; text-decoration-thickness: initial; text-decoration-style: initial; text-decoration-color: initial;\" data-spm-anchor-id=\"5176.28103460.0.i65.7abc5d27Qy8YlY\"><span style=\"font-size: 18px; font-family: 'times new roman', times;\"><strong><span style=\"font-size: 22px;\">Par\u00e1metro<\/span><\/strong><br \/>\nWireless Technology: Zigbee<br \/>\nWorking Voltage: DC 3V<br \/>\nUnder voltage Alarm: Supported<\/span><\/h3>\n<p style=\"box-sizing: border-box; margin-bottom: 1em; margin-top: 1em; white-space: pre-wrap; word-break: break-word; color: #2c2c36; font-family: -apple-system, BlinkMacSystemFont, 'Segoe UI', 'Noto Sans', Helvetica, Arial, sans-serif, 'Apple Color Emoji', 'Segoe UI Emoji'; font-size: 16px; font-style: normal; font-variant-ligatures: normal; font-variant-caps: normal; font-weight: 400; letter-spacing: 0.08px; orphans: 2; text-align: left; text-indent: 0px; text-transform: none; widows: 2; word-spacing: 0px; -webkit-text-stroke-width: 0px; background-color: #ffffff; text-decoration-thickness: initial; text-decoration-style: initial; text-decoration-color: initial;\" data-spm-anchor-id=\"5176.28103460.0.i65.7abc5d27Qy8YlY\"><span style=\"font-size: 18px; font-family: 'times new roman', times;\">Display type: TFT<br \/>\nWorking time: 24\/7<\/span><\/p>\n<p style=\"box-sizing: border-box; margin-bottom: 1em; margin-top: 1em; white-space: pre-wrap; word-break: break-word; color: #2c2c36; font-family: -apple-system, BlinkMacSystemFont, 'Segoe UI', 'Noto Sans', Helvetica, Arial, sans-serif, 'Apple Color Emoji', 'Segoe UI Emoji'; font-size: 16px; font-style: normal; font-variant-ligatures: normal; font-variant-caps: normal; font-weight: 400; letter-spacing: 0.08px; orphans: 2; text-align: left; text-indent: 0px; text-transform: none; widows: 2; word-spacing: 0px; -webkit-text-stroke-width: 0px; background-color: #ffffff; text-decoration-thickness: initial; text-decoration-style: initial; text-decoration-color: initial;\" data-spm-anchor-id=\"5176.28103460.0.i65.7abc5d27Qy8YlY\"><span style=\"font-size: 18px; font-family: 'times new roman', times;\">Battery capacity: Lithium battery CR123A*1<\/span><\/p>\n<p style=\"box-sizing: border-box; margin-bottom: 1em; margin-top: 1em; white-space: pre-wrap; word-break: break-word; color: #2c2c36; font-family: -apple-system, BlinkMacSystemFont, 'Segoe UI', 'Noto Sans', Helvetica, Arial, sans-serif, 'Apple Color Emoji', 'Segoe UI Emoji'; font-size: 16px; font-style: normal; font-variant-ligatures: normal; font-variant-caps: normal; font-weight: 400; letter-spacing: 0.08px; orphans: 2; text-align: left; text-indent: 0px; text-transform: none; widows: 2; word-spacing: 0px; -webkit-text-stroke-width: 0px; background-color: #ffffff; text-decoration-thickness: initial; text-decoration-style: initial; text-decoration-color: initial;\" data-spm-anchor-id=\"5176.28103460.0.i65.7abc5d27Qy8YlY\"><span style=\"font-size: 18px; font-family: 'times new roman', times;\">App Name: Tuya\/Smart Life<br \/>\nWorking temperature: -10\u2103 to +55<span style=\"font-family: 'times new roman', times;\">\u2103<\/span><br \/>\nDetector Type: Independent smoke detector<br \/>\nBattery Lifespan: More than one year(20 times per day)<\/span><\/p>\n<p style=\"box-sizing: border-box; margin-bottom: 1em; margin-top: 1em; white-space: pre-wrap; word-break: break-word; color: #2c2c36; font-family: -apple-system, BlinkMacSystemFont, 'Segoe UI', 'Noto Sans', Helvetica, Arial, sans-serif, 'Apple Color Emoji', 'Segoe UI Emoji'; font-size: 16px; font-style: normal; font-variant-ligatures: normal; font-variant-caps: normal; font-weight: 400; letter-spacing: 0.08px; orphans: 2; text-align: left; text-indent: 0px; text-transform: none; widows: 2; word-spacing: 0px; -webkit-text-stroke-width: 0px; background-color: #ffffff; text-decoration-thickness: initial; text-decoration-style: initial; text-decoration-color: initial;\" data-spm-anchor-id=\"5176.28103460.0.i65.7abc5d27Qy8YlY\"><span style=\"font-size: 18px; font-family: 'times new roman', times;\">Alarm Sound Pressure: Over 85 dB (3m in front of the smoke detector)<\/span><\/p>\n<\/div>\n<h3 style=\"text-align: left;\"><strong><span style=\"font-family: 'times new roman', times; font-size: 22px;\">Preguntas m\u00e1s frecuentes\u00a0<\/span><\/strong><\/h3>\n<div style=\"text-align: left;\"><span style=\"font-family: 'times new roman', times; font-size: 18px;\">1. Q: What type of smoke detection technology does this alarm use?<\/span><br \/>\n<span style=\"font-family: 'times new roman', times; font-size: 18px;\">A: This detector uses photoelectric sensing technology, which is especially effective at detecting smoldering fires and slow-smoke situations before flames develop.<\/span><\/div>\n<div style=\"text-align: left;\"><span style=\"font-family: 'times new roman', times; font-size: 18px;\">2. Q: Does this smoke detector need a hub or gateway to work?<\/span><br \/>\n<span style=\"font-family: 'times new roman', times; font-size: 18px;\">A: Yes. This is a Zigbee smoke detector, so it needs to be connected to a compatible Zigbee gateway (e.g., Tuya\/Zigbee hub) in order to communicate with the Tuya Smart or Smart Life app.<\/span><\/div>\n<div style=\"text-align: left;\"><span style=\"font-family: 'times new roman', times; font-size: 18px;\">3. Q: How is this smoke detector powered?<\/span><br \/>\n<span style=\"font-family: 'times new roman', times; font-size: 18px;\">A: It is battery-powered, making installation easy and flexible without the need for electrical wiring. The battery type is usually specified in the manual (e.g., AA\/AAA or built-in rechargeable).<\/span><\/div>\n<div style=\"text-align: left;\"><span style=\"font-family: 'times new roman', times; font-size: 18px;\">4. Q: Can I receive alerts on my phone when smoke is detected?<\/span><br \/>\n<span style=\"font-family: 'times new roman', times; font-size: 18px;\">A: Yes. When connected through a Zigbee hub and the Tuya Smart or Smart Life app, you can receive real-time push notifications to your smartphone when smoke is detected.<\/span><\/div>\n<div style=\"text-align: left;\"><span style=\"font-family: 'times new roman', times; font-size: 18px;\">5. Q: Will this alarm make sound locally if it detects smoke?<\/span><br \/>\n<span style=\"font-family: 'times new roman', times; font-size: 18px;\">A: Yes, it has a built-in high-decibel alarm that will sound on site to alert anyone nearby in case of smoke detection.<\/span><\/div>\n<div style=\"text-align: left;\"><span style=\"font-family: 'times new roman', times; font-size: 18px;\">6. Q: Does this smoke detector support integration with smart home systems like Alexa or Google Assistant?<\/span><br \/>\n<span style=\"font-family: 'times new roman', times; font-size: 18px;\">A: Yes, when the detector is connected through the Tuya\/Smart Life ecosystem, it can often be integrated with Amazon Alexa or Google Assistant for status checking and automation.<\/span><br \/>\n<span style=\"font-family: 'times new roman', times; font-size: 18px;\">7. Q: What happens if the Zigbee connection between the detector and hub is lost?<\/span><br \/>\n<span style=\"font-family: 'times new roman', times; font-size: 18px;\">A: If the Zigbee connection is lost, the smoke detector will still operate independently and sound a local alarm, but remote notifications to the app might not be delivered until connectivity is restored.<\/span><\/div>\n<div style=\"text-align: left;\"><span style=\"font-family: 'times new roman', times; font-size: 18px;\">8. Q: Does this smoke detector help reduce false alarms?<\/span><br \/>\n<span style=\"font-family: 'times new roman', times; font-size: 18px;\">A: Photoelectric smoke sensors are generally less prone to false alarms from cooking fumes or steam compared to ionization detectors. However, avoid installing it too close to bathrooms or cooking appliances to reduce nuisance triggers.<\/span><\/div>\n<p style=\"text-align: left;\">","protected":false},"excerpt":{"rendered":"<h5>Modo de comunicaci\u00f3n: zigbee; modo de fuente de alimentaci\u00f3n: puerto usb-c del adaptador externo; Funci\u00f3n: puede detectar las peque\u00f1as mol\u00e9culas de gas combustible en el aire a tiempo, emitir con precisi\u00f3n una se\u00f1al de alarma luminosa y sonora.<\/h5>","protected":false},"featured_media":1031,"comment_status":"open","ping_status":"closed","template":"","meta":[],"product_brand":[],"product_cat":[16],"product_tag":[],"class_list":{"0":"post-1029","1":"product","2":"type-product","3":"status-publish","4":"has-post-thumbnail","6":"product_cat-smart-sensor","8":"first","9":"instock","10":"shipping-taxable","11":"purchasable","12":"product-type-simple"},"_links":{"self":[{"href":"https:\/\/www.slsele.com\/es\/wp-json\/wp\/v2\/product\/1029","targetHints":{"allow":["GET"]}}],"collection":[{"href":"https:\/\/www.slsele.com\/es\/wp-json\/wp\/v2\/product"}],"about":[{"href":"https:\/\/www.slsele.com\/es\/wp-json\/wp\/v2\/types\/product"}],"replies":[{"embeddable":true,"href":"https:\/\/www.slsele.com\/es\/wp-json\/wp\/v2\/comments?post=1029"}],"wp:featuredmedia":[{"embeddable":true,"href":"https:\/\/www.slsele.com\/es\/wp-json\/wp\/v2\/media\/1031"}],"wp:attachment":[{"href":"https:\/\/www.slsele.com\/es\/wp-json\/wp\/v2\/media?parent=1029"}],"wp:term":[{"taxonomy":"product_brand","embeddable":true,"href":"https:\/\/www.slsele.com\/es\/wp-json\/wp\/v2\/product_brand?post=1029"},{"taxonomy":"product_cat","embeddable":true,"href":"https:\/\/www.slsele.com\/es\/wp-json\/wp\/v2\/product_cat?post=1029"},{"taxonomy":"product_tag","embeddable":true,"href":"https:\/\/www.slsele.com\/es\/wp-json\/wp\/v2\/product_tag?post=1029"}],"curies":[{"name":"wp","href":"https:\/\/api.w.org\/{rel}","templated":true}]}}