{"id":1011,"date":"2024-03-29T14:46:35","date_gmt":"2024-03-29T06:46:35","guid":{"rendered":"https:\/\/slsele.com\/?post_type=product&#038;p=1011"},"modified":"2024-03-29T14:46:35","modified_gmt":"2024-03-29T06:46:35","slug":"zigbee-temperature-humidity-sensor","status":"publish","type":"product","link":"https:\/\/www.slsele.com\/es\/producto\/zigbee-temperature-humidity-sensor\/","title":{"rendered":"Sensor de temperatura y humedad ZigBee"},"content":{"rendered":"<h3 style=\"text-align: center;\">Sensor de temperatura y humedad Tuya Smart ZigBee<\/h3>\n<p><img loading=\"lazy\" decoding=\"async\" class=\"size-medium wp-image-1018 aligncenter\" src=\"https:\/\/slsele.com\/wp-content\/uploads\/2024\/03\/zigbee-temperature-17-300x300.jpg\" alt=\"\" width=\"300\" height=\"300\" srcset=\"https:\/\/www.slsele.com\/wp-content\/uploads\/2024\/03\/zigbee-temperature-17-300x300.jpg 300w, https:\/\/www.slsele.com\/wp-content\/uploads\/2024\/03\/zigbee-temperature-17-150x150.jpg 150w, https:\/\/www.slsele.com\/wp-content\/uploads\/2024\/03\/zigbee-temperature-17-768x768.jpg 768w, https:\/\/www.slsele.com\/wp-content\/uploads\/2024\/03\/zigbee-temperature-17-12x12.jpg 12w, https:\/\/www.slsele.com\/wp-content\/uploads\/2024\/03\/zigbee-temperature-17-570x570.jpg 570w, https:\/\/www.slsele.com\/wp-content\/uploads\/2024\/03\/zigbee-temperature-17-500x500.jpg 500w, https:\/\/www.slsele.com\/wp-content\/uploads\/2024\/03\/zigbee-temperature-17-700x700.jpg 700w, https:\/\/www.slsele.com\/wp-content\/uploads\/2024\/03\/zigbee-temperature-17-600x600.jpg 600w, https:\/\/www.slsele.com\/wp-content\/uploads\/2024\/03\/zigbee-temperature-17-100x100.jpg 100w, https:\/\/www.slsele.com\/wp-content\/uploads\/2024\/03\/zigbee-temperature-17-50x50.jpg 50w, https:\/\/www.slsele.com\/wp-content\/uploads\/2024\/03\/zigbee-temperature-17.jpg 1001w\" sizes=\"auto, (max-width: 300px) 100vw, 300px\" \/><\/p>\n<h5 style=\"text-align: left;\">1.Sensor de temperatura y humedad ZigBee: una puerta de enlace inal\u00e1mbrica Tuya ZigBee es imprescindible para trabajar con el sensor de temperatura y humedad, as\u00ed como con una variedad de productos inteligentes ZigBee, que ha demostrado ser el puente y el centro de control para hogares y juegos inteligentes. un papel irreemplazable para todos los productos ZigBee y realiza toda la conexi\u00f3n inteligente de su casa. Simplemente agregue el sensor al concentrador ZigBee despu\u00e9s de agregar el concentrador a la aplicaci\u00f3n Smart Life\/Tuya.<\/h5>\n<h5 style=\"text-align: left;\">2. Percepci\u00f3n en tiempo real de los cambios de temperatura y humedad e informe en tiempo real a sus tel\u00e9fonos inteligentes con la aplicaci\u00f3n Smart Life Tuya compatible. Vea el registro hist\u00f3rico en la aplicaci\u00f3n para controles inteligentes de la temperatura y la humedad de su casa. Controle la temperatura y la humedad de su casa sin importar D\u00f3nde est\u00e1s.<\/h5>\n<h5 style=\"text-align: left;\">3.Nueva tecnolog\u00eda ZigBee con microprocesador de bajo consumo de energ\u00eda para tiempo de espera prolongado. Dise\u00f1ado con funci\u00f3n de recordatorio de monitoreo de bajo voltaje en la aplicaci\u00f3n para suministro de energ\u00eda en tiempo real para su sensor. Funciona con bater\u00eda de larga duraci\u00f3n. (Bater\u00eda no incluida en el paquete).<\/h5>\n<h5 style=\"text-align: left;\">4.Nuevo agregado con t\u00e9cnica de compensaci\u00f3n de temperatura con conexi\u00f3n de escena inteligente a su aire acondicionado y humidificador, ofreciendo a su casa la temperatura y humedad m\u00e1s c\u00f3modas para disfrutar de nuestra vida inteligente.<\/h5>\n<h5 style=\"text-align: left;\">5.Ampliamente utilizado en varios lugares y p\u00e9guelo f\u00e1cilmente a la pared con la pegatina para una instalaci\u00f3n simple, liviana y compacta. F\u00e1cil instalaci\u00f3n y configuraci\u00f3n en su aplicaci\u00f3n Smart Life para un control conveniente.<\/h5>","protected":false},"excerpt":{"rendered":"<h5>Nuevo agregado con t\u00e9cnica de compensaci\u00f3n de temperatura con conexi\u00f3n de escena inteligente a su aire acondicionado y humidificador, ofreciendo a su casa la temperatura y humedad m\u00e1s c\u00f3modas para disfrutar de nuestra vida inteligente.<\/h5>","protected":false},"featured_media":1019,"comment_status":"open","ping_status":"closed","template":"","meta":[],"product_brand":[],"product_cat":[16],"product_tag":[],"class_list":{"0":"post-1011","1":"product","2":"type-product","3":"status-publish","4":"has-post-thumbnail","6":"product_cat-smart-sensor","8":"first","9":"instock","10":"shipping-taxable","11":"purchasable","12":"product-type-simple"},"_links":{"self":[{"href":"https:\/\/www.slsele.com\/es\/wp-json\/wp\/v2\/product\/1011","targetHints":{"allow":["GET"]}}],"collection":[{"href":"https:\/\/www.slsele.com\/es\/wp-json\/wp\/v2\/product"}],"about":[{"href":"https:\/\/www.slsele.com\/es\/wp-json\/wp\/v2\/types\/product"}],"replies":[{"embeddable":true,"href":"https:\/\/www.slsele.com\/es\/wp-json\/wp\/v2\/comments?post=1011"}],"wp:featuredmedia":[{"embeddable":true,"href":"https:\/\/www.slsele.com\/es\/wp-json\/wp\/v2\/media\/1019"}],"wp:attachment":[{"href":"https:\/\/www.slsele.com\/es\/wp-json\/wp\/v2\/media?parent=1011"}],"wp:term":[{"taxonomy":"product_brand","embeddable":true,"href":"https:\/\/www.slsele.com\/es\/wp-json\/wp\/v2\/product_brand?post=1011"},{"taxonomy":"product_cat","embeddable":true,"href":"https:\/\/www.slsele.com\/es\/wp-json\/wp\/v2\/product_cat?post=1011"},{"taxonomy":"product_tag","embeddable":true,"href":"https:\/\/www.slsele.com\/es\/wp-json\/wp\/v2\/product_tag?post=1011"}],"curies":[{"name":"wp","href":"https:\/\/api.w.org\/{rel}","templated":true}]}}